{"id":8655,"date":"2025-01-11T01:10:21","date_gmt":"2025-01-10T21:10:21","guid":{"rendered":"https:\/\/axtarstore.com\/?post_type=product&#038;p=8655"},"modified":"2025-01-11T01:10:21","modified_gmt":"2025-01-10T21:10:21","slug":"difeel-premium-caffeine-natural-sac-yagi-daha-sur%c9%99tli-sac-artimi-75-ml","status":"publish","type":"product","link":"https:\/\/axtarstore.com\/ru\/product\/difeel-premium-caffeine-natural-sac-yagi-daha-sur%c9%99tli-sac-artimi-75-ml\/","title":{"rendered":"Difeel Premium Caffeine Natural Sa\u00e7 Ya\u011f\u0131 Daha S\u00fcr\u0259tli Sa\u00e7 art\u0131m\u0131 &#8211;  75 ml"},"content":{"rendered":"<p>Kofein v\u0259 Kastor Premium Sa\u00e7 Ya\u011f\u0131<br \/>\nKofein v\u0259 Kastor Ya\u011f\u0131n\u0131n 99% T\u0259bii Qar\u0131\u015f\u0131\u011f\u0131<br \/>\nSa\u00e7lar\u0131n daha s\u00fcr\u0259tli v\u0259 sa\u011flam uzanmas\u0131n\u0131 t\u0259\u015fviq edir.<br \/>\nSa\u00e7 follikullar\u0131n\u0131 hamarlay\u0131r, sa\u00e7lar\u0131 daha yum\u015faq v\u0259 ip\u0259k edir<br \/>\nG\u00fcc\u00fc art\u0131r\u0131r v\u0259 parlaql\u0131q verir.<br \/>\nAB\u015e istehsal\u0131d\u0131r<\/p>\n<p>Sa\u00e7lar\u0131 g\u00fccl\u0259ndirm\u0259k v\u0259 daha s\u00fcr\u0259tli sa\u011flam sa\u00e7 b\u00f6y\u00fcm\u0259sini t\u0259\u015fviq etm\u0259k \u00fc\u00e7\u00fcn Kofein v\u0259 Kastor Ya\u011f\u0131 il\u0259 a\u015f\u0131lanm\u0131\u015fd\u0131r.<\/p>\n<p>Tam, hamar biti\u015f \u00fc\u00e7\u00fcn sa\u00e7lar\u0131 d\u0259rind\u0259n v\u0259ziyy\u0259t\u0259 salma\u011fa v\u0259 n\u0259ml\u0259ndirm\u0259y\u0259 k\u00f6m\u0259k edir.<\/p>\n<p>\u0421\u043f\u043e\u0441\u043e\u0431 \u0438\u0441\u043f\u043e\u043b\u044c\u0437\u043e\u0432\u0430\u043d\u0438\u044f:<br \/>\nBirba\u015fa k\u00f6kl\u0259r\u0259 \u00e7\u0259kin v\u0259 ya\u011f\u0131 sa\u00e7\u0131n tell\u0259rind\u0259n \u00e7\u0259kin. \u0130st\u0259diyiniz \u00fcslubda.<br \/>\nLaz\u0131m oldu\u011fu kimi t\u0259krarlay\u0131n.<\/p>\n<p>T\u0259rkibi:<br \/>\nGlycine Soja (Soya) Ya\u011f\u0131, Ricinus Communis (G\u0259n\u0259g\u0259r\u00e7\u0259k) Toxum Ya\u011f\u0131, Kofein, Kanola Ya\u011f\u0131, Olea Europaea (Zeytun) Meyv\u0259 Ya\u011f\u0131, Prunus Amygdalus Dulcis (\u015eirin Badam) Ya\u011f\u0131, BHT, Evkalipt Globulus Oxili, Julia Meyvesi, , Eugenia Caryophyllus (mixel) yarpa\u011f\u0131 ya\u011f\u0131, dar\u00e7\u0131n kassiya yarpa\u011f\u0131 ya\u011f\u0131, lavandula hibrida ya\u011f\u0131, cymbopogon Martini ya\u011f\u0131, thuja occidentalis yarpa\u011f\u0131 ya\u011f\u0131, d&#8217;Limonene, sinnamal (sinnamik aldehid), evgenol, linalool<\/p>","protected":false},"excerpt":{"rendered":"<p>Kofein v\u0259 Kastor Premium Sa\u00e7 Ya\u011f\u0131 Kofein v\u0259 Kastor Ya\u011f\u0131n\u0131n 99% T\u0259bii Qar\u0131\u015f\u0131\u011f\u0131 Sa\u00e7lar\u0131n daha s\u00fcr\u0259tli v\u0259 sa\u011flam uzanmas\u0131n\u0131 t\u0259\u015fviq edir. Sa\u00e7 follikullar\u0131n\u0131 hamarlay\u0131r, sa\u00e7lar\u0131 daha yum\u015faq v\u0259 ip\u0259k edir G\u00fcc\u00fc art\u0131r\u0131r v\u0259 parlaql\u0131q verir. AB\u015e istehsal\u0131d\u0131r Sa\u00e7lar\u0131 g\u00fccl\u0259ndirm\u0259k v\u0259 daha s\u00fcr\u0259tli sa\u011flam sa\u00e7 b\u00f6y\u00fcm\u0259sini t\u0259\u015fviq etm\u0259k \u00fc\u00e7\u00fcn Kofein v\u0259 Kastor Ya\u011f\u0131 il\u0259 a\u015f\u0131lanm\u0131\u015fd\u0131r. Tam, &hellip; <a href=\"https:\/\/axtarstore.com\/ru\/product\/difeel-premium-caffeine-natural-sac-yagi-daha-sur%c9%99tli-sac-artimi-75-ml\/\" class=\"more-link\">Continue reading <span class=\"screen-reader-text\">Difeel Premium Caffeine Natural Sa\u00e7 Ya\u011f\u0131 Daha S\u00fcr\u0259tli Sa\u00e7 art\u0131m\u0131 &#8211;  75 ml<\/span><\/a><\/p>","protected":false},"featured_media":8656,"comment_status":"open","ping_status":"closed","template":"","meta":[],"pwb-brand":[391],"product_cat":[126,135],"product_tag":[308,307],"class_list":{"0":"post-8655","1":"product","2":"type-product","3":"status-publish","4":"has-post-thumbnail","6":"pwb-brand-difeel","7":"product_cat-haircare","8":"product_cat-oil","9":"product_tag-haircare","10":"product_tag-longstronghair","11":"pa_size-75ml","14":"instock","15":"shipping-taxable","16":"purchasable","17":"product-type-simple"},"brands":[{"id":391,"name":"Difeel","slug":"difeel"}],"_links":{"self":[{"href":"https:\/\/axtarstore.com\/ru\/wp-json\/wp\/v2\/product\/8655"}],"collection":[{"href":"https:\/\/axtarstore.com\/ru\/wp-json\/wp\/v2\/product"}],"about":[{"href":"https:\/\/axtarstore.com\/ru\/wp-json\/wp\/v2\/types\/product"}],"replies":[{"embeddable":true,"href":"https:\/\/axtarstore.com\/ru\/wp-json\/wp\/v2\/comments?post=8655"}],"version-history":[{"count":1,"href":"https:\/\/axtarstore.com\/ru\/wp-json\/wp\/v2\/product\/8655\/revisions"}],"predecessor-version":[{"id":8662,"href":"https:\/\/axtarstore.com\/ru\/wp-json\/wp\/v2\/product\/8655\/revisions\/8662"}],"wp:featuredmedia":[{"embeddable":true,"href":"https:\/\/axtarstore.com\/ru\/wp-json\/wp\/v2\/media\/8656"}],"wp:attachment":[{"href":"https:\/\/axtarstore.com\/ru\/wp-json\/wp\/v2\/media?parent=8655"}],"wp:term":[{"taxonomy":"pwb-brand","embeddable":true,"href":"https:\/\/axtarstore.com\/ru\/wp-json\/wp\/v2\/pwb-brand?post=8655"},{"taxonomy":"product_cat","embeddable":true,"href":"https:\/\/axtarstore.com\/ru\/wp-json\/wp\/v2\/product_cat?post=8655"},{"taxonomy":"product_tag","embeddable":true,"href":"https:\/\/axtarstore.com\/ru\/wp-json\/wp\/v2\/product_tag?post=8655"}],"curies":[{"name":"wp","href":"https:\/\/api.w.org\/{rel}","templated":true}]}}