{"id":8651,"date":"2025-01-11T01:04:35","date_gmt":"2025-01-10T21:04:35","guid":{"rendered":"https:\/\/axtarstore.com\/?post_type=product&#038;p=8651"},"modified":"2025-01-11T01:04:35","modified_gmt":"2025-01-10T21:04:35","slug":"difeel-premium-natural-sac-yagi-argan-75-ml","status":"publish","type":"product","link":"https:\/\/axtarstore.com\/ru\/product\/difeel-premium-natural-sac-yagi-argan-75-ml\/","title":{"rendered":"Difeel Premium Natural Sa\u00e7 Ya\u011f\u0131 &#8211; Argan 75 ml"},"content":{"rendered":"<p>H\u0259ddind\u0259n art\u0131q quru sa\u00e7lar\u0131 n\u0259ml\u0259ndirir.<br \/>\nSa\u00e7lar\u0131 daha qal\u0131n v\u0259 b\u0259d\u0259nl\u0259 dolu edir.<br \/>\nSa\u00e7 follikullar\u0131n\u0131 hamarlay\u0131r, sa\u00e7lar\u0131 daha yum\u015faq v\u0259 ip\u0259k edir<\/p>\n<p>Arqan Ya\u011f\u0131 sa\u00e7a n\u00fcfuz ed\u0259r\u0259k sa\u00e7 telinin h\u0259r qat\u0131n\u0131 n\u0259ml\u0259ndirm\u0259y\u0259 k\u00f6m\u0259k edir ki, uzunm\u00fcdd\u0259tli sa\u00e7 t\u0259miri \u00fc\u00e7\u00fcn sa\u00e7lar\u0131n\u0131z h\u0259qiq\u0259t\u0259n daha sa\u011flam, ip\u0259k v\u0259 qeyri-adi parlaq g\u00f6r\u00fcn\u00fcr v\u0259 hiss edir. Arqan ya\u011f\u0131 E vitamini v\u0259 \u0259sas ya\u011f tur\u015fular\u0131 il\u0259 z\u0259ngindir. Arqan ya\u011f\u0131n\u0131n niy\u0259 \u201cMaye Q\u0131z\u0131l\u201d kimi tan\u0131nd\u0131\u011f\u0131n\u0131 k\u0259\u015ff edin.<\/p>\n<p>\u0130stifad\u0259 qaydas\u0131: Birba\u015fa k\u00f6kl\u0259r\u0259 \u00e7\u0259kin v\u0259 ya\u011f\u0131 sa\u00e7 tell\u0259rind\u0259n \u00e7\u0259kin. \u0130st\u0259diyiniz \u00fcslubda. Laz\u0131m oldu\u011fu kimi t\u0259krarlay\u0131n.<\/p>\n<p>T\u0259rkibi: Glycine Soja (Soya) Ya\u011f\u0131, Kanola Ya\u011f\u0131, \u018ftir, BHT, Argania Spinosa Kernel Oil, Prunus Amygdalus Dulcis (\u015eirin Badam) Ya\u011f\u0131,, Olea Europaea (Zeytun) Meyv\u0259 Ya\u011f\u0131, Limnanthes Alba (Meafoam) (G\u00fcn\u0259baxan) Toxumu ya\u011f\u0131, Opuntia Tuna Meyv\u0259 Ekstrakt\u0131, Verbascum Thapsus ekstrakt\u0131, Urtica Dioica (Gicitk\u0259n) ekstrakt\u0131, Cucumis Melo (Qovun) Meyv\u0259 Ekstrakt\u0131<\/p>","protected":false},"excerpt":{"rendered":"<p>H\u0259ddind\u0259n art\u0131q quru sa\u00e7lar\u0131 n\u0259ml\u0259ndirir. Sa\u00e7lar\u0131 daha qal\u0131n v\u0259 b\u0259d\u0259nl\u0259 dolu edir. Sa\u00e7 follikullar\u0131n\u0131 hamarlay\u0131r, sa\u00e7lar\u0131 daha yum\u015faq v\u0259 ip\u0259k edir Arqan Ya\u011f\u0131 sa\u00e7a n\u00fcfuz ed\u0259r\u0259k sa\u00e7 telinin h\u0259r qat\u0131n\u0131 n\u0259ml\u0259ndirm\u0259y\u0259 k\u00f6m\u0259k edir ki, uzunm\u00fcdd\u0259tli sa\u00e7 t\u0259miri \u00fc\u00e7\u00fcn sa\u00e7lar\u0131n\u0131z h\u0259qiq\u0259t\u0259n daha sa\u011flam, ip\u0259k v\u0259 qeyri-adi parlaq g\u00f6r\u00fcn\u00fcr v\u0259 hiss edir. Arqan ya\u011f\u0131 E vitamini v\u0259 &hellip; <a href=\"https:\/\/axtarstore.com\/ru\/product\/difeel-premium-natural-sac-yagi-argan-75-ml\/\" class=\"more-link\">Continue reading <span class=\"screen-reader-text\">Difeel Premium Natural Sa\u00e7 Ya\u011f\u0131 &#8211; Argan 75 ml<\/span><\/a><\/p>","protected":false},"featured_media":8652,"comment_status":"open","ping_status":"closed","template":"","meta":[],"pwb-brand":[391],"product_cat":[126,135],"product_tag":[308,307],"class_list":{"0":"post-8651","1":"product","2":"type-product","3":"status-publish","4":"has-post-thumbnail","6":"pwb-brand-difeel","7":"product_cat-haircare","8":"product_cat-oil","9":"product_tag-haircare","10":"product_tag-longstronghair","11":"pa_size-75ml","14":"instock","15":"shipping-taxable","16":"purchasable","17":"product-type-simple"},"brands":[{"id":391,"name":"Difeel","slug":"difeel"}],"_links":{"self":[{"href":"https:\/\/axtarstore.com\/ru\/wp-json\/wp\/v2\/product\/8651"}],"collection":[{"href":"https:\/\/axtarstore.com\/ru\/wp-json\/wp\/v2\/product"}],"about":[{"href":"https:\/\/axtarstore.com\/ru\/wp-json\/wp\/v2\/types\/product"}],"replies":[{"embeddable":true,"href":"https:\/\/axtarstore.com\/ru\/wp-json\/wp\/v2\/comments?post=8651"}],"version-history":[{"count":1,"href":"https:\/\/axtarstore.com\/ru\/wp-json\/wp\/v2\/product\/8651\/revisions"}],"predecessor-version":[{"id":8654,"href":"https:\/\/axtarstore.com\/ru\/wp-json\/wp\/v2\/product\/8651\/revisions\/8654"}],"wp:featuredmedia":[{"embeddable":true,"href":"https:\/\/axtarstore.com\/ru\/wp-json\/wp\/v2\/media\/8652"}],"wp:attachment":[{"href":"https:\/\/axtarstore.com\/ru\/wp-json\/wp\/v2\/media?parent=8651"}],"wp:term":[{"taxonomy":"pwb-brand","embeddable":true,"href":"https:\/\/axtarstore.com\/ru\/wp-json\/wp\/v2\/pwb-brand?post=8651"},{"taxonomy":"product_cat","embeddable":true,"href":"https:\/\/axtarstore.com\/ru\/wp-json\/wp\/v2\/product_cat?post=8651"},{"taxonomy":"product_tag","embeddable":true,"href":"https:\/\/axtarstore.com\/ru\/wp-json\/wp\/v2\/product_tag?post=8651"}],"curies":[{"name":"wp","href":"https:\/\/api.w.org\/{rel}","templated":true}]}}