{"id":8644,"date":"2025-01-11T00:59:26","date_gmt":"2025-01-10T20:59:26","guid":{"rendered":"https:\/\/axtarstore.com\/?post_type=product&#038;p=8644"},"modified":"2025-01-14T21:23:39","modified_gmt":"2025-01-14T17:23:39","slug":"difeel-ultra-growth-basil-castor-hair-oil-leave-in-conditioning-spray-177ml","status":"publish","type":"product","link":"https:\/\/axtarstore.com\/ru\/product\/difeel-ultra-growth-basil-castor-hair-oil-leave-in-conditioning-spray-177ml\/","title":{"rendered":"Difeel Ultra Growth Basil &#038; Castor Hair Oil Leave in Conditioning Spray 177ML"},"content":{"rendered":"<p>SA\u00c7 UZATMA\u011eANI KOND\u0130S\u0130ONER SPREY\u0130N \u0130\u00c7\u0130ND\u018f BAXIN<br \/>\nDifeel-in reyhan v\u0259 g\u0259n\u0259g\u0259r\u00e7\u0259k ya\u011f\u0131n\u0131n yarpaql\u0131 kondisioner spreyi il\u0259 ultra uzanan sa\u00e7 ya\u011f\u0131, sa\u00e7\u0131n g\u00f6z\u0259lliyini b\u0259rpa etm\u0259k v\u0259 daha g\u00fccl\u00fc v\u0259 qal\u0131n \u00e7\u0131xm\u0259sini t\u0259min etm\u0259k \u00fc\u00e7\u00fcn b\u0259d\u0259nin kimyas\u0131 il\u0259 i\u015fl\u0259y\u0259n t\u0259bi\u0259t\u0259 \u0259saslanan efir ya\u011f\u0131n\u0131n formulas\u0131d\u0131r.<\/p>\n<p>\u0130ST\u0130FAD\u018fS\u0130<br \/>\nSa\u00e7 follikullar\u0131n\u0131 hamarlayark\u0259n sa\u00e7 \u00e7\u0131xmm\u0259sini t\u0259\u015fviq etm\u0259y\u0259 k\u00f6m\u0259k edir. Sa\u011flam, canl\u0131 g\u00f6r\u00fcn\u0259n sa\u00e7lar \u00fc\u00e7\u00fcn parlaql\u0131q \u0259lav\u0259 edir.<\/p>\n<p>K\u00f6vr\u0259k, kobud v\u0259 z\u0259d\u0259l\u0259nmi\u015f sa\u00e7larla m\u00fcbariz\u0259 aparma\u011fa k\u00f6m\u0259k edir. \u0130nc\u0259lmi\u015f z\u0259if sa\u00e7lar\u0131 v\u0259 ya sa\u00e7 t\u00f6k\u00fclm\u0259si olan ki\u015fil\u0259r v\u0259 qad\u0131nlar \u00fc\u00e7\u00fcn t\u00f6vsiy\u0259 olunur. Sa\u00e7lar\u0131n \u00e7\u0131xmm\u0259sini stimulla\u015fd\u0131r\u0131r.<\/p>\n<p>Fesle\u011fen v\u0259 Kastor Ya\u011f\u0131n\u0131n sa\u00e7 \u00e7\u0131xmm\u0259sini art\u0131rma\u011fa k\u00f6m\u0259k etdiyi elmi olaraq bilinir. Folik\u00fcll\u0259ri stimulla\u015fd\u0131r\u0131r, canland\u0131r\u0131r v\u0259 qidaland\u0131r\u0131r.<\/p>\n<p>\u0130stifad\u0259si \u00fc\u00e7\u00fcn, n\u0259ml\u0259nmi\u015f sa\u00e7a sprey edin v\u0259 \u0130stifad\u0259si asan Difeel qabla\u015fd\u0131rmas\u0131 v\u0259 paylanmas\u0131 il\u0259 daray\u0131n<\/p>\n<p>\u0130stiqam\u0259tl\u0259r<br \/>\nF\u0131r\u00e7alamaq v\u0259 dola\u015f\u0131ql\u0131\u011f\u0131 asanla\u015fd\u0131rmaq \u00fc\u00e7\u00fcn du\u015fdan sonra b\u00fct\u00fcn ya\u015f sa\u00e7a bolca sprey edin. Sa\u011flam sa\u00e7 uzam\u0259sini t\u0259\u015fviq etm\u0259k v\u0259 f\u0131r\u00e7alama v\u0259 \u00fcslubda k\u00f6m\u0259k etm\u0259k \u00fc\u00e7\u00fcn h\u0259ft\u0259 \u0259rzind\u0259 ya\u015f v\u0259 ya quru sa\u00e7larda istifad\u0259 edin.<\/p>\n<p>\u0130NQRED\u0130ENTL\u018fR<br \/>\nSu, Gliserin, Niasinamid, Propandiol, Ocimum Basilicum T\u00fckl\u00fc K\u00f6k M\u0259d\u0259niyy\u0259ti Ekstrakt\u0131, Kofein, Ricinus Communis (G\u0259n\u0259g\u0259r\u00e7\u0259k) Toxum Ya\u011f\u0131, Silikon Quaternium-16\/Glycidoxy Dimethicone Crosspolymer, Panthenol, PEG-8xylpropy\/Hydropyl\/ Dimetikon kopolimeri, hidroliz\u0259 edilmi\u015f qar\u011f\u0131dal\u0131 z\u00fclal\u0131, hidroliz\u0259 olunmu\u015f bu\u011fda z\u00fclal\u0131, hidroliz\u0259 edilmi\u015f soya z\u00fclal\u0131, 1,2-heksandiol, polisorbat-20, undeceth-11, undeceth-5, kaprilhidroksamik tur\u015fu, tetrasodium qlutamatris, F.<\/p>","protected":false},"excerpt":{"rendered":"<p>SA\u00c7 UZATMA\u011eANI KOND\u0130S\u0130ONER SPREY\u0130N \u0130\u00c7\u0130ND\u018f BAXIN Difeel-in reyhan v\u0259 g\u0259n\u0259g\u0259r\u00e7\u0259k ya\u011f\u0131n\u0131n yarpaql\u0131 kondisioner spreyi il\u0259 ultra uzanan sa\u00e7 ya\u011f\u0131, sa\u00e7\u0131n g\u00f6z\u0259lliyini b\u0259rpa etm\u0259k v\u0259 daha g\u00fccl\u00fc v\u0259 qal\u0131n \u00e7\u0131xm\u0259sini t\u0259min etm\u0259k \u00fc\u00e7\u00fcn b\u0259d\u0259nin kimyas\u0131 il\u0259 i\u015fl\u0259y\u0259n t\u0259bi\u0259t\u0259 \u0259saslanan efir ya\u011f\u0131n\u0131n formulas\u0131d\u0131r. \u0130ST\u0130FAD\u018fS\u0130 Sa\u00e7 follikullar\u0131n\u0131 hamarlayark\u0259n sa\u00e7 \u00e7\u0131xmm\u0259sini t\u0259\u015fviq etm\u0259y\u0259 k\u00f6m\u0259k edir. Sa\u011flam, canl\u0131 g\u00f6r\u00fcn\u0259n sa\u00e7lar &hellip; <a href=\"https:\/\/axtarstore.com\/ru\/product\/difeel-ultra-growth-basil-castor-hair-oil-leave-in-conditioning-spray-177ml\/\" class=\"more-link\">Continue reading <span class=\"screen-reader-text\">Difeel Ultra Growth Basil &#038; Castor Hair Oil Leave in Conditioning Spray 177ML<\/span><\/a><\/p>","protected":false},"featured_media":8645,"comment_status":"open","ping_status":"closed","template":"","meta":[],"pwb-brand":[391],"product_cat":[126,137,140,130,212,216,201,215],"product_tag":[306,308,301,310],"class_list":{"0":"post-8644","1":"product","2":"type-product","3":"status-publish","4":"has-post-thumbnail","6":"pwb-brand-difeel","7":"product_cat-haircare","8":"product_cat-kondisioner","9":"product_cat-spray","10":"product_cat-salonbaxim","11":"product_cat-salon-keratin-sonrasi-kondinsoner","12":"product_cat-salon-keratin-sonrasi-sprey","13":"product_cat-salon-sac-maskasi","14":"product_cat-salon-sac-spreyi","15":"product_tag-antihairloss","16":"product_tag-haircare","17":"product_tag-hairfallsolution","18":"product_tag-hairregrowth","19":"pa_size-177ml","22":"instock","23":"shipping-taxable","24":"purchasable","25":"product-type-simple"},"brands":[{"id":391,"name":"Difeel","slug":"difeel"}],"_links":{"self":[{"href":"https:\/\/axtarstore.com\/ru\/wp-json\/wp\/v2\/product\/8644"}],"collection":[{"href":"https:\/\/axtarstore.com\/ru\/wp-json\/wp\/v2\/product"}],"about":[{"href":"https:\/\/axtarstore.com\/ru\/wp-json\/wp\/v2\/types\/product"}],"replies":[{"embeddable":true,"href":"https:\/\/axtarstore.com\/ru\/wp-json\/wp\/v2\/comments?post=8644"}],"version-history":[{"count":1,"href":"https:\/\/axtarstore.com\/ru\/wp-json\/wp\/v2\/product\/8644\/revisions"}],"predecessor-version":[{"id":8650,"href":"https:\/\/axtarstore.com\/ru\/wp-json\/wp\/v2\/product\/8644\/revisions\/8650"}],"wp:featuredmedia":[{"embeddable":true,"href":"https:\/\/axtarstore.com\/ru\/wp-json\/wp\/v2\/media\/8645"}],"wp:attachment":[{"href":"https:\/\/axtarstore.com\/ru\/wp-json\/wp\/v2\/media?parent=8644"}],"wp:term":[{"taxonomy":"pwb-brand","embeddable":true,"href":"https:\/\/axtarstore.com\/ru\/wp-json\/wp\/v2\/pwb-brand?post=8644"},{"taxonomy":"product_cat","embeddable":true,"href":"https:\/\/axtarstore.com\/ru\/wp-json\/wp\/v2\/product_cat?post=8644"},{"taxonomy":"product_tag","embeddable":true,"href":"https:\/\/axtarstore.com\/ru\/wp-json\/wp\/v2\/product_tag?post=8644"}],"curies":[{"name":"wp","href":"https:\/\/api.w.org\/{rel}","templated":true}]}}