{"id":8637,"date":"2025-01-11T00:41:23","date_gmt":"2025-01-10T20:41:23","guid":{"rendered":"https:\/\/axtarstore.com\/?post_type=product&#038;p=8637"},"modified":"2025-01-11T00:41:23","modified_gmt":"2025-01-10T20:41:23","slug":"difeel-ultra-growth-basil-castor-oil-pro-growth-conditioner-355ml","status":"publish","type":"product","link":"https:\/\/axtarstore.com\/ru\/product\/difeel-ultra-growth-basil-castor-oil-pro-growth-conditioner-355ml\/","title":{"rendered":"Difeel Ultra Growth Basil &#038; Castor Oil Pro Growth Conditioner 355ML"},"content":{"rendered":"<p>G\u0259n\u0259g\u0259r\u00e7\u0259k ya\u011fl\u0131 sa\u00e7 kondisioneri: Difeel Ultra sa\u00e7lar \u00e7\u0131xardma\u011f Fesle\u011fen v\u0259 G\u0259n\u0259g\u0259r\u00e7\u0259k Ya\u011f\u0131 Sa\u00e7 Uzatma Kondisioneri unikald\u0131r. T\u0259bi\u0259t \u0259sasl\u0131 efir ya\u011f\u0131n\u0131n t\u0259rkibi.<br \/>\nSA\u00c7 \u00c7IXARDMAQ \u00dc\u00c7\u00dcN KOND\u0130S\u0130ONER: Bu n\u0259ml\u0259 z\u0259ngin formula sa\u00e7lar\u0131 yum\u015faq v\u0259 hamar saxlama\u011fa k\u00f6m\u0259k edir. G\u00fccl\u0259ndirici, aktiv madd\u0259l\u0259rl\u0259 sa\u00e7lar\u0131n\u00a0\u00c7IXARDM\u0259sini art\u0131rma\u011fa k\u00f6m\u0259k edir.<br \/>\nSA\u00c7 \u00dc\u00c7\u00dcN G\u018fNG\u018fR YA\u011eI KOND\u0130S\u0130ONER\u0130: Bu z\u0259ngin kondisioner sa\u00e7lar\u0131n k\u00f6k\u00fcnd\u0259n uclar\u0131na q\u0259d\u0259r qidalanmas\u0131na k\u00f6m\u0259k etm\u0259kl\u0259 ba\u015f d\u0259risinin d\u00f6vran\u0131n\u0131 yax\u015f\u0131la\u015fd\u0131rma\u011fa k\u00f6m\u0259k edir, bel\u0259likl\u0259, sa\u011flam v\u0259 parlaq qal\u0131r.<br \/>\nG\u018fNG\u018fR YA\u011eLI SA\u00c7 KOND\u0130S\u0130ONER\u0130: T\u0259tbiq etm\u0259k \u00fc\u00e7\u00fcn \u015fampundan istifad\u0259 etdikd\u0259n sonra ba\u015f d\u0259risin\u0259 masaj edin. Sonra yuyun.<br \/>\nSA\u00c7 \u00c7IXARDMAQ \u00dc\u00c7\u00dcN SA\u011eLAM BA\u015e D\u018fR\u0130S\u0130 KOND\u0130S\u0130ONER\u0130: Optimal n\u0259tic\u0259l\u0259r \u00fc\u00e7\u00fcn Ultra Growth \u015eampunu il\u0259 birlikd\u0259 istifad\u0259 edin. \u0130stifad\u0259si asan Difeel qabla\u015fd\u0131rma v\u0259 paylama.<\/p>\n<p>\u0130NQRED\u0130ENTL\u018fR:<br \/>\nSu\/Aqua, Setil spirti, Stearil spirti, Cetrimonium xlorid, Linum Usitatissimum (K\u0259tan toxumu) Toxum Ekstrakt\u0131, Behentrimonium Xlorid, Salvia Hispanica Toxum Ekstrakt\u0131, Qliserin, Ricinus Communis (G\u0259n\u0259g\u0259r\u00e7\u0259k) Toxum Ya\u011f\u0131, Helianthus Flowus (Xiyar) Meyv\u0259 ekstrakt\u0131, Vaccinium Myrtillus meyv\u0259\/yarpaq ekstrakt\u0131, Rosmarinus Officinalis (rozmarin) yarpaq ekstrakt\u0131, \u00c7obanyast\u0131\u011f\u0131 recutita (Matricaria) \u00e7i\u00e7\u0259k ekstrakt\u0131, Rosa Canina meyv\u0259 ekstrakt\u0131, Arabica q\u0259hv\u0259si (Q\u0259hv\u0259) yarpaq\/toxum ekstrakt\u0131, yarpaq ekstrakt\u0131, yarpaq ekstrakt\u0131, Bu\u011fda z\u00fclal\u0131, Hidroliz\u0259 edilmi\u015f soya z\u00fclal\u0131, hidroliz\u0259 edilmi\u015f qar\u011f\u0131dal\u0131 z\u00fclal\u0131, setil efirl\u0259ri, tetrasodium qlutamat diasetat, qliseril stearat, amodimetikon, PEG-100 stearat, limon tur\u015fusu, trideset-12, dimetikon, di(hidrogenl\u0259\u015fdirilmi\u015f qar\u011f\u0131dal\u0131 z\u00fclal\u0131, di(hidrogenl\u0259\u015fdirilmi\u015f qar\u011f\u0131dal\u0131 z\u00fclal\u0131, BHT) Etilheksilgliserin, Fenoksietanol, \u018ftir, Linalool, Lilial, Citronellol, Amil Sinnamik Aldehid, Heksil Sinnamal, Limonen, Geraniol<\/p>","protected":false},"excerpt":{"rendered":"<p>G\u0259n\u0259g\u0259r\u00e7\u0259k ya\u011fl\u0131 sa\u00e7 kondisioneri: Difeel Ultra sa\u00e7lar \u00e7\u0131xardma\u011f Fesle\u011fen v\u0259 G\u0259n\u0259g\u0259r\u00e7\u0259k Ya\u011f\u0131 Sa\u00e7 Uzatma Kondisioneri unikald\u0131r. T\u0259bi\u0259t \u0259sasl\u0131 efir ya\u011f\u0131n\u0131n t\u0259rkibi. SA\u00c7 \u00c7IXARDMAQ \u00dc\u00c7\u00dcN KOND\u0130S\u0130ONER: Bu n\u0259ml\u0259 z\u0259ngin formula sa\u00e7lar\u0131 yum\u015faq v\u0259 hamar saxlama\u011fa k\u00f6m\u0259k edir. G\u00fccl\u0259ndirici, aktiv madd\u0259l\u0259rl\u0259 sa\u00e7lar\u0131n\u00a0\u00c7IXARDM\u0259sini art\u0131rma\u011fa k\u00f6m\u0259k edir. SA\u00c7 \u00dc\u00c7\u00dcN G\u018fNG\u018fR YA\u011eI KOND\u0130S\u0130ONER\u0130: Bu z\u0259ngin kondisioner sa\u00e7lar\u0131n k\u00f6k\u00fcnd\u0259n uclar\u0131na q\u0259d\u0259r &hellip; <a href=\"https:\/\/axtarstore.com\/ru\/product\/difeel-ultra-growth-basil-castor-oil-pro-growth-conditioner-355ml\/\" class=\"more-link\">Continue reading <span class=\"screen-reader-text\">Difeel Ultra Growth Basil &#038; Castor Oil Pro Growth Conditioner 355ML<\/span><\/a><\/p>","protected":false},"featured_media":8638,"comment_status":"open","ping_status":"closed","template":"","meta":[],"pwb-brand":[391],"product_cat":[126,137,130,212],"product_tag":[306,308,301,310,307],"class_list":{"0":"post-8637","1":"product","2":"type-product","3":"status-publish","4":"has-post-thumbnail","6":"pwb-brand-difeel","7":"product_cat-haircare","8":"product_cat-kondisioner","9":"product_cat-salonbaxim","10":"product_cat-salon-keratin-sonrasi-kondinsoner","11":"product_tag-antihairloss","12":"product_tag-haircare","13":"product_tag-hairfallsolution","14":"product_tag-hairregrowth","15":"product_tag-longstronghair","16":"pa_size-355ml","19":"instock","20":"shipping-taxable","21":"purchasable","22":"product-type-simple"},"brands":[{"id":391,"name":"Difeel","slug":"difeel"}],"_links":{"self":[{"href":"https:\/\/axtarstore.com\/ru\/wp-json\/wp\/v2\/product\/8637"}],"collection":[{"href":"https:\/\/axtarstore.com\/ru\/wp-json\/wp\/v2\/product"}],"about":[{"href":"https:\/\/axtarstore.com\/ru\/wp-json\/wp\/v2\/types\/product"}],"replies":[{"embeddable":true,"href":"https:\/\/axtarstore.com\/ru\/wp-json\/wp\/v2\/comments?post=8637"}],"version-history":[{"count":1,"href":"https:\/\/axtarstore.com\/ru\/wp-json\/wp\/v2\/product\/8637\/revisions"}],"predecessor-version":[{"id":8643,"href":"https:\/\/axtarstore.com\/ru\/wp-json\/wp\/v2\/product\/8637\/revisions\/8643"}],"wp:featuredmedia":[{"embeddable":true,"href":"https:\/\/axtarstore.com\/ru\/wp-json\/wp\/v2\/media\/8638"}],"wp:attachment":[{"href":"https:\/\/axtarstore.com\/ru\/wp-json\/wp\/v2\/media?parent=8637"}],"wp:term":[{"taxonomy":"pwb-brand","embeddable":true,"href":"https:\/\/axtarstore.com\/ru\/wp-json\/wp\/v2\/pwb-brand?post=8637"},{"taxonomy":"product_cat","embeddable":true,"href":"https:\/\/axtarstore.com\/ru\/wp-json\/wp\/v2\/product_cat?post=8637"},{"taxonomy":"product_tag","embeddable":true,"href":"https:\/\/axtarstore.com\/ru\/wp-json\/wp\/v2\/product_tag?post=8637"}],"curies":[{"name":"wp","href":"https:\/\/api.w.org\/{rel}","templated":true}]}}