{"id":8617,"date":"2025-01-11T00:25:41","date_gmt":"2025-01-10T20:25:41","guid":{"rendered":"https:\/\/axtarstore.com\/?post_type=product&#038;p=8617"},"modified":"2025-01-14T21:24:25","modified_gmt":"2025-01-14T17:24:25","slug":"difeel-growth-and-curl-biotin-conditioner-355ml","status":"publish","type":"product","link":"https:\/\/axtarstore.com\/ru\/product\/difeel-growth-and-curl-biotin-conditioner-355ml\/","title":{"rendered":"Difeel Growth and Curl Biotin Conditioner 355ml"},"content":{"rendered":"<p>Buruq Sa\u00e7lar \u00fc\u00e7\u00fcn Kondisioner<br \/>\nDifeel sa\u00e7lar \u00e7\u0131xardma\u011f &amp; Buruq Biotin Infused Kondisioner, s\u00fcbut edilmi\u015f uzunm\u00fcdd\u0259tli v\u0259 m\u00fc\u0259yy\u0259n q\u0131vr\u0131mlar \u00fc\u00e7\u00fcn bitki \u0259sasl\u0131 aktiv t\u0259rkib hiss\u0259si olan Biotin v\u0259 Wavemax il\u0259 haz\u0131rlanm\u0131\u015fd\u0131r.M\u00fct\u0259x\u0259ssisl\u0259r t\u0259r\u0259find\u0259n haz\u0131rlanm\u0131\u015f biotinl\u0259 infuziya edilmi\u015f kondisionerimiz \u00fcmumi qal\u0131nl\u0131\u011f\u0131 yax\u015f\u0131la\u015fd\u0131rark\u0259n t\u0259bii, sa\u011flam sa\u00e7 b\u00f6y\u00fcm\u0259sini t\u0259\u015fviq edir.<\/p>\n<p>Bu ustal\u0131qla haz\u0131rlanm\u0131\u015f kondisioner sa\u00e7\u0131n\u0131z\u0131n sa\u011flaml\u0131\u011f\u0131nda m\u00fch\u00fcm rol oynayan B vitamini ail\u0259sinin bir hiss\u0259si olan Biotinl\u0259 haz\u0131rlanm\u0131\u015fd\u0131r. Biotin \u00e7at\u0131\u015fmazl\u0131\u011f\u0131 sa\u00e7 t\u00f6k\u00fclm\u0259sin\u0259 s\u0259b\u0259b ola bil\u0259r.<\/p>\n<p>Bu sa\u00e7lar \u00e7\u0131xardma\u011f d\u0259st\u0259kl\u0259y\u0259n kondisioner sa\u00e7lar\u0131 g\u00fccl\u0259ndirir, dal\u011falar\u0131 v\u0259 q\u0131vr\u0131mlar\u0131 g\u00fccl\u0259ndirir, eyni zamanda sa\u011flam sa\u00e7 art\u0131m\u0131n\u0131 t\u0259\u015fviq edir.<\/p>\n<p>Sulfats\u0131z &#8211; Parabensiz &#8211; Ftalats\u0131z &#8211; R\u0259ng T\u0259hl\u00fck\u0259siz Formula<br \/>\nEasy Difeel Dispensing &#8211; Q\u00fcrurla AB\u015e istehsal\u0131d\u0131r.<\/p>","protected":false},"excerpt":{"rendered":"<p>Buruq Sa\u00e7lar \u00fc\u00e7\u00fcn Kondisioner Difeel sa\u00e7lar \u00e7\u0131xardma\u011f &amp; Buruq Biotin Infused Kondisioner, s\u00fcbut edilmi\u015f uzunm\u00fcdd\u0259tli v\u0259 m\u00fc\u0259yy\u0259n q\u0131vr\u0131mlar \u00fc\u00e7\u00fcn bitki \u0259sasl\u0131 aktiv t\u0259rkib hiss\u0259si olan Biotin v\u0259 Wavemax il\u0259 haz\u0131rlanm\u0131\u015fd\u0131r.M\u00fct\u0259x\u0259ssisl\u0259r t\u0259r\u0259find\u0259n haz\u0131rlanm\u0131\u015f biotinl\u0259 infuziya edilmi\u015f kondisionerimiz \u00fcmumi qal\u0131nl\u0131\u011f\u0131 yax\u015f\u0131la\u015fd\u0131rark\u0259n t\u0259bii, sa\u011flam sa\u00e7 b\u00f6y\u00fcm\u0259sini t\u0259\u015fviq edir. Bu ustal\u0131qla haz\u0131rlanm\u0131\u015f kondisioner sa\u00e7\u0131n\u0131z\u0131n sa\u011flaml\u0131\u011f\u0131nda m\u00fch\u00fcm rol oynayan B &hellip; <a href=\"https:\/\/axtarstore.com\/ru\/product\/difeel-growth-and-curl-biotin-conditioner-355ml\/\" class=\"more-link\">Continue reading <span class=\"screen-reader-text\">Difeel Growth and Curl Biotin Conditioner 355ml<\/span><\/a><\/p>","protected":false},"featured_media":8618,"comment_status":"open","ping_status":"closed","template":"","meta":[],"pwb-brand":[391],"product_cat":[126,137,130,212],"product_tag":[306,308,310,307],"class_list":{"0":"post-8617","1":"product","2":"type-product","3":"status-publish","4":"has-post-thumbnail","6":"pwb-brand-difeel","7":"product_cat-haircare","8":"product_cat-kondisioner","9":"product_cat-salonbaxim","10":"product_cat-salon-keratin-sonrasi-kondinsoner","11":"product_tag-antihairloss","12":"product_tag-haircare","13":"product_tag-hairregrowth","14":"product_tag-longstronghair","15":"pa_size-355ml","18":"instock","19":"shipping-taxable","20":"purchasable","21":"product-type-simple"},"brands":[{"id":391,"name":"Difeel","slug":"difeel"}],"_links":{"self":[{"href":"https:\/\/axtarstore.com\/ru\/wp-json\/wp\/v2\/product\/8617"}],"collection":[{"href":"https:\/\/axtarstore.com\/ru\/wp-json\/wp\/v2\/product"}],"about":[{"href":"https:\/\/axtarstore.com\/ru\/wp-json\/wp\/v2\/types\/product"}],"replies":[{"embeddable":true,"href":"https:\/\/axtarstore.com\/ru\/wp-json\/wp\/v2\/comments?post=8617"}],"version-history":[{"count":1,"href":"https:\/\/axtarstore.com\/ru\/wp-json\/wp\/v2\/product\/8617\/revisions"}],"predecessor-version":[{"id":8626,"href":"https:\/\/axtarstore.com\/ru\/wp-json\/wp\/v2\/product\/8617\/revisions\/8626"}],"wp:featuredmedia":[{"embeddable":true,"href":"https:\/\/axtarstore.com\/ru\/wp-json\/wp\/v2\/media\/8618"}],"wp:attachment":[{"href":"https:\/\/axtarstore.com\/ru\/wp-json\/wp\/v2\/media?parent=8617"}],"wp:term":[{"taxonomy":"pwb-brand","embeddable":true,"href":"https:\/\/axtarstore.com\/ru\/wp-json\/wp\/v2\/pwb-brand?post=8617"},{"taxonomy":"product_cat","embeddable":true,"href":"https:\/\/axtarstore.com\/ru\/wp-json\/wp\/v2\/product_cat?post=8617"},{"taxonomy":"product_tag","embeddable":true,"href":"https:\/\/axtarstore.com\/ru\/wp-json\/wp\/v2\/product_tag?post=8617"}],"curies":[{"name":"wp","href":"https:\/\/api.w.org\/{rel}","templated":true}]}}