{"id":8608,"date":"2025-01-11T00:14:25","date_gmt":"2025-01-10T20:14:25","guid":{"rendered":"https:\/\/axtarstore.com\/?post_type=product&#038;p=8608"},"modified":"2025-01-11T00:14:25","modified_gmt":"2025-01-10T20:14:25","slug":"difeel-conditioner-caffeine-and-castor-355-ml","status":"publish","type":"product","link":"https:\/\/axtarstore.com\/ru\/product\/difeel-conditioner-caffeine-and-castor-355-ml\/","title":{"rendered":"Difeel Conditioner &#8211; Caffeine and Castor 355 ml"},"content":{"rendered":"<p>Kofein v\u0259 Kastor Kondisioneri :<br \/>\nT\u0259bii T\u0259rkibli Kofein v\u0259 Kastor Ya\u011f\u0131 Kondisioneri<br \/>\nSa\u00e7lar\u0131n daha s\u00fcr\u0259tli b\u00f6y\u00fcm\u0259sini stimulla\u015fd\u0131rma\u011fa k\u00f6m\u0259k edir.<br \/>\nQ\u0131r\u0131lman\u0131n qar\u015f\u0131s\u0131n\u0131 almaq \u00fc\u00e7\u00fcn g\u00fccl\u0259ndirir v\u0259 n\u0259ml\u0259ndirir.<br \/>\nSa\u00e7 follikullar\u0131n\u0131 hamarlay\u0131r, sa\u00e7lar\u0131 daha yum\u015faq v\u0259 ip\u0259k edir<br \/>\nQal\u0131n, nazik, cans\u0131z sa\u00e7lara k\u00f6m\u0259k edir.<br \/>\nAB\u015e istehsal\u0131d\u0131r.<\/p>\n<p>Sa\u00e7lar\u0131n s\u00fcr\u0259tli sa\u00e7 \u00e7\u0131xardan<br \/>\nSa\u00e7lar\u0131 g\u00fccl\u0259ndirm\u0259k v\u0259 daha s\u00fcr\u0259tli sa\u011flam sa\u00e7 \u00e7\u0131xardan t\u0259\u015fviq etm\u0259k \u00fc\u00e7\u00fcn Kofein v\u0259 Kastor Ya\u011f\u0131 il\u0259 infuziya edilmi\u015f kondisioner.<\/p>\n<p>Sa\u00e7lar\u0131n\u00a0 \u00e7\u0131xardma\u011f\u00a0\u00fc\u00e7\u00fcn kofein ya\u011f\u0131<br \/>\nG\u00fccl\u0259ndir\u0259rk\u0259n v\u0259 q\u0131r\u0131lmalar\u0131n qar\u015f\u0131s\u0131n\u0131 almaq \u00fc\u00e7\u00fcn n\u0259ml\u0259ndirm\u0259ni t\u0259min ed\u0259rk\u0259n d\u0259rind\u0259n kondisioner\u0259 k\u00f6m\u0259k edir. Sa\u00e7 follikullar\u0131n\u0131 hamarlay\u0131r, eyni zamanda sa\u00e7lar\u0131 tam, hamar bir bitirm\u0259 \u00fc\u00e7\u00fcn daha yum\u015faq edir.<\/p>\n<p>\u0130stiqam\u0259tl\u0259r :<br \/>\nKofein v\u0259 Kastor \u015fampunu il\u0259 \u015fampunlad\u0131qdan sonra yax\u015f\u0131ca yuyun v\u0259 sa\u00e7dan art\u0131q suyu s\u0131xaraq \u00e7\u0131xar\u0131n. Sa\u00e7\u0131n \u0259n quru oldu\u011fu ortadan uca q\u0259d\u0259r olan hiss\u0259y\u0259 diqq\u0259t yetir\u0259r\u0259k sa\u00e7a bol miqdarda m\u0259hsul \u00e7\u0259kin. M\u0259hsulu sa\u00e7a yum\u015faq bir \u015f\u0259kild\u0259 masaj edin v\u0259 bir ne\u00e7\u0259 d\u0259qiq\u0259 n\u00fcfuz etm\u0259y\u0259 icaz\u0259 verin. H\u0259rt\u0259r\u0259fli yuyun.<\/p>\n<p>\u0130NQRED\u0130ENTL\u018fR :<br \/>\nSu, Stearil spirti, setil spirti, Stearamidopropil dimetilamin, behentrimonium xlorid, Helianthus annuus (g\u00fcn\u0259baxan) toxumu ya\u011f\u0131, qliserin, fenoksietanol, argania spinosa l\u0259p\u0259si ya\u011f\u0131, limon tur\u015fusu, butyrospermum parkii (Shpydromon) Xlorid, etilheksilgliserin, izopropil spirti, mentol, qliseril stearat SE, limonen, qlisin soja (soya) ya\u011f\u0131, setil efirl\u0259ri, ard\u0131c meksikana ya\u011f\u0131, tetrasodium qlutamat diasetat, poliquaternium-7, kommunis, kommunis, Toxum ya\u011f\u0131, Eugenia Caryophyllus (mix) yarpa\u011f\u0131 ya\u011f\u0131, dar\u00e7\u0131n kassia yarpa\u011f\u0131 ya\u011f\u0131, lavandula hibrida ya\u011f\u0131, evkalipt globulus yarpa\u011f\u0131 ya\u011f\u0131, cymbopogon Martini ya\u011f\u0131, thuja occidentalis yarpa\u011f\u0131 ya\u011f\u0131, natrium hidroksid, sodium hidroksid, hidrohezotelin Soya z\u00fclal\u0131, Hidroliz\u0259 edilmi\u015f qar\u011f\u0131dal\u0131 z\u00fclal\u0131, Vaccinium Myrtillus meyv\u0259\/yarpaq ekstrakt\u0131, Rosmarinus Officinalis (rozmarin) yarpaq ekstrakt\u0131, \u00e7obanyast\u0131\u011f\u0131 recutita (Matricaria) \u00e7i\u00e7\u0259k ekstrakt\u0131, Rosa Canina meyv\u0259 ekstrakt\u0131, Arabica q\u0259hv\u0259si (q\u0259hv\u0259) yarpaq\/toxum ekstrakt\u0131, albal\u0131 ekstrakt\u0131<\/p>","protected":false},"excerpt":{"rendered":"<p>Kofein v\u0259 Kastor Kondisioneri : T\u0259bii T\u0259rkibli Kofein v\u0259 Kastor Ya\u011f\u0131 Kondisioneri Sa\u00e7lar\u0131n daha s\u00fcr\u0259tli b\u00f6y\u00fcm\u0259sini stimulla\u015fd\u0131rma\u011fa k\u00f6m\u0259k edir. Q\u0131r\u0131lman\u0131n qar\u015f\u0131s\u0131n\u0131 almaq \u00fc\u00e7\u00fcn g\u00fccl\u0259ndirir v\u0259 n\u0259ml\u0259ndirir. Sa\u00e7 follikullar\u0131n\u0131 hamarlay\u0131r, sa\u00e7lar\u0131 daha yum\u015faq v\u0259 ip\u0259k edir Qal\u0131n, nazik, cans\u0131z sa\u00e7lara k\u00f6m\u0259k edir. AB\u015e istehsal\u0131d\u0131r. Sa\u00e7lar\u0131n s\u00fcr\u0259tli sa\u00e7 \u00e7\u0131xardan Sa\u00e7lar\u0131 g\u00fccl\u0259ndirm\u0259k v\u0259 daha s\u00fcr\u0259tli sa\u011flam sa\u00e7 \u00e7\u0131xardan &hellip; <a href=\"https:\/\/axtarstore.com\/ru\/product\/difeel-conditioner-caffeine-and-castor-355-ml\/\" class=\"more-link\">Continue reading <span class=\"screen-reader-text\">Difeel Conditioner &#8211; Caffeine and Castor 355 ml<\/span><\/a><\/p>","protected":false},"featured_media":8609,"comment_status":"open","ping_status":"closed","template":"","meta":[],"pwb-brand":[391],"product_cat":[126,137,130],"product_tag":[306,308,307],"class_list":{"0":"post-8608","1":"product","2":"type-product","3":"status-publish","4":"has-post-thumbnail","6":"pwb-brand-difeel","7":"product_cat-haircare","8":"product_cat-kondisioner","9":"product_cat-salonbaxim","10":"product_tag-antihairloss","11":"product_tag-haircare","12":"product_tag-longstronghair","13":"pa_size-355ml","16":"instock","17":"shipping-taxable","18":"purchasable","19":"product-type-simple"},"brands":[{"id":391,"name":"Difeel","slug":"difeel"}],"_links":{"self":[{"href":"https:\/\/axtarstore.com\/ru\/wp-json\/wp\/v2\/product\/8608"}],"collection":[{"href":"https:\/\/axtarstore.com\/ru\/wp-json\/wp\/v2\/product"}],"about":[{"href":"https:\/\/axtarstore.com\/ru\/wp-json\/wp\/v2\/types\/product"}],"replies":[{"embeddable":true,"href":"https:\/\/axtarstore.com\/ru\/wp-json\/wp\/v2\/comments?post=8608"}],"version-history":[{"count":1,"href":"https:\/\/axtarstore.com\/ru\/wp-json\/wp\/v2\/product\/8608\/revisions"}],"predecessor-version":[{"id":8616,"href":"https:\/\/axtarstore.com\/ru\/wp-json\/wp\/v2\/product\/8608\/revisions\/8616"}],"wp:featuredmedia":[{"embeddable":true,"href":"https:\/\/axtarstore.com\/ru\/wp-json\/wp\/v2\/media\/8609"}],"wp:attachment":[{"href":"https:\/\/axtarstore.com\/ru\/wp-json\/wp\/v2\/media?parent=8608"}],"wp:term":[{"taxonomy":"pwb-brand","embeddable":true,"href":"https:\/\/axtarstore.com\/ru\/wp-json\/wp\/v2\/pwb-brand?post=8608"},{"taxonomy":"product_cat","embeddable":true,"href":"https:\/\/axtarstore.com\/ru\/wp-json\/wp\/v2\/product_cat?post=8608"},{"taxonomy":"product_tag","embeddable":true,"href":"https:\/\/axtarstore.com\/ru\/wp-json\/wp\/v2\/product_tag?post=8608"}],"curies":[{"name":"wp","href":"https:\/\/api.w.org\/{rel}","templated":true}]}}