{"id":8599,"date":"2025-01-11T00:02:39","date_gmt":"2025-01-10T20:02:39","guid":{"rendered":"https:\/\/axtarstore.com\/?post_type=product&#038;p=8599"},"modified":"2025-01-14T21:26:32","modified_gmt":"2025-01-14T17:26:32","slug":"difeel-conditioner-biotin-355-ml","status":"publish","type":"product","link":"https:\/\/axtarstore.com\/ru\/product\/difeel-conditioner-biotin-355-ml\/","title":{"rendered":"Difeel Biotin Conditioner &#8211; 355 ml"},"content":{"rendered":"<p>SA\u00c7 \u00c7IXARDAN KOND\u0130S\u0130ONER\u0130 :<br \/>\nSa\u011flam sa\u00e7 b\u00f6y\u00fcm\u0259sini t\u0259\u015fviq ed\u0259rk\u0259n sa\u00e7lar\u0131 d\u0259rind\u0259n t\u0259mizl\u0259yir.<\/p>\n<p>Qal\u0131n Sa\u00e7lar \u00dc\u00e7\u00fcn Kondisioner :<\/p>\n<p>G\u00fccl\u0259ndirici biotinl\u0259 a\u015f\u0131lanm\u0131\u015f, B vitamini ail\u0259sinin bir hiss\u0259si olan suda h\u0259ll olunan vitamin. B\u0259d\u0259ninizin m\u00fc\u0259yy\u0259n qidalar\u0131 enerjiy\u0259 \u00e7evirm\u0259k \u00fc\u00e7\u00fcn biotin\u0259 ehtiyac\u0131 var.<\/p>\n<p>YEN\u0130D\u018fN SA\u00c7 \u00c7IXARDAN FORMULU<br \/>\nBiotin sa\u00e7, d\u0259ri v\u0259 d\u0131rnaqlar\u0131n sa\u011flaml\u0131\u011f\u0131nda m\u00fch\u00fcm rol oynay\u0131r. Biotin \u00e7at\u0131\u015fmazl\u0131\u011f\u0131 sa\u00e7 t\u00f6k\u00fclm\u0259sin\u0259 s\u0259b\u0259b ola bil\u0259r. Bu G\u00fccl\u0259ndirici formula sa\u00e7lar\u0131 daha g\u00fccl\u00fc, dol\u011fun v\u0259 qal\u0131n edir.<\/p>\n<p>\u0130stiqam\u0259tl\u0259r :<br \/>\nBiotin Pro sa\u00e7 \u00e7\u0131xardan \u015fampunu il\u0259 \u015fampunlad\u0131qdan sonra yax\u015f\u0131ca yuyun v\u0259 sa\u00e7dan art\u0131q suyu s\u0131xaraq \u00e7\u0131xar\u0131n. Sa\u00e7\u0131n \u0259n quru oldu\u011fu ortadan uca q\u0259d\u0259r olan hiss\u0259y\u0259 diqq\u0259t yetir\u0259r\u0259k sa\u00e7a bol miqdarda m\u0259hsul \u00e7\u0259kin. M\u0259hsulu sa\u00e7a yum\u015faq bir \u015f\u0259kild\u0259 masaj edin v\u0259 bir ne\u00e7\u0259 d\u0259qiq\u0259 n\u00fcfuz etm\u0259sin\u0259 icaz\u0259 verin. H\u0259rt\u0259r\u0259fli yuyun.<\/p>\n<p>\u018fn yax\u015f\u0131 n\u0259tic\u0259l\u0259r \u00fc\u00e7\u00fcn Biotin T\u0259rkibind\u0259 Kondisioner Spreyi il\u0259 davam edin.<\/p>\n<p>\u0130NQRED\u0130ENTL\u018fR<br \/>\nSu\/Aqua\/Eau, Setil spirti, Stearil spirti, Stearamidopropil Dimetilamin, Behentrimonium Xlorid, Qliserin, Dimetikon, Biotin, Setil Esterl\u0259r, Pantenol, Quaternium-16\/Glycidoxy Dimethicone Crosspolymer, Cetrimonchlorycethylcelide, Gliserin, Stearat, Propoksitetrametil Piperidinil Dimetikon, Dimetikonol, Hidroliz\u0259 Qar\u011f\u0131dal\u0131 Proteini, Hidrolize Bu\u011fda Z\u00fclal\u0131, Hidrolize Soya Proteini, Etilheksilqliserin, Trideceth-6, C11-15 Pareth-7, PEG-Stea, Hidrolize, BHT, fenoksietanol, limon tur\u015fusu, \u0259tir\/parfum, tetrasodium qltamat diasetat, butilfenil metilpropion (lilial), metil 2-oktinat.<\/p>","protected":false},"excerpt":{"rendered":"<p>SA\u00c7 \u00c7IXARDAN KOND\u0130S\u0130ONER\u0130 : Sa\u011flam sa\u00e7 b\u00f6y\u00fcm\u0259sini t\u0259\u015fviq ed\u0259rk\u0259n sa\u00e7lar\u0131 d\u0259rind\u0259n t\u0259mizl\u0259yir. Qal\u0131n Sa\u00e7lar \u00dc\u00e7\u00fcn Kondisioner : G\u00fccl\u0259ndirici biotinl\u0259 a\u015f\u0131lanm\u0131\u015f, B vitamini ail\u0259sinin bir hiss\u0259si olan suda h\u0259ll olunan vitamin. B\u0259d\u0259ninizin m\u00fc\u0259yy\u0259n qidalar\u0131 enerjiy\u0259 \u00e7evirm\u0259k \u00fc\u00e7\u00fcn biotin\u0259 ehtiyac\u0131 var. YEN\u0130D\u018fN SA\u00c7 \u00c7IXARDAN FORMULU Biotin sa\u00e7, d\u0259ri v\u0259 d\u0131rnaqlar\u0131n sa\u011flaml\u0131\u011f\u0131nda m\u00fch\u00fcm rol oynay\u0131r. Biotin \u00e7at\u0131\u015fmazl\u0131\u011f\u0131 sa\u00e7 &hellip; <a href=\"https:\/\/axtarstore.com\/ru\/product\/difeel-conditioner-biotin-355-ml\/\" class=\"more-link\">Continue reading <span class=\"screen-reader-text\">Difeel Biotin Conditioner &#8211; 355 ml<\/span><\/a><\/p>","protected":false},"featured_media":8600,"comment_status":"open","ping_status":"closed","template":"","meta":[],"pwb-brand":[391],"product_cat":[126,137,136,130,212],"product_tag":[306,308,310,307],"class_list":{"0":"post-8599","1":"product","2":"type-product","3":"status-publish","4":"has-post-thumbnail","6":"pwb-brand-difeel","7":"product_cat-haircare","8":"product_cat-kondisioner","9":"product_cat-masks","10":"product_cat-salonbaxim","11":"product_cat-salon-keratin-sonrasi-kondinsoner","12":"product_tag-antihairloss","13":"product_tag-haircare","14":"product_tag-hairregrowth","15":"product_tag-longstronghair","16":"pa_size-355ml","19":"instock","20":"shipping-taxable","21":"purchasable","22":"product-type-simple"},"brands":[{"id":391,"name":"Difeel","slug":"difeel"}],"_links":{"self":[{"href":"https:\/\/axtarstore.com\/ru\/wp-json\/wp\/v2\/product\/8599"}],"collection":[{"href":"https:\/\/axtarstore.com\/ru\/wp-json\/wp\/v2\/product"}],"about":[{"href":"https:\/\/axtarstore.com\/ru\/wp-json\/wp\/v2\/types\/product"}],"replies":[{"embeddable":true,"href":"https:\/\/axtarstore.com\/ru\/wp-json\/wp\/v2\/comments?post=8599"}],"version-history":[{"count":2,"href":"https:\/\/axtarstore.com\/ru\/wp-json\/wp\/v2\/product\/8599\/revisions"}],"predecessor-version":[{"id":8607,"href":"https:\/\/axtarstore.com\/ru\/wp-json\/wp\/v2\/product\/8599\/revisions\/8607"}],"wp:featuredmedia":[{"embeddable":true,"href":"https:\/\/axtarstore.com\/ru\/wp-json\/wp\/v2\/media\/8600"}],"wp:attachment":[{"href":"https:\/\/axtarstore.com\/ru\/wp-json\/wp\/v2\/media?parent=8599"}],"wp:term":[{"taxonomy":"pwb-brand","embeddable":true,"href":"https:\/\/axtarstore.com\/ru\/wp-json\/wp\/v2\/pwb-brand?post=8599"},{"taxonomy":"product_cat","embeddable":true,"href":"https:\/\/axtarstore.com\/ru\/wp-json\/wp\/v2\/product_cat?post=8599"},{"taxonomy":"product_tag","embeddable":true,"href":"https:\/\/axtarstore.com\/ru\/wp-json\/wp\/v2\/product_tag?post=8599"}],"curies":[{"name":"wp","href":"https:\/\/api.w.org\/{rel}","templated":true}]}}