{"id":8595,"date":"2025-01-10T23:42:28","date_gmt":"2025-01-10T19:42:28","guid":{"rendered":"https:\/\/axtarstore.com\/?post_type=product&#038;p=8595"},"modified":"2025-01-14T21:26:04","modified_gmt":"2025-01-14T17:26:04","slug":"difeel-hot-oil-hair-treatment-argan-45-ml","status":"publish","type":"product","link":"https:\/\/axtarstore.com\/ru\/product\/difeel-hot-oil-hair-treatment-argan-45-ml\/","title":{"rendered":"Difeel Hot Oil Hair Treatment &#8211; Argan 45 ml"},"content":{"rendered":"<p>ARQAN YA\u011eI YA\u011eININ ISTILIK EMALI<br \/>\nE vitamini v\u0259 \u0259sas ya\u011f tur\u015fular\u0131 il\u0259 z\u0259ngindir. Bu isti ya\u011f m\u00fcalic\u0259si sa\u00e7lar\u0131n\u0131z\u0131 daha sa\u011flam, ip\u0259k v\u0259 \u0259lav\u0259 parlaq hiss edir. \u0130dar\u0259etm\u0259 qabiliyy\u0259tini yax\u015f\u0131la\u015fd\u0131rark\u0259n sa\u00e7 h\u0259cmini art\u0131rma\u011fa k\u00f6m\u0259k edir.<\/p>\n<p>SALON KEYF\u0130YY\u018fTL\u0130 M\u00dcAL\u0130C\u018fS\u0130<br \/>\nB\u00fct\u00fcn yeni Difeel \u0130sti Ya\u011f Bax\u0131mlar\u0131m\u0131zla evd\u0259 spa kimi n\u0259tic\u0259l\u0259r \u0259ld\u0259 edin. Bizim isti ya\u011fl\u0131 sa\u00e7 m\u00fcalic\u0259l\u0259rimiz sa\u00e7 b\u00f6y\u00fcm\u0259sind\u0259n tutmu\u015f ba\u015f d\u0259risi il\u0259 ba\u011fl\u0131 narahatl\u0131qlara q\u0259d\u0259r x\u00fcsusi olaraq haz\u0131rlanm\u0131\u015fd\u0131r v\u0259 x\u00fcsusi sa\u00e7 ehtiyaclar\u0131na y\u00f6n\u0259ldilmi\u015fdir.<\/p>\n<p>R\u018fM\u018fL\u0130 Z\u018fNG\u0130N<br \/>\nSa\u00e7lar\u0131n\u0131za canl\u0131l\u0131q, yum\u015faql\u0131q v\u0259 ip\u0259klik verir, eyni zamanda buruqlar\u0131 azald\u0131r.<\/p>\n<p>&nbsp;<\/p>\n<p>T\u018fB\u0130\u0130 \u0130NQRED\u0130ENTL\u018fR<br \/>\nDifeel Hot Oil Treatments sa\u00e7 bax\u0131m\u0131 faydalar\u0131 il\u0259 y\u00fckl\u0259nmi\u015f proteinl\u0259 z\u0259ngin ya\u011flardan ibar\u0259t \u0259n yax\u015f\u0131, t\u0259bii inqrediyentl\u0259rd\u0259n istifad\u0259 etm\u0259kl\u0259 haz\u0131rlan\u0131r. Paraben v\u0259 silikon kimi sa\u00e7\u0131n\u0131za z\u0259r\u0259r ver\u0259 bil\u0259c\u0259k z\u0259r\u0259rli kimy\u0259vi madd\u0259l\u0259rd\u0259n azadd\u0131r.<\/p>\n<p>MADE IN USA :<\/p>\n<p>\u0259n y\u00fcks\u0259k keyfiyy\u0259t standartlar\u0131na.<\/p>","protected":false},"excerpt":{"rendered":"<p>ARQAN YA\u011eI YA\u011eININ ISTILIK EMALI E vitamini v\u0259 \u0259sas ya\u011f tur\u015fular\u0131 il\u0259 z\u0259ngindir. Bu isti ya\u011f m\u00fcalic\u0259si sa\u00e7lar\u0131n\u0131z\u0131 daha sa\u011flam, ip\u0259k v\u0259 \u0259lav\u0259 parlaq hiss edir. \u0130dar\u0259etm\u0259 qabiliyy\u0259tini yax\u015f\u0131la\u015fd\u0131rark\u0259n sa\u00e7 h\u0259cmini art\u0131rma\u011fa k\u00f6m\u0259k edir. SALON KEYF\u0130YY\u018fTL\u0130 M\u00dcAL\u0130C\u018fS\u0130 B\u00fct\u00fcn yeni Difeel \u0130sti Ya\u011f Bax\u0131mlar\u0131m\u0131zla evd\u0259 spa kimi n\u0259tic\u0259l\u0259r \u0259ld\u0259 edin. Bizim isti ya\u011fl\u0131 sa\u00e7 m\u00fcalic\u0259l\u0259rimiz sa\u00e7 &hellip; <a href=\"https:\/\/axtarstore.com\/ru\/product\/difeel-hot-oil-hair-treatment-argan-45-ml\/\" class=\"more-link\">Continue reading <span class=\"screen-reader-text\">Difeel Hot Oil Hair Treatment &#8211; Argan 45 ml<\/span><\/a><\/p>","protected":false},"featured_media":8596,"comment_status":"open","ping_status":"closed","template":"","meta":[],"pwb-brand":[391],"product_cat":[126,136,130,212],"product_tag":[306,308,307],"class_list":{"0":"post-8595","1":"product","2":"type-product","3":"status-publish","4":"has-post-thumbnail","6":"pwb-brand-difeel","7":"product_cat-haircare","8":"product_cat-masks","9":"product_cat-salonbaxim","10":"product_cat-salon-keratin-sonrasi-kondinsoner","11":"product_tag-antihairloss","12":"product_tag-haircare","13":"product_tag-longstronghair","14":"pa_size-45ml","17":"instock","18":"shipping-taxable","19":"purchasable","20":"product-type-simple"},"brands":[{"id":391,"name":"Difeel","slug":"difeel"}],"_links":{"self":[{"href":"https:\/\/axtarstore.com\/ru\/wp-json\/wp\/v2\/product\/8595"}],"collection":[{"href":"https:\/\/axtarstore.com\/ru\/wp-json\/wp\/v2\/product"}],"about":[{"href":"https:\/\/axtarstore.com\/ru\/wp-json\/wp\/v2\/types\/product"}],"replies":[{"embeddable":true,"href":"https:\/\/axtarstore.com\/ru\/wp-json\/wp\/v2\/comments?post=8595"}],"version-history":[{"count":1,"href":"https:\/\/axtarstore.com\/ru\/wp-json\/wp\/v2\/product\/8595\/revisions"}],"predecessor-version":[{"id":8598,"href":"https:\/\/axtarstore.com\/ru\/wp-json\/wp\/v2\/product\/8595\/revisions\/8598"}],"wp:featuredmedia":[{"embeddable":true,"href":"https:\/\/axtarstore.com\/ru\/wp-json\/wp\/v2\/media\/8596"}],"wp:attachment":[{"href":"https:\/\/axtarstore.com\/ru\/wp-json\/wp\/v2\/media?parent=8595"}],"wp:term":[{"taxonomy":"pwb-brand","embeddable":true,"href":"https:\/\/axtarstore.com\/ru\/wp-json\/wp\/v2\/pwb-brand?post=8595"},{"taxonomy":"product_cat","embeddable":true,"href":"https:\/\/axtarstore.com\/ru\/wp-json\/wp\/v2\/product_cat?post=8595"},{"taxonomy":"product_tag","embeddable":true,"href":"https:\/\/axtarstore.com\/ru\/wp-json\/wp\/v2\/product_tag?post=8595"}],"curies":[{"name":"wp","href":"https:\/\/api.w.org\/{rel}","templated":true}]}}