{"id":8576,"date":"2025-01-10T21:19:50","date_gmt":"2025-01-10T17:19:50","guid":{"rendered":"https:\/\/axtarstore.com\/?post_type=product&#038;p=8576"},"modified":"2025-01-10T21:19:50","modified_gmt":"2025-01-10T17:19:50","slug":"the-purest-purifying-oil-cleanser-with-postbiotics-vitamin-f","status":"publish","type":"product","link":"https:\/\/axtarstore.com\/ru\/product\/the-purest-purifying-oil-cleanser-with-postbiotics-vitamin-f\/","title":{"rendered":"THE PUREST PURIFYING OIL CLEANSER WITH POSTBIOTICS &#8211; VITAMIN F"},"content":{"rendered":"<p>Postbiotik t\u0259rkibli T\u0259mizl\u0259yici T\u0259mizl\u0259yici Ya\u011f<br \/>\nD\u0259rini makiyajdan, art\u0131q ya\u011fdan v\u0259 kird\u0259n yum\u015faq bir \u015f\u0259kild\u0259 t\u0259mizl\u0259yir. T\u0259rkibind\u0259ki antioksidantlar v\u0259 postbiotikl\u0259rl\u0259 d\u0259rinin n\u0259m v\u0259 flora balans\u0131n\u0131 qoruma\u011fa k\u00f6m\u0259k edir v\u0259 baryeri g\u00fccl\u0259ndirir.<\/p>\n<p>&nbsp;<\/p>\n<div id=\"Product-content-efa39964-31cb-47a3-9952-709371c256689162351608097\" class=\"collapsible-content collapsible-content--all is-open\">\n<div class=\"collapsible-content__inner rte\">\n<div class=\"metafield-rich_text_field\">\n<p>Effektl\u0259r<br \/>\nD\u0259rini b\u00fct\u00fcn makiyajdan, art\u0131q ya\u011fdan, kird\u0259n v\u0259 g\u00fcn\u0259\u015f kremi qal\u0131qlar\u0131ndan t\u0259mizl\u0259yir.<br \/>\nMakiyaj\u0131 asanl\u0131qla h\u0259ll edir v\u0259 d\u0259rid\u0259n t\u0259mizl\u0259yir.<br \/>\nD\u0259rinin ya\u011f v\u0259 n\u0259m balans\u0131n\u0131 qoruma\u011fa k\u00f6m\u0259k edir,<br \/>\nD\u0259rinin t\u0259bii yenil\u0259nm\u0259si prosesini d\u0259st\u0259kl\u0259yir v\u0259 d\u0259rini daha t\u0259rav\u0259tli v\u0259 parlaq edir.<br \/>\nD\u0259rinin iki m\u0259rh\u0259l\u0259li t\u0259mizl\u0259nm\u0259sini t\u0259min etm\u0259kl\u0259 yana\u015f\u0131, t\u0259rkibind\u0259ki postbiotikl\u0259r v\u0259 vitamin F say\u0259sind\u0259 d\u0259ri floras\u0131n\u0131 tarazlayaraq d\u0259rinin qoruyucu baryerini g\u00fccl\u0259ndirir.<\/p>\n<\/div>\n<\/div>\n<\/div>\n<p>&nbsp;<\/p>\n<p>Nec\u0259 istifad\u0259 etm\u0259li<br \/>\nQuru \u0259liniz\u0259 kifay\u0259t q\u0259d\u0259r m\u0259hsul g\u00f6t\u00fcr\u00fcn, g\u00f6z \u0259traf\u0131 da daxil olmaqla yum\u015faq h\u0259r\u0259k\u0259tl\u0259rl\u0259 quru d\u0259riniz\u0259 \u00e7\u0259kin v\u0259 t\u0259mizl\u0259m\u0259 prosesi bitdikd\u0259n sonra bol su il\u0259 yuyun. G\u00fccl\u00fc makiyaj \u00fc\u00e7\u00fcn bunu t\u0259krarlaya bil\u0259rsiniz. \u0130ki m\u0259rh\u0259l\u0259li t\u0259mizl\u0259m\u0259 t\u0259tbiqi \u00fc\u00e7\u00fcn uy\u011fundur.<\/p>\n<p>X\u0259b\u0259rdarl\u0131qlar: Yaln\u0131z xarici istifad\u0259 \u00fc\u00e7\u00fcn. \u0130stifad\u0259 etm\u0259zd\u0259n \u0259vv\u0259l, m\u00fcmk\u00fcn arzuolunmaz yan t\u0259sirl\u0259rin v\u0259 q\u0131c\u0131qlanman\u0131n qar\u015f\u0131s\u0131n\u0131 almaq \u00fc\u00e7\u00fcn m\u0259hsulu d\u0259rinizin ki\u00e7ik bir hiss\u0259sin\u0259 \u00e7\u0259kin. H\u0259ssasl\u0131q yaranmazsa, m\u0259hsulu istifad\u0259 etm\u0259y\u0259 davam edin. T\u0259tbiqd\u0259n sonra h\u0259ssasl\u0131q yaranarsa, m\u0259hsulu istifad\u0259 etm\u0259yi dayand\u0131r\u0131n v\u0259 dermatoloqunuzla m\u0259sl\u0259h\u0259tl\u0259\u015fin. Otaq temperaturunda saxlay\u0131n.Oftalmoloji s\u0131naqdan ke\u00e7irilmi\u015fdir.<\/p>\n<p>&nbsp;<\/p>\n<p>&nbsp;<\/p>","protected":false},"excerpt":{"rendered":"<p>Postbiotik t\u0259rkibli T\u0259mizl\u0259yici Ya\u011f d\u0259rini b\u00fct\u00fcn makiyaj qal\u0131qlar\u0131ndan, art\u0131q ya\u011fdan v\u0259 kird\u0259n bir anda h\u0259rt\u0259r\u0259fli t\u0259mizl\u0259y\u0259rk\u0259n onu n\u0259ml\u0259ndirm\u0259y\u0259 v\u0259 qoruma\u011fa k\u00f6m\u0259k ed\u0259n t\u0259mizl\u0259yici ya\u011fd\u0131r.<\/p>","protected":false},"featured_media":8577,"comment_status":"open","ping_status":"closed","template":"","meta":[],"pwb-brand":[186],"product_cat":[149,127,351,147],"product_tag":[299,323,293,297],"class_list":{"0":"post-8576","1":"product","2":"type-product","3":"status-publish","4":"has-post-thumbnail","6":"pwb-brand-the-purest-solution","7":"product_cat-makeup-remover","8":"product_cat-face-care","9":"product_cat-uz-peeling-gell","10":"product_cat-face-wash","11":"product_tag-acnetreatment","12":"product_tag-face-wash","13":"product_tag-facecare","14":"product_tag-whitening","15":"pa_size-150ml","18":"instock","19":"shipping-taxable","20":"purchasable","21":"product-type-simple"},"brands":[{"id":186,"name":"The Purest Solution","slug":"the-purest-solution"}],"_links":{"self":[{"href":"https:\/\/axtarstore.com\/ru\/wp-json\/wp\/v2\/product\/8576"}],"collection":[{"href":"https:\/\/axtarstore.com\/ru\/wp-json\/wp\/v2\/product"}],"about":[{"href":"https:\/\/axtarstore.com\/ru\/wp-json\/wp\/v2\/types\/product"}],"replies":[{"embeddable":true,"href":"https:\/\/axtarstore.com\/ru\/wp-json\/wp\/v2\/comments?post=8576"}],"version-history":[{"count":1,"href":"https:\/\/axtarstore.com\/ru\/wp-json\/wp\/v2\/product\/8576\/revisions"}],"predecessor-version":[{"id":8585,"href":"https:\/\/axtarstore.com\/ru\/wp-json\/wp\/v2\/product\/8576\/revisions\/8585"}],"wp:featuredmedia":[{"embeddable":true,"href":"https:\/\/axtarstore.com\/ru\/wp-json\/wp\/v2\/media\/8577"}],"wp:attachment":[{"href":"https:\/\/axtarstore.com\/ru\/wp-json\/wp\/v2\/media?parent=8576"}],"wp:term":[{"taxonomy":"pwb-brand","embeddable":true,"href":"https:\/\/axtarstore.com\/ru\/wp-json\/wp\/v2\/pwb-brand?post=8576"},{"taxonomy":"product_cat","embeddable":true,"href":"https:\/\/axtarstore.com\/ru\/wp-json\/wp\/v2\/product_cat?post=8576"},{"taxonomy":"product_tag","embeddable":true,"href":"https:\/\/axtarstore.com\/ru\/wp-json\/wp\/v2\/product_tag?post=8576"}],"curies":[{"name":"wp","href":"https:\/\/api.w.org\/{rel}","templated":true}]}}