{"id":8544,"date":"2025-01-10T20:47:34","date_gmt":"2025-01-10T16:47:34","guid":{"rendered":"https:\/\/axtarstore.com\/?post_type=product&#038;p=8544"},"modified":"2025-01-10T20:47:34","modified_gmt":"2025-01-10T16:47:34","slug":"the-purest-exfoliating-salicylic-acid-cleanser","status":"publish","type":"product","link":"https:\/\/axtarstore.com\/ru\/product\/the-purest-exfoliating-salicylic-acid-cleanser\/","title":{"rendered":"THE PUREST EXFOLIATING SALICYLIC ACID CLEANSER"},"content":{"rendered":"<p>Kir v\u0259 makiyaj qal\u0131qlar\u0131n\u0131 t\u0259mizl\u0259y\u0259r\u0259k d\u0259rini y\u00fcng\u00fcll\u0259\u015fdirir, kobud d\u0259ri teksturas\u0131n\u0131 d\u00fcz\u0259ld\u0259r\u0259k d\u0259rinin t\u0259bii baryerini saxlama\u011fa k\u00f6m\u0259k edir, d\u0259rid\u0259ki sebum nisb\u0259tini tarazla\u015fd\u0131raraq ya\u011fl\u0131 g\u00f6r\u00fcn\u00fc\u015f\u00fc azald\u0131r.<br \/>\nHialuron tur\u015fusu il\u0259 balansla\u015fd\u0131r\u0131lm\u0131\u015f formula d\u0259rid\u0259 n\u0259ml\u0259nm\u0259ni art\u0131rma\u011fa v\u0259 z\u0259rif t\u0259mizl\u0259m\u0259y\u0259 k\u00f6m\u0259k edir. T\u0259rkibind\u0259ki Seramidl\u0259r say\u0259sind\u0259 formula h\u0259m d\u0259 d\u0259rinin bariyerini b\u0259rpa edir.<\/p>\n<p>&nbsp;<\/p>\n<p>Effektl\u0259r<br \/>\nD\u0259rinin ya\u011fdan, \u00f6l\u00fc h\u00fcceyr\u0259l\u0259rd\u0259n v\u0259 makiyajdan d\u0259rind\u0259n t\u0259mizl\u0259nm\u0259sind\u0259 t\u0259sirlidir.<\/p>\n<p>D\u0259rini yum\u015faq bir \u015f\u0259kild\u0259 a\u015f\u0131nd\u0131r\u0131r, hamar bir g\u00f6r\u00fcn\u00fc\u015f \u0259ld\u0259 etm\u0259y\u0259 k\u00f6m\u0259k edir.<\/p>\n<p>D\u0259ri bariyerinin qorunmas\u0131nda t\u0259sirli olur.<\/p>\n<p>&nbsp;<\/p>\n<p>Nec\u0259 istifad\u0259 etm\u0259li<br \/>\nM\u0259hsulu istifad\u0259 etm\u0259zd\u0259n \u0259vv\u0259l d\u0259rinizi su il\u0259 yuyun v\u0259 kifay\u0259t q\u0259d\u0259r miqdarda m\u0259hsulu dair\u0259vi h\u0259r\u0259k\u0259tl\u0259rl\u0259 d\u0259riniz\u0259 \u00e7\u0259kin.<\/p>\n<p>Sonda d\u0259rinizi su il\u0259 yuyun. G\u00dcND\u00dcZ v\u0259 GECE rutinind\u0259 istifad\u0259 etm\u0259k t\u00f6vsiy\u0259 olunur.<\/p>\n<p>&nbsp;<\/p>\n<p>t\u00f6vsiy\u0259 olunur<br \/>\nN\u0259ml\u0259ndirin<br \/>\nB\u00fct\u00fcn d\u0259ri tipl\u0259ri<br \/>\nD\u0259ri bariyerini g\u00fccl\u0259ndirin.<\/p>\n<p>&nbsp;<\/p>\n<p>Aktiv madd\u0259l\u0259r<br \/>\nSalisilik tur\u015fu: Salisilik tur\u015fu iltihab \u0259leyhin\u0259 bir madd\u0259dir v\u0259 r\u0259ngi daha az beta-hidroksi tur\u015fusudur (BHA).<br \/>\nd\u0259rinin daxili m\u0259sam\u0259l\u0259rind\u0259n v\u0259 s\u0259thind\u0259ki \u00f6l\u00fc h\u00fcceyr\u0259l\u0259ri a\u015f\u0131nd\u0131r\u0131r v\u0259 t\u0259mizl\u0259yir. H\u0259m d\u0259 yenil\u0259ri t\u0259\u015fviq edir<br \/>\nd\u0259rini l\u0259k\u0259l\u0259rd\u0259n t\u0259mizl\u0259y\u0259rk\u0259n v\u0259 d\u0259rini hamarlayark\u0259n k\u00f6hn\u0259 d\u0259rini \u00e7\u0131xararaq h\u00fcceyr\u0259 b\u00f6y\u00fcm\u0259si.<br \/>\nKamelya yarpa\u011f\u0131 ekstrakt\u0131: \u0130ltihab \u0259leyhin\u0259 x\u00fcsusiyy\u0259ti say\u0259sind\u0259 d\u0259rini sakitl\u0259\u015fdirm\u0259kd\u0259 t\u0259sirli olur. el\u0259dir<br \/>\nsebum ifraz\u0131n\u0131n t\u0259nziml\u0259nm\u0259sind\u0259 t\u0259sirli olur. Ya\u011fl\u0131 d\u0259rinin g\u00f6r\u00fcn\u00fc\u015f\u00fcn\u00fc azaltmaqda da k\u00f6m\u0259k\u00e7idir.<br \/>\nNiasinamid: D\u0259rinin baryerini g\u00fccl\u0259ndirm\u0259kd\u0259, sebum ifraz\u0131n\u0131 balansla\u015fd\u0131rmaqda v\u0259 d\u0259rinin b\u0259rpas\u0131nda t\u0259sirlidir. Hiperpiqmentasiyan\u0131 azaldaraq d\u0259rinin daha parlaq g\u00f6r\u00fcnm\u0259sin\u0259 k\u00f6m\u0259k edir. D\u0259rini fotoya\u015flanmadan qoruyur v\u0259 elastikliyini itirm\u0259kd\u0259n qoruyur.<br \/>\nSink PCA: Sebum ifraz\u0131n\u0131 balansla\u015fd\u0131rma\u011fa v\u0259 d\u0259ri floras\u0131n\u0131 t\u0259nziml\u0259m\u0259y\u0259 k\u00f6m\u0259k edir. D\u0259rinin n\u0259m v\u0259 metabolizm enerjisind\u0259 i\u015ftirak ed\u0259r\u0259k d\u0259rinin b\u0259rpas\u0131nda t\u0259sirli olur.<\/p>\n<p>&nbsp;<\/p>","protected":false},"excerpt":{"rendered":"<p>Kir v\u0259 makiyaj qal\u0131qlar\u0131n\u0131 t\u0259mizl\u0259y\u0259r\u0259k d\u0259rini y\u00fcng\u00fcll\u0259\u015fdirir, kobud d\u0259ri teksturas\u0131n\u0131 d\u00fcz\u0259ld\u0259r\u0259k d\u0259rinin t\u0259bii baryerini saxlama\u011fa k\u00f6m\u0259k edir, d\u0259rid\u0259ki sebum nisb\u0259tini tarazla\u015fd\u0131raraq ya\u011fl\u0131 g\u00f6r\u00fcn\u00fc\u015f\u00fc azald\u0131r. Hialuron tur\u015fusu il\u0259 balansla\u015fd\u0131r\u0131lm\u0131\u015f formula d\u0259rid\u0259 n\u0259ml\u0259nm\u0259ni art\u0131rma\u011fa v\u0259 z\u0259rif t\u0259mizl\u0259m\u0259y\u0259 k\u00f6m\u0259k edir. T\u0259rkibind\u0259ki Seramidl\u0259r say\u0259sind\u0259 formula h\u0259m d\u0259 d\u0259rinin bariyerini b\u0259rpa edir. &nbsp; Effektl\u0259r D\u0259rinin ya\u011fdan, \u00f6l\u00fc h\u00fcceyr\u0259l\u0259rd\u0259n v\u0259 makiyajdan &hellip; <a href=\"https:\/\/axtarstore.com\/ru\/product\/the-purest-exfoliating-salicylic-acid-cleanser\/\" class=\"more-link\">Continue reading <span class=\"screen-reader-text\">THE PUREST EXFOLIATING SALICYLIC ACID CLEANSER<\/span><\/a><\/p>","protected":false},"featured_media":8545,"comment_status":"open","ping_status":"closed","template":"","meta":[],"pwb-brand":[186],"product_cat":[149,127,147],"product_tag":[299,323,293,297],"class_list":{"0":"post-8544","1":"product","2":"type-product","3":"status-publish","4":"has-post-thumbnail","6":"pwb-brand-the-purest-solution","7":"product_cat-makeup-remover","8":"product_cat-face-care","9":"product_cat-face-wash","10":"product_tag-acnetreatment","11":"product_tag-face-wash","12":"product_tag-facecare","13":"product_tag-whitening","14":"pa_size-200ml","17":"instock","18":"shipping-taxable","19":"purchasable","20":"product-type-simple"},"brands":[{"id":186,"name":"The Purest Solution","slug":"the-purest-solution"}],"_links":{"self":[{"href":"https:\/\/axtarstore.com\/ru\/wp-json\/wp\/v2\/product\/8544"}],"collection":[{"href":"https:\/\/axtarstore.com\/ru\/wp-json\/wp\/v2\/product"}],"about":[{"href":"https:\/\/axtarstore.com\/ru\/wp-json\/wp\/v2\/types\/product"}],"replies":[{"embeddable":true,"href":"https:\/\/axtarstore.com\/ru\/wp-json\/wp\/v2\/comments?post=8544"}],"version-history":[{"count":1,"href":"https:\/\/axtarstore.com\/ru\/wp-json\/wp\/v2\/product\/8544\/revisions"}],"predecessor-version":[{"id":8553,"href":"https:\/\/axtarstore.com\/ru\/wp-json\/wp\/v2\/product\/8544\/revisions\/8553"}],"wp:featuredmedia":[{"embeddable":true,"href":"https:\/\/axtarstore.com\/ru\/wp-json\/wp\/v2\/media\/8545"}],"wp:attachment":[{"href":"https:\/\/axtarstore.com\/ru\/wp-json\/wp\/v2\/media?parent=8544"}],"wp:term":[{"taxonomy":"pwb-brand","embeddable":true,"href":"https:\/\/axtarstore.com\/ru\/wp-json\/wp\/v2\/pwb-brand?post=8544"},{"taxonomy":"product_cat","embeddable":true,"href":"https:\/\/axtarstore.com\/ru\/wp-json\/wp\/v2\/product_cat?post=8544"},{"taxonomy":"product_tag","embeddable":true,"href":"https:\/\/axtarstore.com\/ru\/wp-json\/wp\/v2\/product_tag?post=8544"}],"curies":[{"name":"wp","href":"https:\/\/api.w.org\/{rel}","templated":true}]}}