{"id":8517,"date":"2025-01-10T20:25:11","date_gmt":"2025-01-10T16:25:11","guid":{"rendered":"https:\/\/axtarstore.com\/?post_type=product&#038;p=8517"},"modified":"2025-01-10T20:25:11","modified_gmt":"2025-01-10T16:25:11","slug":"the-purest-blemish-defense-50-spf","status":"publish","type":"product","link":"https:\/\/axtarstore.com\/ru\/product\/the-purest-blemish-defense-50-spf\/","title":{"rendered":"THE PUREST BLEMISH DEFENSE 50+ SPF"},"content":{"rendered":"<p>Arbutin v\u0259 Niacinamide t\u0259r\u0259find\u0259n d\u0259st\u0259kl\u0259n\u0259n formula d\u0259rid\u0259 l\u0259k\u0259l\u0259rin \u0259m\u0259l\u0259 g\u0259lm\u0259sinin qar\u015f\u0131s\u0131n\u0131 almaq, d\u0259ri r\u0259ngi b\u0259rab\u0259rsizliyini aradan qald\u0131rmaq, q\u0131r\u0131\u015flara qulluq il\u0259 yana\u015f\u0131 d\u0259rini UVA\/UVB v\u0259 mavi i\u015f\u0131qlardan qorumaq m\u0259qs\u0259di da\u015f\u0131y\u0131r. T\u0259rkibind\u0259ki aktiv madd\u0259l\u0259rin d\u0259st\u0259yi il\u0259 d\u0259ri baryerini yax\u015f\u0131la\u015fd\u0131r\u0131r v\u0259 b\u0259rpa edir, d\u0259rini d\u0259rind\u0259n n\u0259ml\u0259ndirir, t\u0259bii parlaql\u0131q verir v\u0259 d\u0259riy\u0259 harmonik ton verir. Pa++++ : UVA \u015f\u00fcalar\u0131na qar\u015f\u0131 8 saat v\u0259 ya daha \u00e7ox qorunma g\u00fcc\u00fcn\u00fc ifad\u0259 edir.<\/p>\n<p>&nbsp;<\/p>\n<div id=\"Product-content-efa39964-31cb-47a3-9952-709371c256688211547521313\" class=\"collapsible-content collapsible-content--all is-open\">\n<div class=\"collapsible-content__inner rte\">\n<div class=\"metafield-rich_text_field\">\n<p>Effektl\u0259r<br \/>\nG\u00fcn\u0259\u015fin yaratd\u0131\u011f\u0131 hiperpiqmentasiya probleml\u0259rinin aradan qald\u0131r\u0131lmas\u0131<\/p>\n<p>D\u0259rini s\u0259rt mavi i\u015f\u0131\u011f\u0131n yaratd\u0131\u011f\u0131 z\u0259d\u0259l\u0259rd\u0259n qoruyur<\/p>\n<p>Fotoya\u015flanmaya qar\u015f\u0131 d\u0259rini b\u0259rpa etm\u0259k m\u0259qs\u0259di da\u015f\u0131y\u0131r.<\/p>\n<\/div>\n<\/div>\n<\/div>\n<p>&nbsp;<\/p>\n<p>Nec\u0259 istifad\u0259 etm\u0259li<br \/>\nNoxud b\u00f6y\u00fckl\u00fcy\u00fcnd\u0259 istifad\u0259 edin v\u0259 g\u00fcn \u0259rzind\u0259 h\u0259r 3 saatdan bir b\u00fct\u00fcn \u00fcz\u0259 \u00e7\u0259kin.<\/p>\n<p>&nbsp;<\/p>\n<p>t\u00f6vsiy\u0259 olunur<br \/>\nL\u0259k\u0259l\u0259nmi\u015f d\u0259ri<br \/>\nYa\u015flanma \u0259leyhin\u0259 qulluq<br \/>\nN\u0259m\u0259 ehtiyac\u0131 olan d\u0259ri tipl\u0259ri.<\/p>\n<p>&nbsp;<\/p>\n<p>Aktiv madd\u0259l\u0259r<br \/>\nAlpha Arbutin: D\u0259rinin tonunu a\u00e7maq v\u0259 t\u00fcnd l\u0259k\u0259l\u0259ri aradan qald\u0131rmaq m\u0259qs\u0259di da\u015f\u0131y\u0131r. Hamil\u0259lik, s\u0131zanaq, g\u00fcn\u0259\u015f v\u0259 ya\u015f l\u0259k\u0259l\u0259rind\u0259 t\u0259sirlidir. UV qoruyucu x\u00fcsusiyy\u0259ti say\u0259sind\u0259 g\u00fcn\u0259\u015fin d\u0259riy\u0259 m\u0259nfi t\u0259sirl\u0259rin\u0259 qar\u015f\u0131 qoruyucu v\u0259 profilaktikdir. D\u0259rinin daha parlaq v\u0259 canl\u0131 g\u00f6r\u00fcn\u00fc\u015f qazanmas\u0131na k\u00f6m\u0259k edir.<br \/>\n\u00dczvi(Kimy\u0259vi) Filtrl\u0259r: Etilheksil Metoksisinnamat, Dietilamino Hidroksibenzoil<br \/>\nHeksil benzoat, oktokril<\/p>\n<p>Pepha Age (Scenedesmus Rubescens Extract): Mavi i\u015f\u0131\u011fa v\u0259 UV \u015f\u00fcalar\u0131na m\u0259ruz qald\u0131qdan sonra qocalman\u0131n g\u00f6r\u00fcn\u00fc\u015f\u00fcn\u00fc minimuma endirir. H\u0259tta d\u0259ri tonunu v\u0259 \u00fcmumi yax\u015f\u0131la\u015fm\u0131\u015f d\u0259ri g\u00f6r\u00fcn\u00fc\u015f\u00fcn\u00fc t\u0259min edir. Mavi i\u015f\u0131\u011f\u0131n v\u0259 ultrab\u0259n\u00f6v\u015f\u0259yi \u015f\u00fcalar\u0131n yaratd\u0131\u011f\u0131 d\u0259ri z\u0259d\u0259sini azald\u0131r.<br \/>\nNiasinamid: D\u0259rinin baryerini g\u00fccl\u0259ndirm\u0259kd\u0259, sebum ifraz\u0131n\u0131 balansla\u015fd\u0131rmaqda v\u0259 d\u0259rinin b\u0259rpas\u0131nda t\u0259sirlidir. Hiperpiqmentasiyan\u0131 azaldaraq d\u0259rinin daha parlaq g\u00f6r\u00fcnm\u0259sin\u0259 k\u00f6m\u0259k edir. D\u0259rini fotoya\u015flanmadan qoruyur v\u0259 elastikliyini itirm\u0259kd\u0259n qoruyur.<br \/>\nQeyri-\u00fczvi (fiziki) filtrl\u0259r: sink oksidi, titan dioksidi.<\/p>\n<p>&nbsp;<\/p>\n<p>&nbsp;<\/p>","protected":false},"excerpt":{"rendered":"<p>Arbutin v\u0259 Niacinamide t\u0259r\u0259find\u0259n d\u0259st\u0259kl\u0259n\u0259n formula d\u0259rid\u0259 l\u0259k\u0259l\u0259rin \u0259m\u0259l\u0259 g\u0259lm\u0259sinin qar\u015f\u0131s\u0131n\u0131 almaq, d\u0259ri r\u0259ngi b\u0259rab\u0259rsizliyini aradan qald\u0131rmaq, q\u0131r\u0131\u015flara qulluq il\u0259 yana\u015f\u0131 d\u0259rini UVA\/UVB v\u0259 mavi i\u015f\u0131qlardan qorumaq m\u0259qs\u0259di da\u015f\u0131y\u0131r. T\u0259rkibind\u0259ki aktiv madd\u0259l\u0259rin d\u0259st\u0259yi il\u0259 d\u0259ri baryerini yax\u015f\u0131la\u015fd\u0131r\u0131r v\u0259 b\u0259rpa edir, d\u0259rini d\u0259rind\u0259n n\u0259ml\u0259ndirir, t\u0259bii parlaql\u0131q verir v\u0259 d\u0259riy\u0259 harmonik ton verir. Pa++++ : UVA \u015f\u00fcalar\u0131na &hellip; <a href=\"https:\/\/axtarstore.com\/ru\/product\/the-purest-blemish-defense-50-spf\/\" class=\"more-link\">Continue reading <span class=\"screen-reader-text\">THE PUREST BLEMISH DEFENSE 50+ SPF<\/span><\/a><\/p>","protected":false},"featured_media":8518,"comment_status":"open","ping_status":"closed","template":"","meta":[],"pwb-brand":[186],"product_cat":[151,127,142,384],"product_tag":[328,333,293,365,364],"class_list":{"0":"post-8517","1":"product","2":"type-product","3":"status-publish","4":"has-post-thumbnail","6":"pwb-brand-the-purest-solution","7":"product_cat-sun-block-cream","8":"product_cat-face-care","9":"product_cat-face-creams","10":"product_cat-uz-nmlndirici-krem","11":"product_tag-anti-wrinkle","12":"product_tag-face-moisturiser","13":"product_tag-facecare","14":"product_tag-spf","15":"product_tag-sun-block","16":"pa_size-50ml","19":"instock","20":"shipping-taxable","21":"purchasable","22":"product-type-simple"},"brands":[{"id":186,"name":"The Purest Solution","slug":"the-purest-solution"}],"_links":{"self":[{"href":"https:\/\/axtarstore.com\/ru\/wp-json\/wp\/v2\/product\/8517"}],"collection":[{"href":"https:\/\/axtarstore.com\/ru\/wp-json\/wp\/v2\/product"}],"about":[{"href":"https:\/\/axtarstore.com\/ru\/wp-json\/wp\/v2\/types\/product"}],"replies":[{"embeddable":true,"href":"https:\/\/axtarstore.com\/ru\/wp-json\/wp\/v2\/comments?post=8517"}],"version-history":[{"count":1,"href":"https:\/\/axtarstore.com\/ru\/wp-json\/wp\/v2\/product\/8517\/revisions"}],"predecessor-version":[{"id":8525,"href":"https:\/\/axtarstore.com\/ru\/wp-json\/wp\/v2\/product\/8517\/revisions\/8525"}],"wp:featuredmedia":[{"embeddable":true,"href":"https:\/\/axtarstore.com\/ru\/wp-json\/wp\/v2\/media\/8518"}],"wp:attachment":[{"href":"https:\/\/axtarstore.com\/ru\/wp-json\/wp\/v2\/media?parent=8517"}],"wp:term":[{"taxonomy":"pwb-brand","embeddable":true,"href":"https:\/\/axtarstore.com\/ru\/wp-json\/wp\/v2\/pwb-brand?post=8517"},{"taxonomy":"product_cat","embeddable":true,"href":"https:\/\/axtarstore.com\/ru\/wp-json\/wp\/v2\/product_cat?post=8517"},{"taxonomy":"product_tag","embeddable":true,"href":"https:\/\/axtarstore.com\/ru\/wp-json\/wp\/v2\/product_tag?post=8517"}],"curies":[{"name":"wp","href":"https:\/\/api.w.org\/{rel}","templated":true}]}}