{"id":8504,"date":"2025-01-10T20:17:04","date_gmt":"2025-01-10T16:17:04","guid":{"rendered":"https:\/\/axtarstore.com\/?post_type=product&#038;p=8504"},"modified":"2025-01-10T20:17:04","modified_gmt":"2025-01-10T16:17:04","slug":"the-purest-invisible-uv-protection","status":"publish","type":"product","link":"https:\/\/axtarstore.com\/ru\/product\/the-purest-invisible-uv-protection\/","title":{"rendered":"THE PUREST INVISIBLE UV PROTECTION"},"content":{"rendered":"<p>Par\u0131lt\u0131n\u0131n qar\u015f\u0131s\u0131n\u0131 al\u0131r v\u0259 d\u0259riy\u0259 t\u0259rav\u0259t hissi verir. Additio d\u0259rini z\u0259r\u0259rli UV \u015f\u00fcalar\u0131ndan qoruyur. Hialuron tur\u015fusu v\u0259 \u015fi ya\u011f\u0131 g\u00fcnd\u0259lik n\u0259ml\u0259ndirm\u0259ni t\u0259min edir v\u0259 saxlay\u0131r. Pa++++ : UVA \u015f\u00fcalar\u0131na qar\u015f\u0131 8 saat v\u0259 ya daha \u00e7ox qoruma g\u00fcc\u00fcn\u00fc t\u0259yin edir.<\/p>\n<p>&nbsp;<\/p>\n<p>Effektl\u0259r<br \/>\nD\u0259ri baryerini g\u00fccl\u0259ndir\u0259r\u0259k epidermal su itkisini azald\u0131r<\/p>\n<p>D\u0259rinin t\u0259b\u0259q\u0259l\u0259rinin ehtiyac duydu\u011fu n\u0259mliyi t\u0259min edir<\/p>\n<p>Uzunm\u00fcdd\u0259tli n\u0259m d\u0259st\u0259yi il\u0259 d\u0259rinin qorunmas\u0131.<\/p>\n<p>&nbsp;<\/p>\n<p>Nec\u0259 istifad\u0259 etm\u0259li<br \/>\nG\u00fcn \u0259rzind\u0259 h\u0259r 2-3 saatdan bir noxud b\u00f6y\u00fckl\u00fcy\u00fcn\u0259 b\u0259rab\u0259r \u015f\u0259kild\u0259 b\u00fct\u00fcn \u00fcz\u0259 \u00e7\u0259kin.<\/p>\n<p>&nbsp;<\/p>\n<p>t\u00f6vsiy\u0259 olunur<br \/>\nG\u00fcn\u0259\u015fd\u0259n qorunma\u011fa ehtiyac\u0131 olan b\u00fct\u00fcn d\u0259ri tipl\u0259ri<br \/>\nN\u0259m\u0259 ehtiyac\u0131 olan b\u00fct\u00fcn d\u0259ri tipl\u0259ri<br \/>\nYa\u015flanma \u018fleyhin\u0259 Qullu\u011fa ehtiyac\u0131 olan d\u0259ri.<\/p>\n<p>&nbsp;<\/p>\n<p>Aktiv madd\u0259l\u0259r<br \/>\nHialuron tur\u015fusu: F\u0259rqli x\u00fcsusiyy\u0259tl\u0259r\u0259 malik d\u00f6rd n\u00f6v Natrium Hialuronat (HA) birl\u0259\u015fm\u0259si, Hialuron tur\u015fusu, d\u0259rinin m\u00fcxt\u0259lif t\u0259b\u0259q\u0259l\u0259rini d\u0259qiq \u015f\u0259kild\u0259 h\u0259d\u0259fl\u0259yir.<br \/>\nd\u0259rini n\u0259ml\u0259ndirm\u0259k v\u0259 dol\u011funla\u015fd\u0131rmaq \u00fc\u00e7\u00fcn \u00fc\u00e7 \u00f6l\u00e7\u00fcl\u00fc \u015f\u0259b\u0259k\u0259 yaratmaq. Bu say\u0259d\u0259 d\u0259rinin \u00e7ox\u00f6l\u00e7\u00fcl\u00fc n\u0259ml\u0259ndirilm\u0259sini t\u0259min ed\u0259r\u0259k, elastiklik qazanma\u011fa k\u00f6m\u0259k edir.<br \/>\nCentella Asiatica Ekstrakt\u0131: Centella Asiatica&#8217;n\u0131n verdiyi kollagen istehsal\u0131n\u0131n artmas\u0131 v\u0259 iltihab\u0131n azalmas\u0131 s\u0259b\u0259bind\u0259n yaralar\u0131n sa\u011falmas\u0131nda b\u00f6y\u00fck rol oynay\u0131r v\u0259 h\u0259m\u00e7inin d\u0259rid\u0259 antioksidanlar\u0131n s\u0259viyy\u0259sini art\u0131raraq hipertrofik \u00e7ap\u0131q \u0259m\u0259l\u0259 g\u0259lm\u0259sinin qar\u015f\u0131s\u0131n\u0131 al\u0131r.<br \/>\n\u00dczvi (Kimy\u0259vi) Filtrl\u0259r: Etilheksil Metoksisinnamat, Dietilamino Hidroksibenzoil Heksil Benzoat, Bis-Etilheksiloksifenol Metoksifenil Triazin, Oktokril<br \/>\n\u015ei ya\u011f\u0131: \u015ei qozundan \u0259ld\u0259 edil\u0259n \u015fi ya\u011f\u0131. \u018fsas ya\u011f tur\u015fular\u0131 v\u0259 vitaminl\u0259rl\u0259 doludur, bu da onu kollagen istehsal\u0131 v\u0259 UV \u00fc\u00e7\u00fcn m\u00fck\u0259mm\u0259l edir<br \/>\nm\u00fcdafi\u0259. Ya\u011fl\u0131 tekstura onu d\u0259riy\u0259 n\u00fcfuz etm\u0259k \u00fc\u00e7\u00fcn ideal edir. \u00dcst\u0259lik, \u015fi ya\u011f\u0131 t\u0259rkibind\u0259ki t\u0259bii n\u0259ml\u0259ndiricil\u0259r d\u0259ri ekstrakt\u0131n\u0131n ya\u011f bezl\u0259rinin analoqudur. B\u00fct\u00fcn bunlar birlikd\u0259 \u015fi cildiniz \u00fc\u00e7\u00fcn n\u0259ml\u0259ndirici m\u00f6c\u00fcz\u0259 hal\u0131na g\u0259tirir.<br \/>\nGliserin: Gliserin d\u0259rinin daha d\u0259rin t\u0259b\u0259q\u0259l\u0259rind\u0259n suyu v\u0259 havan\u0131 d\u0259rinin xarici t\u0259b\u0259q\u0259sin\u0259 \u00e7\u0259k\u0259n bir n\u00f6v n\u0259ml\u0259ndirici madd\u0259dir. D\u0259rid\u0259ki stressi azaltmaq v\u0259 ultrab\u0259n\u00f6v\u015f\u0259yi \u015f\u00fcalar\u0131n s\u0259b\u0259b oldu\u011fu d\u0259ri z\u0259d\u0259l\u0259nm\u0259sinin qar\u015f\u0131s\u0131n\u0131 almaq \u00fc\u00e7\u00fcn n\u0259m balans\u0131n\u0131 t\u0259min etm\u0259k m\u0259qs\u0259di da\u015f\u0131y\u0131r. O, h\u0259m d\u0259 \u00e7ox yax\u015f\u0131 ya\u015flanma \u0259leyhin\u0259 vasit\u0259dir.<br \/>\nQeyri-\u00fczvi (fiziki) filtrl\u0259r: sink oksidi, titan dioksidi<\/p>\n<p>&nbsp;<\/p>\n<p>&nbsp;<\/p>","protected":false},"excerpt":{"rendered":"<p>Par\u0131lt\u0131n\u0131n qar\u015f\u0131s\u0131n\u0131 al\u0131r v\u0259 d\u0259riy\u0259 t\u0259rav\u0259t hissi verir. Additio d\u0259rini z\u0259r\u0259rli UV \u015f\u00fcalar\u0131ndan qoruyur. Hialuron tur\u015fusu v\u0259 \u015fi ya\u011f\u0131 g\u00fcnd\u0259lik n\u0259ml\u0259ndirm\u0259ni t\u0259min edir v\u0259 saxlay\u0131r. Pa++++ : UVA \u015f\u00fcalar\u0131na qar\u015f\u0131 8 saat v\u0259 ya daha \u00e7ox qoruma g\u00fcc\u00fcn\u00fc t\u0259yin edir. &nbsp; Effektl\u0259r D\u0259ri baryerini g\u00fccl\u0259ndir\u0259r\u0259k epidermal su itkisini azald\u0131r D\u0259rinin t\u0259b\u0259q\u0259l\u0259rinin ehtiyac duydu\u011fu n\u0259mliyi t\u0259min &hellip; <a href=\"https:\/\/axtarstore.com\/ru\/product\/the-purest-invisible-uv-protection\/\" class=\"more-link\">Continue reading <span class=\"screen-reader-text\">THE PUREST INVISIBLE UV PROTECTION<\/span><\/a><\/p>","protected":false},"featured_media":8505,"comment_status":"open","ping_status":"closed","template":"","meta":[],"pwb-brand":[186],"product_cat":[151,127,142,384],"product_tag":[328,294,333,293,365,364],"class_list":{"0":"post-8504","1":"product","2":"type-product","3":"status-publish","4":"has-post-thumbnail","6":"pwb-brand-the-purest-solution","7":"product_cat-sun-block-cream","8":"product_cat-face-care","9":"product_cat-face-creams","10":"product_cat-uz-nmlndirici-krem","11":"product_tag-anti-wrinkle","12":"product_tag-face","13":"product_tag-face-moisturiser","14":"product_tag-facecare","15":"product_tag-spf","16":"product_tag-sun-block","17":"pa_size-50ml","20":"instock","21":"shipping-taxable","22":"purchasable","23":"product-type-simple"},"brands":[{"id":186,"name":"The Purest Solution","slug":"the-purest-solution"}],"_links":{"self":[{"href":"https:\/\/axtarstore.com\/ru\/wp-json\/wp\/v2\/product\/8504"}],"collection":[{"href":"https:\/\/axtarstore.com\/ru\/wp-json\/wp\/v2\/product"}],"about":[{"href":"https:\/\/axtarstore.com\/ru\/wp-json\/wp\/v2\/types\/product"}],"replies":[{"embeddable":true,"href":"https:\/\/axtarstore.com\/ru\/wp-json\/wp\/v2\/comments?post=8504"}],"version-history":[{"count":1,"href":"https:\/\/axtarstore.com\/ru\/wp-json\/wp\/v2\/product\/8504\/revisions"}],"predecessor-version":[{"id":8516,"href":"https:\/\/axtarstore.com\/ru\/wp-json\/wp\/v2\/product\/8504\/revisions\/8516"}],"wp:featuredmedia":[{"embeddable":true,"href":"https:\/\/axtarstore.com\/ru\/wp-json\/wp\/v2\/media\/8505"}],"wp:attachment":[{"href":"https:\/\/axtarstore.com\/ru\/wp-json\/wp\/v2\/media?parent=8504"}],"wp:term":[{"taxonomy":"pwb-brand","embeddable":true,"href":"https:\/\/axtarstore.com\/ru\/wp-json\/wp\/v2\/pwb-brand?post=8504"},{"taxonomy":"product_cat","embeddable":true,"href":"https:\/\/axtarstore.com\/ru\/wp-json\/wp\/v2\/product_cat?post=8504"},{"taxonomy":"product_tag","embeddable":true,"href":"https:\/\/axtarstore.com\/ru\/wp-json\/wp\/v2\/product_tag?post=8504"}],"curies":[{"name":"wp","href":"https:\/\/api.w.org\/{rel}","templated":true}]}}