{"id":8493,"date":"2025-01-10T20:09:03","date_gmt":"2025-01-10T16:09:03","guid":{"rendered":"https:\/\/axtarstore.com\/?post_type=product&#038;p=8493"},"modified":"2025-01-10T20:09:25","modified_gmt":"2025-01-10T16:09:25","slug":"8493","status":"publish","type":"product","link":"https:\/\/axtarstore.com\/ru\/product\/8493\/","title":{"rendered":"THE PUREST REJUVENATING RETIONAL SERUM"},"content":{"rendered":"<p>Retinol v\u0259 Seramid d\u0259rinin epidermal t\u0259b\u0259q\u0259sinin qorunmas\u0131n\u0131 yax\u015f\u0131la\u015fd\u0131rmaq \u00fc\u00e7\u00fcn birl\u0259\u015fmi\u015f h\u0259ll t\u0259min edir. Onlar d\u0259rinin cavanla\u015fmas\u0131n\u0131 art\u0131r\u0131r, d\u0259ri b\u0259rab\u0259rsizliyini h\u0259d\u0259f al\u0131r v\u0259 elastikliyin itirilm\u0259sinin qar\u015f\u0131s\u0131n\u0131 al\u0131r. T\u0259rkibind\u0259ki m\u00fcxt\u0259lif kollagenl\u0259r say\u0259sind\u0259 d\u0259rid\u0259 q\u0131r\u0131\u015flar\u0131n \u0259m\u0259l\u0259 g\u0259lm\u0259sinin qar\u015f\u0131s\u0131n\u0131 alma\u011fa v\u0259 m\u00f6vcud q\u0131r\u0131\u015flar\u0131 aradan qald\u0131rma\u011fa k\u00f6m\u0259k edir. D\u0259rinin yenid\u0259n yarad\u0131lmas\u0131nda t\u0259sirli rol oynay\u0131r v\u0259 daha canl\u0131 v\u0259 sa\u011flam g\u00f6r\u00fcn\u00fc\u015fd\u0259 t\u0259sirli olur.<\/p>\n<p>&nbsp;<\/p>\n<p>Effektl\u0259r<br \/>\nQ\u0131r\u0131\u015flar\u0131n yaranmas\u0131n\u0131n qar\u015f\u0131s\u0131n\u0131 al\u0131r v\u0259 m\u00f6vcud q\u0131r\u0131\u015flar\u0131 aradan qald\u0131r\u0131r<\/p>\n<p>D\u0259rini qocalma \u0259lam\u0259tl\u0259rin\u0259 qar\u015f\u0131 qoruyur<\/p>\n<p>D\u0259rinin tonunun qeyri-b\u0259rab\u0259r olmas\u0131na v\u0259 t\u00fcnd l\u0259k\u0259l\u0259rin aradan qald\u0131r\u0131lmas\u0131na k\u00f6m\u0259k edir<\/p>\n<p>D\u0259rinin t\u0259mirind\u0259n daha hamar hiss<\/p>\n<p>&nbsp;<\/p>\n<p>Nec\u0259 istifad\u0259 etm\u0259li<br \/>\nGec\u0259 rejiminizd\u0259 1-2 damc\u0131 serum t\u0259tbiq edin<\/p>\n<p>G\u00fcn \u0259rzind\u0259 g\u00fcn\u0259\u015f kreminin istifad\u0259sini laqeyd yana\u015fmay\u0131n<\/p>\n<p>&nbsp;<\/p>\n<p>t\u00f6vsiy\u0259 olunur<br \/>\nYa\u015flanma \u0259leyhin\u0259 qulluq<br \/>\nQ\u0131r\u0131\u015flar\u0131n t\u0259miri<\/p>\n<p>&nbsp;<\/p>\n<p>Aktiv madd\u0259l\u0259r<br \/>\nRetinol: Topikal retinol t\u0259bii ya\u015flanma il\u0259 \u0259laq\u0259li inc\u0259 q\u0131r\u0131\u015flar\u0131 yax\u015f\u0131la\u015fd\u0131r\u0131r. \u018fh\u0259miyy\u0259tli suyu saxlad\u0131\u011f\u0131 bilin\u0259n qlikozaminoqlikan\u0131n \u0259h\u0259miyy\u0259tli induksiyas\u0131 v\u0259 artan kollagen istehsal\u0131 q\u0131r\u0131\u015flar\u0131n aradan qald\u0131r\u0131lmas\u0131ndan m\u0259suldur. Retinol t\u0259min edir<br \/>\nhamar v\u0259 g\u0259nc d\u0259ri \u00fc\u00e7\u00fcn \u0259n t\u0259sirli qocalma \u0259leyhin\u0259 qulluq.<br \/>\nAsetil Heksapeptid-8: \u00dczd\u0259 profilaktik t\u0259sir g\u00f6st\u0259rir<br \/>\ndinamik q\u0131r\u0131\u015flar\u0131n \u0259m\u0259l\u0259 g\u0259lm\u0259si. Kollagen istehsal\u0131n\u0131 stimulla\u015fd\u0131raraq d\u0259rinin yenid\u0259n qurulmas\u0131na k\u00f6m\u0259k edir. D\u0259rinin n\u0259ml\u0259nm\u0259sin\u0259 k\u00f6m\u0259k edir.<br \/>\nSeramid: Seramidl\u0259r d\u0259rinin \u0259n xarici t\u0259b\u0259q\u0259sini g\u00fccl\u0259ndirm\u0259y\u0259 k\u00f6m\u0259k edir v\u0259 qalxan rolunu oynayan qoruyucu mane\u0259 yarad\u0131r. Onlar m\u00fcxt\u0259lif d\u0259ri lipidl\u0259ri il\u0259 ba\u011flan\u0131r v\u0259<br \/>\nd\u0259rini transepidermal su itkisin\u0259 qar\u015f\u0131 qoruyur v\u0259 bu, daha sa\u011flam v\u0259 n\u0259ml\u0259nmi\u015f d\u0259ri t\u0259min edir.<br \/>\nEtil askorbin tur\u015fusu: Etil askorbin tur\u015fusunun antioksidant f\u0259aliyy\u0259ti d\u0259rinin oksidl\u0259\u015fdirici z\u0259d\u0259l\u0259nm\u0259sini azald\u0131r v\u0259 d\u0259riy\u0259 maksimum ya\u015flanma \u0259leyhin\u0259 t\u0259sir g\u00f6st\u0259rir.<br \/>\n\u00dcst\u0259lik, melanin t\u0259rkibind\u0259ki azalma il\u0259 d\u0259st\u0259kl\u0259n\u0259n depiqmentasiya f\u0259aliyy\u0259ti h\u0259ll edir<br \/>\nnizams\u0131z d\u0259ri piqmentasiyas\u0131.33<\/p>","protected":false},"excerpt":{"rendered":"<p>Retinol v\u0259 Seramid d\u0259rinin epidermal t\u0259b\u0259q\u0259sinin qorunmas\u0131n\u0131 yax\u015f\u0131la\u015fd\u0131rmaq \u00fc\u00e7\u00fcn birl\u0259\u015fmi\u015f h\u0259ll t\u0259min edir. Onlar d\u0259rinin cavanla\u015fmas\u0131n\u0131 art\u0131r\u0131r, d\u0259ri b\u0259rab\u0259rsizliyini h\u0259d\u0259f al\u0131r v\u0259 elastikliyin itirilm\u0259sinin qar\u015f\u0131s\u0131n\u0131 al\u0131r. T\u0259rkibind\u0259ki m\u00fcxt\u0259lif kollagenl\u0259r say\u0259sind\u0259 d\u0259rid\u0259 q\u0131r\u0131\u015flar\u0131n \u0259m\u0259l\u0259 g\u0259lm\u0259sinin qar\u015f\u0131s\u0131n\u0131 alma\u011fa v\u0259 m\u00f6vcud q\u0131r\u0131\u015flar\u0131 aradan qald\u0131rma\u011fa k\u00f6m\u0259k edir. D\u0259rinin yenid\u0259n yarad\u0131lmas\u0131nda t\u0259sirli rol oynay\u0131r v\u0259 daha canl\u0131 v\u0259 sa\u011flam g\u00f6r\u00fcn\u00fc\u015fd\u0259 &hellip; <a href=\"https:\/\/axtarstore.com\/ru\/product\/8493\/\" class=\"more-link\">Continue reading <span class=\"screen-reader-text\">THE PUREST REJUVENATING RETIONAL SERUM<\/span><\/a><\/p>","protected":false},"featured_media":8494,"comment_status":"open","ping_status":"closed","template":"","meta":[],"pwb-brand":[186],"product_cat":[127,143,144],"product_tag":[328,353,293,327,297],"class_list":{"0":"post-8493","1":"product","2":"type-product","3":"status-publish","4":"has-post-thumbnail","6":"pwb-brand-the-purest-solution","7":"product_cat-face-care","8":"product_cat-face-serum","9":"product_cat-face-vitamins","10":"product_tag-anti-wrinkle","11":"product_tag-face-serum","12":"product_tag-facecare","13":"product_tag-retinol-serum","14":"product_tag-whitening","15":"pa_size-30ml","18":"instock","19":"shipping-taxable","20":"purchasable","21":"product-type-simple"},"brands":[{"id":186,"name":"The Purest Solution","slug":"the-purest-solution"}],"_links":{"self":[{"href":"https:\/\/axtarstore.com\/ru\/wp-json\/wp\/v2\/product\/8493"}],"collection":[{"href":"https:\/\/axtarstore.com\/ru\/wp-json\/wp\/v2\/product"}],"about":[{"href":"https:\/\/axtarstore.com\/ru\/wp-json\/wp\/v2\/types\/product"}],"replies":[{"embeddable":true,"href":"https:\/\/axtarstore.com\/ru\/wp-json\/wp\/v2\/comments?post=8493"}],"version-history":[{"count":2,"href":"https:\/\/axtarstore.com\/ru\/wp-json\/wp\/v2\/product\/8493\/revisions"}],"predecessor-version":[{"id":8503,"href":"https:\/\/axtarstore.com\/ru\/wp-json\/wp\/v2\/product\/8493\/revisions\/8503"}],"wp:featuredmedia":[{"embeddable":true,"href":"https:\/\/axtarstore.com\/ru\/wp-json\/wp\/v2\/media\/8494"}],"wp:attachment":[{"href":"https:\/\/axtarstore.com\/ru\/wp-json\/wp\/v2\/media?parent=8493"}],"wp:term":[{"taxonomy":"pwb-brand","embeddable":true,"href":"https:\/\/axtarstore.com\/ru\/wp-json\/wp\/v2\/pwb-brand?post=8493"},{"taxonomy":"product_cat","embeddable":true,"href":"https:\/\/axtarstore.com\/ru\/wp-json\/wp\/v2\/product_cat?post=8493"},{"taxonomy":"product_tag","embeddable":true,"href":"https:\/\/axtarstore.com\/ru\/wp-json\/wp\/v2\/product_tag?post=8493"}],"curies":[{"name":"wp","href":"https:\/\/api.w.org\/{rel}","templated":true}]}}