{"id":8483,"date":"2025-01-10T20:02:10","date_gmt":"2025-01-10T16:02:10","guid":{"rendered":"https:\/\/axtarstore.com\/?post_type=product&#038;p=8483"},"modified":"2025-01-10T20:02:10","modified_gmt":"2025-01-10T16:02:10","slug":"the-purest-brightening-lightening-vitamin-c-serum","status":"publish","type":"product","link":"https:\/\/axtarstore.com\/ru\/product\/the-purest-brightening-lightening-vitamin-c-serum\/","title":{"rendered":"THE PUREST BRIGHTENING LIGHTENING VITAMIN C SERUM"},"content":{"rendered":"<p>Vitamin C d\u0259ri \u00fc\u00e7\u00fcn laz\u0131m olan vacib antioksidantlardan biridir. Bu m\u0259hsul z\u0259nginl\u0259\u015fdirilmi\u015f madd\u0259l\u0259rl\u0259 haz\u0131rlanm\u0131\u015fd\u0131r; 10% askorbin tur\u015fusu, 0,5% ferul tur\u015fusu v\u0259 prebiyotikl\u0259r. D\u0259rini yenil\u0259y\u0259rk\u0259n qidaland\u0131rma\u011f\u0131 h\u0259d\u0259fl\u0259yir. Canlanma\u011fa k\u00f6m\u0259k edir,<br \/>\nd\u0259rini a\u011fard\u0131r v\u0259 inc\u0259 q\u0131r\u0131\u015flar\u0131 azald\u0131r.<\/p>\n<p>&nbsp;<\/p>\n<p>Effektl\u0259r<br \/>\nHiperpiqmentasiyan\u0131 azaltmaqla d\u0259ri daha canl\u0131 v\u0259 parlaq g\u00f6r\u00fcn\u00fc\u015f qazan\u0131r.<\/p>\n<p>D\u0259ri tonunun qeyri-b\u0259rab\u0259rliyinin aradan qald\u0131r\u0131lmas\u0131<\/p>\n<p>Ya\u015flanma \u0259lam\u0259tl\u0259rin\u0259 qar\u015f\u0131 qoruyucu v\u0259 profilaktik t\u0259sir g\u00f6st\u0259rir<\/p>\n<p>&nbsp;<\/p>\n<p>Nec\u0259 istifad\u0259 etm\u0259li<br \/>\nH\u0259m g\u00fcnd\u00fcz, h\u0259m d\u0259 gec\u0259 rejimind\u0259 t\u0259tbiq ed\u0259 bil\u0259rsiniz.<\/p>\n<p>M\u0259hsuldan 1-2 damc\u0131 nazik t\u0259b\u0259q\u0259 olaraq \u00fcz\u00fcn\u00fcz\u0259 \u00e7\u0259kin.<\/p>\n<p>Serumdan istifad\u0259 ed\u0259rk\u0259n g\u00fcnd\u0259lik rutininizd\u0259 g\u00fcn\u0259\u015fd\u0259n qoruyucu kreml\u0259rd\u0259n istifad\u0259 etm\u0259yi laqeyd yana\u015fmay\u0131n.<\/p>\n<p>&nbsp;<\/p>\n<p>t\u00f6vsiy\u0259 olunur<br \/>\nDar\u0131xd\u0131r\u0131c\u0131 g\u00f6r\u00fcn\u00fc\u015f<br \/>\nD\u0259ri b\u0259rab\u0259rsizliyi<br \/>\nYa\u015flanma \u0259leyhin\u0259<br \/>\nStress\u0259 qar\u015f\u0131 qulluq<\/p>\n<p>&nbsp;<\/p>\n<p>Aktiv madd\u0259l\u0259r<br \/>\nAskorbin tur\u015fusu: Vitamin C \u0259la antioksidantd\u0131r, kollagen sintezini art\u0131r\u0131r v\u0259 d\u0259rinin m\u00f6hk\u0259mliyini art\u0131r\u0131r, d\u0259ri tonunu b\u0259rab\u0259rl\u0259\u015fdirir v\u0259 melanin istehsal\u0131n\u0131 m\u0259hdudla\u015fd\u0131raraq ya\u015f l\u0259k\u0259l\u0259rini azald\u0131r. M\u0259hsulun t\u0259tbiqind\u0259n sonra canl\u0131 v\u0259 parlaq g\u00f6r\u00fcn\u00fc\u015f t\u0259min edir.<br \/>\nFerul tur\u015fusu: Ferul tur\u015fusu antioksidantla z\u0259ngin bir n\u00f6vd\u00fcr<br \/>\nqocalma, inc\u0259 x\u0259ttl\u0259r, q\u0131r\u0131\u015flar, r\u0259ngsizl\u0259\u015fm\u0259 v\u0259 z\u0259d\u0259l\u0259nmi\u015f d\u0259ri h\u00fcceyr\u0259l\u0259ri il\u0259 m\u00fcbariz\u0259 aparan t\u0259rkib hiss\u0259sidir. Ferul tur\u015fusu bil\u0259r<br \/>\nd\u0259ri t\u0259r\u0259find\u0259n asanl\u0131qla \u0259milir v\u0259 yax\u015f\u0131 aktivdirl\u0259r<br \/>\ns\u0259rb\u0259st radikallarla m\u00fcbariz\u0259y\u0259 g\u0259ldikd\u0259 v\u0259 h\u00fcceyr\u0259 z\u0259d\u0259l\u0259nm\u0259sinin qar\u015f\u0131s\u0131n\u0131 alan madd\u0259l\u0259r.<br \/>\nHialuron tur\u015fusu: F\u0259rqli x\u00fcsusiyy\u0259tl\u0259r\u0259 malik d\u00f6rd n\u00f6v Natrium Hialuronat (HA) birl\u0259\u015fm\u0259si, Hialuron tur\u015fusu d\u0259rinin m\u00fcxt\u0259lif t\u0259b\u0259q\u0259l\u0259rini d\u0259qiq \u015f\u0259kild\u0259 h\u0259d\u0259fl\u0259yir.<br \/>\nd\u0259rini n\u0259ml\u0259ndirm\u0259k v\u0259 dol\u011funla\u015fd\u0131rmaq \u00fc\u00e7\u00fcn \u00fc\u00e7 \u00f6l\u00e7\u00fcl\u00fc \u015f\u0259b\u0259k\u0259 yaratmaq. Bu \u015f\u0259kild\u0259 d\u0259rinin \u00e7ox\u00f6l\u00e7\u00fcl\u00fc n\u0259ml\u0259ndirilm\u0259sinin t\u0259min edilm\u0259si elastikliyin \u0259ld\u0259 edilm\u0259sin\u0259 k\u00f6m\u0259k edir.<br \/>\nGliserin: Gliserin n\u0259ml\u0259ndirici kimi t\u0259snif edil\u0259n bir t\u0259rkib hiss\u0259sidir v\u0259 havadan n\u0259mliyi d\u0259rinin daha d\u0259rin t\u0259b\u0259q\u0259l\u0259rin\u0259 \u00e7\u0259kir. O, h\u0259m\u00e7inin yor\u011fun d\u0259rini n\u0259ml\u0259ndirm\u0259k \u00fc\u00e7\u00fcn istifad\u0259 edil\u0259n \u0259la ya\u015flanma \u0259leyhin\u0259 f\u0259aliyy\u0259tdir v\u0259 canl\u0131 g\u00f6r\u00fcn\u00fc\u015f t\u0259min etm\u0259k \u00fc\u00e7\u00fcn inc\u0259 x\u0259tt v\u0259 q\u0131r\u0131\u015flar\u0131n qar\u015f\u0131s\u0131n\u0131 al\u0131r.<\/p>","protected":false},"excerpt":{"rendered":"<p>Vitamin C d\u0259ri \u00fc\u00e7\u00fcn laz\u0131m olan vacib antioksidantlardan biridir. Bu m\u0259hsul z\u0259nginl\u0259\u015fdirilmi\u015f madd\u0259l\u0259rl\u0259 haz\u0131rlanm\u0131\u015fd\u0131r; 10% askorbin tur\u015fusu, 0,5% ferul tur\u015fusu v\u0259 prebiyotikl\u0259r. D\u0259rini yenil\u0259y\u0259rk\u0259n qidaland\u0131rma\u011f\u0131 h\u0259d\u0259fl\u0259yir. Canlanma\u011fa k\u00f6m\u0259k edir, d\u0259rini a\u011fard\u0131r v\u0259 inc\u0259 q\u0131r\u0131\u015flar\u0131 azald\u0131r. &nbsp; Effektl\u0259r Hiperpiqmentasiyan\u0131 azaltmaqla d\u0259ri daha canl\u0131 v\u0259 parlaq g\u00f6r\u00fcn\u00fc\u015f qazan\u0131r. D\u0259ri tonunun qeyri-b\u0259rab\u0259rliyinin aradan qald\u0131r\u0131lmas\u0131 Ya\u015flanma \u0259lam\u0259tl\u0259rin\u0259 qar\u015f\u0131 qoruyucu &hellip; <a href=\"https:\/\/axtarstore.com\/ru\/product\/the-purest-brightening-lightening-vitamin-c-serum\/\" class=\"more-link\">Continue reading <span class=\"screen-reader-text\">THE PUREST BRIGHTENING LIGHTENING VITAMIN C SERUM<\/span><\/a><\/p>","protected":false},"featured_media":8484,"comment_status":"open","ping_status":"closed","template":"","meta":[],"pwb-brand":[186],"product_cat":[127,143,144],"product_tag":[353,293,325],"class_list":{"0":"post-8483","1":"product","2":"type-product","3":"status-publish","4":"has-post-thumbnail","6":"pwb-brand-the-purest-solution","7":"product_cat-face-care","8":"product_cat-face-serum","9":"product_cat-face-vitamins","10":"product_tag-face-serum","11":"product_tag-facecare","12":"product_tag-vitamin-c","13":"pa_size-30ml","16":"instock","17":"shipping-taxable","18":"purchasable","19":"product-type-simple"},"brands":[{"id":186,"name":"The Purest Solution","slug":"the-purest-solution"}],"_links":{"self":[{"href":"https:\/\/axtarstore.com\/ru\/wp-json\/wp\/v2\/product\/8483"}],"collection":[{"href":"https:\/\/axtarstore.com\/ru\/wp-json\/wp\/v2\/product"}],"about":[{"href":"https:\/\/axtarstore.com\/ru\/wp-json\/wp\/v2\/types\/product"}],"replies":[{"embeddable":true,"href":"https:\/\/axtarstore.com\/ru\/wp-json\/wp\/v2\/comments?post=8483"}],"version-history":[{"count":1,"href":"https:\/\/axtarstore.com\/ru\/wp-json\/wp\/v2\/product\/8483\/revisions"}],"predecessor-version":[{"id":8492,"href":"https:\/\/axtarstore.com\/ru\/wp-json\/wp\/v2\/product\/8483\/revisions\/8492"}],"wp:featuredmedia":[{"embeddable":true,"href":"https:\/\/axtarstore.com\/ru\/wp-json\/wp\/v2\/media\/8484"}],"wp:attachment":[{"href":"https:\/\/axtarstore.com\/ru\/wp-json\/wp\/v2\/media?parent=8483"}],"wp:term":[{"taxonomy":"pwb-brand","embeddable":true,"href":"https:\/\/axtarstore.com\/ru\/wp-json\/wp\/v2\/pwb-brand?post=8483"},{"taxonomy":"product_cat","embeddable":true,"href":"https:\/\/axtarstore.com\/ru\/wp-json\/wp\/v2\/product_cat?post=8483"},{"taxonomy":"product_tag","embeddable":true,"href":"https:\/\/axtarstore.com\/ru\/wp-json\/wp\/v2\/product_tag?post=8483"}],"curies":[{"name":"wp","href":"https:\/\/api.w.org\/{rel}","templated":true}]}}