{"id":8473,"date":"2025-01-09T01:43:03","date_gmt":"2025-01-08T21:43:03","guid":{"rendered":"https:\/\/axtarstore.com\/?post_type=product&#038;p=8473"},"modified":"2025-01-09T01:43:03","modified_gmt":"2025-01-08T21:43:03","slug":"the-purest-solutions-vitamin-b-complex-serum-vitamin-b-complex-30ml","status":"publish","type":"product","link":"https:\/\/axtarstore.com\/ru\/product\/the-purest-solutions-vitamin-b-complex-serum-vitamin-b-complex-30ml\/","title":{"rendered":"THE PUREST SOLUTIONS Vitamin B Complex Serum-Vitamin B Complex 30ml"},"content":{"rendered":"<p>D\u00fcstur baryeri g\u00fccl\u0259ndir\u0259n Niasinamid (B3 vitamini), B Vitamini Kompleksinin (B1, B2, B5, B6, B7, B9, B12) b\u0259rpaedici t\u0259siri v\u0259 Agascalm-\u0131n sakitl\u0259\u015fdirici t\u0259siri il\u0259 birlikd\u0259 antisensibilizasiya, antibakterial t\u0259sir g\u00f6st\u0259rir. &#8211; q\u0131zart\u0131 v\u0259 b\u0259rpaedici t\u0259sir. Pantenol, Tokoferol v\u0259 4D Hialuron tur\u015fusu il\u0259 innovativ formula d\u0259rinin n\u0259m balans\u0131n\u0131 da t\u0259min edir.<\/p>\n<p>&nbsp;<\/p>\n<p>Effektl\u0259r :<br \/>\nQ\u0131zart\u0131, q\u0131c\u0131qlanma v\u0259 h\u0259ssasl\u0131q ya\u015fayan d\u0259rini sakitl\u0259\u015fdirir<\/p>\n<p>D\u0259rinin b\u0259rpa d\u00f6vr\u00fcn\u00fc t\u0259nziml\u0259yir, d\u0259riy\u0259 daha sa\u011flam g\u00f6r\u00fcn\u00fc\u015f verir<\/p>\n<p>D\u0259ri bariyerinin b\u0259rpas\u0131.<\/p>\n<p>&nbsp;<\/p>\n<p>Nec\u0259 istifad\u0259 etm\u0259li :<br \/>\nG\u00fcnd\u0259lik G\u00dcND\u00dcZ v\u0259 GECE rutininizd\u0259 nazik t\u0259b\u0259q\u0259 olaraq \u00fcz\u00fcn\u00fcz\u0259 1-2 damc\u0131 \u00e7\u0259kin.<\/p>\n<p>M\u0259hsulu istifad\u0259 ed\u0259rk\u0259n g\u00fcn\u0259\u015f kreminin istifad\u0259sini laqeyd yana\u015fmay\u0131n.<\/p>\n<p>&nbsp;<\/p>\n<p>t\u00f6vsiy\u0259 olunur :<br \/>\nCavanla\u015fd\u0131r\u0131c\u0131 ehtiyac<br \/>\nD\u0259ri bariyerin\u0259 d\u0259st\u0259k<br \/>\nQ\u0131zart\u0131 \u015fikay\u0259tl\u0259nir<br \/>\nHiperpiqmentasiya<\/p>\n<p>&nbsp;<\/p>\n<p>Aktiv madd\u0259l\u0259r :<br \/>\nNiasinamid: D\u0259rinin baryerini g\u00fccl\u0259ndirm\u0259kd\u0259, sebum ifraz\u0131n\u0131 balansla\u015fd\u0131rmaqda v\u0259 d\u0259rinin b\u0259rpas\u0131nda t\u0259sirlidir. D\u0259rinin daha parlaq g\u00f6r\u00fcnm\u0259sin\u0259 k\u00f6m\u0259k edir<br \/>\nhiperpiqmentasiyan\u0131 azald\u0131r. D\u0259rini fotoya\u015flanmadan qoruyur v\u0259 elastikliyini itirm\u0259kd\u0259n qoruyur.<br \/>\nFerul tur\u015fusu: Ferul tur\u015fusu antioksidantla z\u0259ngin bir n\u00f6vd\u00fcr<br \/>\nqocalma, inc\u0259 x\u0259ttl\u0259r, q\u0131r\u0131\u015flar, r\u0259ngsizl\u0259\u015fm\u0259 v\u0259 z\u0259d\u0259l\u0259nmi\u015f d\u0259ri h\u00fcceyr\u0259l\u0259ri il\u0259 m\u00fcbariz\u0259 aparan t\u0259rkib hiss\u0259sidir. Ferul tur\u015fusu d\u0259ri t\u0259r\u0259find\u0259n asanl\u0131qla \u0259milir v\u0259 yax\u015f\u0131 aktivdirl\u0259r<br \/>\ns\u0259rb\u0259st radikallarla m\u00fcbariz\u0259y\u0259 g\u0259ldikd\u0259 v\u0259 h\u00fcceyr\u0259 z\u0259d\u0259l\u0259nm\u0259sinin qar\u015f\u0131s\u0131n\u0131 alan madd\u0259l\u0259r.<br \/>\nPantenol: B5 vitamini olaraq da bilin\u0259n pantenol kimi f\u0259aliyy\u0259t g\u00f6st\u0259rir<br \/>\nh\u0259m n\u0259ml\u0259ndirici, h\u0259m d\u0259 n\u0259ml\u0259ndirici, d\u0259rini n\u0259ml\u0259ndirm\u0259y\u0259 v\u0259 n\u0259m saxlama\u011fa k\u00f6m\u0259k edir. N\u0259ml\u0259ndirici kimi,<br \/>\npantenol d\u0259rinin daha d\u0259rin qatlar\u0131ndan n\u0259m \u00e7\u0259k\u0259r\u0259k daha m\u00f6hk\u0259m v\u0259 dol\u011fun g\u00f6r\u00fcn\u00fcr.<br \/>\nAgascalm: \u0130ltihab \u0259leyhin\u0259 f\u0259aliyy\u0259ti say\u0259sind\u0259<br \/>\nd\u0259rinin q\u0131zart\u0131s\u0131n\u0131 azald\u0131r v\u0259 baryer funksiyas\u0131n\u0131 b\u0259rpa edir<br \/>\nn\u0259ml\u0259nmi\u015f d\u0259ri \u00fc\u00e7\u00fcn. O, h\u0259m\u00e7inin d\u0259ri m\u00fcdafi\u0259sini t\u0259min ed\u0259rk\u0259n d\u0259rinin parlaql\u0131\u011f\u0131n\u0131 art\u0131r\u0131r v\u0259 d\u0259ri tonunu b\u0259rab\u0259rl\u0259\u015fdirir.27<\/p>","protected":false},"excerpt":{"rendered":"<p>D\u00fcstur baryeri g\u00fccl\u0259ndir\u0259n Niasinamid (B3 vitamini), B Vitamini Kompleksinin (B1, B2, B5, B6, B7, B9, B12) b\u0259rpaedici t\u0259siri v\u0259 Agascalm-\u0131n sakitl\u0259\u015fdirici t\u0259siri il\u0259 birlikd\u0259 antisensibilizasiya, antibakterial t\u0259sir g\u00f6st\u0259rir. &#8211; q\u0131zart\u0131 v\u0259 b\u0259rpaedici t\u0259sir. Pantenol, Tokoferol v\u0259 4D Hialuron tur\u015fusu il\u0259 innovativ formula d\u0259rinin n\u0259m balans\u0131n\u0131 da t\u0259min edir. &nbsp; Effektl\u0259r : Q\u0131zart\u0131, q\u0131c\u0131qlanma v\u0259 h\u0259ssasl\u0131q &hellip; <a href=\"https:\/\/axtarstore.com\/ru\/product\/the-purest-solutions-vitamin-b-complex-serum-vitamin-b-complex-30ml\/\" class=\"more-link\">Continue reading <span class=\"screen-reader-text\">THE PUREST SOLUTIONS Vitamin B Complex Serum-Vitamin B Complex 30ml<\/span><\/a><\/p>","protected":false},"featured_media":8474,"comment_status":"open","ping_status":"closed","template":"","meta":[],"pwb-brand":[186],"product_cat":[127,143,144],"product_tag":[294,353,293],"class_list":{"0":"post-8473","1":"product","2":"type-product","3":"status-publish","4":"has-post-thumbnail","6":"pwb-brand-the-purest-solution","7":"product_cat-face-care","8":"product_cat-face-serum","9":"product_cat-face-vitamins","10":"product_tag-face","11":"product_tag-face-serum","12":"product_tag-facecare","13":"pa_size-30ml","16":"instock","17":"shipping-taxable","18":"purchasable","19":"product-type-simple"},"brands":[{"id":186,"name":"The Purest Solution","slug":"the-purest-solution"}],"_links":{"self":[{"href":"https:\/\/axtarstore.com\/ru\/wp-json\/wp\/v2\/product\/8473"}],"collection":[{"href":"https:\/\/axtarstore.com\/ru\/wp-json\/wp\/v2\/product"}],"about":[{"href":"https:\/\/axtarstore.com\/ru\/wp-json\/wp\/v2\/types\/product"}],"replies":[{"embeddable":true,"href":"https:\/\/axtarstore.com\/ru\/wp-json\/wp\/v2\/comments?post=8473"}],"version-history":[{"count":1,"href":"https:\/\/axtarstore.com\/ru\/wp-json\/wp\/v2\/product\/8473\/revisions"}],"predecessor-version":[{"id":8482,"href":"https:\/\/axtarstore.com\/ru\/wp-json\/wp\/v2\/product\/8473\/revisions\/8482"}],"wp:featuredmedia":[{"embeddable":true,"href":"https:\/\/axtarstore.com\/ru\/wp-json\/wp\/v2\/media\/8474"}],"wp:attachment":[{"href":"https:\/\/axtarstore.com\/ru\/wp-json\/wp\/v2\/media?parent=8473"}],"wp:term":[{"taxonomy":"pwb-brand","embeddable":true,"href":"https:\/\/axtarstore.com\/ru\/wp-json\/wp\/v2\/pwb-brand?post=8473"},{"taxonomy":"product_cat","embeddable":true,"href":"https:\/\/axtarstore.com\/ru\/wp-json\/wp\/v2\/product_cat?post=8473"},{"taxonomy":"product_tag","embeddable":true,"href":"https:\/\/axtarstore.com\/ru\/wp-json\/wp\/v2\/product_tag?post=8473"}],"curies":[{"name":"wp","href":"https:\/\/api.w.org\/{rel}","templated":true}]}}