{"id":8420,"date":"2025-01-09T01:05:48","date_gmt":"2025-01-08T21:05:48","guid":{"rendered":"https:\/\/axtarstore.com\/?post_type=product&#038;p=8420"},"modified":"2025-08-08T21:20:52","modified_gmt":"2025-08-08T17:20:52","slug":"the-purest-solutions-radiance-eye-contour-serum","status":"publish","type":"product","link":"https:\/\/axtarstore.com\/ru\/product\/the-purest-solutions-radiance-eye-contour-serum\/","title":{"rendered":"THE PUREST SOLUTIONS RADIANCE EYE CONTOUR SERUM"},"content":{"rendered":"<p>G\u00f6z alt\u0131 nahiy\u0259sini v\u0259 d\u0259ri tonu f\u0259rql\u0259rini h\u0259d\u0259f al\u0131r.<\/p>\n<p>G\u00f6z alt\u0131n\u0131n parlaq v\u0259 dinc\u0259lm\u0259sin\u0259 k\u00f6m\u0259k edir<\/p>\n<p>G\u00f6z konturu \u0259traf\u0131nda qocalman\u0131 azaltma\u011fa k\u00f6m\u0259k edir v\u0259 parlaq bir g\u00f6r\u00fcn\u00fc\u015f t\u0259min edir.<\/p>\n<p>&nbsp;<\/p>\n<p>Effektl\u0259r :<br \/>\nG\u00f6z alt\u0131ndak\u0131 \u00e7antalar\u0131 v\u0259 \u00e7\u00fcr\u00fckl\u0259ri h\u0259d\u0259f al\u0131r v\u0259 g\u00f6z alt\u0131ndak\u0131 piqmentasiya probleml\u0259rinin aradan qald\u0131r\u0131lmas\u0131nda t\u0259sirlidir.<\/p>\n<p>&nbsp;<\/p>\n<p>Nec\u0259 istifad\u0259 etm\u0259li :<br \/>\nT\u0259mizl\u0259dikd\u0259n sonra G\u00dcND\u00dcZ v\u0259 GECE rejimind\u0259 g\u00f6z alt\u0131na bir damc\u0131 \u00e7\u0259kin<\/p>\n<p>G\u00f6z t\u0259mas\u0131ndan \u00e7\u0259kinin<\/p>\n<p>Soyuducuda saxlamaq m\u0259sl\u0259h\u0259tdir.<\/p>\n<p>&nbsp;<\/p>\n<p>t\u00f6vsiy\u0259 olunur :<br \/>\nR\u0259ngl\u0259 g\u00f6zl\u0259rin alt\u0131nda v\u0259 ya \u0259traf\u0131nda<br \/>\nf\u0259rql\u0259r v\u0259 torbalama.<\/p>\n<p>&nbsp;<\/p>\n<p>Aktiv madd\u0259l\u0259r :<br \/>\nKofein: Mikrosirkulyasiyan\u0131 stimulla\u015fd\u0131raraq g\u00f6z alt\u0131 torbalar\u0131 v\u0259 g\u00f6z alt\u0131 ton f\u0259rql\u0259rini azaldan t\u0259sir\u0259 malikdir. T\u0259rkibind\u0259ki amin tur\u015fular\u0131 say\u0259sind\u0259 kollagen v\u0259 elastinin sintezinin art\u0131r\u0131lmas\u0131nda m\u00fch\u00fcm rol oynay\u0131r. O, h\u0259m d\u0259 g\u00fccl\u00fc bir antioksidantd\u0131r.<br \/>\nAscophyllum Nodosum Extract: Mikrosirkulyasiyan\u0131 t\u0259nziml\u0259y\u0259r\u0259k t\u00fcnd dair\u0259l\u0259ri v\u0259 g\u00f6z \u015fi\u015fkinliyini azaltmaq \u00fc\u00e7\u00fcn ideald\u0131r. \u0130\u015far\u0259l\u0259ri azaldaraq d\u0259rinin elastikliyini qazanmas\u0131na k\u00f6m\u0259k edir<br \/>\nqocalman\u0131n.<br \/>\nEtil askorbin tur\u015fusu: A\u011fard\u0131c\u0131, antioksidant v\u0259 kollagen g\u00fccl\u0259ndirici x\u00fcsusiyy\u0259tl\u0259r\u0259 malik C vitamini t\u00f6r\u0259m\u0259sidir. D\u0259rini DNT-nin z\u0259d\u0259l\u0259nm\u0259sin\u0259 qar\u015f\u0131 qoruyur v\u0259 t\u00fcnd l\u0259k\u0259l\u0259rin azalmas\u0131nda rol oynay\u0131r.<br \/>\nG\u00fcl, Rosa Damascena, Ekstrakt\u0131: G\u00fcl ya\u011f\u0131 v\u0259 g\u00fcl suyundan ibar\u0259t bitki m\u0259n\u015f\u0259li aktiv birl\u0259\u015fm\u0259dir v\u0259 d\u0259rinin yor\u011funlu\u011funu v\u0259 t\u00fcnd \u00fcz\u00fck g\u00f6r\u00fcn\u00fc\u015f\u00fcn\u00fc azald\u0131r. D\u0259rinin daha canl\u0131 v\u0259 t\u0259rav\u0259tli g\u00f6r\u00fcnm\u0259sin\u0259 k\u00f6m\u0259k edir.<br \/>\nHialuron tur\u015fusu: F\u0259rqli x\u00fcsusiyy\u0259tl\u0259r\u0259 malik d\u00f6rd n\u00f6v Natrium Hialuronat (HA) birl\u0259\u015fm\u0259si, Hialuron tur\u015fusu d\u0259rinin m\u00fcxt\u0259lif t\u0259b\u0259q\u0259l\u0259rini d\u0259qiq \u015f\u0259kild\u0259 h\u0259d\u0259fl\u0259yir.<br \/>\nd\u0259rini n\u0259ml\u0259ndirm\u0259k v\u0259 dol\u011funla\u015fd\u0131rmaq \u00fc\u00e7\u00fcn \u00fc\u00e7 \u00f6l\u00e7\u00fcl\u00fc \u015f\u0259b\u0259k\u0259 yaratmaq. Bu \u015f\u0259kild\u0259 d\u0259rinin \u00e7ox\u00f6l\u00e7\u00fcl\u00fc n\u0259ml\u0259ndirilm\u0259sini t\u0259min ed\u0259r\u0259k, elastiklik qazanma\u011fa k\u00f6m\u0259k edir.<\/p>","protected":false},"excerpt":{"rendered":"<p>G\u00f6z alt\u0131 nahiy\u0259sini v\u0259 d\u0259ri tonu f\u0259rql\u0259rini h\u0259d\u0259f al\u0131r. G\u00f6z alt\u0131n\u0131n parlaq v\u0259 dinc\u0259lm\u0259sin\u0259 k\u00f6m\u0259k edir G\u00f6z konturu \u0259traf\u0131nda qocalman\u0131 azaltma\u011fa k\u00f6m\u0259k edir v\u0259 parlaq bir g\u00f6r\u00fcn\u00fc\u015f t\u0259min edir. &nbsp; Effektl\u0259r : G\u00f6z alt\u0131ndak\u0131 \u00e7antalar\u0131 v\u0259 \u00e7\u00fcr\u00fckl\u0259ri h\u0259d\u0259f al\u0131r v\u0259 g\u00f6z alt\u0131ndak\u0131 piqmentasiya probleml\u0259rinin aradan qald\u0131r\u0131lmas\u0131nda t\u0259sirlidir. &nbsp; Nec\u0259 istifad\u0259 etm\u0259li : T\u0259mizl\u0259dikd\u0259n sonra G\u00dcND\u00dcZ &hellip; <a href=\"https:\/\/axtarstore.com\/ru\/product\/the-purest-solutions-radiance-eye-contour-serum\/\" class=\"more-link\">Continue reading <span class=\"screen-reader-text\">THE PUREST SOLUTIONS RADIANCE EYE CONTOUR SERUM<\/span><\/a><\/p>","protected":false},"featured_media":8421,"comment_status":"open","ping_status":"closed","template":"","meta":[],"pwb-brand":[186],"product_cat":[127,143],"product_tag":[294,353,293],"class_list":{"0":"post-8420","1":"product","2":"type-product","3":"status-publish","4":"has-post-thumbnail","6":"pwb-brand-the-purest-solution","7":"product_cat-face-care","8":"product_cat-face-serum","9":"product_tag-face","10":"product_tag-face-serum","11":"product_tag-facecare","12":"pa_size-30ml","15":"instock","16":"shipping-taxable","17":"purchasable","18":"product-type-simple"},"brands":[{"id":186,"name":"The Purest Solution","slug":"the-purest-solution"}],"_links":{"self":[{"href":"https:\/\/axtarstore.com\/ru\/wp-json\/wp\/v2\/product\/8420"}],"collection":[{"href":"https:\/\/axtarstore.com\/ru\/wp-json\/wp\/v2\/product"}],"about":[{"href":"https:\/\/axtarstore.com\/ru\/wp-json\/wp\/v2\/types\/product"}],"replies":[{"embeddable":true,"href":"https:\/\/axtarstore.com\/ru\/wp-json\/wp\/v2\/comments?post=8420"}],"version-history":[{"count":1,"href":"https:\/\/axtarstore.com\/ru\/wp-json\/wp\/v2\/product\/8420\/revisions"}],"predecessor-version":[{"id":8430,"href":"https:\/\/axtarstore.com\/ru\/wp-json\/wp\/v2\/product\/8420\/revisions\/8430"}],"wp:featuredmedia":[{"embeddable":true,"href":"https:\/\/axtarstore.com\/ru\/wp-json\/wp\/v2\/media\/8421"}],"wp:attachment":[{"href":"https:\/\/axtarstore.com\/ru\/wp-json\/wp\/v2\/media?parent=8420"}],"wp:term":[{"taxonomy":"pwb-brand","embeddable":true,"href":"https:\/\/axtarstore.com\/ru\/wp-json\/wp\/v2\/pwb-brand?post=8420"},{"taxonomy":"product_cat","embeddable":true,"href":"https:\/\/axtarstore.com\/ru\/wp-json\/wp\/v2\/product_cat?post=8420"},{"taxonomy":"product_tag","embeddable":true,"href":"https:\/\/axtarstore.com\/ru\/wp-json\/wp\/v2\/product_tag?post=8420"}],"curies":[{"name":"wp","href":"https:\/\/api.w.org\/{rel}","templated":true}]}}