{"id":8409,"date":"2025-01-09T00:56:41","date_gmt":"2025-01-08T20:56:41","guid":{"rendered":"https:\/\/axtarstore.com\/?post_type=product&#038;p=8409"},"modified":"2025-01-09T00:56:41","modified_gmt":"2025-01-08T20:56:41","slug":"the-purest-solutions-exfoliating-and-clarifying-toner","status":"publish","type":"product","link":"https:\/\/axtarstore.com\/ru\/product\/the-purest-solutions-exfoliating-and-clarifying-toner\/","title":{"rendered":"THE PUREST SOLUTIONS EXFOLIATING AND CLARIFYING TONER"},"content":{"rendered":"<p>D\u0259rini \u00f6l\u00fc h\u00fcceyr\u0259l\u0259rd\u0259n, ya\u011fdan, kird\u0259n v\u0259 makiyaj qal\u0131qlar\u0131ndan yum\u015faq bir \u015f\u0259kild\u0259 t\u0259mizl\u0259m\u0259y\u0259 v\u0259 t\u0259mizl\u0259m\u0259y\u0259 k\u00f6m\u0259k edir. O, h\u0259m\u00e7inin sebum ifraz\u0131n\u0131 tarazlayaraq m\u0259sam\u0259l\u0259rin g\u00f6r\u00fcn\u00fc\u015f\u00fcn\u00fc azald\u0131r. \u00d6l\u00fc h\u00fcceyr\u0259l\u0259ri b\u0259rpa ed\u0259r\u0259k d\u0259rini qocalma \u0259lam\u0259tl\u0259rin\u0259 qar\u015f\u0131 qorumaqda t\u0259sirli olur.<\/p>\n<p>&nbsp;<\/p>\n<p>Effektl\u0259r :<br \/>\n\u00d6l\u00fc d\u0259rini soyur v\u0259 d\u0259rinin b\u0259rpas\u0131na k\u00f6m\u0259k edir.<\/p>\n<p>&nbsp;<\/p>\n<p>Nec\u0259 istifad\u0259 etm\u0259li :<br \/>\nT\u0259mizl\u0259dikd\u0259n sonra, gec\u0259 rejimi zaman\u0131 pamb\u0131q disk v\u0259 ya \u0259l il\u0259 qurudulmu\u015f d\u0259riy\u0259 bir ne\u00e7\u0259 damc\u0131 \u00e7\u0259kin<\/p>\n<p>G\u00f6z t\u0259mas\u0131ndan \u00e7\u0259kinin<\/p>\n<p>Birba\u015fa g\u00fcn\u0259\u015f\u0259 m\u0259ruz qalmayan yerd\u0259 saxlamaq t\u00f6vsiy\u0259 olunur<\/p>\n<p>T\u0259tbiqd\u0259n sonra durulama t\u0259l\u0259b olunmur.<\/p>\n<p>&nbsp;<\/p>\n<p>t\u00f6vsiy\u0259 olunur :<br \/>\nSebum balans\u0131na ehtiyac<br \/>\nM\u0259sam\u0259 probleml\u0259ri<br \/>\nB\u00fct\u00fcn d\u0259ri tipl\u0259ri.<\/p>\n<p>&nbsp;<\/p>\n<p>Aktiv madd\u0259l\u0259r :<br \/>\nAHA Konsentrat\u0131: M\u00fcxt\u0259lif meyv\u0259 tur\u015fular\u0131n\u0131n birl\u0259\u015fm\u0259sidir; limon tur\u015fusu, laktik tur\u015fu, alma tur\u015fusu, ql\u00fckonik tur\u015fu, qlikolik tur\u015fu v\u0259 tartar tur\u015fusu, salisilik tur\u015fu v\u0259 askorbin tur\u015fusu. D\u0259rinin s\u0259thind\u0259n \u00f6l\u00fc h\u00fcceyr\u0259l\u0259ri \u00e7\u0131xarmaq qabiliyy\u0259tin\u0259 malikdir. Z\u0259rif a\u015f\u0131nd\u0131r\u0131c\u0131 t\u0259sir\u0259 malikdir v\u0259 q\u0131c\u0131qlanmaya k\u00f6m\u0259k edir<br \/>\nd\u0259rinin yenil\u0259nm\u0259si v\u0259 daha yax\u015f\u0131 g\u00f6r\u00fcn\u00fc\u015f. deyil<br \/>\na\u015fa\u011f\u0131 pH s\u0259b\u0259biyl\u0259 h\u0259ssas d\u0259rinin istifad\u0259si \u00fc\u00e7\u00fcn t\u00f6vsiy\u0259 olunur.<br \/>\nGlikolik tur\u015fu: D\u0259riy\u0259 t\u0259sirli, tez n\u00fcfuz edir v\u0259 a\u015f\u0131nd\u0131r\u0131c\u0131 t\u0259sir g\u00f6st\u0259rir. Daha yum\u015faq v\u0259 hamar bir hiss t\u0259min etm\u0259k \u00fc\u00e7\u00fcn h\u00fcceyr\u0259 regenerasiyas\u0131n\u0131 v\u0259 n\u0259ml\u0259ndirm\u0259ni t\u0259\u015fviq edir.<br \/>\n\u0130nulin, Fruktoza: D\u0259rinin mikrobiotas\u0131n\u0131 tarazla\u015fd\u0131rma\u011fa k\u00f6m\u0259k ed\u0259n prebiotik n\u0259ml\u0259ndirici. D\u0259ri floras\u0131n\u0131n yenid\u0259n qurulmas\u0131nda da t\u0259sirlidir.<\/p>","protected":false},"excerpt":{"rendered":"<p>D\u0259rini \u00f6l\u00fc h\u00fcceyr\u0259l\u0259rd\u0259n, ya\u011fdan, kird\u0259n v\u0259 makiyaj qal\u0131qlar\u0131ndan yum\u015faq bir \u015f\u0259kild\u0259 t\u0259mizl\u0259m\u0259y\u0259 v\u0259 t\u0259mizl\u0259m\u0259y\u0259 k\u00f6m\u0259k edir. O, h\u0259m\u00e7inin sebum ifraz\u0131n\u0131 tarazlayaraq m\u0259sam\u0259l\u0259rin g\u00f6r\u00fcn\u00fc\u015f\u00fcn\u00fc azald\u0131r. \u00d6l\u00fc h\u00fcceyr\u0259l\u0259ri b\u0259rpa ed\u0259r\u0259k d\u0259rini qocalma \u0259lam\u0259tl\u0259rin\u0259 qar\u015f\u0131 qorumaqda t\u0259sirli olur. &nbsp; Effektl\u0259r : \u00d6l\u00fc d\u0259rini soyur v\u0259 d\u0259rinin b\u0259rpas\u0131na k\u00f6m\u0259k edir. &nbsp; Nec\u0259 istifad\u0259 etm\u0259li : T\u0259mizl\u0259dikd\u0259n sonra, gec\u0259 rejimi &hellip; <a href=\"https:\/\/axtarstore.com\/ru\/product\/the-purest-solutions-exfoliating-and-clarifying-toner\/\" class=\"more-link\">Continue reading <span class=\"screen-reader-text\">THE PUREST SOLUTIONS EXFOLIATING AND CLARIFYING TONER<\/span><\/a><\/p>","protected":false},"featured_media":8410,"comment_status":"open","ping_status":"closed","template":"","meta":[],"pwb-brand":[186],"product_cat":[127,150],"product_tag":[353,293],"class_list":{"0":"post-8409","1":"product","2":"type-product","3":"status-publish","4":"has-post-thumbnail","6":"pwb-brand-the-purest-solution","7":"product_cat-face-care","8":"product_cat-face-toner","9":"product_tag-face-serum","10":"product_tag-facecare","11":"pa_size-200ml","14":"instock","15":"shipping-taxable","16":"purchasable","17":"product-type-simple"},"brands":[{"id":186,"name":"The Purest Solution","slug":"the-purest-solution"}],"_links":{"self":[{"href":"https:\/\/axtarstore.com\/ru\/wp-json\/wp\/v2\/product\/8409"}],"collection":[{"href":"https:\/\/axtarstore.com\/ru\/wp-json\/wp\/v2\/product"}],"about":[{"href":"https:\/\/axtarstore.com\/ru\/wp-json\/wp\/v2\/types\/product"}],"replies":[{"embeddable":true,"href":"https:\/\/axtarstore.com\/ru\/wp-json\/wp\/v2\/comments?post=8409"}],"version-history":[{"count":1,"href":"https:\/\/axtarstore.com\/ru\/wp-json\/wp\/v2\/product\/8409\/revisions"}],"predecessor-version":[{"id":8419,"href":"https:\/\/axtarstore.com\/ru\/wp-json\/wp\/v2\/product\/8409\/revisions\/8419"}],"wp:featuredmedia":[{"embeddable":true,"href":"https:\/\/axtarstore.com\/ru\/wp-json\/wp\/v2\/media\/8410"}],"wp:attachment":[{"href":"https:\/\/axtarstore.com\/ru\/wp-json\/wp\/v2\/media?parent=8409"}],"wp:term":[{"taxonomy":"pwb-brand","embeddable":true,"href":"https:\/\/axtarstore.com\/ru\/wp-json\/wp\/v2\/pwb-brand?post=8409"},{"taxonomy":"product_cat","embeddable":true,"href":"https:\/\/axtarstore.com\/ru\/wp-json\/wp\/v2\/product_cat?post=8409"},{"taxonomy":"product_tag","embeddable":true,"href":"https:\/\/axtarstore.com\/ru\/wp-json\/wp\/v2\/product_tag?post=8409"}],"curies":[{"name":"wp","href":"https:\/\/api.w.org\/{rel}","templated":true}]}}