{"id":8398,"date":"2025-01-09T00:48:02","date_gmt":"2025-01-08T20:48:02","guid":{"rendered":"https:\/\/axtarstore.com\/?post_type=product&#038;p=8398"},"modified":"2025-01-09T00:48:02","modified_gmt":"2025-01-08T20:48:02","slug":"the-purest-solutions-brightening-serum","status":"publish","type":"product","link":"https:\/\/axtarstore.com\/ru\/product\/the-purest-solutions-brightening-serum\/","title":{"rendered":"THE PUREST SOLUTIONS BRIGHTENING SERUM"},"content":{"rendered":"<p>D\u0259ri tonunun b\u0259rab\u0259rsizliyini aradan qald\u0131rma\u011fa k\u00f6m\u0259k edir v\u0259 m\u00fcnt\u0259z\u0259m istifad\u0259 il\u0259 daha y\u00fcng\u00fcl v\u0259 parlaq d\u0259ri g\u00f6r\u00fcn\u00fc\u015f\u00fcn\u00fc d\u0259st\u0259kl\u0259yir.<\/p>\n<p>&nbsp;<\/p>\n<p>Effektl\u0259r :<br \/>\nAzald\u0131lm\u0131\u015f s\u0131zanaq l\u0259k\u0259l\u0259ri<\/p>\n<p>G\u00fcn\u0259\u015fd\u0259n g\u0259l\u0259n l\u0259k\u0259l\u0259ri azald\u0131r<\/p>\n<p>Hamil\u0259lik zaman\u0131 l\u0259k\u0259l\u0259ri azald\u0131r<\/p>\n<p>&nbsp;<\/p>\n<div id=\"Product-content-973bfdfc-c17e-4878-ac4c-ab3615b05f558211529400609\" class=\"collapsible-content collapsible-content--all is-open\">\n<div class=\"collapsible-content__inner rte\">\n<div class=\"metafield-rich_text_field\">\n<p>Nec\u0259 istifad\u0259 etm\u0259li :<br \/>\nT\u0259mizl\u0259dikd\u0259n sonra g\u00fcnd\u00fcz v\u0259 gec\u0259 rejimi zaman\u0131 b\u00fct\u00fcn \u00fcz\u0259 bir ne\u00e7\u0259 damc\u0131 \u00e7\u0259kin<\/p>\n<p>G\u00f6zl\u0259 t\u0259masdan \u00e7\u0259kinin<\/p>\n<\/div>\n<\/div>\n<\/div>\n<p>&nbsp;<\/p>\n<p>t\u00f6vsiy\u0259 olunur :<br \/>\nH\u0259r c\u00fcr l\u0259k\u0259 narahatl\u0131\u011f\u0131<\/p>\n<p>&nbsp;<\/p>\n<p>Aktiv madd\u0259l\u0259r<br \/>\nAlpha Arbutin: D\u0259rinin tonunu a\u00e7maq v\u0259 qaralman\u0131 aradan qald\u0131rmaq m\u0259qs\u0259di da\u015f\u0131y\u0131r<br \/>\nl\u0259k\u0259l\u0259r. Hamil\u0259lik, s\u0131zanaq, g\u00fcn\u0259\u015f v\u0259 ya\u015f l\u0259k\u0259l\u0259rind\u0259 t\u0259sirlidir. UV qoruyucu x\u00fcsusiyy\u0259ti say\u0259sind\u0259 g\u00fcn\u0259\u015fin d\u0259riy\u0259 m\u0259nfi t\u0259sirl\u0259rin\u0259 qar\u015f\u0131 qoruyucu v\u0259 profilaktikdir. D\u0259rinin daha parlaq v\u0259 canl\u0131 g\u00f6r\u00fcn\u00fc\u015f qazanmas\u0131na k\u00f6m\u0259k edir.<br \/>\nHialuron tur\u015fusu: D\u00f6rd n\u00f6v natriumun birl\u0259\u015fm\u0259sidir<br \/>\nF\u0259rqli x\u00fcsusiyy\u0259tl\u0259r\u0259 malik hialuronat (HA), Hialuron tur\u015fusu d\u0259rini n\u0259ml\u0259ndirm\u0259k v\u0259 dol\u011funla\u015fd\u0131rmaq \u00fc\u00e7\u00fcn \u00fc\u00e7 \u00f6l\u00e7\u00fcl\u00fc \u015f\u0259b\u0259k\u0259 yaradaraq d\u0259rinin m\u00fcxt\u0259lif t\u0259b\u0259q\u0259l\u0259rini d\u0259qiq \u015f\u0259kild\u0259 h\u0259d\u0259fl\u0259yir.<\/p>","protected":false},"excerpt":{"rendered":"<p>D\u0259ri tonunun b\u0259rab\u0259rsizliyini aradan qald\u0131rma\u011fa k\u00f6m\u0259k edir v\u0259 m\u00fcnt\u0259z\u0259m istifad\u0259 il\u0259 daha y\u00fcng\u00fcl v\u0259 parlaq d\u0259ri g\u00f6r\u00fcn\u00fc\u015f\u00fcn\u00fc d\u0259st\u0259kl\u0259yir. &nbsp; Effektl\u0259r : Azald\u0131lm\u0131\u015f s\u0131zanaq l\u0259k\u0259l\u0259ri G\u00fcn\u0259\u015fd\u0259n g\u0259l\u0259n l\u0259k\u0259l\u0259ri azald\u0131r Hamil\u0259lik zaman\u0131 l\u0259k\u0259l\u0259ri azald\u0131r &nbsp; Nec\u0259 istifad\u0259 etm\u0259li : T\u0259mizl\u0259dikd\u0259n sonra g\u00fcnd\u00fcz v\u0259 gec\u0259 rejimi zaman\u0131 b\u00fct\u00fcn \u00fcz\u0259 bir ne\u00e7\u0259 damc\u0131 \u00e7\u0259kin G\u00f6zl\u0259 t\u0259masdan \u00e7\u0259kinin &nbsp; t\u00f6vsiy\u0259 &hellip; <a href=\"https:\/\/axtarstore.com\/ru\/product\/the-purest-solutions-brightening-serum\/\" class=\"more-link\">Continue reading <span class=\"screen-reader-text\">THE PUREST SOLUTIONS BRIGHTENING SERUM<\/span><\/a><\/p>","protected":false},"featured_media":8399,"comment_status":"open","ping_status":"closed","template":"","meta":[],"pwb-brand":[186],"product_cat":[127,143],"product_tag":[353,293],"class_list":{"0":"post-8398","1":"product","2":"type-product","3":"status-publish","4":"has-post-thumbnail","6":"pwb-brand-the-purest-solution","7":"product_cat-face-care","8":"product_cat-face-serum","9":"product_tag-face-serum","10":"product_tag-facecare","11":"pa_size-30ml","14":"instock","15":"shipping-taxable","16":"purchasable","17":"product-type-simple"},"brands":[{"id":186,"name":"The Purest Solution","slug":"the-purest-solution"}],"_links":{"self":[{"href":"https:\/\/axtarstore.com\/ru\/wp-json\/wp\/v2\/product\/8398"}],"collection":[{"href":"https:\/\/axtarstore.com\/ru\/wp-json\/wp\/v2\/product"}],"about":[{"href":"https:\/\/axtarstore.com\/ru\/wp-json\/wp\/v2\/types\/product"}],"replies":[{"embeddable":true,"href":"https:\/\/axtarstore.com\/ru\/wp-json\/wp\/v2\/comments?post=8398"}],"version-history":[{"count":1,"href":"https:\/\/axtarstore.com\/ru\/wp-json\/wp\/v2\/product\/8398\/revisions"}],"predecessor-version":[{"id":8408,"href":"https:\/\/axtarstore.com\/ru\/wp-json\/wp\/v2\/product\/8398\/revisions\/8408"}],"wp:featuredmedia":[{"embeddable":true,"href":"https:\/\/axtarstore.com\/ru\/wp-json\/wp\/v2\/media\/8399"}],"wp:attachment":[{"href":"https:\/\/axtarstore.com\/ru\/wp-json\/wp\/v2\/media?parent=8398"}],"wp:term":[{"taxonomy":"pwb-brand","embeddable":true,"href":"https:\/\/axtarstore.com\/ru\/wp-json\/wp\/v2\/pwb-brand?post=8398"},{"taxonomy":"product_cat","embeddable":true,"href":"https:\/\/axtarstore.com\/ru\/wp-json\/wp\/v2\/product_cat?post=8398"},{"taxonomy":"product_tag","embeddable":true,"href":"https:\/\/axtarstore.com\/ru\/wp-json\/wp\/v2\/product_tag?post=8398"}],"curies":[{"name":"wp","href":"https:\/\/api.w.org\/{rel}","templated":true}]}}