{"id":8385,"date":"2025-01-09T00:39:41","date_gmt":"2025-01-08T20:39:41","guid":{"rendered":"https:\/\/axtarstore.com\/?post_type=product&#038;p=8385"},"modified":"2025-01-09T00:39:41","modified_gmt":"2025-01-08T20:39:41","slug":"the-purest-solutions-intensive-hydration-serum","status":"publish","type":"product","link":"https:\/\/axtarstore.com\/ru\/product\/the-purest-solutions-intensive-hydration-serum\/","title":{"rendered":"THE PUREST SOLUTIONS INTENSIVE HYDRATION SERUM"},"content":{"rendered":"<p>D\u0259rinin gec\u0259-g\u00fcnd\u00fcz itirdiyi n\u0259mi b\u0259rpa etm\u0259k v\u0259 qorumaq m\u0259qs\u0259di da\u015f\u0131y\u0131r. Bundan \u0259lav\u0259, d\u0259rinin n\u0259mli qalmas\u0131na v\u0259 daha yum\u015faq bir g\u00f6r\u00fcn\u00fc\u015f\u0259 sahib olmas\u0131na k\u00f6m\u0259k edir<\/p>\n<p>&nbsp;<\/p>\n<p>Effektl\u0259r<br \/>\nD\u0259rinin s\u0259thind\u0259 qoruyucu film yarad\u0131r, d\u0259rinin n\u0259m itkisinin qar\u015f\u0131s\u0131n\u0131 al\u0131r<\/p>\n<p>Stratum Qar\u011f\u0131dal\u0131 n\u0259mli saxlama\u011fa k\u00f6m\u0259k edir<\/p>\n<p>Korneumu b\u0259rpa edir v\u0259 n\u0259ml\u0259ndirir<\/p>\n<p>Epidermis\u0259 v\u0259 dermis\u0259 n\u00fcfuz ed\u0259r\u0259k d\u0259rini n\u0259ml\u0259ndirir<\/p>\n<p>&nbsp;<\/p>\n<p>Nec\u0259 istifad\u0259 etm\u0259li :<br \/>\nT\u0259mizl\u0259dikd\u0259n sonra G\u00fcnd\u00fcz v\u0259 Gec\u0259 rejimind\u0259 b\u00fct\u00fcn \u00fcz\u0259 bir ne\u00e7\u0259 damc\u0131 \u00e7\u0259kin<\/p>\n<p>G\u00f6z t\u0259mas\u0131ndan \u00e7\u0259kinin<\/p>\n<p>&nbsp;<\/p>\n<p>t\u00f6vsiy\u0259 olunur :<br \/>\nN\u0259m ehtiyac\u0131<br \/>\nYa\u015flanma \u0259leyhin\u0259 b\u0259rpaedici qulluq<br \/>\nQuru d\u0259ri<\/p>\n<p>&nbsp;<\/p>\n<p>Aktiv madd\u0259l\u0259r<br \/>\nHialuron tur\u015fusu: F\u0259rqli x\u00fcsusiyy\u0259tl\u0259r\u0259 malik d\u00f6rd n\u00f6v Natrium Hialuronat (HA) birl\u0259\u015fm\u0259si, Hialuron tur\u015fusu d\u0259rinin m\u00fcxt\u0259lif t\u0259b\u0259q\u0259l\u0259rini d\u0259qiq \u015f\u0259kild\u0259 h\u0259d\u0259fl\u0259yir.<br \/>\nn\u0259ml\u0259ndirici \u00fc\u00e7\u00fcn \u00fc\u00e7 \u00f6l\u00e7\u00fcl\u00fc \u015f\u0259b\u0259k\u0259 yaratmaq v\u0259<br \/>\nd\u0259rini dol\u011funla\u015fd\u0131rmaq. Bu \u015f\u0259kild\u0259 d\u0259rinin \u00e7ox\u00f6l\u00e7\u00fcl\u00fc n\u0259ml\u0259ndirilm\u0259sini t\u0259min ed\u0259r\u0259k, elastiklik qazanma\u011fa k\u00f6m\u0259k edir.<br \/>\n\u0130nulin, Fruktoza: Balansla\u015fd\u0131rma\u011fa k\u00f6m\u0259k ed\u0259n prebiotik n\u0259ml\u0259ndirici<br \/>\nd\u0259ri mikrobiotas\u0131. D\u0259rinin yenid\u0259n qurulmas\u0131nda da t\u0259sirlidir<br \/>\nflora.<br \/>\nPantenol: B5 vitamini olaraq da bilin\u0259n pantenol h\u0259m n\u0259ml\u0259ndirici, h\u0259m d\u0259 n\u0259ml\u0259ndirici kimi \u00e7\u0131x\u0131\u015f edir, d\u0259rini n\u0259ml\u0259ndirm\u0259y\u0259 v\u0259 n\u0259m saxlama\u011fa k\u00f6m\u0259k edir. N\u0259ml\u0259ndirici olaraq pantenol d\u0259rinin daha d\u0259rin qatlar\u0131ndan n\u0259m \u00e7\u0131xar\u0131r ki, daha m\u00f6hk\u0259m v\u0259 dol\u011fun g\u00f6r\u00fcn\u00fcr.<\/p>","protected":false},"excerpt":{"rendered":"<p>D\u0259rinin gec\u0259-g\u00fcnd\u00fcz itirdiyi n\u0259mi b\u0259rpa etm\u0259k v\u0259 qorumaq m\u0259qs\u0259di da\u015f\u0131y\u0131r. Bundan \u0259lav\u0259, d\u0259rinin n\u0259mli qalmas\u0131na v\u0259 daha yum\u015faq bir g\u00f6r\u00fcn\u00fc\u015f\u0259 sahib olmas\u0131na k\u00f6m\u0259k edir &nbsp; Effektl\u0259r D\u0259rinin s\u0259thind\u0259 qoruyucu film yarad\u0131r, d\u0259rinin n\u0259m itkisinin qar\u015f\u0131s\u0131n\u0131 al\u0131r Stratum Qar\u011f\u0131dal\u0131 n\u0259mli saxlama\u011fa k\u00f6m\u0259k edir Korneumu b\u0259rpa edir v\u0259 n\u0259ml\u0259ndirir Epidermis\u0259 v\u0259 dermis\u0259 n\u00fcfuz ed\u0259r\u0259k d\u0259rini n\u0259ml\u0259ndirir &nbsp; &hellip; <a href=\"https:\/\/axtarstore.com\/ru\/product\/the-purest-solutions-intensive-hydration-serum\/\" class=\"more-link\">Continue reading <span class=\"screen-reader-text\">THE PUREST SOLUTIONS INTENSIVE HYDRATION SERUM<\/span><\/a><\/p>","protected":false},"featured_media":8386,"comment_status":"open","ping_status":"closed","template":"","meta":[],"pwb-brand":[186],"product_cat":[127,143],"product_tag":[353,293],"class_list":{"0":"post-8385","1":"product","2":"type-product","3":"status-publish","4":"has-post-thumbnail","6":"pwb-brand-the-purest-solution","7":"product_cat-face-care","8":"product_cat-face-serum","9":"product_tag-face-serum","10":"product_tag-facecare","11":"pa_size-30ml","14":"instock","15":"shipping-taxable","16":"purchasable","17":"product-type-simple"},"brands":[{"id":186,"name":"The Purest Solution","slug":"the-purest-solution"}],"_links":{"self":[{"href":"https:\/\/axtarstore.com\/ru\/wp-json\/wp\/v2\/product\/8385"}],"collection":[{"href":"https:\/\/axtarstore.com\/ru\/wp-json\/wp\/v2\/product"}],"about":[{"href":"https:\/\/axtarstore.com\/ru\/wp-json\/wp\/v2\/types\/product"}],"replies":[{"embeddable":true,"href":"https:\/\/axtarstore.com\/ru\/wp-json\/wp\/v2\/comments?post=8385"}],"version-history":[{"count":1,"href":"https:\/\/axtarstore.com\/ru\/wp-json\/wp\/v2\/product\/8385\/revisions"}],"predecessor-version":[{"id":8395,"href":"https:\/\/axtarstore.com\/ru\/wp-json\/wp\/v2\/product\/8385\/revisions\/8395"}],"wp:featuredmedia":[{"embeddable":true,"href":"https:\/\/axtarstore.com\/ru\/wp-json\/wp\/v2\/media\/8386"}],"wp:attachment":[{"href":"https:\/\/axtarstore.com\/ru\/wp-json\/wp\/v2\/media?parent=8385"}],"wp:term":[{"taxonomy":"pwb-brand","embeddable":true,"href":"https:\/\/axtarstore.com\/ru\/wp-json\/wp\/v2\/pwb-brand?post=8385"},{"taxonomy":"product_cat","embeddable":true,"href":"https:\/\/axtarstore.com\/ru\/wp-json\/wp\/v2\/product_cat?post=8385"},{"taxonomy":"product_tag","embeddable":true,"href":"https:\/\/axtarstore.com\/ru\/wp-json\/wp\/v2\/product_tag?post=8385"}],"curies":[{"name":"wp","href":"https:\/\/api.w.org\/{rel}","templated":true}]}}