{"id":8362,"date":"2025-01-09T00:19:04","date_gmt":"2025-01-08T20:19:04","guid":{"rendered":"https:\/\/axtarstore.com\/?post_type=product&#038;p=8362"},"modified":"2025-01-09T00:40:47","modified_gmt":"2025-01-08T20:40:47","slug":"the-purest-solutionsintensive-pore-tightening-lightning-serum","status":"publish","type":"product","link":"https:\/\/axtarstore.com\/ru\/product\/the-purest-solutionsintensive-pore-tightening-lightning-serum\/","title":{"rendered":"THE PURESTSOLUTIONS Intensive Pore Tightening &#038; Lightning Serum"},"content":{"rendered":"<p>Geni\u015fl\u0259nmi\u015f m\u0259sam\u0259l\u0259rin g\u00f6r\u00fcn\u00fc\u015f\u00fcn\u00fc azaltmaq, d\u0259ri tonunun b\u0259rab\u0259rsizliyini tarazla\u015fd\u0131rmaq v\u0259 d\u0259ri toxumas\u0131n\u0131n formala\u015fmas\u0131n\u0131 hamarla\u015fd\u0131rmaq m\u0259qs\u0259di da\u015f\u0131y\u0131r.<\/p>\n<p>D\u0259rinin baryerini g\u00fccl\u0259ndirir v\u0259 d\u0259rinin canl\u0131 g\u00f6r\u00fcn\u00fc\u015f qazanmas\u0131na k\u00f6m\u0259k edir.<\/p>\n<p>&nbsp;<\/p>\n<p>Effektl\u0259r :<br \/>\nS\u0131zanaq lezyonlar\u0131n\u0131n aradan qald\u0131r\u0131lmas\u0131<\/p>\n<p>Seboreik dermatit \u0259lam\u0259tl\u0259rinin azalmas\u0131<\/p>\n<p>Sebum ifraz\u0131na n\u0259zar\u0259t<\/p>\n<p>M\u0259sam\u0259 probleml\u0259rini h\u0259ll etdi<\/p>\n<p>D\u0259ri bariyerinin g\u00fccl\u0259ndirilm\u0259si<\/p>\n<p>&nbsp;<\/p>\n<p>T\u0259mizl\u0259dikd\u0259n sonra gec\u0259 v\u0259 g\u00fcnd\u00fcz rejimind\u0259 b\u00fct\u00fcn \u00fcz\u0259 bir ne\u00e7\u0259 damc\u0131 \u00e7\u0259kin<\/p>\n<p>G\u00f6z t\u0259mas\u0131ndan \u00e7\u0259kinin<\/p>\n<p>&nbsp;<\/p>\n<p>t\u00f6vsiy\u0259 olunur :<br \/>\nYa\u011fl\u0131 d\u0259ri v\u0259 m\u0259sam\u0259 probleml\u0259ri<br \/>\nS\u0131zana\u011fa meylli ya\u011fl\u0131 d\u0259ri<\/p>\n<p>&nbsp;<\/p>\n<p>Aktiv madd\u0259l\u0259r<br \/>\nNiasinamid: D\u0259rinin baryerini g\u00fccl\u0259ndirm\u0259kd\u0259, sebum ifraz\u0131n\u0131 balansla\u015fd\u0131rmaqda v\u0259 d\u0259rinin b\u0259rpas\u0131nda t\u0259sirlidir. Hiperpiqmentasiyan\u0131 azaldaraq d\u0259rinin daha parlaq g\u00f6r\u00fcnm\u0259sin\u0259 k\u00f6m\u0259k edir. D\u0259rini fotoya\u015flanmadan qoruyur v\u0259 elastikliyini itirm\u0259kd\u0259n qoruyur.<br \/>\nSink PCA: Sebum ifraz\u0131n\u0131 balansla\u015fd\u0131rma\u011fa v\u0259 d\u0259ri floras\u0131n\u0131 t\u0259nziml\u0259m\u0259y\u0259 k\u00f6m\u0259k edir. D\u0259rinin n\u0259m v\u0259 metabolizm enerjisind\u0259 i\u015ftirak ed\u0259r\u0259k d\u0259rinin b\u0259rpas\u0131nda t\u0259sirli olur.<br \/>\nSalix Purpurea qab\u0131\u011f\u0131 ekstrakt\u0131: S\u00f6y\u00fcd a\u011fac\u0131n\u0131n qab\u0131\u011f\u0131ndan \u0259ld\u0259 edil\u0259n bitki m\u0259n\u015f\u0259li aktiv t\u0259rkib hiss\u0259si d\u0259rid\u0259 salisilik tur\u015fuya b\u0259nz\u0259r t\u0259sir g\u00f6st\u0259rir, sakitl\u0259\u015fdirici v\u0259 antibakteriald\u0131r.<br \/>\nAmur g\u00f6b\u0259l\u0259k a\u011fac\u0131 ekstrakt\u0131: Antibakterial v\u0259 anti-oksidant x\u00fcsusiyy\u0259tl\u0259ri il\u0259 tan\u0131n\u0131r, Phellodendron<br \/>\nAmurense qab\u0131q ekstrakt\u0131, bitki m\u0259n\u015f\u0259li aktiv, \u0259srl\u0259r boyu Yaponiya, Koreya v\u0259 \u00c7ind\u0259 d\u0259rinin b\u0259rpas\u0131 prosesi \u00fc\u00e7\u00fcn istifad\u0259 edilmi\u015fdir.22,4<\/p>","protected":false},"excerpt":{"rendered":"<p>Geni\u015fl\u0259nmi\u015f m\u0259sam\u0259l\u0259rin g\u00f6r\u00fcn\u00fc\u015f\u00fcn\u00fc azaltmaq, d\u0259ri tonunun b\u0259rab\u0259rsizliyini tarazla\u015fd\u0131rmaq v\u0259 d\u0259ri toxumas\u0131n\u0131n formala\u015fmas\u0131n\u0131 hamarla\u015fd\u0131rmaq m\u0259qs\u0259di da\u015f\u0131y\u0131r. D\u0259rinin baryerini g\u00fccl\u0259ndirir v\u0259 d\u0259rinin canl\u0131 g\u00f6r\u00fcn\u00fc\u015f qazanmas\u0131na k\u00f6m\u0259k edir. &nbsp; Effektl\u0259r : S\u0131zanaq lezyonlar\u0131n\u0131n aradan qald\u0131r\u0131lmas\u0131 Seboreik dermatit \u0259lam\u0259tl\u0259rinin azalmas\u0131 Sebum ifraz\u0131na n\u0259zar\u0259t M\u0259sam\u0259 probleml\u0259rini h\u0259ll etdi D\u0259ri bariyerinin g\u00fccl\u0259ndirilm\u0259si &nbsp; T\u0259mizl\u0259dikd\u0259n sonra gec\u0259 v\u0259 g\u00fcnd\u00fcz rejimind\u0259 b\u00fct\u00fcn \u00fcz\u0259 &hellip; <a href=\"https:\/\/axtarstore.com\/ru\/product\/the-purest-solutionsintensive-pore-tightening-lightning-serum\/\" class=\"more-link\">Continue reading <span class=\"screen-reader-text\">THE PURESTSOLUTIONS Intensive Pore Tightening &#038; Lightning Serum<\/span><\/a><\/p>","protected":false},"featured_media":8363,"comment_status":"open","ping_status":"closed","template":"","meta":[],"pwb-brand":[186],"product_cat":[127,143],"product_tag":[299,353,293],"class_list":{"0":"post-8362","1":"product","2":"type-product","3":"status-publish","4":"has-post-thumbnail","6":"pwb-brand-the-purest-solution","7":"product_cat-face-care","8":"product_cat-face-serum","9":"product_tag-acnetreatment","10":"product_tag-face-serum","11":"product_tag-facecare","12":"pa_size-30ml","15":"instock","16":"shipping-taxable","17":"purchasable","18":"product-type-simple"},"brands":[{"id":186,"name":"The Purest Solution","slug":"the-purest-solution"}],"_links":{"self":[{"href":"https:\/\/axtarstore.com\/ru\/wp-json\/wp\/v2\/product\/8362"}],"collection":[{"href":"https:\/\/axtarstore.com\/ru\/wp-json\/wp\/v2\/product"}],"about":[{"href":"https:\/\/axtarstore.com\/ru\/wp-json\/wp\/v2\/types\/product"}],"replies":[{"embeddable":true,"href":"https:\/\/axtarstore.com\/ru\/wp-json\/wp\/v2\/comments?post=8362"}],"version-history":[{"count":2,"href":"https:\/\/axtarstore.com\/ru\/wp-json\/wp\/v2\/product\/8362\/revisions"}],"predecessor-version":[{"id":8397,"href":"https:\/\/axtarstore.com\/ru\/wp-json\/wp\/v2\/product\/8362\/revisions\/8397"}],"wp:featuredmedia":[{"embeddable":true,"href":"https:\/\/axtarstore.com\/ru\/wp-json\/wp\/v2\/media\/8363"}],"wp:attachment":[{"href":"https:\/\/axtarstore.com\/ru\/wp-json\/wp\/v2\/media?parent=8362"}],"wp:term":[{"taxonomy":"pwb-brand","embeddable":true,"href":"https:\/\/axtarstore.com\/ru\/wp-json\/wp\/v2\/pwb-brand?post=8362"},{"taxonomy":"product_cat","embeddable":true,"href":"https:\/\/axtarstore.com\/ru\/wp-json\/wp\/v2\/product_cat?post=8362"},{"taxonomy":"product_tag","embeddable":true,"href":"https:\/\/axtarstore.com\/ru\/wp-json\/wp\/v2\/product_tag?post=8362"}],"curies":[{"name":"wp","href":"https:\/\/api.w.org\/{rel}","templated":true}]}}