{"id":8347,"date":"2025-01-08T22:30:05","date_gmt":"2025-01-08T18:30:05","guid":{"rendered":"https:\/\/axtarstore.com\/?post_type=product&#038;p=8347"},"modified":"2025-01-09T00:08:16","modified_gmt":"2025-01-08T20:08:16","slug":"sinoz-anti-spot-sunscreen-cream-for-oily-skin-yuksek-korumali-yuz-gunes-krem-50ml-yagli-cilt23","status":"publish","type":"product","link":"https:\/\/axtarstore.com\/ru\/product\/sinoz-anti-spot-sunscreen-cream-for-oily-skin-yuksek-korumali-yuz-gunes-krem-50ml-yagli-cilt23\/","title":{"rendered":"Sinoz Anti Spot Sunscreen Cream for Oily Skin Y\u00fcksek Korumal\u0131 Y\u00fcz G\u00fcne\u015f Krem 50ml (Ya\u011fl\u0131 Cilt)23"},"content":{"rendered":"<p>Sinoz Ya\u011fl\u0131 D\u0259ril\u0259r \u00fc\u00e7\u00fcn L\u0259k\u0259 \u018fleyhin\u0259 G\u00fcn\u0259\u015fd\u0259n Qoruyucu Krem SPF50+ \/ PA++++<\/p>\n<p>Ya\u011fl\u0131 d\u0259ril\u0259r \u00fc\u00e7\u00fcn Sinoz L\u0259k\u0259 \u018fleyhin\u0259 G\u00fcn\u0259\u015fd\u0259n Qoruyucu Krem SPF50+ d\u0259rinizin sebum balans\u0131n\u0131 qoruyur v\u0259 h\u0259ddind\u0259n art\u0131q ya\u011fl\u0131l\u0131\u011fa qar\u015f\u0131 mane\u0259 yarad\u0131r. T\u0259rkibind\u0259ki SPF 50+ say\u0259sind\u0259 sebum istehsal\u0131n\u0131n tarazl\u0131\u011f\u0131n\u0131 qoruyur v\u0259 d\u0259rini z\u0259r\u0259rli g\u00fcn\u0259\u015f \u015f\u00fcalar\u0131ndan qoruyur. Y\u00fcng\u00fcl su \u0259sasl\u0131 qurulu\u015fu say\u0259sind\u0259 tez \u0259milir v\u0259 suya davaml\u0131d\u0131r.<\/p>\n<p>madd\u0259l\u0259r v\u0259 t\u0259sirl\u0259r<\/p>\n<p>Karbamid: T\u0259rkibind\u0259 karbamid olan qulluq m\u0259hsullar\u0131 d\u0259rinin n\u0259m saxlamas\u0131n\u0131 d\u0259st\u0259kl\u0259yir.<\/p>\n<p>D\u00fcy\u00fc ekstrakt\u0131: Metabolik sindromlarda faydal\u0131 bir t\u0259rkib hiss\u0259sidir v\u0259 d\u0259rid\u0259ki art\u0131q ya\u011f yataqlar\u0131n\u0131n par\u00e7alanmas\u0131n\u0131 d\u0259st\u0259kl\u0259yir.<\/p>\n<p>Pantenol: B-5 vitamini kimi d\u0259 tan\u0131n\u0131r. D\u0259rinin q\u0131c\u0131qlanmas\u0131n\u0131n qar\u015f\u0131s\u0131n\u0131 al\u0131r v\u0259 d\u0259rid\u0259 n\u0259m saxlama\u011fa k\u00f6m\u0259k edir.<\/p>\n<p>Nec\u0259 istifad\u0259 olunur?<\/p>\n<p>Sinoz Ya\u011fl\u0131 D\u0259ril\u0259r \u00fc\u00e7\u00fcn L\u0259k\u0259 \u018fleyhin\u0259 G\u00fcn\u0259\u015fd\u0259n Qoruyucu krem \u200b\u200bSPF50+ \/ PA++++ g\u00fcn\u0259\u015f\u0259 \u00e7\u0131xmazdan 15-20 d\u0259qiq\u0259 \u0259vv\u0259l \u00fcz, boyun v\u0259 dekolte b\u00f6lg\u0259l\u0259rin\u0259 \u00e7\u0259kilir. Laz\u0131m g\u0259l\u0259rs\u0259, t\u0259tbiq h\u0259r 2 saatdan bir t\u0259krarlana bil\u0259r.<\/p>","protected":false},"excerpt":{"rendered":"<p>Sinoz Ya\u011fl\u0131 D\u0259ril\u0259r \u00fc\u00e7\u00fcn L\u0259k\u0259 \u018fleyhin\u0259 G\u00fcn\u0259\u015fd\u0259n Qoruyucu Krem SPF50+ \/ PA++++ Ya\u011fl\u0131 d\u0259ril\u0259r \u00fc\u00e7\u00fcn Sinoz L\u0259k\u0259 \u018fleyhin\u0259 G\u00fcn\u0259\u015fd\u0259n Qoruyucu Krem SPF50+ d\u0259rinizin sebum balans\u0131n\u0131 qoruyur v\u0259 h\u0259ddind\u0259n art\u0131q ya\u011fl\u0131l\u0131\u011fa qar\u015f\u0131 mane\u0259 yarad\u0131r. T\u0259rkibind\u0259ki SPF 50+ say\u0259sind\u0259 sebum istehsal\u0131n\u0131n tarazl\u0131\u011f\u0131n\u0131 qoruyur v\u0259 d\u0259rini z\u0259r\u0259rli g\u00fcn\u0259\u015f \u015f\u00fcalar\u0131ndan qoruyur. Y\u00fcng\u00fcl su \u0259sasl\u0131 qurulu\u015fu say\u0259sind\u0259 tez \u0259milir v\u0259 &hellip; <a href=\"https:\/\/axtarstore.com\/ru\/product\/sinoz-anti-spot-sunscreen-cream-for-oily-skin-yuksek-korumali-yuz-gunes-krem-50ml-yagli-cilt23\/\" class=\"more-link\">Continue reading <span class=\"screen-reader-text\">Sinoz Anti Spot Sunscreen Cream for Oily Skin Y\u00fcksek Korumal\u0131 Y\u00fcz G\u00fcne\u015f Krem 50ml (Ya\u011fl\u0131 Cilt)23<\/span><\/a><\/p>","protected":false},"featured_media":8349,"comment_status":"open","ping_status":"closed","template":"","meta":[],"pwb-brand":[191],"product_cat":[151,127],"product_tag":[294,293,365],"class_list":{"0":"post-8347","1":"product","2":"type-product","3":"status-publish","4":"has-post-thumbnail","6":"pwb-brand-sinoz","7":"product_cat-sun-block-cream","8":"product_cat-face-care","9":"product_tag-face","10":"product_tag-facecare","11":"product_tag-spf","12":"pa_size-50ml","15":"instock","16":"shipping-taxable","17":"purchasable","18":"product-type-simple"},"brands":[{"id":191,"name":"Sinoz","slug":"sinoz"}],"_links":{"self":[{"href":"https:\/\/axtarstore.com\/ru\/wp-json\/wp\/v2\/product\/8347"}],"collection":[{"href":"https:\/\/axtarstore.com\/ru\/wp-json\/wp\/v2\/product"}],"about":[{"href":"https:\/\/axtarstore.com\/ru\/wp-json\/wp\/v2\/types\/product"}],"replies":[{"embeddable":true,"href":"https:\/\/axtarstore.com\/ru\/wp-json\/wp\/v2\/comments?post=8347"}],"version-history":[{"count":1,"href":"https:\/\/axtarstore.com\/ru\/wp-json\/wp\/v2\/product\/8347\/revisions"}],"predecessor-version":[{"id":8361,"href":"https:\/\/axtarstore.com\/ru\/wp-json\/wp\/v2\/product\/8347\/revisions\/8361"}],"wp:featuredmedia":[{"embeddable":true,"href":"https:\/\/axtarstore.com\/ru\/wp-json\/wp\/v2\/media\/8349"}],"wp:attachment":[{"href":"https:\/\/axtarstore.com\/ru\/wp-json\/wp\/v2\/media?parent=8347"}],"wp:term":[{"taxonomy":"pwb-brand","embeddable":true,"href":"https:\/\/axtarstore.com\/ru\/wp-json\/wp\/v2\/pwb-brand?post=8347"},{"taxonomy":"product_cat","embeddable":true,"href":"https:\/\/axtarstore.com\/ru\/wp-json\/wp\/v2\/product_cat?post=8347"},{"taxonomy":"product_tag","embeddable":true,"href":"https:\/\/axtarstore.com\/ru\/wp-json\/wp\/v2\/product_tag?post=8347"}],"curies":[{"name":"wp","href":"https:\/\/api.w.org\/{rel}","templated":true}]}}