{"id":8301,"date":"2025-01-08T21:19:16","date_gmt":"2025-01-08T17:19:16","guid":{"rendered":"https:\/\/axtarstore.com\/?post_type=product&#038;p=8301"},"modified":"2025-01-08T21:19:16","modified_gmt":"2025-01-08T17:19:16","slug":"sinoz-ultra-brozlastirici-gunes-yagi-200-ml","status":"publish","type":"product","link":"https:\/\/axtarstore.com\/ru\/product\/sinoz-ultra-brozlastirici-gunes-yagi-200-ml\/","title":{"rendered":"Sinoz Ultra Brozla\u015ft\u0131r\u0131c\u0131 G\u00fcne\u015f Ya\u011f\u0131 200 ml"},"content":{"rendered":"<p>Sinoz Kusursuz Bronzla\u015ft\u0131r\u0131c\u0131 G\u00fcne\u015f Ya\u011f\u0131 Spreyi; E Vitamini, Hindistan Cevizi Ya\u011f\u0131, Kakao Ya\u011f\u0131 ve Havu\u00e7 Ya\u011f\u0131n\u0131n g\u00fc\u00e7l\u00fc etkisiyle form\u00fcle edilmi\u015ftir. \u0130stenilen ipeksi bronzlu\u011fu elde etmenize yard\u0131mc\u0131 olur ve nemlendirici etki sa\u011flar.24,<\/p>","protected":false},"excerpt":{"rendered":"<p>Sinoz Kusursuz Bronzla\u015ft\u0131r\u0131c\u0131 G\u00fcne\u015f Ya\u011f\u0131 Spreyi; E Vitamini, Hindistan Cevizi Ya\u011f\u0131, Kakao Ya\u011f\u0131 ve Havu\u00e7 Ya\u011f\u0131n\u0131n g\u00fc\u00e7l\u00fc etkisiyle form\u00fcle edilmi\u015ftir. \u0130stenilen ipeksi bronzlu\u011fu elde etmenize yard\u0131mc\u0131 olur ve nemlendirici etki sa\u011flar.24,<\/p>","protected":false},"featured_media":8302,"comment_status":"open","ping_status":"closed","template":"","meta":[],"pwb-brand":[191],"product_cat":[129,385],"product_tag":[300],"class_list":{"0":"post-8301","1":"product","2":"type-product","3":"status-publish","4":"has-post-thumbnail","6":"pwb-brand-sinoz","7":"product_cat-beden-baximi","8":"product_cat-bdn-brozlastirici","9":"product_tag-bodycare","10":"pa_size-200ml","13":"instock","14":"shipping-taxable","15":"purchasable","16":"product-type-simple"},"brands":[{"id":191,"name":"Sinoz","slug":"sinoz"}],"_links":{"self":[{"href":"https:\/\/axtarstore.com\/ru\/wp-json\/wp\/v2\/product\/8301"}],"collection":[{"href":"https:\/\/axtarstore.com\/ru\/wp-json\/wp\/v2\/product"}],"about":[{"href":"https:\/\/axtarstore.com\/ru\/wp-json\/wp\/v2\/types\/product"}],"replies":[{"embeddable":true,"href":"https:\/\/axtarstore.com\/ru\/wp-json\/wp\/v2\/comments?post=8301"}],"version-history":[{"count":1,"href":"https:\/\/axtarstore.com\/ru\/wp-json\/wp\/v2\/product\/8301\/revisions"}],"predecessor-version":[{"id":8307,"href":"https:\/\/axtarstore.com\/ru\/wp-json\/wp\/v2\/product\/8301\/revisions\/8307"}],"wp:featuredmedia":[{"embeddable":true,"href":"https:\/\/axtarstore.com\/ru\/wp-json\/wp\/v2\/media\/8302"}],"wp:attachment":[{"href":"https:\/\/axtarstore.com\/ru\/wp-json\/wp\/v2\/media?parent=8301"}],"wp:term":[{"taxonomy":"pwb-brand","embeddable":true,"href":"https:\/\/axtarstore.com\/ru\/wp-json\/wp\/v2\/pwb-brand?post=8301"},{"taxonomy":"product_cat","embeddable":true,"href":"https:\/\/axtarstore.com\/ru\/wp-json\/wp\/v2\/product_cat?post=8301"},{"taxonomy":"product_tag","embeddable":true,"href":"https:\/\/axtarstore.com\/ru\/wp-json\/wp\/v2\/product_tag?post=8301"}],"curies":[{"name":"wp","href":"https:\/\/api.w.org\/{rel}","templated":true}]}}