{"id":8291,"date":"2025-01-08T21:00:47","date_gmt":"2025-01-08T17:00:47","guid":{"rendered":"https:\/\/axtarstore.com\/?post_type=product&#038;p=8291"},"modified":"2025-01-08T21:00:47","modified_gmt":"2025-01-08T17:00:47","slug":"dark-spot-control-fluid-sunscreen-spf-50","status":"publish","type":"product","link":"https:\/\/axtarstore.com\/ru\/product\/dark-spot-control-fluid-sunscreen-spf-50\/","title":{"rendered":"Dark Spot Control Fluid Sunscreen SPF 50 +"},"content":{"rendered":"<p>Qaranl\u0131q L\u0259k\u0259y\u0259 N\u0259zar\u0259t Mayesi G\u00fcn\u0259\u015fd\u0259n Qoruyucu SPF 50+ il\u0259 d\u0259rinizi qoruyun v\u0259 m\u00fck\u0259mm\u0259ll\u0259\u015fdirin. Bu y\u00fcng\u00fcl, ya\u011fs\u0131z formula qaranl\u0131q l\u0259k\u0259l\u0259ri v\u0259 hiperpiqmentasiyan\u0131 h\u0259d\u0259f alaraq g\u00fccl\u00fc g\u00fcn\u0259\u015fd\u0259n qorunma t\u0259klif edir. Antioksidantlar v\u0259 parlaqla\u015fd\u0131r\u0131c\u0131 madd\u0259l\u0259rl\u0259 z\u0259nginl\u0259\u015fdirilmi\u015f, d\u0259ri tonunu b\u0259rab\u0259rl\u0259\u015fdirir, parlaql\u0131\u011f\u0131 art\u0131r\u0131r v\u0259 uzunm\u00fcdd\u0259tli n\u0259ml\u0259ndirm\u0259ni t\u0259min edir. B\u00fct\u00fcn d\u0259ri tipl\u0259ri \u00fc\u00e7\u00fcn ideal olan bu g\u00fcn\u0259\u015f kremi h\u0259r g\u00fcn daha hamar, daha parlaq d\u0259ri t\u0259min edir.<\/p>\n<p>&nbsp;<\/p>\n<p>T\u0259rkibi<br \/>\n\u00df-White\u2122: Tirozinaz aktivliyini v\u0259 melanin sintezini azaldaraq, d\u0259rinin daha hamar tonuna v\u0259 piqmentli l\u0259k\u0259l\u0259rin g\u00f6r\u00fcn\u00fc\u015f\u00fcn\u00fcn azalmas\u0131na s\u0259b\u0259b olaraq t\u0259dric\u0259n i\u015f\u0131qland\u0131r\u0131c\u0131 t\u0259sir g\u00f6st\u0259r\u0259n aktiv t\u0259rkib hiss\u0259sidir.<\/p>\n<p>Alpha Arbutin: D\u0259riy\u0259 parlaqla\u015fd\u0131r\u0131c\u0131 t\u0259sir g\u00f6st\u0259rir v\u0259 l\u0259k\u0259l\u0259r\u0259 v\u0259 \u00e7ill\u0259r\u0259 qar\u015f\u0131 qorunman\u0131 d\u0259st\u0259kl\u0259yir.<\/p>\n<p>Niacinamide: D\u0259rini a\u011fard\u0131c\u0131 x\u00fcsusiyy\u0259tl\u0259ri il\u0259 tan\u0131n\u0131r, ya\u015flanma \u0259leyhin\u0259 qoruma t\u0259min edir v\u0259 d\u0259rini n\u0259ml\u0259ndirir.<\/p>\n<p>Pantenol: B-5 vitamini kimi d\u0259 tan\u0131n\u0131r, d\u0259rinin h\u0259ssasl\u0131\u011f\u0131n\u0131n qar\u015f\u0131s\u0131n\u0131 al\u0131r v\u0259 n\u0259m saxlama\u011fa k\u00f6m\u0259k edir.<\/p>\n<p>Hialuron tur\u015fusu: D\u0259rini n\u0259ml\u0259ndirir, daha canl\u0131 g\u00f6r\u00fcn\u00fc\u015f verir v\u0259 s\u0131x n\u0259ml\u0259ndirir.<\/p>\n<p>&nbsp;<\/p>\n<p><button class=\"product__accordion__title is-expanded\" aria-controls=\"ProductAccordion--page-how-to-use-3-template--18528522600790__main\" data-collapsible-trigger=\"\" aria-expanded=\"true\">How to use<\/button><\/p>\n<div id=\"ProductAccordion--page-how-to-use-3-template--18528522600790__main\" class=\"product__accordion__content is-expanded\" data-collapsible-container=\"\" aria-expanded=\"true\">\n<div class=\"product__accordion__inner rte\" data-collapsible-content=\"\">\n<p><span class=\"metafield-multi_line_text_field\">1. Cleanse Your Skin: Start with clean, dry skin to ensure optimal absorption. Wash your face and any other areas where you\u2019ll apply the sunscreen.<\/p>\n<p>2. Shake Well: Shake the bottle well to mix the formula thoroughly.<\/p>\n<p>3. Dispense the Sunscreen: Squeeze a generous amount of the fluid sunscreen onto your fingertips. For your face, about a nickel-sized amount should suffice.<\/p>\n<p>4. Apply Evenly: Gently spread the sunscreen across your face, neck, and any other exposed skin. Ensure even coverage by rubbing it in until it\u2019s fully absorbed.<\/p>\n<p>5. Let It Settle: Allow the sunscreen to settle for a few minutes before applying makeup or other skincare products.<\/p>\n<p>6. Reapply Regularly: For continuous protection, reapply every two hours, or more frequently if swimming or sweating.<\/p>\n<p>7. Don\u2019t Forget: Cover often-missed spots such as the ears, back of the neck, and tops of the feet.<\/span><\/p>\n<\/div>\n<\/div>","protected":false},"excerpt":{"rendered":"<p>Qaranl\u0131q L\u0259k\u0259y\u0259 N\u0259zar\u0259t Mayesi G\u00fcn\u0259\u015fd\u0259n Qoruyucu SPF 50+ il\u0259 d\u0259rinizi qoruyun v\u0259 m\u00fck\u0259mm\u0259ll\u0259\u015fdirin. Bu y\u00fcng\u00fcl, ya\u011fs\u0131z formula qaranl\u0131q l\u0259k\u0259l\u0259ri v\u0259 hiperpiqmentasiyan\u0131 h\u0259d\u0259f alaraq g\u00fccl\u00fc g\u00fcn\u0259\u015fd\u0259n qorunma t\u0259klif edir. Antioksidantlar v\u0259 parlaqla\u015fd\u0131r\u0131c\u0131 madd\u0259l\u0259rl\u0259 z\u0259nginl\u0259\u015fdirilmi\u015f, d\u0259ri tonunu b\u0259rab\u0259rl\u0259\u015fdirir, parlaql\u0131\u011f\u0131 art\u0131r\u0131r v\u0259 uzunm\u00fcdd\u0259tli n\u0259ml\u0259ndirm\u0259ni t\u0259min edir. B\u00fct\u00fcn d\u0259ri tipl\u0259ri \u00fc\u00e7\u00fcn ideal olan bu g\u00fcn\u0259\u015f kremi h\u0259r g\u00fcn daha &hellip; <a href=\"https:\/\/axtarstore.com\/ru\/product\/dark-spot-control-fluid-sunscreen-spf-50\/\" class=\"more-link\">Continue reading <span class=\"screen-reader-text\">Dark Spot Control Fluid Sunscreen SPF 50 +<\/span><\/a><\/p>","protected":false},"featured_media":8292,"comment_status":"open","ping_status":"closed","template":"","meta":[],"pwb-brand":[191],"product_cat":[151,127,142,384],"product_tag":[],"class_list":{"0":"post-8291","1":"product","2":"type-product","3":"status-publish","4":"has-post-thumbnail","6":"pwb-brand-sinoz","7":"product_cat-sun-block-cream","8":"product_cat-face-care","9":"product_cat-face-creams","10":"product_cat-uz-nmlndirici-krem","11":"pa_size-50ml","14":"instock","15":"shipping-taxable","16":"purchasable","17":"product-type-simple"},"brands":[{"id":191,"name":"Sinoz","slug":"sinoz"}],"_links":{"self":[{"href":"https:\/\/axtarstore.com\/ru\/wp-json\/wp\/v2\/product\/8291"}],"collection":[{"href":"https:\/\/axtarstore.com\/ru\/wp-json\/wp\/v2\/product"}],"about":[{"href":"https:\/\/axtarstore.com\/ru\/wp-json\/wp\/v2\/types\/product"}],"replies":[{"embeddable":true,"href":"https:\/\/axtarstore.com\/ru\/wp-json\/wp\/v2\/comments?post=8291"}],"version-history":[{"count":1,"href":"https:\/\/axtarstore.com\/ru\/wp-json\/wp\/v2\/product\/8291\/revisions"}],"predecessor-version":[{"id":8295,"href":"https:\/\/axtarstore.com\/ru\/wp-json\/wp\/v2\/product\/8291\/revisions\/8295"}],"wp:featuredmedia":[{"embeddable":true,"href":"https:\/\/axtarstore.com\/ru\/wp-json\/wp\/v2\/media\/8292"}],"wp:attachment":[{"href":"https:\/\/axtarstore.com\/ru\/wp-json\/wp\/v2\/media?parent=8291"}],"wp:term":[{"taxonomy":"pwb-brand","embeddable":true,"href":"https:\/\/axtarstore.com\/ru\/wp-json\/wp\/v2\/pwb-brand?post=8291"},{"taxonomy":"product_cat","embeddable":true,"href":"https:\/\/axtarstore.com\/ru\/wp-json\/wp\/v2\/product_cat?post=8291"},{"taxonomy":"product_tag","embeddable":true,"href":"https:\/\/axtarstore.com\/ru\/wp-json\/wp\/v2\/product_tag?post=8291"}],"curies":[{"name":"wp","href":"https:\/\/api.w.org\/{rel}","templated":true}]}}