{"id":8272,"date":"2025-01-08T20:51:03","date_gmt":"2025-01-08T16:51:03","guid":{"rendered":"https:\/\/axtarstore.com\/?post_type=product&#038;p=8272"},"modified":"2025-01-08T20:51:03","modified_gmt":"2025-01-08T16:51:03","slug":"sinoz-pure-cica-ultra-repair-cream-50ml","status":"publish","type":"product","link":"https:\/\/axtarstore.com\/ru\/product\/sinoz-pure-cica-ultra-repair-cream-50ml\/","title":{"rendered":"Sinoz Pure Cica Ultra Repair Cream 50ml"},"content":{"rendered":"<p>Y\u00fcks\u0259k n\u0259mliyi v\u0259 s\u0131x b\u0259rpaedici t\u0259siri il\u0259 d\u0259ri baryerini g\u00fccl\u0259ndirir, sa\u011flam g\u00f6r\u00fcn\u00fc\u015fl\u00fc v\u0259 yenil\u0259nmi\u015f d\u0259ri t\u0259min edir. T\u0259rkibind\u0259ki Centella Asiatica v\u0259 Aloe Vera ekstraktlar\u0131 il\u0259 n\u0259ml\u0259ndir\u0259r\u0259k d\u0259rinin baryerini g\u00fccl\u0259ndirir v\u0259 y\u00fcks\u0259k qoruma t\u0259min edir. Y\u00fcng\u00fcl teksturas\u0131 say\u0259sind\u0259 asan t\u0259tbiq olunur v\u0259 d\u0259rinin g\u00f6r\u00fcn\u00fc\u015f\u00fcn\u00fcn yenil\u0259nm\u0259sind\u0259 aktiv rol oynay\u0131r. G\u00fccl\u00fc b\u0259rpaedici t\u0259siri il\u0259 n\u0259m baryerini g\u00fccl\u0259ndirm\u0259y\u0259 k\u00f6m\u0259k edir.<\/p>\n<p>&nbsp;<\/p>\n<p>T\u0259rkibi<br \/>\nPANTHENOL &#8211; D\u0259rinin baryerini g\u00fccl\u0259ndirir v\u0259 n\u0259m saxlay\u0131r, eyni zamanda d\u0259ri h\u00fcceyr\u0259l\u0259rinin cavanla\u015fmas\u0131na k\u00f6m\u0259k edir.<\/p>\n<p>KOFEIN &#8211; G\u00f6z \u0259traf\u0131ndak\u0131 d\u0259rini yum\u015fald\u0131r.<\/p>\n<p>QL\u0130SER\u0130N &#8211; D\u0259rinin yenil\u0259nm\u0259sin\u0259 k\u00f6m\u0259k edir v\u0259 y\u00fcks\u0259k n\u0259ml\u0259ndirm\u0259ni yax\u015f\u0131la\u015fd\u0131r\u0131r.<\/p>\n<p>ALOE VERA &#8211; D\u0259rini sakitl\u0259\u015fdirir v\u0259 n\u0259ml\u0259ndirir.<\/p>\n<p>&nbsp;<\/p>\n<p>Nec\u0259 istifad\u0259 etm\u0259k olar<br \/>\n1. \u00dcz v\u0259 boynunuza dair\u0259vi h\u0259r\u0259k\u0259tl\u0259rl\u0259 kifay\u0259t q\u0259d\u0259r miqdarda krem \u200b\u200b\u00e7\u0259kin.<br \/>\n2. Udulana q\u0259d\u0259r g\u00f6zl\u0259yin.<\/p>\n<p>\u0130pucu:<br \/>\n\u018fn yax\u015f\u0131 n\u0259tic\u0259l\u0259r \u00fc\u00e7\u00fcn bu m\u0259hsulu g\u00fcnd\u0259lik istifad\u0259 edin.<\/p>\n<p>Bizd\u0259n m\u0259sl\u0259h\u0259t:<br \/>\nPure Cica Cream istifad\u0259 etm\u0259zd\u0259n \u0259vv\u0259l t\u0259bii v\u0259 s\u0131x t\u0259miz d\u0259ri \u00fc\u00e7\u00fcn \u00dcz T\u0259mizl\u0259yici Geld\u0259n istifad\u0259 edin.<\/p>","protected":false},"excerpt":{"rendered":"<p>Dol\u011fun v\u0259 canl\u0131 g\u00f6r\u00fcn\u0259n qidalanm\u0131\u015f d\u0259rini t\u0259min edir. Aloe Vera v\u0259 Pantenol il\u0259 haz\u0131rlanm\u0131\u015fd\u0131r, s\u0259rb\u0259st radikallara qar\u015f\u0131 qoruyucu qalxan kimi d\u0259rini \u0259hat\u0259 edir.<\/p>","protected":false},"featured_media":8273,"comment_status":"open","ping_status":"closed","template":"","meta":[],"pwb-brand":[191],"product_cat":[127,142,384],"product_tag":[294,333,293],"class_list":{"0":"post-8272","1":"product","2":"type-product","3":"status-publish","4":"has-post-thumbnail","6":"pwb-brand-sinoz","7":"product_cat-face-care","8":"product_cat-face-creams","9":"product_cat-uz-nmlndirici-krem","10":"product_tag-face","11":"product_tag-face-moisturiser","12":"product_tag-facecare","13":"pa_size-50ml","16":"instock","17":"shipping-taxable","18":"purchasable","19":"product-type-simple"},"brands":[{"id":191,"name":"Sinoz","slug":"sinoz"}],"_links":{"self":[{"href":"https:\/\/axtarstore.com\/ru\/wp-json\/wp\/v2\/product\/8272"}],"collection":[{"href":"https:\/\/axtarstore.com\/ru\/wp-json\/wp\/v2\/product"}],"about":[{"href":"https:\/\/axtarstore.com\/ru\/wp-json\/wp\/v2\/types\/product"}],"replies":[{"embeddable":true,"href":"https:\/\/axtarstore.com\/ru\/wp-json\/wp\/v2\/comments?post=8272"}],"version-history":[{"count":1,"href":"https:\/\/axtarstore.com\/ru\/wp-json\/wp\/v2\/product\/8272\/revisions"}],"predecessor-version":[{"id":8280,"href":"https:\/\/axtarstore.com\/ru\/wp-json\/wp\/v2\/product\/8272\/revisions\/8280"}],"wp:featuredmedia":[{"embeddable":true,"href":"https:\/\/axtarstore.com\/ru\/wp-json\/wp\/v2\/media\/8273"}],"wp:attachment":[{"href":"https:\/\/axtarstore.com\/ru\/wp-json\/wp\/v2\/media?parent=8272"}],"wp:term":[{"taxonomy":"pwb-brand","embeddable":true,"href":"https:\/\/axtarstore.com\/ru\/wp-json\/wp\/v2\/pwb-brand?post=8272"},{"taxonomy":"product_cat","embeddable":true,"href":"https:\/\/axtarstore.com\/ru\/wp-json\/wp\/v2\/product_cat?post=8272"},{"taxonomy":"product_tag","embeddable":true,"href":"https:\/\/axtarstore.com\/ru\/wp-json\/wp\/v2\/product_tag?post=8272"}],"curies":[{"name":"wp","href":"https:\/\/api.w.org\/{rel}","templated":true}]}}