{"id":8265,"date":"2025-01-08T20:46:55","date_gmt":"2025-01-08T16:46:55","guid":{"rendered":"https:\/\/axtarstore.com\/?post_type=product&#038;p=8265"},"modified":"2025-01-08T20:46:55","modified_gmt":"2025-01-08T16:46:55","slug":"sinoz-pure-cica-tiger-grass-color-correcting-treatment-15-ml","status":"publish","type":"product","link":"https:\/\/axtarstore.com\/ru\/product\/sinoz-pure-cica-tiger-grass-color-correcting-treatment-15-ml\/","title":{"rendered":"Sinoz Pure Cica Tiger Grass Color Correcting Treatment 15 ml"},"content":{"rendered":"<p>Bu krem, q\u0131zart\u0131 v\u0259 ya h\u0259r hans\u0131 q\u0131c\u0131qlanm\u0131\u015f d\u0259rini azaltma\u011fa k\u00f6m\u0259k ed\u0259n ya\u015f\u0131l r\u0259ng korreksiyaedici m\u00fcalic\u0259dir. Daha hamar v\u0259 t\u0259bii d\u0259ri tonunu t\u0259min etm\u0259k. Ultra b\u0259rpaedici t\u0259siri il\u0259 d\u0259ri baryerini g\u00fccl\u0259ndirir v\u0259 yenil\u0259nmi\u015f g\u00f6r\u00fcn\u00fc\u015f verir. Z\u0259ngin inqrediyentl\u0259rl\u0259 haz\u0131rlanm\u0131\u015f bu Cicatouch Tiger Grass Tonu B\u0259rab\u0259rl\u0259\u015fdir\u0259n Qulluq Kremi yerli olaraq q\u0131zart\u0131ya meyilli nahiy\u0259l\u0259r\u0259 t\u0259tbiq olunur v\u0259 uzunm\u00fcdd\u0259tli t\u0259sirini tez bir zamanda g\u00f6st\u0259rir. Bu, d\u0259rhal daha sa\u011flam, sakit v\u0259 daha b\u0259rab\u0259r d\u0259ri \u0259ld\u0259 etm\u0259yin yolunuzdur.<\/p>\n<p>&nbsp;<\/p>\n<p>T\u0259rkibi<br \/>\nCENTELLA ASIATICA &#8211; D\u0259rinin yenil\u0259nm\u0259sini s\u00fcr\u0259tl\u0259ndirir v\u0259 t\u0259rkibind\u0259ki komponentl\u0259r say\u0259sind\u0259 d\u0259rini n\u0259ml\u0259ndirm\u0259y\u0259 k\u00f6m\u0259k edir. T\u0259bii m\u00fcalic\u0259vidir.<\/p>\n<p>KOKOS YA\u011eI &#8211; D\u0259rini qidaland\u0131ran t\u0259bii n\u0259ml\u0259ndiricidir. D\u0259riy\u0259 d\u0259 soyuducu t\u0259sir g\u00f6st\u0259rir. N\u0259m tutark\u0259n onun d\u0259riy\u0259 s\u00fcr\u0259tl\u0259 hopmas\u0131 yax\u015f\u0131 n\u0259ml\u0259nmi\u015f, parlaq bir g\u00f6r\u00fcn\u00fc\u015f t\u0259min etm\u0259y\u0259 k\u00f6m\u0259k edir.<\/p>\n<p>pal\u0131d k\u00f6k\u00fc ekstrakt\u0131 &#8211; q\u0131zart\u0131lar\u0131n g\u00f6r\u00fcn\u00fc\u015f\u00fcn\u00fc azald\u0131r. D\u0259rinin sebum balans\u0131n\u0131 t\u0259nziml\u0259m\u0259y\u0259 v\u0259 d\u0259ri baryerini qoruma\u011fa k\u00f6m\u0259k edir.<\/p>\n<p>SODIUM PCA &#8211; D\u0259rinin yuxar\u0131 t\u0259b\u0259q\u0259l\u0259rind\u0259 n\u0259min c\u0259lb edilm\u0259sin\u0259 v\u0259 saxlanmas\u0131na k\u00f6m\u0259k edir, daha elastik v\u0259 g\u0259nc g\u00f6r\u00fcn\u00fc\u015f\u0259 k\u00f6m\u0259k edir.<\/p>\n<p>UREA &#8211; T\u0259rkibind\u0259 karbamid olan m\u0259hsullar d\u0259rinin n\u0259m saxlamaq qabiliyy\u0259tini art\u0131rma\u011fa k\u00f6m\u0259k edir.<\/p>\n<p>&nbsp;<\/p>\n<p>Nec\u0259 istifad\u0259 etm\u0259k olar<br \/>\n1. \u00dcz\u00fcn\u00fcz\u0259 v\u0259 boynunuza s\u00fcng\u0259r v\u0259 ya \u0259linizl\u0259 dair\u0259vi h\u0259r\u0259k\u0259tl\u0259rl\u0259 kifay\u0259t q\u0259d\u0259r miqdarda krem \u200b\u200b\u00e7\u0259kin.<br \/>\n2. Udulana q\u0259d\u0259r g\u00f6zl\u0259yin.<\/p>\n<p>\u0130pucu:<br \/>\n\u018fn yax\u015f\u0131 n\u0259tic\u0259l\u0259r \u00fc\u00e7\u00fcn bu m\u0259hsulu g\u00fcnd\u0259lik istifad\u0259 edin.<\/p>\n<p>Bizd\u0259n m\u0259sl\u0259h\u0259t:<br \/>\nCicatouch Tiger Grass Tone B\u0259rab\u0259rl\u0259\u015fdirici Kremd\u0259n istifad\u0259 etm\u0259zd\u0259n \u0259vv\u0259l t\u0259bii v\u0259 s\u0131x t\u0259miz d\u0259ri \u00fc\u00e7\u00fcn \u00dcz T\u0259mizl\u0259yici Geld\u0259n istifad\u0259 edin.<\/p>\n<p>X\u0259b\u0259rdarl\u0131q:<br \/>\n&#8211; G\u00f6zl\u0259rl\u0259 t\u0259masdan \u00e7\u0259kinin; t\u0259masda olduqda, bol su il\u0259 yuyun.<br \/>\n&#8211; U\u015faqlar\u0131n \u0259li \u00e7atmayan yerd\u0259 saxlay\u0131n.<br \/>\n&#8211; Bu kremi s\u0259rin, quru yerd\u0259 saxlay\u0131n. G\u00fcn\u0259\u015f i\u015f\u0131\u011f\u0131ndan uzaq.<br \/>\n&#8211; \u0130stifad\u0259 etm\u0259zd\u0259n \u0259vv\u0259l bil\u0259yinizin daxili hiss\u0259sind\u0259 yamaq testi apar\u0131n. 10 d\u0259qiq\u0259d\u0259n sonra allergik reaksiya yoxdursa, \u00fcz\u00fcn\u00fcz\u0259 \u00e7\u0259k\u0259 bil\u0259rsiniz.<br \/>\n&#8211; \u0130stifad\u0259 m\u00fcdd\u0259ti v\u0259 seriya n\u00f6mr\u0259sini qabla\u015fd\u0131rmada tapa bil\u0259rsiniz.<\/p>","protected":false},"excerpt":{"rendered":"<p>Bu Krem, saniy\u0259l\u0259r \u0259rzind\u0259 g\u00f6r\u00fcn\u0259n n\u0259tic\u0259l\u0259rl\u0259 d\u0259rhal b\u0259rab\u0259r d\u0259ri tonunu t\u0259min ed\u0259n t\u0259sirli Q\u0131zart\u0131 \u018fleyhin\u0259 B\u0259rpaedici Bax\u0131m Kremidir. T\u0259rkibind\u0259 uzun ill\u0259r t\u0259bii m\u00fcalic\u0259vi vasit\u0259 kimi istifad\u0259 edil\u0259n Centella Asiatica (Cica) d\u0259rinizin b\u0259rpas\u0131n\u0131 v\u0259 g\u00fccl\u0259nm\u0259sini d\u0259st\u0259kl\u0259yir.<\/p>","protected":false},"featured_media":8266,"comment_status":"open","ping_status":"closed","template":"","meta":[],"pwb-brand":[191],"product_cat":[127,142,384],"product_tag":[294,293],"class_list":{"0":"post-8265","1":"product","2":"type-product","3":"status-publish","4":"has-post-thumbnail","6":"pwb-brand-sinoz","7":"product_cat-face-care","8":"product_cat-face-creams","9":"product_cat-uz-nmlndirici-krem","10":"product_tag-face","11":"product_tag-facecare","12":"pa_size-15ml","15":"instock","16":"shipping-taxable","17":"purchasable","18":"product-type-simple"},"brands":[{"id":191,"name":"Sinoz","slug":"sinoz"}],"_links":{"self":[{"href":"https:\/\/axtarstore.com\/ru\/wp-json\/wp\/v2\/product\/8265"}],"collection":[{"href":"https:\/\/axtarstore.com\/ru\/wp-json\/wp\/v2\/product"}],"about":[{"href":"https:\/\/axtarstore.com\/ru\/wp-json\/wp\/v2\/types\/product"}],"replies":[{"embeddable":true,"href":"https:\/\/axtarstore.com\/ru\/wp-json\/wp\/v2\/comments?post=8265"}],"version-history":[{"count":1,"href":"https:\/\/axtarstore.com\/ru\/wp-json\/wp\/v2\/product\/8265\/revisions"}],"predecessor-version":[{"id":8271,"href":"https:\/\/axtarstore.com\/ru\/wp-json\/wp\/v2\/product\/8265\/revisions\/8271"}],"wp:featuredmedia":[{"embeddable":true,"href":"https:\/\/axtarstore.com\/ru\/wp-json\/wp\/v2\/media\/8266"}],"wp:attachment":[{"href":"https:\/\/axtarstore.com\/ru\/wp-json\/wp\/v2\/media?parent=8265"}],"wp:term":[{"taxonomy":"pwb-brand","embeddable":true,"href":"https:\/\/axtarstore.com\/ru\/wp-json\/wp\/v2\/pwb-brand?post=8265"},{"taxonomy":"product_cat","embeddable":true,"href":"https:\/\/axtarstore.com\/ru\/wp-json\/wp\/v2\/product_cat?post=8265"},{"taxonomy":"product_tag","embeddable":true,"href":"https:\/\/axtarstore.com\/ru\/wp-json\/wp\/v2\/product_tag?post=8265"}],"curies":[{"name":"wp","href":"https:\/\/api.w.org\/{rel}","templated":true}]}}