{"id":8254,"date":"2025-01-08T20:41:39","date_gmt":"2025-01-08T16:41:39","guid":{"rendered":"https:\/\/axtarstore.com\/?post_type=product&#038;p=8254"},"modified":"2025-01-08T20:41:39","modified_gmt":"2025-01-08T16:41:39","slug":"sinoz-pure-cica-tiger-grass-color-correcting-liquid-sunscreen-yuz-gunes-kremi-spf50-pa-50-ml-ton-esitleyici","status":"publish","type":"product","link":"https:\/\/axtarstore.com\/ru\/product\/sinoz-pure-cica-tiger-grass-color-correcting-liquid-sunscreen-yuz-gunes-kremi-spf50-pa-50-ml-ton-esitleyici\/","title":{"rendered":"Sinoz Pure Cica Tiger Grass Color Correcting Liquid Sunscreen Y\u00fcz G\u00fcne\u015f Kremi SPF50+ \/ PA++++ &#8211; 50 ml (Ton E\u015fitleyici)"},"content":{"rendered":"<p>Pure Cica-n\u0131n unikal toxunu\u015fu il\u0259 m\u00fck\u0259mm\u0259l qorunma!<\/p>\n<p>D\u0259rinin tonunu b\u0259rab\u0259rl\u0259\u015fdirm\u0259k v\u0259 q\u0131zart\u0131lar\u0131 azaltmaq \u00fc\u00e7\u00fcn m\u00fck\u0259mm\u0259l h\u0259ll axtar\u0131rs\u0131n\u0131zsa, bu sizin \u00fc\u00e7\u00fcn x\u00fcsusi m\u0259hsuldur! Sinoz Tonu B\u0259rab\u0259rl\u0259\u015fdir\u0259n \u00dcz Bax\u0131m\u0131 Kremi t\u0259tbiq olunduqda ya\u015f\u0131ldan d\u0259ri r\u0259ngin\u0259 \u00e7evrilir, d\u0259rinizin t\u0259bii r\u0259ngi il\u0259 m\u00fck\u0259mm\u0259l birl\u0259\u015fir v\u0259 geni\u015f spektrli SPF 50+ say\u0259sind\u0259 g\u00fcn\u0259\u015fd\u0259n maksimum qorunma t\u0259min edir.<\/p>\n<p>Z\u0259rif formulas\u0131 say\u0259sind\u0259 Sinoz Tonu B\u0259rab\u0259rl\u0259\u015fdir\u0259n \u00dcz Qullu\u011fu Kremi ya\u011fl\u0131l\u0131q hissi buraxmadan d\u0259riy\u0259 s\u00fcr\u0259tl\u0259 hopur. Centella Asiatica v\u0259 Diam Oleoactive\u00ae kimi g\u00fccl\u00fc inqrediyentl\u0259r d\u0259rini sakitl\u0259\u015fdirs\u0259 d\u0259, hialuron tur\u015fusu d\u0259rini intensiv \u015f\u0259kild\u0259 n\u0259ml\u0259ndirir v\u0259 daha dol\u011fun g\u00f6r\u00fcn\u00fc\u015f\u00fc d\u0259st\u0259kl\u0259yir. Bu m\u0259hsul h\u0259m\u00e7inin SPF 50+ v\u0259 d\u0259rinizi g\u00fcn\u0259\u015fin z\u0259r\u0259rli t\u0259sirl\u0259rind\u0259n qoruyan qoruyucu qalxan yaradan 100% mineral filtrd\u0259n ibar\u0259tdir.<\/p>\n<p>&amp;nbsp;Q\u0131rm\u0131z\u0131l\u0131\u011f\u0131 azaltmaq v\u0259 d\u0259rinizi qorumaq \u00fc\u00e7\u00fcn Sinoz Tone B\u0259rab\u0259rl\u0259\u015fdirici \u00dcz Bax\u0131m\u0131 Kremini indi s\u0131nay\u0131n! G\u00f6r\u00fcn\u0259n n\u0259tic\u0259l\u0259r \u00fc\u00e7\u00fcn bu m\u0259hsulu m\u00fct\u0259madi olaraq istifad\u0259 edin v\u0259 d\u0259rinizin q\u00fcsursuz \u00e7evrilm\u0259sin\u0259 diqq\u0259t yetirin!<\/p>","protected":false},"excerpt":{"rendered":"<p>Pure Cica-n\u0131n unikal toxunu\u015fu il\u0259 m\u00fck\u0259mm\u0259l qorunma! D\u0259rinin tonunu b\u0259rab\u0259rl\u0259\u015fdirm\u0259k v\u0259 q\u0131zart\u0131lar\u0131 azaltmaq \u00fc\u00e7\u00fcn m\u00fck\u0259mm\u0259l h\u0259ll axtar\u0131rs\u0131n\u0131zsa, bu sizin \u00fc\u00e7\u00fcn x\u00fcsusi m\u0259hsuldur! Sinoz Tonu B\u0259rab\u0259rl\u0259\u015fdir\u0259n \u00dcz Bax\u0131m\u0131 Kremi t\u0259tbiq olunduqda ya\u015f\u0131ldan d\u0259ri r\u0259ngin\u0259 \u00e7evrilir, d\u0259rinizin t\u0259bii r\u0259ngi il\u0259 m\u00fck\u0259mm\u0259l birl\u0259\u015fir v\u0259 geni\u015f spektrli SPF 50+ say\u0259sind\u0259 g\u00fcn\u0259\u015fd\u0259n maksimum qorunma t\u0259min edir. Z\u0259rif formulas\u0131 say\u0259sind\u0259 Sinoz &hellip; <a href=\"https:\/\/axtarstore.com\/ru\/product\/sinoz-pure-cica-tiger-grass-color-correcting-liquid-sunscreen-yuz-gunes-kremi-spf50-pa-50-ml-ton-esitleyici\/\" class=\"more-link\">Continue reading <span class=\"screen-reader-text\">Sinoz Pure Cica Tiger Grass Color Correcting Liquid Sunscreen Y\u00fcz G\u00fcne\u015f Kremi SPF50+ \/ PA++++ &#8211; 50 ml (Ton E\u015fitleyici)<\/span><\/a><\/p>","protected":false},"featured_media":8255,"comment_status":"open","ping_status":"closed","template":"","meta":[],"pwb-brand":[191],"product_cat":[361,151,127,142],"product_tag":[294,293,365,364],"class_list":{"0":"post-8254","1":"product","2":"type-product","3":"status-publish","4":"has-post-thumbnail","6":"pwb-brand-sinoz","7":"product_cat-bb-krem","8":"product_cat-sun-block-cream","9":"product_cat-face-care","10":"product_cat-face-creams","11":"product_tag-face","12":"product_tag-facecare","13":"product_tag-spf","14":"product_tag-sun-block","15":"pa_size-50ml","18":"instock","19":"shipping-taxable","20":"purchasable","21":"product-type-simple"},"brands":[{"id":191,"name":"Sinoz","slug":"sinoz"}],"_links":{"self":[{"href":"https:\/\/axtarstore.com\/ru\/wp-json\/wp\/v2\/product\/8254"}],"collection":[{"href":"https:\/\/axtarstore.com\/ru\/wp-json\/wp\/v2\/product"}],"about":[{"href":"https:\/\/axtarstore.com\/ru\/wp-json\/wp\/v2\/types\/product"}],"replies":[{"embeddable":true,"href":"https:\/\/axtarstore.com\/ru\/wp-json\/wp\/v2\/comments?post=8254"}],"version-history":[{"count":1,"href":"https:\/\/axtarstore.com\/ru\/wp-json\/wp\/v2\/product\/8254\/revisions"}],"predecessor-version":[{"id":8264,"href":"https:\/\/axtarstore.com\/ru\/wp-json\/wp\/v2\/product\/8254\/revisions\/8264"}],"wp:featuredmedia":[{"embeddable":true,"href":"https:\/\/axtarstore.com\/ru\/wp-json\/wp\/v2\/media\/8255"}],"wp:attachment":[{"href":"https:\/\/axtarstore.com\/ru\/wp-json\/wp\/v2\/media?parent=8254"}],"wp:term":[{"taxonomy":"pwb-brand","embeddable":true,"href":"https:\/\/axtarstore.com\/ru\/wp-json\/wp\/v2\/pwb-brand?post=8254"},{"taxonomy":"product_cat","embeddable":true,"href":"https:\/\/axtarstore.com\/ru\/wp-json\/wp\/v2\/product_cat?post=8254"},{"taxonomy":"product_tag","embeddable":true,"href":"https:\/\/axtarstore.com\/ru\/wp-json\/wp\/v2\/product_tag?post=8254"}],"curies":[{"name":"wp","href":"https:\/\/api.w.org\/{rel}","templated":true}]}}