{"id":8228,"date":"2025-01-08T20:21:24","date_gmt":"2025-01-08T16:21:24","guid":{"rendered":"https:\/\/axtarstore.com\/?post_type=product&#038;p=8228"},"modified":"2025-01-08T20:21:24","modified_gmt":"2025-01-08T16:21:24","slug":"sinoz-pink-touch-sivi-yuz-gunes-kremi-spf50-pa-50-ml-pembe-aydinlatici","status":"publish","type":"product","link":"https:\/\/axtarstore.com\/ru\/product\/sinoz-pink-touch-sivi-yuz-gunes-kremi-spf50-pa-50-ml-pembe-aydinlatici\/","title":{"rendered":"Sinoz Pink Touch S\u0131v\u0131 Y\u00fcz G\u00fcne\u015f Kremi SPF50+ \/ PA++++ &#8211; 50 ml (Pembe Ayd\u0131nlat\u0131c\u0131)"},"content":{"rendered":"<p>Pink Touch Tone Up Fluid Sunscreen SPF 50+ il\u0259 d\u0259rinizi g\u00fccl\u0259ndirin v\u0259 qoruyun. Bu y\u00fcng\u00fcl formula d\u0259rinizi t\u0259bii, \u00e7\u0259hray\u0131 par\u0131lt\u0131 il\u0259 an\u0131nda i\u015f\u0131qland\u0131rark\u0259n y\u00fcks\u0259k s\u0259viyy\u0259li g\u00fcn\u0259\u015fd\u0259n qorunma t\u0259min edir. D\u0259rinin tonunu b\u0259rab\u0259rl\u0259\u015fdirir, q\u00fcsurlar\u0131n g\u00f6r\u00fcn\u00fc\u015f\u00fcn\u00fc minimuma endirir v\u0259 davaml\u0131 n\u0259ml\u0259ndirm\u0259 t\u0259min edir. G\u00fcnd\u0259lik istifad\u0259 \u00fc\u00e7\u00fcn ideal olan bu ya\u011fs\u0131z g\u00fcn\u0259\u015f kremi d\u0259rinizi hamar, parlaq v\u0259 m\u00fck\u0259mm\u0259l qoruyur. B\u00fct\u00fcn d\u0259ri tipl\u0259ri \u00fc\u00e7\u00fcn uy\u011fundur.<\/p>\n<p>&nbsp;<\/p>\n<p>T\u0259rkibi<br \/>\nBRIGHT Ol\u00e9oactif\u00ae: Zefir k\u00f6k\u00fc, d\u00fcy\u00fc k\u0259p\u0259kl\u0259ri v\u0259 biyan bitkil\u0259rind\u0259n \u0259ld\u0259 edil\u0259n bu aktiv t\u0259rkib d\u0259rini parlaqla\u015fd\u0131rma\u011fa v\u0259 hiperpiqmentasiyan\u0131 azaltma\u011fa h\u0259sr edilmi\u015fdir. Qara n\u00f6qt\u0259l\u0259rin g\u00f6r\u00fcn\u00fc\u015f\u00fcn\u00fc azaltmaqla d\u0259ri tonunu b\u0259rab\u0259rl\u0259\u015fdirm\u0259k \u00fc\u00e7\u00fcn n\u0259z\u0259rd\u0259 tutulmu\u015fdur.<\/p>\n<p>Kalamin: D\u0259rini sakitl\u0259\u015fdirir, q\u00fcsurlar\u0131 gizl\u0259dir v\u0259 d\u0259rini xarici amill\u0259rd\u0259n qoruma\u011fa k\u00f6m\u0259k edir.<\/p>\n<p>Niacinamide: D\u0259rini a\u011fard\u0131c\u0131 x\u00fcsusiyy\u0259tl\u0259ri il\u0259 tan\u0131n\u0131r, ya\u015flanma \u0259leyhin\u0259 qoruma t\u0259min edir v\u0259 d\u0259rini n\u0259ml\u0259ndirir.<\/p>\n<p>Pantenol: B-5 vitamini kimi d\u0259 tan\u0131n\u0131r, d\u0259rinin h\u0259ssasl\u0131\u011f\u0131n\u0131n qar\u015f\u0131s\u0131n\u0131 al\u0131r v\u0259 n\u0259m saxlama\u011fa k\u00f6m\u0259k edir.<\/p>\n<p>Hialuron tur\u015fusu: D\u0259rini n\u0259ml\u0259ndirir, daha canl\u0131 g\u00f6r\u00fcn\u00fc\u015f verir v\u0259 s\u0131x n\u0259ml\u0259ndirir.<\/p>\n<p>&nbsp;<\/p>\n<p>Nec\u0259 istifad\u0259 etm\u0259k olar<br \/>\n1. D\u0259rinizi T\u0259mizl\u0259yin: Optimal absorbsiyan\u0131 t\u0259min etm\u0259k \u00fc\u00e7\u00fcn t\u0259miz, quru d\u0259rid\u0259n ba\u015flay\u0131n. \u00dcz\u00fcn\u00fcz\u00fc v\u0259 g\u00fcn\u0259\u015fd\u0259n qoruyucu s\u00fcrt\u0259c\u0259yiniz dig\u0259r sah\u0259l\u0259ri yuyun.<\/p>\n<p>2. Yax\u015f\u0131 silk\u0259l\u0259yin: Formulu yax\u015f\u0131ca qar\u0131\u015fd\u0131rmaq \u00fc\u00e7\u00fcn \u015f\u00fc\u015f\u0259ni yax\u015f\u0131ca silk\u0259l\u0259yin.<\/p>\n<p>3. G\u00fcn\u0259\u015fd\u0259n qoruyan kremi paylay\u0131n: Barmaqlar\u0131n\u0131z\u0131n ucuna bol miqdarda g\u00fcn\u0259\u015f kremi s\u0131x\u0131n. \u00dcz\u00fcn\u00fcz \u00fc\u00e7\u00fcn t\u0259xmin\u0259n nikel \u00f6l\u00e7\u00fcs\u00fcnd\u0259 bir miqdar kifay\u0259tdir.<\/p>\n<p>4. B\u0259rab\u0259r \u015f\u0259kild\u0259 t\u0259tbiq edin: G\u00fcn\u0259\u015fd\u0259n qoruyucu kremi \u00fcz\u00fcn\u00fcz\u0259, boynunuza v\u0259 h\u0259r hans\u0131 dig\u0259r a\u00e7\u0131q d\u0259riy\u0259 yum\u015faq bir \u015f\u0259kild\u0259 yay\u0131n. Tamamil\u0259 udulana q\u0259d\u0259r s\u00fcrtm\u0259kl\u0259 b\u0259rab\u0259r \u00f6rt\u00fclm\u0259sini t\u0259min edin.<\/p>\n<p>5. Yerl\u0259\u015fsin: Makiyaj v\u0259 ya dig\u0259r d\u0259riy\u0259 qulluq m\u0259hsullar\u0131 t\u0259tbiq etm\u0259zd\u0259n \u0259vv\u0259l g\u00fcn\u0259\u015f kreminin bir ne\u00e7\u0259 d\u0259qiq\u0259 dayanmas\u0131na icaz\u0259 verin.<\/p>\n<p>6. M\u00fcnt\u0259z\u0259m olaraq t\u0259krar t\u0259tbiq edin: Davaml\u0131 qorunma \u00fc\u00e7\u00fcn h\u0259r iki saatdan bir v\u0259 ya \u00fczg\u00fc\u00e7\u00fcl\u00fck v\u0259 ya t\u0259rl\u0259m\u0259 zaman\u0131 t\u0259krar t\u0259tbiq edin.<\/p>\n<p>7. Unutma: Qulaqlar, boyun arxas\u0131 v\u0259 ayaqlar\u0131n yuxar\u0131 hiss\u0259si kimi tez-tez burax\u0131lan yerl\u0259ri \u00f6rt\u00fcn.<\/p>\n<p>&nbsp;<\/p>","protected":false},"excerpt":{"rendered":"<p>Pink Touch Tone Up Fluid Sunscreen SPF 50+ il\u0259 d\u0259rinizi g\u00fccl\u0259ndirin v\u0259 qoruyun. Bu y\u00fcng\u00fcl formula d\u0259rinizi t\u0259bii, \u00e7\u0259hray\u0131 par\u0131lt\u0131 il\u0259 an\u0131nda i\u015f\u0131qland\u0131rark\u0259n y\u00fcks\u0259k s\u0259viyy\u0259li g\u00fcn\u0259\u015fd\u0259n qorunma t\u0259min edir. D\u0259rinin tonunu b\u0259rab\u0259rl\u0259\u015fdirir, q\u00fcsurlar\u0131n g\u00f6r\u00fcn\u00fc\u015f\u00fcn\u00fc minimuma endirir v\u0259 davaml\u0131 n\u0259ml\u0259ndirm\u0259 t\u0259min edir. G\u00fcnd\u0259lik istifad\u0259 \u00fc\u00e7\u00fcn ideal olan bu ya\u011fs\u0131z g\u00fcn\u0259\u015f kremi d\u0259rinizi hamar, parlaq v\u0259 m\u00fck\u0259mm\u0259l &hellip; <a href=\"https:\/\/axtarstore.com\/ru\/product\/sinoz-pink-touch-sivi-yuz-gunes-kremi-spf50-pa-50-ml-pembe-aydinlatici\/\" class=\"more-link\">Continue reading <span class=\"screen-reader-text\">Sinoz Pink Touch S\u0131v\u0131 Y\u00fcz G\u00fcne\u015f Kremi SPF50+ \/ PA++++ &#8211; 50 ml (Pembe Ayd\u0131nlat\u0131c\u0131)<\/span><\/a><\/p>","protected":false},"featured_media":8229,"comment_status":"open","ping_status":"closed","template":"","meta":[],"pwb-brand":[191],"product_cat":[151,127],"product_tag":[293,365,364],"class_list":{"0":"post-8228","1":"product","2":"type-product","3":"status-publish","4":"has-post-thumbnail","6":"pwb-brand-sinoz","7":"product_cat-sun-block-cream","8":"product_cat-face-care","9":"product_tag-facecare","10":"product_tag-spf","11":"product_tag-sun-block","12":"pa_size-50ml","15":"instock","16":"shipping-taxable","17":"purchasable","18":"product-type-simple"},"brands":[{"id":191,"name":"Sinoz","slug":"sinoz"}],"_links":{"self":[{"href":"https:\/\/axtarstore.com\/ru\/wp-json\/wp\/v2\/product\/8228"}],"collection":[{"href":"https:\/\/axtarstore.com\/ru\/wp-json\/wp\/v2\/product"}],"about":[{"href":"https:\/\/axtarstore.com\/ru\/wp-json\/wp\/v2\/types\/product"}],"replies":[{"embeddable":true,"href":"https:\/\/axtarstore.com\/ru\/wp-json\/wp\/v2\/comments?post=8228"}],"version-history":[{"count":1,"href":"https:\/\/axtarstore.com\/ru\/wp-json\/wp\/v2\/product\/8228\/revisions"}],"predecessor-version":[{"id":8233,"href":"https:\/\/axtarstore.com\/ru\/wp-json\/wp\/v2\/product\/8228\/revisions\/8233"}],"wp:featuredmedia":[{"embeddable":true,"href":"https:\/\/axtarstore.com\/ru\/wp-json\/wp\/v2\/media\/8229"}],"wp:attachment":[{"href":"https:\/\/axtarstore.com\/ru\/wp-json\/wp\/v2\/media?parent=8228"}],"wp:term":[{"taxonomy":"pwb-brand","embeddable":true,"href":"https:\/\/axtarstore.com\/ru\/wp-json\/wp\/v2\/pwb-brand?post=8228"},{"taxonomy":"product_cat","embeddable":true,"href":"https:\/\/axtarstore.com\/ru\/wp-json\/wp\/v2\/product_cat?post=8228"},{"taxonomy":"product_tag","embeddable":true,"href":"https:\/\/axtarstore.com\/ru\/wp-json\/wp\/v2\/product_tag?post=8228"}],"curies":[{"name":"wp","href":"https:\/\/api.w.org\/{rel}","templated":true}]}}