{"id":8190,"date":"2025-01-06T22:49:39","date_gmt":"2025-01-06T18:49:39","guid":{"rendered":"https:\/\/axtarstore.com\/?post_type=product&#038;p=8190"},"modified":"2025-01-06T23:34:03","modified_gmt":"2025-01-06T19:34:03","slug":"sinoz-no-16-miracle-oil-100-ml","status":"publish","type":"product","link":"https:\/\/axtarstore.com\/ru\/product\/sinoz-no-16-miracle-oil-100-ml\/","title":{"rendered":"Sinoz No: 16 Miracle Oil 100 ml"},"content":{"rendered":"<p>NO:16 Miracle Oil h\u0259ssas, quru \u00fcz, b\u0259d\u0259n v\u0259 sa\u00e7lar \u00fc\u00e7\u00fcn sa\u011flam qulluq t\u0259min edir. Bu ya\u011f du\u015fdan sonra d\u0259ri baryerini b\u0259rpa etm\u0259y\u0259 k\u00f6m\u0259k edir v\u0259 yatmazdan \u0259vv\u0259l d\u0259rini sakitl\u0259\u015fdirir. Bitki m\u0259n\u015f\u0259li ya\u011flar d\u0259riy\u0259 b\u0259rpaedici, t\u0259rav\u0259tl\u0259ndirici, n\u0259ml\u0259ndirici v\u0259 qidaland\u0131r\u0131c\u0131 g\u00fcc verir. Bu t\u0259bii m\u0259hsulda 16 m\u00f6c\u00fcz\u0259vi ya\u011f var. | 100 ml<\/p>\n<p>\u00dcz bax\u0131m\u0131:<br \/>\nBu m\u0259hsul d\u0259rinin elastikliyini d\u0259st\u0259kl\u0259yir v\u0259 d\u0259rinizi v\u0259 dodaqlar\u0131n\u0131z\u0131 n\u0259ml\u0259ndirir. Ya\u011flar\u0131n antioksidan g\u00fcc\u00fc yor\u011fun d\u0259riy\u0259 parlaql\u0131q verir. Qara n\u00f6qt\u0259l\u0259ri azald\u0131r v\u0259 d\u0259rinin ayd\u0131n g\u00f6r\u00fcnm\u0259sin\u0259 k\u00f6m\u0259k edir.<\/p>\n<p>B\u0259d\u0259n bax\u0131m\u0131:<br \/>\nB\u00fct\u00fcn g\u00fcn b\u0259d\u0259ninizi n\u0259ml\u0259ndirir. Bu qeyri-yap\u0131\u015fqan ya\u011f k\u00fctik\u00fcll\u0259ri yum\u015fald\u0131r v\u0259 qaralmaq \u00fc\u00e7\u00fcn d\u0259 istifad\u0259 edil\u0259 bil\u0259r.<\/p>","protected":false},"excerpt":{"rendered":"<p>NO:16 Miracle Oil h\u0259ssas, quru \u00fcz, b\u0259d\u0259n v\u0259 sa\u00e7lar \u00fc\u00e7\u00fcn sa\u011flam qulluq t\u0259min edir. Bu ya\u011f du\u015fdan sonra d\u0259ri baryerini b\u0259rpa etm\u0259y\u0259 k\u00f6m\u0259k edir v\u0259 yatmazdan \u0259vv\u0259l d\u0259rini sakitl\u0259\u015fdirir. Bitki m\u0259n\u015f\u0259li ya\u011flar d\u0259riy\u0259 b\u0259rpaedici, t\u0259rav\u0259tl\u0259ndirici, n\u0259ml\u0259ndirici v\u0259 qidaland\u0131r\u0131c\u0131 g\u00fcc verir. Bu t\u0259bii m\u0259hsulda 16 m\u00f6c\u00fcz\u0259vi ya\u011f var. | 100 ml \u00dcz bax\u0131m\u0131: Bu m\u0259hsul d\u0259rinin &hellip; <a href=\"https:\/\/axtarstore.com\/ru\/product\/sinoz-no-16-miracle-oil-100-ml\/\" class=\"more-link\">Continue reading <span class=\"screen-reader-text\">Sinoz No: 16 Miracle Oil 100 ml<\/span><\/a><\/p>","protected":false},"featured_media":8191,"comment_status":"open","ping_status":"closed","template":"","meta":[],"pwb-brand":[191],"product_cat":[129,159,126,140,138,135],"product_tag":[300,294,293,307],"class_list":{"0":"post-8190","1":"product","2":"type-product","3":"status-publish","4":"has-post-thumbnail","6":"pwb-brand-sinoz","7":"product_cat-beden-baximi","8":"product_cat-body-massage","9":"product_cat-haircare","10":"product_cat-spray","11":"product_cat-vitamins","12":"product_cat-oil","13":"product_tag-bodycare","14":"product_tag-face","15":"product_tag-facecare","16":"product_tag-longstronghair","17":"pa_size-100ml","20":"instock","21":"shipping-taxable","22":"purchasable","23":"product-type-simple"},"brands":[{"id":191,"name":"Sinoz","slug":"sinoz"}],"_links":{"self":[{"href":"https:\/\/axtarstore.com\/ru\/wp-json\/wp\/v2\/product\/8190"}],"collection":[{"href":"https:\/\/axtarstore.com\/ru\/wp-json\/wp\/v2\/product"}],"about":[{"href":"https:\/\/axtarstore.com\/ru\/wp-json\/wp\/v2\/types\/product"}],"replies":[{"embeddable":true,"href":"https:\/\/axtarstore.com\/ru\/wp-json\/wp\/v2\/comments?post=8190"}],"version-history":[{"count":1,"href":"https:\/\/axtarstore.com\/ru\/wp-json\/wp\/v2\/product\/8190\/revisions"}],"predecessor-version":[{"id":8201,"href":"https:\/\/axtarstore.com\/ru\/wp-json\/wp\/v2\/product\/8190\/revisions\/8201"}],"wp:featuredmedia":[{"embeddable":true,"href":"https:\/\/axtarstore.com\/ru\/wp-json\/wp\/v2\/media\/8191"}],"wp:attachment":[{"href":"https:\/\/axtarstore.com\/ru\/wp-json\/wp\/v2\/media?parent=8190"}],"wp:term":[{"taxonomy":"pwb-brand","embeddable":true,"href":"https:\/\/axtarstore.com\/ru\/wp-json\/wp\/v2\/pwb-brand?post=8190"},{"taxonomy":"product_cat","embeddable":true,"href":"https:\/\/axtarstore.com\/ru\/wp-json\/wp\/v2\/product_cat?post=8190"},{"taxonomy":"product_tag","embeddable":true,"href":"https:\/\/axtarstore.com\/ru\/wp-json\/wp\/v2\/product_tag?post=8190"}],"curies":[{"name":"wp","href":"https:\/\/api.w.org\/{rel}","templated":true}]}}