{"id":8179,"date":"2025-01-06T22:23:37","date_gmt":"2025-01-06T18:23:37","guid":{"rendered":"https:\/\/axtarstore.com\/?post_type=product&#038;p=8179"},"modified":"2025-08-08T21:20:52","modified_gmt":"2025-08-08T17:20:52","slug":"sunscreen-cream-for-oily-skin-lekeli-ciltlere-ozel-yuksek-korumali-yuz-gunes-krem-spf-50","status":"publish","type":"product","link":"https:\/\/axtarstore.com\/ru\/product\/sunscreen-cream-for-oily-skin-lekeli-ciltlere-ozel-yuksek-korumali-yuz-gunes-krem-spf-50\/","title":{"rendered":"Sunscreen Cream for Oily Skin Lekeli Ciltlere \u00d6zel Y\u00fcksek Korumal\u0131 Y\u00fcz G\u00fcne\u015f Krem SPF 50+"},"content":{"rendered":"<p>\u00dcz\u00fcn g\u00fcn\u0259\u015f z\u0259d\u0259l\u0259nm\u0259sinin, d\u0259rinin qocalmas\u0131n\u0131n v\u0259 l\u0259k\u0259l\u0259rin qar\u015f\u0131s\u0131n\u0131 almaq \u00fc\u00e7\u00fcn x\u00fcsusi olaraq ya\u011fl\u0131 d\u0259ril\u0259r \u00fc\u00e7\u00fcn haz\u0131rlanm\u0131\u015fd\u0131r. D\u0259rinizin sebum balans\u0131n\u0131 qoruyur v\u0259 d\u0259rinizd\u0259 bir mane\u0259 yarad\u0131r. SPF 50+ olan bu qidaland\u0131r\u0131c\u0131 g\u00fcn\u0259\u015f kremi il\u0259 d\u0259rini b\u00fct\u00fcn f\u0259sill\u0259rd\u0259 qoruyur. Tez \u0259milir v\u0259 suya davaml\u0131d\u0131r. D\u0259rinizi qidaland\u0131rmaq \u00fc\u00e7\u00fcn E vitamini ehtiva edir.<\/p>","protected":false},"excerpt":{"rendered":"<p>\u00dcz\u00fcn g\u00fcn\u0259\u015f z\u0259d\u0259l\u0259nm\u0259sinin, d\u0259rinin qocalmas\u0131n\u0131n v\u0259 l\u0259k\u0259l\u0259rin qar\u015f\u0131s\u0131n\u0131 almaq \u00fc\u00e7\u00fcn x\u00fcsusi olaraq ya\u011fl\u0131 d\u0259ril\u0259r \u00fc\u00e7\u00fcn haz\u0131rlanm\u0131\u015fd\u0131r. D\u0259rinizin sebum balans\u0131n\u0131 qoruyur v\u0259 d\u0259rinizd\u0259 bir mane\u0259 yarad\u0131r. SPF 50+ olan bu qidaland\u0131r\u0131c\u0131 g\u00fcn\u0259\u015f kremi il\u0259 d\u0259rini b\u00fct\u00fcn f\u0259sill\u0259rd\u0259 qoruyur. Tez \u0259milir v\u0259 suya davaml\u0131d\u0131r. D\u0259rinizi qidaland\u0131rmaq \u00fc\u00e7\u00fcn E vitamini ehtiva edir.<\/p>","protected":false},"featured_media":8180,"comment_status":"open","ping_status":"closed","template":"","meta":[],"pwb-brand":[191],"product_cat":[151,127],"product_tag":[296,293,365,364],"class_list":{"0":"post-8179","1":"product","2":"type-product","3":"status-publish","4":"has-post-thumbnail","6":"pwb-brand-sinoz","7":"product_cat-sun-block-cream","8":"product_cat-face-care","9":"product_tag-darkspots","10":"product_tag-facecare","11":"product_tag-spf","12":"product_tag-sun-block","13":"pa_size-50ml","16":"instock","17":"shipping-taxable","18":"purchasable","19":"product-type-simple"},"brands":[{"id":191,"name":"Sinoz","slug":"sinoz"}],"_links":{"self":[{"href":"https:\/\/axtarstore.com\/ru\/wp-json\/wp\/v2\/product\/8179"}],"collection":[{"href":"https:\/\/axtarstore.com\/ru\/wp-json\/wp\/v2\/product"}],"about":[{"href":"https:\/\/axtarstore.com\/ru\/wp-json\/wp\/v2\/types\/product"}],"replies":[{"embeddable":true,"href":"https:\/\/axtarstore.com\/ru\/wp-json\/wp\/v2\/comments?post=8179"}],"version-history":[{"count":2,"href":"https:\/\/axtarstore.com\/ru\/wp-json\/wp\/v2\/product\/8179\/revisions"}],"predecessor-version":[{"id":8202,"href":"https:\/\/axtarstore.com\/ru\/wp-json\/wp\/v2\/product\/8179\/revisions\/8202"}],"wp:featuredmedia":[{"embeddable":true,"href":"https:\/\/axtarstore.com\/ru\/wp-json\/wp\/v2\/media\/8180"}],"wp:attachment":[{"href":"https:\/\/axtarstore.com\/ru\/wp-json\/wp\/v2\/media?parent=8179"}],"wp:term":[{"taxonomy":"pwb-brand","embeddable":true,"href":"https:\/\/axtarstore.com\/ru\/wp-json\/wp\/v2\/pwb-brand?post=8179"},{"taxonomy":"product_cat","embeddable":true,"href":"https:\/\/axtarstore.com\/ru\/wp-json\/wp\/v2\/product_cat?post=8179"},{"taxonomy":"product_tag","embeddable":true,"href":"https:\/\/axtarstore.com\/ru\/wp-json\/wp\/v2\/product_tag?post=8179"}],"curies":[{"name":"wp","href":"https:\/\/api.w.org\/{rel}","templated":true}]}}