{"id":8169,"date":"2025-01-06T22:08:32","date_gmt":"2025-01-06T18:08:32","guid":{"rendered":"https:\/\/axtarstore.com\/?post_type=product&#038;p=8169"},"modified":"2025-01-06T22:53:38","modified_gmt":"2025-01-06T18:53:38","slug":"sinoz-intensive-moisturizing-hand-care-cream-50-ml","status":"publish","type":"product","link":"https:\/\/axtarstore.com\/ru\/product\/sinoz-intensive-moisturizing-hand-care-cream-50-ml\/","title":{"rendered":"Sinoz Intensive Moisturizing Hand Care Cream 50 ml"},"content":{"rendered":"<p>\u015ei ya\u011f\u0131 v\u0259 E vitamini ekstrakt\u0131 il\u0259 daha yum\u015faq \u0259ll\u0259ri t\u0259min etm\u0259k \u00fc\u00e7\u00fcn intensiv n\u0259ml\u0259ndirici \u0259l bax\u0131m\u0131. \u018fll\u0259rinizin d\u0259risini qidaland\u0131r\u0131r v\u0259 qurulu\u011fu, l\u0259k\u0259l\u0259ri v\u0259 t\u00fcnd l\u0259k\u0259l\u0259ri m\u00fcalic\u0259 edir.<\/p>","protected":false},"excerpt":{"rendered":"<p>\u015ei ya\u011f\u0131 v\u0259 E vitamini ekstrakt\u0131 il\u0259 daha yum\u015faq \u0259ll\u0259ri t\u0259min etm\u0259k \u00fc\u00e7\u00fcn intensiv n\u0259ml\u0259ndirici \u0259l bax\u0131m\u0131. \u018fll\u0259rinizin d\u0259risini qidaland\u0131r\u0131r v\u0259 qurulu\u011fu, l\u0259k\u0259l\u0259ri v\u0259 t\u00fcnd l\u0259k\u0259l\u0259ri m\u00fcalic\u0259 edir.<\/p>","protected":false},"featured_media":8172,"comment_status":"open","ping_status":"closed","template":"","meta":[],"pwb-brand":[191],"product_cat":[129,154],"product_tag":[331],"class_list":{"0":"post-8169","1":"product","2":"type-product","3":"status-publish","4":"has-post-thumbnail","6":"pwb-brand-sinoz","7":"product_cat-beden-baximi","8":"product_cat-hand-creams","9":"product_tag-moisturizer","10":"pa_size-50ml","13":"instock","14":"shipping-taxable","15":"purchasable","16":"product-type-simple"},"brands":[{"id":191,"name":"Sinoz","slug":"sinoz"}],"_links":{"self":[{"href":"https:\/\/axtarstore.com\/ru\/wp-json\/wp\/v2\/product\/8169"}],"collection":[{"href":"https:\/\/axtarstore.com\/ru\/wp-json\/wp\/v2\/product"}],"about":[{"href":"https:\/\/axtarstore.com\/ru\/wp-json\/wp\/v2\/types\/product"}],"replies":[{"embeddable":true,"href":"https:\/\/axtarstore.com\/ru\/wp-json\/wp\/v2\/comments?post=8169"}],"version-history":[{"count":1,"href":"https:\/\/axtarstore.com\/ru\/wp-json\/wp\/v2\/product\/8169\/revisions"}],"predecessor-version":[{"id":8176,"href":"https:\/\/axtarstore.com\/ru\/wp-json\/wp\/v2\/product\/8169\/revisions\/8176"}],"wp:featuredmedia":[{"embeddable":true,"href":"https:\/\/axtarstore.com\/ru\/wp-json\/wp\/v2\/media\/8172"}],"wp:attachment":[{"href":"https:\/\/axtarstore.com\/ru\/wp-json\/wp\/v2\/media?parent=8169"}],"wp:term":[{"taxonomy":"pwb-brand","embeddable":true,"href":"https:\/\/axtarstore.com\/ru\/wp-json\/wp\/v2\/pwb-brand?post=8169"},{"taxonomy":"product_cat","embeddable":true,"href":"https:\/\/axtarstore.com\/ru\/wp-json\/wp\/v2\/product_cat?post=8169"},{"taxonomy":"product_tag","embeddable":true,"href":"https:\/\/axtarstore.com\/ru\/wp-json\/wp\/v2\/product_tag?post=8169"}],"curies":[{"name":"wp","href":"https:\/\/api.w.org\/{rel}","templated":true}]}}