{"id":8160,"date":"2025-01-04T01:27:03","date_gmt":"2025-01-03T21:27:03","guid":{"rendered":"https:\/\/axtarstore.com\/?post_type=product&#038;p=8160"},"modified":"2025-01-04T01:27:03","modified_gmt":"2025-01-03T21:27:03","slug":"sinoz-hydrapro-intensive-moisturizing-face-care-cream-yogun-nemlendirici-yuz-kremi","status":"publish","type":"product","link":"https:\/\/axtarstore.com\/ru\/product\/sinoz-hydrapro-intensive-moisturizing-face-care-cream-yogun-nemlendirici-yuz-kremi\/","title":{"rendered":"Sinoz Hydrapro Intensive Moisturizing Face Care Cream Yo\u011fun Nemlendirici Y\u00fcz Kremi"},"content":{"rendered":"<p>Bioferment Aloevera il\u0259 haz\u0131rlanm\u0131\u015f Sinoz Hydrapro \u0130ntensiv N\u0259ml\u0259ndirici \u00dcz Kremi d\u0259riniz\u0259 d\u0259rind\u0259n b\u0259rpaedici v\u0259 qidaland\u0131r\u0131c\u0131 m\u00fcalic\u0259 t\u0259klif edir. H\u0259r toxunu\u015fla d\u0259rinizi 72 saat n\u0259ml\u0259ndirir, hialuron tur\u015fusu v\u0259 skualan\u0131n g\u00fccl\u00fc birl\u0259\u015fm\u0259si hamar v\u0259 canl\u0131 g\u00f6r\u00fcn\u00fc\u015f t\u0259min edir.<\/p>\n<p>Seramid d\u0259ri baryerinizi g\u00fccl\u0259ndirm\u0259y\u0259 k\u00f6m\u0259k edir, qar g\u00f6b\u0259l\u0259yi is\u0259 uzunm\u00fcdd\u0259tli n\u0259ml\u0259ndirm\u0259 \u00fc\u00e7\u00fcn n\u0259m saxlama\u011fa k\u00f6m\u0259k edir. Bundan \u0259lav\u0259, onun formulas\u0131ndak\u0131 prebiyotikl\u0259r d\u0259rinin t\u0259bii floras\u0131n\u0131n qorunmas\u0131n\u0131 d\u0259st\u0259kl\u0259yir. Bu \u015f\u0259kild\u0259 d\u0259rini xarici amill\u0259rd\u0259n qoruma\u011fa k\u00f6m\u0259k edir.<\/p>\n<p>Sinoz Hydrapro \u0130ntensiv N\u0259ml\u0259ndirici \u00dcz Kremi il\u0259 d\u0259rinizin ehtiyac\u0131 olan n\u0259mi qar\u015f\u0131lay\u0131n v\u0259 ona qulluq edin. 100% vegan olan bu t\u0259sirli kreml\u0259 h\u0259m b\u0259rpaedici, h\u0259m n\u0259ml\u0259ndirici, h\u0259m d\u0259 balansla\u015fd\u0131r\u0131c\u0131 bax\u0131mdan z\u00f6vq al\u0131n. Sa\u011flam, canl\u0131 v\u0259 parlaq d\u0259ri \u0259ld\u0259 etm\u0259k v\u0259 72 saatl\u0131q n\u0259ml\u0259nmi\u015f, ip\u0259k kimi v\u0259 b\u0259rpa olunmu\u015f d\u0259ri f\u0259rqini hiss etm\u0259k \u00fc\u00e7\u00fcn indi c\u0259hd edin!<\/p>","protected":false},"excerpt":{"rendered":"<p>Bioferment Aloevera il\u0259 haz\u0131rlanm\u0131\u015f Sinoz Hydrapro \u0130ntensiv N\u0259ml\u0259ndirici \u00dcz Kremi d\u0259riniz\u0259 d\u0259rind\u0259n b\u0259rpaedici v\u0259 qidaland\u0131r\u0131c\u0131 m\u00fcalic\u0259 t\u0259klif edir. H\u0259r toxunu\u015fla d\u0259rinizi 72 saat n\u0259ml\u0259ndirir, hialuron tur\u015fusu v\u0259 skualan\u0131n g\u00fccl\u00fc birl\u0259\u015fm\u0259si hamar v\u0259 canl\u0131 g\u00f6r\u00fcn\u00fc\u015f t\u0259min edir. Seramid d\u0259ri baryerinizi g\u00fccl\u0259ndirm\u0259y\u0259 k\u00f6m\u0259k edir, qar g\u00f6b\u0259l\u0259yi is\u0259 uzunm\u00fcdd\u0259tli n\u0259ml\u0259ndirm\u0259 \u00fc\u00e7\u00fcn n\u0259m saxlama\u011fa k\u00f6m\u0259k edir. Bundan \u0259lav\u0259, onun &hellip; <a href=\"https:\/\/axtarstore.com\/ru\/product\/sinoz-hydrapro-intensive-moisturizing-face-care-cream-yogun-nemlendirici-yuz-kremi\/\" class=\"more-link\">Continue reading <span class=\"screen-reader-text\">Sinoz Hydrapro Intensive Moisturizing Face Care Cream Yo\u011fun Nemlendirici Y\u00fcz Kremi<\/span><\/a><\/p>","protected":false},"featured_media":8162,"comment_status":"open","ping_status":"closed","template":"","meta":[],"pwb-brand":[191],"product_cat":[127,142,384],"product_tag":[294,333,293],"class_list":{"0":"post-8160","1":"product","2":"type-product","3":"status-publish","4":"has-post-thumbnail","6":"pwb-brand-sinoz","7":"product_cat-face-care","8":"product_cat-face-creams","9":"product_cat-uz-nmlndirici-krem","10":"product_tag-face","11":"product_tag-face-moisturiser","12":"product_tag-facecare","13":"pa_size-50ml","16":"instock","17":"shipping-taxable","18":"purchasable","19":"product-type-simple"},"brands":[{"id":191,"name":"Sinoz","slug":"sinoz"}],"_links":{"self":[{"href":"https:\/\/axtarstore.com\/ru\/wp-json\/wp\/v2\/product\/8160"}],"collection":[{"href":"https:\/\/axtarstore.com\/ru\/wp-json\/wp\/v2\/product"}],"about":[{"href":"https:\/\/axtarstore.com\/ru\/wp-json\/wp\/v2\/types\/product"}],"replies":[{"embeddable":true,"href":"https:\/\/axtarstore.com\/ru\/wp-json\/wp\/v2\/comments?post=8160"}],"version-history":[{"count":2,"href":"https:\/\/axtarstore.com\/ru\/wp-json\/wp\/v2\/product\/8160\/revisions"}],"predecessor-version":[{"id":8168,"href":"https:\/\/axtarstore.com\/ru\/wp-json\/wp\/v2\/product\/8160\/revisions\/8168"}],"wp:featuredmedia":[{"embeddable":true,"href":"https:\/\/axtarstore.com\/ru\/wp-json\/wp\/v2\/media\/8162"}],"wp:attachment":[{"href":"https:\/\/axtarstore.com\/ru\/wp-json\/wp\/v2\/media?parent=8160"}],"wp:term":[{"taxonomy":"pwb-brand","embeddable":true,"href":"https:\/\/axtarstore.com\/ru\/wp-json\/wp\/v2\/pwb-brand?post=8160"},{"taxonomy":"product_cat","embeddable":true,"href":"https:\/\/axtarstore.com\/ru\/wp-json\/wp\/v2\/product_cat?post=8160"},{"taxonomy":"product_tag","embeddable":true,"href":"https:\/\/axtarstore.com\/ru\/wp-json\/wp\/v2\/product_tag?post=8160"}],"curies":[{"name":"wp","href":"https:\/\/api.w.org\/{rel}","templated":true}]}}