{"id":8152,"date":"2025-01-04T01:16:30","date_gmt":"2025-01-03T21:16:30","guid":{"rendered":"https:\/\/axtarstore.com\/?post_type=product&#038;p=8152"},"modified":"2025-01-04T01:16:30","modified_gmt":"2025-01-03T21:16:30","slug":"sinoz-hydrapro-facial-cleansing-gel-for-dry-and-sensitive-skin-o-kuru-ve-hassas-ciltler-icin-yuz-temizleme-jel-400-ml","status":"publish","type":"product","link":"https:\/\/axtarstore.com\/ru\/product\/sinoz-hydrapro-facial-cleansing-gel-for-dry-and-sensitive-skin-o-kuru-ve-hassas-ciltler-icin-yuz-temizleme-jel-400-ml\/","title":{"rendered":"Sinoz Hydrapro Facial Cleansing Gel for Dry and Sensitive Skin o Kuru Ve Hassas Ciltler \u0130\u00e7in Y\u00fcz Temizleme Jel 400 Ml"},"content":{"rendered":"<p>Sinoz Hydrapro \u00dcz T\u0259mizl\u0259yici Gel, d\u0259rinin t\u0259bii n\u0259m balans\u0131n\u0131 qoruyark\u0259n, x\u00fcsusi formulas\u0131 v\u0259 t\u0259sirli madd\u0259l\u0259ri il\u0259 quru v\u0259 h\u0259ssas d\u0259rini d\u0259rind\u0259n t\u0259mizl\u0259yir. SLS v\u0259 SLES-d\u0259n t\u0259mizl\u0259nmi\u015f formulas\u0131 il\u0259 bu heyr\u0259tamiz t\u0259mizl\u0259yici gel d\u0259rini z\u0259r\u0259rli kimy\u0259vi madd\u0259l\u0259rd\u0259n t\u0259mizl\u0259yir, d\u0259rinin t\u0259rav\u0259tini v\u0259 canl\u0131l\u0131\u011f\u0131n\u0131 hiss etm\u0259y\u0259 imkan verir.<\/p>\n<p>Sinoz Hydrapro-nun t\u0259rkibind\u0259ki Kar G\u00f6b\u0259l\u0259yi, Babassu Ya\u011f\u0131 v\u0259 Pentavitin d\u0259rinizi s\u0131x n\u0259ml\u0259ndirir. Bu t\u0259bii elementl\u0259r d\u0259rinizi d\u0259rind\u0259n qidaland\u0131raraq, g\u00fcn boyu t\u0259rav\u0259tli v\u0259 canl\u0131 g\u00f6r\u00fcn\u00fc\u015f \u0259ld\u0259 etm\u0259y\u0259 k\u00f6m\u0259k edir. Pantenol v\u0259 Vitamin E il\u0259 z\u0259nginl\u0259\u015fdirilmi\u015f formula d\u0259rini qidaland\u0131r\u0131r v\u0259 g\u00fccl\u0259ndirir, d\u0259ri baryerini d\u0259st\u0259kl\u0259yir.<\/p>\n<p>H\u0259yat\u0131n xaosunda d\u0259rimiz bir n\u00f6v dincliy\u0259 v\u0259 x\u00fcsusi qay\u011f\u0131ya layiqdir. Quru v\u0259 H\u0259ssas D\u0259ril\u0259r \u00fc\u00e7\u00fcn Sinoz Hydrapro \u00dcz T\u0259mizl\u0259yici Gel buradan g\u0259lir. Bu x\u00fcsusi formula yaln\u0131z d\u0259rini t\u0259mizl\u0259mir, h\u0259m d\u0259 onu qidaland\u0131r\u0131r v\u0259 g\u00f6z\u0259ll\u0259\u015fdirir.<\/p>","protected":false},"excerpt":{"rendered":"<p>Sinoz Hydrapro \u00dcz T\u0259mizl\u0259yici Gel, d\u0259rinin t\u0259bii n\u0259m balans\u0131n\u0131 qoruyark\u0259n, x\u00fcsusi formulas\u0131 v\u0259 t\u0259sirli madd\u0259l\u0259ri il\u0259 quru v\u0259 h\u0259ssas d\u0259rini d\u0259rind\u0259n t\u0259mizl\u0259yir. SLS v\u0259 SLES-d\u0259n t\u0259mizl\u0259nmi\u015f formulas\u0131 il\u0259 bu heyr\u0259tamiz t\u0259mizl\u0259yici gel d\u0259rini z\u0259r\u0259rli kimy\u0259vi madd\u0259l\u0259rd\u0259n t\u0259mizl\u0259yir, d\u0259rinin t\u0259rav\u0259tini v\u0259 canl\u0131l\u0131\u011f\u0131n\u0131 hiss etm\u0259y\u0259 imkan verir. Sinoz Hydrapro-nun t\u0259rkibind\u0259ki Kar G\u00f6b\u0259l\u0259yi, Babassu Ya\u011f\u0131 v\u0259 Pentavitin d\u0259rinizi &hellip; <a href=\"https:\/\/axtarstore.com\/ru\/product\/sinoz-hydrapro-facial-cleansing-gel-for-dry-and-sensitive-skin-o-kuru-ve-hassas-ciltler-icin-yuz-temizleme-jel-400-ml\/\" class=\"more-link\">Continue reading <span class=\"screen-reader-text\">Sinoz Hydrapro Facial Cleansing Gel for Dry and Sensitive Skin o Kuru Ve Hassas Ciltler \u0130\u00e7in Y\u00fcz Temizleme Jel 400 Ml<\/span><\/a><\/p>","protected":false},"featured_media":8153,"comment_status":"open","ping_status":"closed","template":"","meta":[],"pwb-brand":[191],"product_cat":[127,147],"product_tag":[323,293],"class_list":{"0":"post-8152","1":"product","2":"type-product","3":"status-publish","4":"has-post-thumbnail","6":"pwb-brand-sinoz","7":"product_cat-face-care","8":"product_cat-face-wash","9":"product_tag-face-wash","10":"product_tag-facecare","11":"pa_size-400ml","14":"instock","15":"shipping-taxable","16":"purchasable","17":"product-type-simple"},"brands":[{"id":191,"name":"Sinoz","slug":"sinoz"}],"_links":{"self":[{"href":"https:\/\/axtarstore.com\/ru\/wp-json\/wp\/v2\/product\/8152"}],"collection":[{"href":"https:\/\/axtarstore.com\/ru\/wp-json\/wp\/v2\/product"}],"about":[{"href":"https:\/\/axtarstore.com\/ru\/wp-json\/wp\/v2\/types\/product"}],"replies":[{"embeddable":true,"href":"https:\/\/axtarstore.com\/ru\/wp-json\/wp\/v2\/comments?post=8152"}],"version-history":[{"count":1,"href":"https:\/\/axtarstore.com\/ru\/wp-json\/wp\/v2\/product\/8152\/revisions"}],"predecessor-version":[{"id":8159,"href":"https:\/\/axtarstore.com\/ru\/wp-json\/wp\/v2\/product\/8152\/revisions\/8159"}],"wp:featuredmedia":[{"embeddable":true,"href":"https:\/\/axtarstore.com\/ru\/wp-json\/wp\/v2\/media\/8153"}],"wp:attachment":[{"href":"https:\/\/axtarstore.com\/ru\/wp-json\/wp\/v2\/media?parent=8152"}],"wp:term":[{"taxonomy":"pwb-brand","embeddable":true,"href":"https:\/\/axtarstore.com\/ru\/wp-json\/wp\/v2\/pwb-brand?post=8152"},{"taxonomy":"product_cat","embeddable":true,"href":"https:\/\/axtarstore.com\/ru\/wp-json\/wp\/v2\/product_cat?post=8152"},{"taxonomy":"product_tag","embeddable":true,"href":"https:\/\/axtarstore.com\/ru\/wp-json\/wp\/v2\/product_tag?post=8152"}],"curies":[{"name":"wp","href":"https:\/\/api.w.org\/{rel}","templated":true}]}}