{"id":8145,"date":"2025-01-04T01:08:41","date_gmt":"2025-01-03T21:08:41","guid":{"rendered":"https:\/\/axtarstore.com\/?post_type=product&#038;p=8145"},"modified":"2025-01-04T01:11:57","modified_gmt":"2025-01-03T21:11:57","slug":"sinoz-hyper-vitality-face-cleansing-gel-for-normal-skin-400ml-yuz-temizleme-jeli","status":"publish","type":"product","link":"https:\/\/axtarstore.com\/ru\/product\/sinoz-hyper-vitality-face-cleansing-gel-for-normal-skin-400ml-yuz-temizleme-jeli\/","title":{"rendered":"Sinoz Hyper Vitality Face Cleansing Gel for Normal Skin 400ml Y\u00fcz Temizleme Jeli"},"content":{"rendered":"<p>Hialuron tur\u015fusu v\u0259 akasiya kollageni il\u0259 d\u0259rind\u0259n t\u0259mizl\u0259n\u0259n parlaq v\u0259 n\u0259ml\u0259 doymu\u015f d\u0259ri. 400 ml.<\/p>\n<p>Normal D\u0259ril\u0259r \u00fc\u00e7\u00fcn Sinoz \u00dcz T\u0259mizl\u0259yici Gel normal d\u0259ril\u0259r \u00fc\u00e7\u00fcn \u0259la n\u0259m m\u0259nb\u0259yi v\u0259 t\u0259mizl\u0259yici se\u00e7im olaraq haz\u0131rlanm\u0131\u015fd\u0131r. T\u0259rkibind\u0259ki hialuron tur\u015fusu v\u0259 akasiya kollageni il\u0259 d\u0259rini qurutmadan z\u0259rif t\u0259mizl\u0259yir, eyni zamanda d\u0259rin intensiv n\u0259m d\u0259st\u0259yi verir.<\/p>\n<p>&nbsp;<\/p>\n<p>G\u00fcnd\u0259lik istifad\u0259 \u00fc\u00e7\u00fcn ideal olan Normal D\u0259ril\u0259r \u00fc\u00e7\u00fcn Sinoz \u00dcz T\u0259mizl\u0259yici Gel d\u0259rininizin hamar v\u0259 canl\u0131 g\u00f6r\u00fcn\u00fc\u015f \u0259ld\u0259 etm\u0259sin\u0259 k\u00f6m\u0259k edir, eyni zamanda onu \u0259traf m\u00fchit faktorlar\u0131ndan qoruyur. T\u0259rkibind\u0259ki niasinamid say\u0259sind\u0259 d\u0259rini qidaland\u0131r\u0131r v\u0259 parlaq g\u00f6r\u00fcn\u00fc\u015f t\u0259min edir. Antioksidant x\u00fcsusiyy\u0259tl\u0259rl\u0259 z\u0259nginl\u0259\u015fdirilmi\u015f \u00e7\u0259hray\u0131 qreypfrut d\u0259rinizi s\u0259rb\u0259st radikallar\u0131n z\u0259r\u0259rli t\u0259sirl\u0259rind\u0259n qoruyur, t\u0259rav\u0259tli v\u0259 parlaq g\u00f6r\u00fcn\u00fc\u015f verir. Bu x\u00fcsusi formula quruluq kimi probleml\u0259ri aradan qald\u0131rma\u011fa k\u00f6m\u0259k edir v\u0259 d\u0259rinin elastikliyini art\u0131r\u0131r.<\/p>\n<p>&nbsp;<\/p>\n<p>Normal D\u0259ril\u0259r \u00fc\u00e7\u00fcn Sinoz \u00dcz T\u0259mizl\u0259yici Gel b\u00fct\u00fcn ya\u015fa v\u0259 normal d\u0259ri tipl\u0259rin\u0259 uy\u011fundur v\u0259 g\u00fcnd\u0259lik d\u0259riy\u0259 qulluq rutinl\u0259rinin \u0259v\u0259zsiz hiss\u0259sin\u0259 \u00e7evril\u0259c\u0259k. D\u0259riniz \u00fc\u00e7\u00fcn \u0259n yax\u015f\u0131s\u0131n\u0131 ist\u0259yirsinizs\u0259, indi bu unikal m\u0259hsulu s\u0131nay\u0131n v\u0259 t\u0259rav\u0259tli, n\u0259mli v\u0259 parlaq d\u0259riy\u0259 add\u0131mlay\u0131n!<\/p>","protected":false},"excerpt":{"rendered":"<p>Hialuron tur\u015fusu v\u0259 akasiya kollageni il\u0259 d\u0259rind\u0259n t\u0259mizl\u0259n\u0259n parlaq v\u0259 n\u0259ml\u0259 doymu\u015f d\u0259ri. 400 ml. Normal D\u0259ril\u0259r \u00fc\u00e7\u00fcn Sinoz \u00dcz T\u0259mizl\u0259yici Gel normal d\u0259ril\u0259r \u00fc\u00e7\u00fcn \u0259la n\u0259m m\u0259nb\u0259yi v\u0259 t\u0259mizl\u0259yici se\u00e7im olaraq haz\u0131rlanm\u0131\u015fd\u0131r. T\u0259rkibind\u0259ki hialuron tur\u015fusu v\u0259 akasiya kollageni il\u0259 d\u0259rini qurutmadan z\u0259rif t\u0259mizl\u0259yir, eyni zamanda d\u0259rin intensiv n\u0259m d\u0259st\u0259yi verir. &nbsp; G\u00fcnd\u0259lik istifad\u0259 \u00fc\u00e7\u00fcn &hellip; <a href=\"https:\/\/axtarstore.com\/ru\/product\/sinoz-hyper-vitality-face-cleansing-gel-for-normal-skin-400ml-yuz-temizleme-jeli\/\" class=\"more-link\">Continue reading <span class=\"screen-reader-text\">Sinoz Hyper Vitality Face Cleansing Gel for Normal Skin 400ml Y\u00fcz Temizleme Jeli<\/span><\/a><\/p>","protected":false},"featured_media":8146,"comment_status":"open","ping_status":"closed","template":"","meta":[],"pwb-brand":[191],"product_cat":[149,127,147],"product_tag":[323,293],"class_list":{"0":"post-8145","1":"product","2":"type-product","3":"status-publish","4":"has-post-thumbnail","6":"pwb-brand-sinoz","7":"product_cat-makeup-remover","8":"product_cat-face-care","9":"product_cat-face-wash","10":"product_tag-face-wash","11":"product_tag-facecare","12":"pa_size-400ml","15":"instock","16":"shipping-taxable","17":"purchasable","18":"product-type-simple"},"brands":[{"id":191,"name":"Sinoz","slug":"sinoz"}],"_links":{"self":[{"href":"https:\/\/axtarstore.com\/ru\/wp-json\/wp\/v2\/product\/8145"}],"collection":[{"href":"https:\/\/axtarstore.com\/ru\/wp-json\/wp\/v2\/product"}],"about":[{"href":"https:\/\/axtarstore.com\/ru\/wp-json\/wp\/v2\/types\/product"}],"replies":[{"embeddable":true,"href":"https:\/\/axtarstore.com\/ru\/wp-json\/wp\/v2\/comments?post=8145"}],"version-history":[{"count":1,"href":"https:\/\/axtarstore.com\/ru\/wp-json\/wp\/v2\/product\/8145\/revisions"}],"predecessor-version":[{"id":8151,"href":"https:\/\/axtarstore.com\/ru\/wp-json\/wp\/v2\/product\/8145\/revisions\/8151"}],"wp:featuredmedia":[{"embeddable":true,"href":"https:\/\/axtarstore.com\/ru\/wp-json\/wp\/v2\/media\/8146"}],"wp:attachment":[{"href":"https:\/\/axtarstore.com\/ru\/wp-json\/wp\/v2\/media?parent=8145"}],"wp:term":[{"taxonomy":"pwb-brand","embeddable":true,"href":"https:\/\/axtarstore.com\/ru\/wp-json\/wp\/v2\/pwb-brand?post=8145"},{"taxonomy":"product_cat","embeddable":true,"href":"https:\/\/axtarstore.com\/ru\/wp-json\/wp\/v2\/product_cat?post=8145"},{"taxonomy":"product_tag","embeddable":true,"href":"https:\/\/axtarstore.com\/ru\/wp-json\/wp\/v2\/product_tag?post=8145"}],"curies":[{"name":"wp","href":"https:\/\/api.w.org\/{rel}","templated":true}]}}