{"id":8126,"date":"2025-01-04T00:58:40","date_gmt":"2025-01-03T20:58:40","guid":{"rendered":"https:\/\/axtarstore.com\/?post_type=product&#038;p=8126"},"modified":"2025-01-04T00:58:40","modified_gmt":"2025-01-03T20:58:40","slug":"sinoz-dark-spot-sivi-yuz-gunes-kremi-spf50-pa-50-ml-lekeli-cilt","status":"publish","type":"product","link":"https:\/\/axtarstore.com\/ru\/product\/sinoz-dark-spot-sivi-yuz-gunes-kremi-spf50-pa-50-ml-lekeli-cilt\/","title":{"rendered":"Sinoz Dark Spot S\u0131v\u0131 Y\u00fcz G\u00fcne\u015f Kremi SPF50+ \/ PA++++ &#8211; 50 ml (Lekeli Cilt)"},"content":{"rendered":"<p>Sinoz SPF50 A\u011fard\u0131lm\u0131\u015f D\u0259ri \u00fc\u00e7\u00fcn X\u00fcsusi Maye G\u00fcn\u0259\u015fd\u0259n Qoruyucu &#8211; Yeni N\u0259sil G\u00fcn\u0259\u015f Filtrl\u0259ri il\u0259 Hibrid Formula 50ml<\/p>\n<p>A\u011fard\u0131lm\u0131\u015f D\u0259ri \u00fc\u00e7\u00fcn Sinoz Maye \u00dcz G\u00fcn\u0259\u015f Kremi l\u0259k\u0259li d\u0259ri tipl\u0259ri \u00fc\u00e7\u00fcn x\u00fcsusi olaraq haz\u0131rlanm\u0131\u015fd\u0131r! B\u00fct\u00fcn d\u0259ri tipl\u0259ri \u00fc\u00e7\u00fcn UVA-UVB \u015f\u00fcalar\u0131na qar\u015f\u0131 geni\u015f spektrli maksimum qoruma t\u0259min edir v\u0259 z\u0259r\u0259rli \u015f\u00fcalar\u0131n yaratd\u0131\u011f\u0131 l\u0259k\u0259l\u0259r\u0259 qar\u015f\u0131 m\u00fcdafi\u0259ni d\u0259st\u0259kl\u0259yir. L\u0259k\u0259li g\u00f6r\u00fcn\u00fc\u015f\u00fc azaltma\u011fa k\u00f6m\u0259k edir.<\/p>\n<p>A\u011fard\u0131lm\u0131\u015f d\u0259ril\u0259r \u00fc\u00e7\u00fcn Sinoz Liquid \u00dcz G\u00fcn\u0259\u015fd\u0259n Qoruyucu kremi y\u00fcng\u00fcl v\u0259 maye qurulu\u015fu il\u0259 d\u0259rid\u0259 ya\u011fl\u0131l\u0131q hissi yaratmadan tez sorulur v\u0259 d\u0259rid\u0259 a\u011fl\u0131q qoymur. \u03b2-White v\u0259 Alpha Arbutin kimi aktiv inqrediyentl\u0259r d\u0259ri l\u0259k\u0259l\u0259rinin r\u0259ngini a\u00e7maqda aktiv rol oynay\u0131r v\u0259 bel\u0259likl\u0259 d\u0259 d\u0259rinizin daha b\u0259rab\u0259r tonlanm\u0131\u015f v\u0259 parlaq g\u00f6r\u00fcnm\u0259sin\u0259 s\u0259b\u0259b olur.<\/p>\n<p>L\u0259k\u0259li D\u0259ri \u00fc\u00e7\u00fcn Sinoz Liquid \u00dcz G\u00fcn\u0259\u015fd\u0259n Qoruyucu kremi t\u0259rkibind\u0259ki hialuron tur\u015fusu il\u0259 d\u0259rini d\u0259rind\u0259n n\u0259ml\u0259ndirir, pantenol is\u0259 d\u0259rini qidaland\u0131r\u0131r v\u0259 canland\u0131r\u0131r. M\u00fcnt\u0259z\u0259m olaraq istifad\u0259 ed\u0259r\u0259k, l\u0259k\u0259li d\u0259rinizl\u0259 ba\u011fl\u0131 narahatl\u0131qlar\u0131n\u0131z\u0131 arxada qoya bil\u0259rsiniz. L\u0259k\u0259li d\u0259ril\u0259r \u00fc\u00e7\u00fcn bu g\u00f6z\u0259l m\u0259hsulu indi s\u0131nay\u0131n v\u0259 d\u0259rinizi g\u00fcn\u0259\u015fin z\u0259r\u0259rli t\u0259sirl\u0259rind\u0259n qoruyun!<\/p>","protected":false},"excerpt":{"rendered":"<p>Sinoz SPF50 A\u011fard\u0131lm\u0131\u015f D\u0259ri \u00fc\u00e7\u00fcn X\u00fcsusi Maye G\u00fcn\u0259\u015fd\u0259n Qoruyucu &#8211; Yeni N\u0259sil G\u00fcn\u0259\u015f Filtrl\u0259ri il\u0259 Hibrid Formula 50ml A\u011fard\u0131lm\u0131\u015f D\u0259ri \u00fc\u00e7\u00fcn Sinoz Maye \u00dcz G\u00fcn\u0259\u015f Kremi l\u0259k\u0259li d\u0259ri tipl\u0259ri \u00fc\u00e7\u00fcn x\u00fcsusi olaraq haz\u0131rlanm\u0131\u015fd\u0131r! B\u00fct\u00fcn d\u0259ri tipl\u0259ri \u00fc\u00e7\u00fcn UVA-UVB \u015f\u00fcalar\u0131na qar\u015f\u0131 geni\u015f spektrli maksimum qoruma t\u0259min edir v\u0259 z\u0259r\u0259rli \u015f\u00fcalar\u0131n yaratd\u0131\u011f\u0131 l\u0259k\u0259l\u0259r\u0259 qar\u015f\u0131 m\u00fcdafi\u0259ni d\u0259st\u0259kl\u0259yir. L\u0259k\u0259li &hellip; <a href=\"https:\/\/axtarstore.com\/ru\/product\/sinoz-dark-spot-sivi-yuz-gunes-kremi-spf50-pa-50-ml-lekeli-cilt\/\" class=\"more-link\">Continue reading <span class=\"screen-reader-text\">Sinoz Dark Spot S\u0131v\u0131 Y\u00fcz G\u00fcne\u015f Kremi SPF50+ \/ PA++++ &#8211; 50 ml (Lekeli Cilt)<\/span><\/a><\/p>","protected":false},"featured_media":8127,"comment_status":"open","ping_status":"closed","template":"","meta":[],"pwb-brand":[191],"product_cat":[129,151,127],"product_tag":[365,364],"class_list":{"0":"post-8126","1":"product","2":"type-product","3":"status-publish","4":"has-post-thumbnail","6":"pwb-brand-sinoz","7":"product_cat-beden-baximi","8":"product_cat-sun-block-cream","9":"product_cat-face-care","10":"product_tag-spf","11":"product_tag-sun-block","12":"pa_size-50ml","15":"instock","16":"shipping-taxable","17":"purchasable","18":"product-type-simple"},"brands":[{"id":191,"name":"Sinoz","slug":"sinoz"}],"_links":{"self":[{"href":"https:\/\/axtarstore.com\/ru\/wp-json\/wp\/v2\/product\/8126"}],"collection":[{"href":"https:\/\/axtarstore.com\/ru\/wp-json\/wp\/v2\/product"}],"about":[{"href":"https:\/\/axtarstore.com\/ru\/wp-json\/wp\/v2\/types\/product"}],"replies":[{"embeddable":true,"href":"https:\/\/axtarstore.com\/ru\/wp-json\/wp\/v2\/comments?post=8126"}],"version-history":[{"count":1,"href":"https:\/\/axtarstore.com\/ru\/wp-json\/wp\/v2\/product\/8126\/revisions"}],"predecessor-version":[{"id":8135,"href":"https:\/\/axtarstore.com\/ru\/wp-json\/wp\/v2\/product\/8126\/revisions\/8135"}],"wp:featuredmedia":[{"embeddable":true,"href":"https:\/\/axtarstore.com\/ru\/wp-json\/wp\/v2\/media\/8127"}],"wp:attachment":[{"href":"https:\/\/axtarstore.com\/ru\/wp-json\/wp\/v2\/media?parent=8126"}],"wp:term":[{"taxonomy":"pwb-brand","embeddable":true,"href":"https:\/\/axtarstore.com\/ru\/wp-json\/wp\/v2\/pwb-brand?post=8126"},{"taxonomy":"product_cat","embeddable":true,"href":"https:\/\/axtarstore.com\/ru\/wp-json\/wp\/v2\/product_cat?post=8126"},{"taxonomy":"product_tag","embeddable":true,"href":"https:\/\/axtarstore.com\/ru\/wp-json\/wp\/v2\/product_tag?post=8126"}],"curies":[{"name":"wp","href":"https:\/\/api.w.org\/{rel}","templated":true}]}}