{"id":8112,"date":"2025-01-04T00:43:55","date_gmt":"2025-01-03T20:43:55","guid":{"rendered":"https:\/\/axtarstore.com\/?post_type=product&#038;p=8112"},"modified":"2025-01-04T00:43:55","modified_gmt":"2025-01-03T20:43:55","slug":"sinoz-body-scrub-300-gr","status":"publish","type":"product","link":"https:\/\/axtarstore.com\/ru\/product\/sinoz-body-scrub-300-gr\/","title":{"rendered":"Sinoz Body Scrub 300 gr"},"content":{"rendered":"<p>\u00d6l\u00fc d\u0259ril\u0259r\u0259 v\u0259 batm\u0131\u015f d\u0259ril\u0259r\u0259 qar\u015f\u0131 t\u0259mizl\u0259yici t\u0259sir<br \/>\nSinoz Body Peeling-in mistik qoxular\u0131 il\u0259 spa z\u00f6vq\u00fcn\u00fcz\u00fc vanna ota\u011f\u0131n\u0131za g\u0259tirin!<\/p>","protected":false},"excerpt":{"rendered":"<p>\u00d6l\u00fc d\u0259ril\u0259r\u0259 v\u0259 batm\u0131\u015f d\u0259ril\u0259r\u0259 qar\u015f\u0131 t\u0259mizl\u0259yici t\u0259sir Sinoz Body Peeling-in mistik qoxular\u0131 il\u0259 spa z\u00f6vq\u00fcn\u00fcz\u00fc vanna ota\u011f\u0131n\u0131za g\u0259tirin!<\/p>","protected":false},"featured_media":8113,"comment_status":"open","ping_status":"closed","template":"","meta":[],"pwb-brand":[191],"product_cat":[129,157],"product_tag":[300],"class_list":{"0":"post-8112","1":"product","2":"type-product","3":"status-publish","4":"has-post-thumbnail","6":"pwb-brand-sinoz","7":"product_cat-beden-baximi","8":"product_cat-body-scrub","9":"product_tag-bodycare","10":"pa_size-300grm","13":"instock","14":"shipping-taxable","15":"purchasable","16":"product-type-simple"},"brands":[{"id":191,"name":"Sinoz","slug":"sinoz"}],"_links":{"self":[{"href":"https:\/\/axtarstore.com\/ru\/wp-json\/wp\/v2\/product\/8112"}],"collection":[{"href":"https:\/\/axtarstore.com\/ru\/wp-json\/wp\/v2\/product"}],"about":[{"href":"https:\/\/axtarstore.com\/ru\/wp-json\/wp\/v2\/types\/product"}],"replies":[{"embeddable":true,"href":"https:\/\/axtarstore.com\/ru\/wp-json\/wp\/v2\/comments?post=8112"}],"version-history":[{"count":1,"href":"https:\/\/axtarstore.com\/ru\/wp-json\/wp\/v2\/product\/8112\/revisions"}],"predecessor-version":[{"id":8120,"href":"https:\/\/axtarstore.com\/ru\/wp-json\/wp\/v2\/product\/8112\/revisions\/8120"}],"wp:featuredmedia":[{"embeddable":true,"href":"https:\/\/axtarstore.com\/ru\/wp-json\/wp\/v2\/media\/8113"}],"wp:attachment":[{"href":"https:\/\/axtarstore.com\/ru\/wp-json\/wp\/v2\/media?parent=8112"}],"wp:term":[{"taxonomy":"pwb-brand","embeddable":true,"href":"https:\/\/axtarstore.com\/ru\/wp-json\/wp\/v2\/pwb-brand?post=8112"},{"taxonomy":"product_cat","embeddable":true,"href":"https:\/\/axtarstore.com\/ru\/wp-json\/wp\/v2\/product_cat?post=8112"},{"taxonomy":"product_tag","embeddable":true,"href":"https:\/\/axtarstore.com\/ru\/wp-json\/wp\/v2\/product_tag?post=8112"}],"curies":[{"name":"wp","href":"https:\/\/api.w.org\/{rel}","templated":true}]}}