{"id":8106,"date":"2025-01-04T00:38:47","date_gmt":"2025-01-03T20:38:47","guid":{"rendered":"https:\/\/axtarstore.com\/?post_type=product&#038;p=8106"},"modified":"2025-01-04T00:38:47","modified_gmt":"2025-01-03T20:38:47","slug":"sinoz-anti-dark-spot-suncreen-spf-50","status":"publish","type":"product","link":"https:\/\/axtarstore.com\/ru\/product\/sinoz-anti-dark-spot-suncreen-spf-50\/","title":{"rendered":"Sinoz Anti Dark Spot Suncreen SPF 50+"},"content":{"rendered":"<p>G\u00fcn\u0259\u015f\u0259 Qar\u015f\u0131 \u00dcst\u00fcn Qoruma<br \/>\nSinoz L\u0259k\u0259 \u018fleyhin\u0259 G\u00fcn\u0259\u015fd\u0259n Qoruyucu Krem SPF 50+; G\u00fcn\u0259\u015f \u015f\u00fcalar\u0131n\u0131n s\u0259b\u0259b ola bil\u0259c\u0259yi d\u0259ri l\u0259k\u0259l\u0259rin\u0259 qar\u015f\u0131 effektiv qorunma t\u0259min edir. L\u0259k\u0259 \u0259leyhin\u0259 qulluq \u00fc\u00e7\u00fcn \u0259v\u0259zolunmaz olan aktivl\u0259r g\u00fcn\u0259\u015f kremi il\u0259 birl\u0259\u015f\u0259r\u0259k daha parlaq v\u0259 hamar bir g\u00f6r\u00fcn\u00fc\u015f t\u0259min edir.<\/p>","protected":false},"excerpt":{"rendered":"<p>G\u00fcn\u0259\u015f\u0259 Qar\u015f\u0131 \u00dcst\u00fcn Qoruma Sinoz L\u0259k\u0259 \u018fleyhin\u0259 G\u00fcn\u0259\u015fd\u0259n Qoruyucu Krem SPF 50+; G\u00fcn\u0259\u015f \u015f\u00fcalar\u0131n\u0131n s\u0259b\u0259b ola bil\u0259c\u0259yi d\u0259ri l\u0259k\u0259l\u0259rin\u0259 qar\u015f\u0131 effektiv qorunma t\u0259min edir. L\u0259k\u0259 \u0259leyhin\u0259 qulluq \u00fc\u00e7\u00fcn \u0259v\u0259zolunmaz olan aktivl\u0259r g\u00fcn\u0259\u015f kremi il\u0259 birl\u0259\u015f\u0259r\u0259k daha parlaq v\u0259 hamar bir g\u00f6r\u00fcn\u00fc\u015f t\u0259min edir.<\/p>","protected":false},"featured_media":8107,"comment_status":"open","ping_status":"closed","template":"","meta":[],"pwb-brand":[191],"product_cat":[151,127],"product_tag":[296,365,364,297],"class_list":{"0":"post-8106","1":"product","2":"type-product","3":"status-publish","4":"has-post-thumbnail","6":"pwb-brand-sinoz","7":"product_cat-sun-block-cream","8":"product_cat-face-care","9":"product_tag-darkspots","10":"product_tag-spf","11":"product_tag-sun-block","12":"product_tag-whitening","13":"pa_size-50ml","16":"instock","17":"shipping-taxable","18":"purchasable","19":"product-type-simple"},"brands":[{"id":191,"name":"Sinoz","slug":"sinoz"}],"_links":{"self":[{"href":"https:\/\/axtarstore.com\/ru\/wp-json\/wp\/v2\/product\/8106"}],"collection":[{"href":"https:\/\/axtarstore.com\/ru\/wp-json\/wp\/v2\/product"}],"about":[{"href":"https:\/\/axtarstore.com\/ru\/wp-json\/wp\/v2\/types\/product"}],"replies":[{"embeddable":true,"href":"https:\/\/axtarstore.com\/ru\/wp-json\/wp\/v2\/comments?post=8106"}],"version-history":[{"count":1,"href":"https:\/\/axtarstore.com\/ru\/wp-json\/wp\/v2\/product\/8106\/revisions"}],"predecessor-version":[{"id":8111,"href":"https:\/\/axtarstore.com\/ru\/wp-json\/wp\/v2\/product\/8106\/revisions\/8111"}],"wp:featuredmedia":[{"embeddable":true,"href":"https:\/\/axtarstore.com\/ru\/wp-json\/wp\/v2\/media\/8107"}],"wp:attachment":[{"href":"https:\/\/axtarstore.com\/ru\/wp-json\/wp\/v2\/media?parent=8106"}],"wp:term":[{"taxonomy":"pwb-brand","embeddable":true,"href":"https:\/\/axtarstore.com\/ru\/wp-json\/wp\/v2\/pwb-brand?post=8106"},{"taxonomy":"product_cat","embeddable":true,"href":"https:\/\/axtarstore.com\/ru\/wp-json\/wp\/v2\/product_cat?post=8106"},{"taxonomy":"product_tag","embeddable":true,"href":"https:\/\/axtarstore.com\/ru\/wp-json\/wp\/v2\/product_tag?post=8106"}],"curies":[{"name":"wp","href":"https:\/\/api.w.org\/{rel}","templated":true}]}}