{"id":8100,"date":"2025-01-04T00:32:53","date_gmt":"2025-01-03T20:32:53","guid":{"rendered":"https:\/\/axtarstore.com\/?post_type=product&#038;p=8100"},"modified":"2025-01-04T00:32:53","modified_gmt":"2025-01-03T20:32:53","slug":"sinoz-alpha-arbutin-serum-30-ml","status":"publish","type":"product","link":"https:\/\/axtarstore.com\/ru\/product\/sinoz-alpha-arbutin-serum-30-ml\/","title":{"rendered":"Sinoz Alpha Arbutin Serum 30 ml"},"content":{"rendered":"<p>L\u0259k\u0259siz v\u0259 Parlaq D\u0259ri \u00dc\u00e7\u00fcn<br \/>\nUzun m\u00fcdd\u0259t davam ed\u0259n t\u0259f\u0259rr\u00fcatl\u0131 Ar-Ge ara\u015fd\u0131rmalar\u0131 n\u0259tic\u0259sind\u0259 ortaya \u00e7\u0131xan Sinoz L\u0259k\u0259 Serumu, x\u00fcsusi dron texnologiyas\u0131 il\u0259 \u0259ld\u0259 edil\u0259n Alpha Arbutin, Biyan ekstrakt\u0131 v\u0259 z\u00fclallar say\u0259sind\u0259 l\u0259k\u0259l\u0259rin s\u0131xl\u0131\u011f\u0131n\u0131 azaltma\u011fa v\u0259 d\u0259riy\u0259 daha parlaq bir g\u00f6r\u00fcn\u00fc\u015f verm\u0259y\u0259 k\u00f6m\u0259k edir.<\/p>","protected":false},"excerpt":{"rendered":"<p>L\u0259k\u0259siz v\u0259 Parlaq D\u0259ri \u00dc\u00e7\u00fcn Uzun m\u00fcdd\u0259t davam ed\u0259n t\u0259f\u0259rr\u00fcatl\u0131 Ar-Ge ara\u015fd\u0131rmalar\u0131 n\u0259tic\u0259sind\u0259 ortaya \u00e7\u0131xan Sinoz L\u0259k\u0259 Serumu, x\u00fcsusi dron texnologiyas\u0131 il\u0259 \u0259ld\u0259 edil\u0259n Alpha Arbutin, Biyan ekstrakt\u0131 v\u0259 z\u00fclallar say\u0259sind\u0259 l\u0259k\u0259l\u0259rin s\u0131xl\u0131\u011f\u0131n\u0131 azaltma\u011fa v\u0259 d\u0259riy\u0259 daha parlaq bir g\u00f6r\u00fcn\u00fc\u015f verm\u0259y\u0259 k\u00f6m\u0259k edir.<\/p>","protected":false},"featured_media":8101,"comment_status":"open","ping_status":"closed","template":"","meta":[],"pwb-brand":[191],"product_cat":[127,143],"product_tag":[296,293],"class_list":{"0":"post-8100","1":"product","2":"type-product","3":"status-publish","4":"has-post-thumbnail","6":"pwb-brand-sinoz","7":"product_cat-face-care","8":"product_cat-face-serum","9":"product_tag-darkspots","10":"product_tag-facecare","11":"pa_size-30ml","14":"instock","15":"shipping-taxable","16":"purchasable","17":"product-type-simple"},"brands":[{"id":191,"name":"Sinoz","slug":"sinoz"}],"_links":{"self":[{"href":"https:\/\/axtarstore.com\/ru\/wp-json\/wp\/v2\/product\/8100"}],"collection":[{"href":"https:\/\/axtarstore.com\/ru\/wp-json\/wp\/v2\/product"}],"about":[{"href":"https:\/\/axtarstore.com\/ru\/wp-json\/wp\/v2\/types\/product"}],"replies":[{"embeddable":true,"href":"https:\/\/axtarstore.com\/ru\/wp-json\/wp\/v2\/comments?post=8100"}],"version-history":[{"count":1,"href":"https:\/\/axtarstore.com\/ru\/wp-json\/wp\/v2\/product\/8100\/revisions"}],"predecessor-version":[{"id":8105,"href":"https:\/\/axtarstore.com\/ru\/wp-json\/wp\/v2\/product\/8100\/revisions\/8105"}],"wp:featuredmedia":[{"embeddable":true,"href":"https:\/\/axtarstore.com\/ru\/wp-json\/wp\/v2\/media\/8101"}],"wp:attachment":[{"href":"https:\/\/axtarstore.com\/ru\/wp-json\/wp\/v2\/media?parent=8100"}],"wp:term":[{"taxonomy":"pwb-brand","embeddable":true,"href":"https:\/\/axtarstore.com\/ru\/wp-json\/wp\/v2\/pwb-brand?post=8100"},{"taxonomy":"product_cat","embeddable":true,"href":"https:\/\/axtarstore.com\/ru\/wp-json\/wp\/v2\/product_cat?post=8100"},{"taxonomy":"product_tag","embeddable":true,"href":"https:\/\/axtarstore.com\/ru\/wp-json\/wp\/v2\/product_tag?post=8100"}],"curies":[{"name":"wp","href":"https:\/\/api.w.org\/{rel}","templated":true}]}}