{"id":8092,"date":"2025-01-04T00:25:58","date_gmt":"2025-01-03T20:25:58","guid":{"rendered":"https:\/\/axtarstore.com\/?post_type=product&#038;p=8092"},"modified":"2025-01-04T00:25:58","modified_gmt":"2025-01-03T20:25:58","slug":"sinoz-24k-gold-beauty-face-care-serum-30ml","status":"publish","type":"product","link":"https:\/\/axtarstore.com\/ru\/product\/sinoz-24k-gold-beauty-face-care-serum-30ml\/","title":{"rendered":"Sinoz 24K Gold Beauty Face Care Serum 30ML"},"content":{"rendered":"<p>Kollagen, Hialuron tur\u015fusu v\u0259 24K real q\u0131z\u0131l hiss\u0259cikl\u0259ri il\u0259 ya\u015flanma \u0259leyhin\u0259 v\u0259 intensiv n\u0259ml\u0259ndirici pe\u015f\u0259kar qulluq serumu. D\u0259rini qidaland\u0131r\u0131r v\u0259 parlaq, hamar v\u0259 ayd\u0131n g\u00f6r\u00fcn\u00fc\u015f t\u0259min edir.<\/p>","protected":false},"excerpt":{"rendered":"<p>Kollagen, Hialuron tur\u015fusu v\u0259 24K real q\u0131z\u0131l hiss\u0259cikl\u0259ri il\u0259 ya\u015flanma \u0259leyhin\u0259 v\u0259 intensiv n\u0259ml\u0259ndirici pe\u015f\u0259kar qulluq serumu. D\u0259rini qidaland\u0131r\u0131r v\u0259 parlaq, hamar v\u0259 ayd\u0131n g\u00f6r\u00fcn\u00fc\u015f t\u0259min edir.<\/p>","protected":false},"featured_media":8093,"comment_status":"open","ping_status":"closed","template":"","meta":[],"pwb-brand":[191],"product_cat":[127,143],"product_tag":[326],"class_list":{"0":"post-8092","1":"product","2":"type-product","3":"status-publish","4":"has-post-thumbnail","6":"pwb-brand-sinoz","7":"product_cat-face-care","8":"product_cat-face-serum","9":"product_tag-24k-serum","10":"pa_size-30ml","13":"instock","14":"shipping-taxable","15":"purchasable","16":"product-type-simple"},"brands":[{"id":191,"name":"Sinoz","slug":"sinoz"}],"_links":{"self":[{"href":"https:\/\/axtarstore.com\/ru\/wp-json\/wp\/v2\/product\/8092"}],"collection":[{"href":"https:\/\/axtarstore.com\/ru\/wp-json\/wp\/v2\/product"}],"about":[{"href":"https:\/\/axtarstore.com\/ru\/wp-json\/wp\/v2\/types\/product"}],"replies":[{"embeddable":true,"href":"https:\/\/axtarstore.com\/ru\/wp-json\/wp\/v2\/comments?post=8092"}],"version-history":[{"count":1,"href":"https:\/\/axtarstore.com\/ru\/wp-json\/wp\/v2\/product\/8092\/revisions"}],"predecessor-version":[{"id":8099,"href":"https:\/\/axtarstore.com\/ru\/wp-json\/wp\/v2\/product\/8092\/revisions\/8099"}],"wp:featuredmedia":[{"embeddable":true,"href":"https:\/\/axtarstore.com\/ru\/wp-json\/wp\/v2\/media\/8093"}],"wp:attachment":[{"href":"https:\/\/axtarstore.com\/ru\/wp-json\/wp\/v2\/media?parent=8092"}],"wp:term":[{"taxonomy":"pwb-brand","embeddable":true,"href":"https:\/\/axtarstore.com\/ru\/wp-json\/wp\/v2\/pwb-brand?post=8092"},{"taxonomy":"product_cat","embeddable":true,"href":"https:\/\/axtarstore.com\/ru\/wp-json\/wp\/v2\/product_cat?post=8092"},{"taxonomy":"product_tag","embeddable":true,"href":"https:\/\/axtarstore.com\/ru\/wp-json\/wp\/v2\/product_tag?post=8092"}],"curies":[{"name":"wp","href":"https:\/\/api.w.org\/{rel}","templated":true}]}}