{"id":8080,"date":"2024-12-19T00:21:06","date_gmt":"2024-12-18T20:21:06","guid":{"rendered":"https:\/\/axtarstore.com\/?post_type=product&#038;p=8080"},"modified":"2024-12-19T00:21:06","modified_gmt":"2024-12-18T20:21:06","slug":"disaar-smokers-stain-removal-whitening-care-toothpaste","status":"publish","type":"product","link":"https:\/\/axtarstore.com\/ru\/product\/disaar-smokers-stain-removal-whitening-care-toothpaste\/","title":{"rendered":"Disaar Smokers Stain Removal Whitening Care Toothpaste"},"content":{"rendered":"<p>X\u00fcsusiyy\u0259tl\u0259r:<br \/>\nSiqaret \u00e7\u0259k\u0259nl\u0259rin L\u0259k\u0259sini \u00c7\u0131xarma: Siqaretin s\u0259b\u0259b oldu\u011fu inadkar l\u0259k\u0259l\u0259ri aradan qald\u0131rmaq v\u0259 \u00e7\u0131xarmaq \u00fc\u00e7\u00fcn x\u00fcsusi olaraq haz\u0131rlanm\u0131\u015fd\u0131r.<br \/>\nDi\u015fl\u0259rin a\u011fard\u0131lmas\u0131: Daha parlaq bir t\u0259b\u0259ss\u00fcm \u00fc\u00e7\u00fcn di\u015fl\u0259ri a\u011fartma\u011fa v\u0259 a\u011fartma\u011fa k\u00f6m\u0259k edir.<br \/>\nEffektiv Qulluq: L\u0259k\u0259l\u0259rl\u0259 m\u00fcbariz\u0259 apararaq v\u0259 a\u011f\u0131z bo\u015flu\u011funun gigiyenas\u0131n\u0131 qoruyaraq h\u0259rt\u0259r\u0259fli a\u011f\u0131z bax\u0131m\u0131 t\u0259min edir.<br \/>\n100g Boru: G\u00fcnd\u0259lik istifad\u0259 \u00fc\u00e7\u00fcn \u0259lveri\u015fli \u00f6l\u00e7\u00fc v\u0259 asan saxlama.<br \/>\nFresh Breath: A\u011fz\u0131n\u0131z\u0131 t\u0259rav\u0259tli v\u0259 t\u0259miz hiss edir.<br \/>\nT\u0259svir:<br \/>\nDisaar Smokers L\u0259k\u0259 \u00c7\u0131xar\u0131c\u0131 Di\u015f A\u011fard\u0131c\u0131 Qulluq Di\u015f pastas\u0131 inadkar l\u0259k\u0259l\u0259ri effektiv \u015f\u0259kild\u0259 aradan qald\u0131raraq v\u0259 di\u015fl\u0259ri parlaqla\u015fd\u0131raraq siqaret \u00e7\u0259k\u0259nl\u0259rin unikal ehtiyaclar\u0131n\u0131 qar\u015f\u0131lamaq \u00fc\u00e7\u00fcn n\u0259z\u0259rd\u0259 tutulmu\u015fdur.<br \/>\n100 q boru g\u00fcnd\u0259lik istifad\u0259 \u00fc\u00e7\u00fcn praktik \u00f6l\u00e7\u00fc t\u0259min ed\u0259r\u0259k, t\u0259miz, parlaq t\u0259b\u0259ss\u00fcm\u00fc saxlama\u011fa k\u00f6m\u0259k edir.<br \/>\nBu di\u015f m\u0259cunu yaln\u0131z l\u0259k\u0259l\u0259rl\u0259 m\u00fcbariz\u0259 aparm\u0131r, h\u0259m d\u0259 \u00fcmumi a\u011f\u0131z gigiyenas\u0131n\u0131 v\u0259 t\u0259z\u0259 n\u0259f\u0259si t\u0259\u015fviq edir, bu da onu di\u015f bax\u0131m\u0131n\u0131z\u0131n vacib hiss\u0259sin\u0259 \u00e7evirir.<\/p>","protected":false},"excerpt":{"rendered":"<p>X\u00fcsusiyy\u0259tl\u0259r: Siqaret \u00e7\u0259k\u0259nl\u0259rin L\u0259k\u0259sini \u00c7\u0131xarma: Siqaretin s\u0259b\u0259b oldu\u011fu inadkar l\u0259k\u0259l\u0259ri aradan qald\u0131rmaq v\u0259 \u00e7\u0131xarmaq \u00fc\u00e7\u00fcn x\u00fcsusi olaraq haz\u0131rlanm\u0131\u015fd\u0131r. Di\u015fl\u0259rin a\u011fard\u0131lmas\u0131: Daha parlaq bir t\u0259b\u0259ss\u00fcm \u00fc\u00e7\u00fcn di\u015fl\u0259ri a\u011fartma\u011fa v\u0259 a\u011fartma\u011fa k\u00f6m\u0259k edir. Effektiv Qulluq: L\u0259k\u0259l\u0259rl\u0259 m\u00fcbariz\u0259 apararaq v\u0259 a\u011f\u0131z bo\u015flu\u011funun gigiyenas\u0131n\u0131 qoruyaraq h\u0259rt\u0259r\u0259fli a\u011f\u0131z bax\u0131m\u0131 t\u0259min edir. 100g Boru: G\u00fcnd\u0259lik istifad\u0259 \u00fc\u00e7\u00fcn \u0259lveri\u015fli \u00f6l\u00e7\u00fc v\u0259 asan &hellip; <a href=\"https:\/\/axtarstore.com\/ru\/product\/disaar-smokers-stain-removal-whitening-care-toothpaste\/\" class=\"more-link\">Continue reading <span class=\"screen-reader-text\">Disaar Smokers Stain Removal Whitening Care Toothpaste<\/span><\/a><\/p>","protected":false},"featured_media":8081,"comment_status":"open","ping_status":"closed","template":"","meta":[],"pwb-brand":[172],"product_cat":[382,132,217],"product_tag":[],"class_list":{"0":"post-8080","1":"product","2":"type-product","3":"status-publish","4":"has-post-thumbnail","6":"pwb-brand-disar","7":"product_cat-agiz-baximi","8":"product_cat-kisi-baxim","9":"product_cat-kisi-mhsullari","10":"pa_size-100grm","13":"instock","14":"shipping-taxable","15":"purchasable","16":"product-type-simple"},"brands":[{"id":172,"name":"Disar","slug":"disar"}],"_links":{"self":[{"href":"https:\/\/axtarstore.com\/ru\/wp-json\/wp\/v2\/product\/8080"}],"collection":[{"href":"https:\/\/axtarstore.com\/ru\/wp-json\/wp\/v2\/product"}],"about":[{"href":"https:\/\/axtarstore.com\/ru\/wp-json\/wp\/v2\/types\/product"}],"replies":[{"embeddable":true,"href":"https:\/\/axtarstore.com\/ru\/wp-json\/wp\/v2\/comments?post=8080"}],"version-history":[{"count":1,"href":"https:\/\/axtarstore.com\/ru\/wp-json\/wp\/v2\/product\/8080\/revisions"}],"predecessor-version":[{"id":8086,"href":"https:\/\/axtarstore.com\/ru\/wp-json\/wp\/v2\/product\/8080\/revisions\/8086"}],"wp:featuredmedia":[{"embeddable":true,"href":"https:\/\/axtarstore.com\/ru\/wp-json\/wp\/v2\/media\/8081"}],"wp:attachment":[{"href":"https:\/\/axtarstore.com\/ru\/wp-json\/wp\/v2\/media?parent=8080"}],"wp:term":[{"taxonomy":"pwb-brand","embeddable":true,"href":"https:\/\/axtarstore.com\/ru\/wp-json\/wp\/v2\/pwb-brand?post=8080"},{"taxonomy":"product_cat","embeddable":true,"href":"https:\/\/axtarstore.com\/ru\/wp-json\/wp\/v2\/product_cat?post=8080"},{"taxonomy":"product_tag","embeddable":true,"href":"https:\/\/axtarstore.com\/ru\/wp-json\/wp\/v2\/product_tag?post=8080"}],"curies":[{"name":"wp","href":"https:\/\/api.w.org\/{rel}","templated":true}]}}