{"id":8062,"date":"2024-12-19T00:12:11","date_gmt":"2024-12-18T20:12:11","guid":{"rendered":"https:\/\/axtarstore.com\/?post_type=product&#038;p=8062"},"modified":"2026-04-29T23:49:31","modified_gmt":"2026-04-29T19:49:31","slug":"qehve-terkibli-dis-pastasi","status":"publish","type":"product","link":"https:\/\/axtarstore.com\/ru\/product\/qehve-terkibli-dis-pastasi\/","title":{"rendered":"AICHUN BEAUTY Arabic Coffee Toothpaste Fresh Breath Repair Sensitive Teeth Enhance Tooth Resistance Clean Tooth Roots"},"content":{"rendered":"<h3 data-section-id=\"bug1nx\" data-start=\"422\" data-end=\"435\">Problem<\/h3>\n<p data-start=\"436\" data-end=\"722\">Di\u015fl\u0259rin saralmas\u0131 v\u0259 l\u0259k\u0259l\u0259nm\u0259si g\u00fcnd\u0259lik h\u0259yat t\u0259rzi il\u0259 birba\u015fa \u0259laq\u0259lidir. X\u00fcsusil\u0259 q\u0259hv\u0259, \u00e7ay v\u0259 dig\u0259r r\u0259ngli i\u00e7kil\u0259rin m\u00fcnt\u0259z\u0259m istifad\u0259si di\u015f s\u0259thind\u0259 t\u0259dric\u0259n l\u0259k\u0259l\u0259rin yaranmas\u0131na s\u0259b\u0259b olur. Bu l\u0259k\u0259l\u0259r zamanla d\u0259rinl\u0259\u015f\u0259r\u0259k di\u015fl\u0259rin t\u0259bii a\u011fl\u0131\u011f\u0131n\u0131 itirm\u0259sin\u0259 g\u0259tirib \u00e7\u0131xar\u0131r.<\/p>\n<p data-start=\"724\" data-end=\"1023\">Eyni zamanda, d\u00fczg\u00fcn qulluq edilm\u0259dikd\u0259 a\u011f\u0131z bo\u015flu\u011funda bakteriyalar y\u0131\u011f\u0131l\u0131r v\u0259 bu da xo\u015fag\u0259lm\u0259z a\u011f\u0131z qoxusuna s\u0259b\u0259b olur. Adi di\u015f pastalar\u0131 h\u0259r zaman bu probleml\u0259ri kompleks \u015f\u0259kild\u0259 h\u0259ll etmir. N\u0259tic\u0259d\u0259 h\u0259m estetik, h\u0259m d\u0259 gigiyenik bax\u0131mdan istifad\u0259\u00e7il\u0259r ist\u0259dikl\u0259ri n\u0259tic\u0259ni \u0259ld\u0259 ed\u0259 bilmirl\u0259r.<\/p>\n<p data-start=\"1025\" data-end=\"1223\">Bundan \u0259lav\u0259, b\u0259zi g\u00fccl\u00fc a\u011fard\u0131c\u0131 m\u0259hsullar di\u015f minas\u0131na z\u0259r\u0259r ver\u0259 v\u0259 h\u0259ssasl\u0131q yarada bil\u0259r. Bu is\u0259 istifad\u0259\u00e7il\u0259ri daha balansl\u0131, effektiv v\u0259 g\u00fcnd\u0259lik istifad\u0259y\u0259 uy\u011fun m\u0259hsul axtarma\u011fa y\u00f6n\u0259ldir.<\/p>\n<h3 data-section-id=\"ds6axj\" data-start=\"1225\" data-end=\"1235\">H\u0259ll<\/h3>\n<p data-start=\"1236\" data-end=\"1475\">Q\u0259hv\u0259 t\u0259rkibli di\u015f a\u011fard\u0131c\u0131 pasta x\u00fcsusi formulas\u0131 il\u0259 h\u0259m t\u0259mizl\u0259m\u0259, h\u0259m d\u0259 a\u011fartma funksiyas\u0131n\u0131 bir arada t\u0259qdim edir. M\u0259hsul di\u015f s\u0259thind\u0259 yaranm\u0131\u015f l\u0259k\u0259l\u0259ri t\u0259dric\u0259n azaltma\u011fa k\u00f6m\u0259k edir v\u0259 di\u015fl\u0259rin daha parlaq g\u00f6r\u00fcnm\u0259sini d\u0259st\u0259kl\u0259yir.<\/p>\n<p data-start=\"1477\" data-end=\"1741\">T\u0259rkibind\u0259ki aktiv komponentl\u0259r di\u015f minas\u0131n\u0131 qoruyaraq yum\u015faq t\u0259mizl\u0259m\u0259 t\u0259min edir. Bu is\u0259 m\u0259hsulu g\u00fcnd\u0259lik istifad\u0259 \u00fc\u00e7\u00fcn uy\u011fun edir. Q\u0259hv\u0259 ekstrakt\u0131 il\u0259 z\u0259nginl\u0259\u015fdirilmi\u015f formul di\u015fl\u0259r\u0259 z\u0259r\u0259r verm\u0259d\u0259n qulluq g\u00f6st\u0259rir v\u0259 a\u011f\u0131z bo\u015flu\u011funda t\u0259mizlik hissini art\u0131r\u0131r.<\/p>\n<p data-start=\"1743\" data-end=\"1984\">Bu di\u015f pastas\u0131 yaln\u0131z a\u011fard\u0131c\u0131 t\u0259sir il\u0259 m\u0259hdudla\u015fm\u0131r. O, h\u0259m\u00e7inin a\u011f\u0131z qoxusunu azaltma\u011fa k\u00f6m\u0259k edir v\u0259 n\u0259f\u0259si daha t\u0259rav\u0259tli saxlay\u0131r. Bakteriyalar\u0131n yaranmas\u0131n\u0131n qar\u015f\u0131s\u0131n\u0131 alma\u011fa d\u0259st\u0259k ver\u0259r\u0259k a\u011f\u0131z gigiyenas\u0131n\u0131n qorunmas\u0131na k\u00f6m\u0259k edir.<\/p>\n<p data-start=\"1986\" data-end=\"2135\">Eyni zamanda, m\u0259hsul h\u0259ssas di\u015fl\u0259r \u00fc\u00e7\u00fcn d\u0259 uy\u011fun hesab olunur. Onun balansla\u015fd\u0131r\u0131lm\u0131\u015f t\u0259rkibi di\u015fl\u0259rin qorunmas\u0131na v\u0259 m\u00f6hk\u0259ml\u0259nm\u0259sin\u0259 d\u0259st\u0259k verir.<\/p>\n<h3 data-section-id=\"yu5g6\" data-start=\"2137\" data-end=\"2149\">N\u0259tic\u0259<\/h3>\n<p data-start=\"2150\" data-end=\"2302\">M\u00fcnt\u0259z\u0259m istifad\u0259 n\u0259tic\u0259sind\u0259 di\u015fl\u0259r daha t\u0259miz, daha a\u011f v\u0259 bax\u0131ml\u0131 g\u00f6r\u00fcn\u00fcr. L\u0259k\u0259l\u0259rin azalmas\u0131 di\u015fl\u0259rin t\u0259bii r\u0259nginin \u00f6n plana \u00e7\u0131xmas\u0131na k\u00f6m\u0259k edir.<\/p>\n<p data-start=\"2304\" data-end=\"2489\">A\u011f\u0131z qoxusunun aradan qald\u0131r\u0131lmas\u0131 is\u0259 istifad\u0259\u00e7iy\u0259 g\u00fcn boyu rahatl\u0131q v\u0259 \u00f6z\u00fcn\u0259 inam hissi verir. \u00dcmumilikd\u0259, bu m\u0259hsul g\u00fcnd\u0259lik a\u011f\u0131z bax\u0131m\u0131 \u00fc\u00e7\u00fcn balansl\u0131 v\u0259 effektiv h\u0259ll t\u0259qdim edir.<\/p>\n<hr data-start=\"2491\" data-end=\"2494\" \/>\n<h2 data-section-id=\"13bxdr4\" data-start=\"2496\" data-end=\"2527\">Niy\u0259 bu m\u0259hsulu almal\u0131yam?<\/h2>\n<ul data-start=\"2528\" data-end=\"2787\">\n<li data-section-id=\"108ztdv\" data-start=\"2528\" data-end=\"2570\">L\u0259k\u0259l\u0259rin azalmas\u0131na k\u00f6m\u0259k ed\u0259n formul<\/li>\n<li data-section-id=\"2h3927\" data-start=\"2571\" data-end=\"2625\">Di\u015fl\u0259rin daha a\u011f v\u0259 parlaq g\u00f6r\u00fcnm\u0259sini d\u0259st\u0259kl\u0259yir<\/li>\n<li data-section-id=\"1yq3imz\" data-start=\"2626\" data-end=\"2677\">A\u011f\u0131z qoxusunun aradan qald\u0131r\u0131lmas\u0131na k\u00f6m\u0259k edir<\/li>\n<li data-section-id=\"phchaq\" data-start=\"2678\" data-end=\"2710\">G\u00fcnd\u0259lik istifad\u0259 \u00fc\u00e7\u00fcn uy\u011fun<\/li>\n<li data-section-id=\"ita5gy\" data-start=\"2711\" data-end=\"2752\">Di\u015f minas\u0131na z\u0259r\u0259r verm\u0259d\u0259n t\u0259mizl\u0259m\u0259<\/li>\n<li data-section-id=\"1wluhpm\" data-start=\"2753\" data-end=\"2787\">H\u0259ssas di\u015fl\u0259r \u00fc\u00e7\u00fcn uy\u011fun se\u00e7im<\/li>\n<\/ul>\n<hr data-start=\"2789\" data-end=\"2792\" \/>\n<h2 data-section-id=\"1pqkssv\" data-start=\"2794\" data-end=\"2815\">\u0130stifad\u0259 qaydas\u0131<\/h2>\n<p data-start=\"2816\" data-end=\"2967\">G\u00fcnd\u0259 2 d\u0259f\u0259, s\u0259h\u0259r v\u0259 ax\u015fam di\u015fl\u0259rinizi bu pasta il\u0259 \u0259n az\u0131 2 d\u0259qiq\u0259 \u0259rzind\u0259 f\u0131r\u00e7alay\u0131n. Daha effektiv n\u0259tic\u0259 \u00fc\u00e7\u00fcn m\u00fcnt\u0259z\u0259m istifad\u0259 t\u00f6vsiy\u0259 olunur.<\/p>\n<section class=\"text-token-text-primary w-full focus:outline-none [--shadow-height:45px] has-data-writing-block:pointer-events-none has-data-writing-block:-mt-(--shadow-height) has-data-writing-block:pt-(--shadow-height) [&amp;:has([data-writing-block])&gt;*]:pointer-events-auto [content-visibility:auto] supports-[content-visibility:auto]:[contain-intrinsic-size:auto_100lvh] R6Vx5W_threadScrollVars scroll-mb-[calc(var(--scroll-root-safe-area-inset-bottom,0px)+var(--thread-response-height))] scroll-mt-[calc(var(--header-height)+min(200px,max(70px,20svh)))]\" dir=\"auto\" data-turn-id=\"request-WEB:5c1ff938-a12c-4917-9d22-42ebb8aa4834-3\" data-testid=\"conversation-turn-8\" data-scroll-anchor=\"false\" data-turn=\"assistant\">\n<div class=\"text-base my-auto mx-auto pb-10 [--thread-content-margin:var(--thread-content-margin-xs,calc(var(--spacing)*4))] @w-sm\/main:[--thread-content-margin:var(--thread-content-margin-sm,calc(var(--spacing)*6))] @w-lg\/main:[--thread-content-margin:var(--thread-content-margin-lg,calc(var(--spacing)*16))] px-(--thread-content-margin)\">\n<div class=\"[--thread-content-max-width:40rem] @w-lg\/main:[--thread-content-max-width:48rem] mx-auto max-w-(--thread-content-max-width) flex-1 group\/turn-messages focus-visible:outline-hidden relative flex w-full min-w-0 flex-col agent-turn\">\n<div class=\"z-0 flex min-h-[46px] justify-start\">\n<section class=\"text-token-text-primary w-full focus:outline-none [--shadow-height:45px] has-data-writing-block:pointer-events-none has-data-writing-block:-mt-(--shadow-height) has-data-writing-block:pt-(--shadow-height) [&amp;:has([data-writing-block])&gt;*]:pointer-events-auto [content-visibility:auto] supports-[content-visibility:auto]:[contain-intrinsic-size:auto_100lvh] R6Vx5W_threadScrollVars scroll-mb-[calc(var(--scroll-root-safe-area-inset-bottom,0px)+var(--thread-response-height))] scroll-mt-[calc(var(--header-height)+min(200px,max(70px,20svh)))]\" dir=\"auto\" data-turn-id=\"request-WEB:5c1ff938-a12c-4917-9d22-42ebb8aa4834-3\" data-testid=\"conversation-turn-8\" data-scroll-anchor=\"false\" data-turn=\"assistant\">\n<div class=\"text-base my-auto mx-auto pb-10 [--thread-content-margin:var(--thread-content-margin-xs,calc(var(--spacing)*4))] @w-sm\/main:[--thread-content-margin:var(--thread-content-margin-sm,calc(var(--spacing)*6))] @w-lg\/main:[--thread-content-margin:var(--thread-content-margin-lg,calc(var(--spacing)*16))] px-(--thread-content-margin)\">\n<div class=\"[--thread-content-max-width:40rem] @w-lg\/main:[--thread-content-max-width:48rem] mx-auto max-w-(--thread-content-max-width) flex-1 group\/turn-messages focus-visible:outline-hidden relative flex w-full min-w-0 flex-col agent-turn\">\n<div class=\"flex max-w-full flex-col gap-4 grow\">\n<div class=\"min-h-8 text-message relative flex w-full flex-col items-end gap-2 text-start break-words whitespace-normal outline-none keyboard-focused:focus-ring [.text-message+&amp;]:mt-1\" dir=\"auto\" tabindex=\"0\" data-message-author-role=\"assistant\" data-message-id=\"f79c0d9d-412d-4236-9d60-b9301c73f5c5\" data-message-model-slug=\"gpt-5-3\" data-turn-start-message=\"true\">\n<div class=\"flex w-full flex-col gap-1 empty:hidden\">\n<div class=\"markdown prose dark:prose-invert w-full wrap-break-word light markdown-new-styling\">\n<h2 data-section-id=\"1a9lnrg\" data-start=\"3158\" data-end=\"3167\">Qeyd<\/h2>\n<p data-start=\"3168\" data-end=\"3322\" data-is-last-node=\"\" data-is-only-node=\"\">Yaln\u0131z xarici istifad\u0259 \u00fc\u00e7\u00fcnd\u00fcr. U\u015faqlardan uzaq saxlan\u0131lmal\u0131d\u0131r. H\u0259ssasl\u0131q yarand\u0131qda istifad\u0259ni dayand\u0131rmaq v\u0259 m\u00fct\u0259x\u0259ssis\u0259 m\u00fcraci\u0259t etm\u0259k t\u00f6vsiy\u0259 olunur.<\/p>\n<\/div>\n<\/div>\n<\/div>\n<\/div>\n<\/div>\n<\/div>\n<\/section>\n<\/div>\n<div class=\"mt-3 w-full empty:hidden\">\n<div class=\"text-center\"><\/div>\n<\/div>\n<\/div>\n<\/div>\n<\/section>","protected":false},"excerpt":{"rendered":"<p data-start=\"3011\" data-end=\"3151\">Q\u0259hv\u0259 t\u0259rkibli di\u015f a\u011fard\u0131c\u0131 pasta di\u015f l\u0259k\u0259l\u0259rini azaltma\u011fa, a\u011f\u0131z qoxusunu aradan qald\u0131rma\u011fa v\u0259 di\u015fl\u0259rin daha t\u0259miz g\u00f6r\u00fcnm\u0259sin\u0259 k\u00f6m\u0259k edir.<\/p>","protected":false},"featured_media":8063,"comment_status":"open","ping_status":"closed","template":"","meta":[],"pwb-brand":[173],"product_cat":[382],"product_tag":[],"class_list":{"0":"post-8062","1":"product","2":"type-product","3":"status-publish","4":"has-post-thumbnail","6":"pwb-brand-aichun-beauty","7":"product_cat-agiz-baximi","8":"pa_size-100ml","11":"instock","12":"shipping-taxable","13":"purchasable","14":"product-type-simple"},"brands":[{"id":173,"name":"Aichun Beauty","slug":"aichun-beauty"}],"_links":{"self":[{"href":"https:\/\/axtarstore.com\/ru\/wp-json\/wp\/v2\/product\/8062"}],"collection":[{"href":"https:\/\/axtarstore.com\/ru\/wp-json\/wp\/v2\/product"}],"about":[{"href":"https:\/\/axtarstore.com\/ru\/wp-json\/wp\/v2\/types\/product"}],"replies":[{"embeddable":true,"href":"https:\/\/axtarstore.com\/ru\/wp-json\/wp\/v2\/comments?post=8062"}],"version-history":[{"count":3,"href":"https:\/\/axtarstore.com\/ru\/wp-json\/wp\/v2\/product\/8062\/revisions"}],"predecessor-version":[{"id":11422,"href":"https:\/\/axtarstore.com\/ru\/wp-json\/wp\/v2\/product\/8062\/revisions\/11422"}],"wp:featuredmedia":[{"embeddable":true,"href":"https:\/\/axtarstore.com\/ru\/wp-json\/wp\/v2\/media\/8063"}],"wp:attachment":[{"href":"https:\/\/axtarstore.com\/ru\/wp-json\/wp\/v2\/media?parent=8062"}],"wp:term":[{"taxonomy":"pwb-brand","embeddable":true,"href":"https:\/\/axtarstore.com\/ru\/wp-json\/wp\/v2\/pwb-brand?post=8062"},{"taxonomy":"product_cat","embeddable":true,"href":"https:\/\/axtarstore.com\/ru\/wp-json\/wp\/v2\/product_cat?post=8062"},{"taxonomy":"product_tag","embeddable":true,"href":"https:\/\/axtarstore.com\/ru\/wp-json\/wp\/v2\/product_tag?post=8062"}],"curies":[{"name":"wp","href":"https:\/\/api.w.org\/{rel}","templated":true}]}}