{"id":8054,"date":"2024-12-19T00:09:06","date_gmt":"2024-12-18T20:09:06","guid":{"rendered":"https:\/\/axtarstore.com\/?post_type=product&#038;p=8054"},"modified":"2024-12-19T00:09:06","modified_gmt":"2024-12-18T20:09:06","slug":"aichun-beauty-charcoal-3-day-toothpaste-collagen-removes-stains-removes-yellow-teeth","status":"publish","type":"product","link":"https:\/\/axtarstore.com\/ru\/product\/aichun-beauty-charcoal-3-day-toothpaste-collagen-removes-stains-removes-yellow-teeth\/","title":{"rendered":"AICHUN BEAUTY Charcoal 3 Day Toothpaste Collagen Removes Stains Removes Yellow Teeth"},"content":{"rendered":"<p>X\u00fcsusiyy\u0259tl\u0259r:<\/p>\n<p>Maiii effektivliyi: Bu m\u0259hsul \u00fcmumi di\u015f pastalar\u0131ndan 3 d\u0259f\u0259 daha \u00e7ox a\u011fard\u0131c\u0131 t\u0259sir g\u00f6st\u0259rm\u0259k \u00fc\u00e7\u00fcn m\u00fct\u0259x\u0259ssis l\u0259k\u0259 \u00e7\u0131xaran v\u0259 t\u0259z\u0259 oral formulalardan haz\u0131rlanm\u0131\u015fd\u0131r.<br \/>\nP\u0130QMENTL\u018fR K\u0130M\u0130 D\u0130\u015e L\u018fK\u018fS\u0130 t\u00fcnd piqment yataqlar\u0131<br \/>\nSARI D\u0130\u015eL\u018fR\u0130N SEL\u0130KL\u0130 PAR\u00c7ALARININ Z\u018fDD\u0130 D\u0130\u015e SARI L\u018fK\u018fL\u018fR\u0130N\u018f S\u018fB\u018fT ED\u0130R<br \/>\nDENT\u0130N\u0130N Z\u018fD\u018fND\u0130R\u0130LM\u018fS\u0130 G\u00dcND\u018fL\u0130K YANLI\u015e D\u0130\u015e BAXIM PROSES\u0130<br \/>\nAKT\u0130V H\u0130ND\u0130STAN QOZU EKSTRAKTINDA D\u0130\u015eL\u018fR\u0130 EFFEKT\u0130V T\u018fM\u0130ZL\u018fY\u0130R. T\u018fZ\u018f N\u018fF\u018fS SAXLAYIR V\u018f QORUYUCU T\u018fB\u018fT FORMU ED\u0130R. D\u0130\u015e D\u0130\u015e\u0130N\u0130 D\u00dcZ\u018fLD\u0130R\u018fN V\u018f D\u018fQ\u018fL\u018fR\u0130N B\u0130TK\u0130L\u018f\u015eD\u0130R\u0130L\u018fN D\u018fK\u018fL\u018fR\u0130N\u0130N YANDIRILMASINI S\u018fF\u018fRD\u0130 YAX\u015eI ED\u0130N V\u018f AZALDIRIN.<\/p>\n<p><b>Details:<\/b>\u00a0CLEAN TEETH, CARE FOR THE MOUTH Deinonized Water, Charcoal Powder, Glycerin, Sor bitol, Calcium Carbonate, Silica Sodium Dodecyl Sulfate, Food Flavors, Sodium Saccharin, Sodium Benzoate.<\/p>","protected":false},"excerpt":{"rendered":"<p>X\u00fcsusiyy\u0259tl\u0259r: Maiii effektivliyi: Bu m\u0259hsul \u00fcmumi di\u015f pastalar\u0131ndan 3 d\u0259f\u0259 daha \u00e7ox a\u011fard\u0131c\u0131 t\u0259sir g\u00f6st\u0259rm\u0259k \u00fc\u00e7\u00fcn m\u00fct\u0259x\u0259ssis l\u0259k\u0259 \u00e7\u0131xaran v\u0259 t\u0259z\u0259 oral formulalardan haz\u0131rlanm\u0131\u015fd\u0131r. P\u0130QMENTL\u018fR K\u0130M\u0130 D\u0130\u015e L\u018fK\u018fS\u0130 t\u00fcnd piqment yataqlar\u0131 SARI D\u0130\u015eL\u018fR\u0130N SEL\u0130KL\u0130 PAR\u00c7ALARININ Z\u018fDD\u0130 D\u0130\u015e SARI L\u018fK\u018fL\u018fR\u0130N\u018f S\u018fB\u018fT ED\u0130R DENT\u0130N\u0130N Z\u018fD\u018fND\u0130R\u0130LM\u018fS\u0130 G\u00dcND\u018fL\u0130K YANLI\u015e D\u0130\u015e BAXIM PROSES\u0130 AKT\u0130V H\u0130ND\u0130STAN QOZU EKSTRAKTINDA D\u0130\u015eL\u018fR\u0130 EFFEKT\u0130V T\u018fM\u0130ZL\u018fY\u0130R. &hellip; <a href=\"https:\/\/axtarstore.com\/ru\/product\/aichun-beauty-charcoal-3-day-toothpaste-collagen-removes-stains-removes-yellow-teeth\/\" class=\"more-link\">Continue reading <span class=\"screen-reader-text\">AICHUN BEAUTY Charcoal 3 Day Toothpaste Collagen Removes Stains Removes Yellow Teeth<\/span><\/a><\/p>","protected":false},"featured_media":8055,"comment_status":"open","ping_status":"closed","template":"","meta":[],"pwb-brand":[173],"product_cat":[382],"product_tag":[],"class_list":{"0":"post-8054","1":"product","2":"type-product","3":"status-publish","4":"has-post-thumbnail","6":"pwb-brand-aichun-beauty","7":"product_cat-agiz-baximi","8":"pa_size-100ml","11":"instock","12":"shipping-taxable","13":"purchasable","14":"product-type-simple"},"brands":[{"id":173,"name":"Aichun Beauty","slug":"aichun-beauty"}],"_links":{"self":[{"href":"https:\/\/axtarstore.com\/ru\/wp-json\/wp\/v2\/product\/8054"}],"collection":[{"href":"https:\/\/axtarstore.com\/ru\/wp-json\/wp\/v2\/product"}],"about":[{"href":"https:\/\/axtarstore.com\/ru\/wp-json\/wp\/v2\/types\/product"}],"replies":[{"embeddable":true,"href":"https:\/\/axtarstore.com\/ru\/wp-json\/wp\/v2\/comments?post=8054"}],"version-history":[{"count":1,"href":"https:\/\/axtarstore.com\/ru\/wp-json\/wp\/v2\/product\/8054\/revisions"}],"predecessor-version":[{"id":8061,"href":"https:\/\/axtarstore.com\/ru\/wp-json\/wp\/v2\/product\/8054\/revisions\/8061"}],"wp:featuredmedia":[{"embeddable":true,"href":"https:\/\/axtarstore.com\/ru\/wp-json\/wp\/v2\/media\/8055"}],"wp:attachment":[{"href":"https:\/\/axtarstore.com\/ru\/wp-json\/wp\/v2\/media?parent=8054"}],"wp:term":[{"taxonomy":"pwb-brand","embeddable":true,"href":"https:\/\/axtarstore.com\/ru\/wp-json\/wp\/v2\/pwb-brand?post=8054"},{"taxonomy":"product_cat","embeddable":true,"href":"https:\/\/axtarstore.com\/ru\/wp-json\/wp\/v2\/product_cat?post=8054"},{"taxonomy":"product_tag","embeddable":true,"href":"https:\/\/axtarstore.com\/ru\/wp-json\/wp\/v2\/product_tag?post=8054"}],"curies":[{"name":"wp","href":"https:\/\/api.w.org\/{rel}","templated":true}]}}