{"id":8036,"date":"2024-12-18T23:56:30","date_gmt":"2024-12-18T19:56:30","guid":{"rendered":"https:\/\/axtarstore.com\/?post_type=product&#038;p=8036"},"modified":"2026-04-29T23:57:37","modified_gmt":"2026-04-29T19:57:37","slug":"disaar-sac-uzadan-serum","status":"publish","type":"product","link":"https:\/\/axtarstore.com\/ru\/product\/disaar-sac-uzadan-serum\/","title":{"rendered":"DISAAR Beauty Ginger Hair Grown Oil Spray Solution Natural Nourishing Repair Follicle Roots Melon Extract Ginseng Root Extract"},"content":{"rendered":"<h3 data-section-id=\"bug1nx\" data-start=\"376\" data-end=\"389\">Problem<\/h3>\n<p data-start=\"390\" data-end=\"634\">Sa\u00e7 t\u00f6k\u00fclm\u0259si, z\u0259if uzanma v\u0259 sa\u00e7lar\u0131n seyr\u0259kl\u0259\u015fm\u0259si h\u0259m ki\u015fil\u0259r, h\u0259m d\u0259 qad\u0131nlar \u00fc\u00e7\u00fcn aktual probleml\u0259rd\u0259n biridir. Stress, hormonal d\u0259yi\u015fiklikl\u0259r, qeyri-d\u00fczg\u00fcn qidalanma v\u0259 yanl\u0131\u015f sa\u00e7 bax\u0131m\u0131 bu probleml\u0259rin \u0259sas s\u0259b\u0259bl\u0259ri aras\u0131nda yer al\u0131r.<\/p>\n<p data-start=\"636\" data-end=\"913\">Zamanla sa\u00e7 k\u00f6kl\u0259ri z\u0259ifl\u0259yir, sa\u00e7 tell\u0259ri inc\u0259lir v\u0259 sa\u00e7\u0131n \u00fcmumi h\u0259cmi azal\u0131r. Bu is\u0259 yaln\u0131z estetik bax\u0131mdan deyil, h\u0259m d\u0259 insan\u0131n \u00f6z\u00fcn\u0259 inam\u0131na t\u0259sir ed\u0259n faktordur. \u018fks\u0259r \u015fampun v\u0259 adi bax\u0131m m\u0259hsullar\u0131 sa\u00e7\u0131n s\u0259thin\u0259 t\u0259sir g\u00f6st\u0259rs\u0259 d\u0259, k\u00f6kl\u0259ri kifay\u0259t q\u0259d\u0259r qidaland\u0131rm\u0131r.<\/p>\n<p data-start=\"915\" data-end=\"1110\">Bundan \u0259lav\u0259, sa\u00e7 d\u0259risinin qurulu\u011fu v\u0259 ya z\u0259if qan d\u00f6vran\u0131 sa\u00e7lar\u0131n sa\u011flam inki\u015faf\u0131n\u0131 l\u0259ngid\u0259 bil\u0259r. Bu s\u0259b\u0259bd\u0259n daha d\u0259rin t\u0259sir g\u00f6st\u0259r\u0259n v\u0259 sa\u00e7 k\u00f6kl\u0259rin\u0259 y\u00f6n\u0259lmi\u015f m\u0259hsullara ehtiyac yaran\u0131r.<\/p>\n<h3 data-section-id=\"ds6axj\" data-start=\"1112\" data-end=\"1122\">H\u0259ll<\/h3>\n<p data-start=\"1123\" data-end=\"1408\">Disaar Hair Nutrient Solution \u2013 sa\u00e7 uzadan serum sa\u00e7 k\u00f6kl\u0259rini qidaland\u0131rmaq v\u0259 sa\u00e7\u0131n t\u0259bii inki\u015faf prosesini d\u0259st\u0259kl\u0259m\u0259k \u00fc\u00e7\u00fcn haz\u0131rlanm\u0131\u015fd\u0131r. M\u0259hsulun t\u0259rkibind\u0259ki z\u0259nc\u0259fil ekstrakt\u0131 v\u0259 mineral z\u0259ngin komponentl\u0259r sa\u00e7 d\u0259risin\u0259 n\u00fcfuz ed\u0259r\u0259k k\u00f6kl\u0259rin aktivliyini art\u0131rma\u011fa k\u00f6m\u0259k edir.<\/p>\n<p data-start=\"1410\" data-end=\"1620\">Bu serum sa\u00e7 d\u0259risind\u0259 qan d\u00f6vran\u0131n\u0131 stimulla\u015fd\u0131rma\u011fa d\u0259st\u0259k ver\u0259r\u0259k sa\u00e7 follikullar\u0131n\u0131n daha yax\u015f\u0131 qidalanmas\u0131n\u0131 t\u0259min edir. N\u0259tic\u0259d\u0259 sa\u00e7lar\u0131n daha sa\u011flam, g\u00fccl\u00fc v\u0259 davaml\u0131 \u015f\u0259kild\u0259 uzanmas\u0131na \u015f\u0259rait yaran\u0131r.<\/p>\n<p data-start=\"1622\" data-end=\"1825\">Disaar sa\u00e7 serumu yaln\u0131z uzanman\u0131 stimulla\u015fd\u0131rmaqla kifay\u0259tl\u0259nmir, eyni zamanda sa\u00e7 t\u00f6k\u00fclm\u0259sinin azalmas\u0131na k\u00f6m\u0259k edir. M\u00fcnt\u0259z\u0259m istifad\u0259 zaman\u0131 sa\u00e7 tell\u0259ri daha m\u00f6hk\u0259m olur v\u0259 q\u0131r\u0131lma ehtimal\u0131 azal\u0131r.<\/p>\n<p data-start=\"1827\" data-end=\"2034\">Y\u00fcng\u00fcl v\u0259 tez hopan teksturas\u0131 say\u0259sind\u0259 m\u0259hsul sa\u00e7 d\u0259risind\u0259 a\u011f\u0131rl\u0131q yaratm\u0131r v\u0259 g\u00fcnd\u0259lik istifad\u0259 \u00fc\u00e7\u00fcn rahatd\u0131r. Sprey formas\u0131 istifad\u0259sini daha praktik edir v\u0259 m\u0259hsulun b\u0259rab\u0259r paylanmas\u0131na imkan verir.<\/p>\n<h3 data-section-id=\"yu5g6\" data-start=\"2036\" data-end=\"2048\">N\u0259tic\u0259<\/h3>\n<p data-start=\"2049\" data-end=\"2240\">M\u00fcnt\u0259z\u0259m istifad\u0259 n\u0259tic\u0259sind\u0259 sa\u00e7lar daha s\u0131x, daha g\u00fccl\u00fc v\u0259 daha sa\u011flam g\u00f6r\u00fcn\u00fcr. Sa\u00e7 t\u00f6k\u00fclm\u0259sinin azalmas\u0131 v\u0259 yeni sa\u00e7lar\u0131n \u00e7\u0131xmas\u0131n\u0131n d\u0259st\u0259kl\u0259nm\u0259si \u00fcmumi sa\u00e7 h\u0259cmini art\u0131rma\u011fa k\u00f6m\u0259k edir.<\/p>\n<p data-start=\"2242\" data-end=\"2395\">Sa\u00e7lar\u0131n daha canl\u0131 v\u0259 parlaq g\u00f6r\u00fcnm\u0259si is\u0259 \u00fcmumi g\u00f6r\u00fcn\u00fc\u015f\u00fc yax\u015f\u0131la\u015fd\u0131r\u0131r. Uzunm\u00fcdd\u0259tli istifad\u0259 zaman\u0131 sa\u00e7 bax\u0131m\u0131 daha effektiv v\u0259 sistemli hala g\u0259lir.<\/p>\n<hr data-start=\"2397\" data-end=\"2400\" \/>\n<h2 data-section-id=\"13bxdr4\" data-start=\"2402\" data-end=\"2433\">Niy\u0259 bu m\u0259hsulu almal\u0131yam?<\/h2>\n<ul data-start=\"2434\" data-end=\"2679\">\n<li data-section-id=\"svnbdd\" data-start=\"2434\" data-end=\"2477\">Sa\u00e7 uzanmas\u0131n\u0131 d\u0259st\u0259kl\u0259y\u0259n aktiv formul<\/li>\n<li data-section-id=\"19e9l3k\" data-start=\"2478\" data-end=\"2523\">Sa\u00e7 k\u00f6kl\u0259rini qidaland\u0131r\u0131r v\u0259 g\u00fccl\u0259ndirir<\/li>\n<li data-section-id=\"1v6d898\" data-start=\"2524\" data-end=\"2566\">Sa\u00e7 t\u00f6k\u00fclm\u0259sinin azalmas\u0131na k\u00f6m\u0259k edir<\/li>\n<li data-section-id=\"mq2t3a\" data-start=\"2567\" data-end=\"2607\">Z\u0259nc\u0259fil ekstrakt\u0131 il\u0259 z\u0259ngin t\u0259rkib<\/li>\n<li data-section-id=\"1wugsjj\" data-start=\"2608\" data-end=\"2644\">Sprey formas\u0131 il\u0259 rahat istifad\u0259<\/li>\n<li data-section-id=\"1f3fj70\" data-start=\"2645\" data-end=\"2679\">G\u00fcnd\u0259lik sa\u00e7 bax\u0131m\u0131 \u00fc\u00e7\u00fcn uy\u011fun<\/li>\n<\/ul>\n<hr data-start=\"2681\" data-end=\"2684\" \/>\n<h2 data-section-id=\"1pqkssv\" data-start=\"2686\" data-end=\"2707\">\u0130stifad\u0259 qaydas\u0131<\/h2>\n<p data-start=\"2708\" data-end=\"2888\">T\u0259miz v\u0259 quru v\u0259 ya bir q\u0259d\u0259r n\u0259mli sa\u00e7 d\u0259risin\u0259 m\u0259hsulu p\u00fcsk\u00fcrd\u00fcn. Barmaqlar\u0131n\u0131zla y\u00fcng\u00fcl masaj ed\u0259r\u0259k sa\u00e7 d\u0259risin\u0259 hopmas\u0131n\u0131 t\u0259min edin. G\u00fcnd\u0259 1-2 d\u0259f\u0259 istifad\u0259 t\u00f6vsiy\u0259 olunur.<\/p>\n<h2 data-section-id=\"1a9lnrg\" data-start=\"3065\" data-end=\"3074\">Qeyd<\/h2>\n<p data-start=\"3075\" data-end=\"3200\" data-is-last-node=\"\" data-is-only-node=\"\">Yaln\u0131z xarici istifad\u0259 \u00fc\u00e7\u00fcnd\u00fcr. G\u00f6zl\u0259 t\u0259masdan \u00e7\u0259kinin. H\u0259ssasl\u0131q yarand\u0131qda istifad\u0259ni dayand\u0131r\u0131n. U\u015faqlardan uzaq saxlay\u0131n.<\/p>","protected":false},"excerpt":{"rendered":"<p>Disaar sa\u00e7 uzadan serum sa\u00e7 k\u00f6kl\u0259rini qidaland\u0131r\u0131r, sa\u00e7 t\u00f6k\u00fclm\u0259sini azaltma\u011fa v\u0259 daha s\u0131x, sa\u011flam sa\u00e7 uzanmas\u0131na k\u00f6m\u0259k edir.<\/p>","protected":false},"featured_media":8037,"comment_status":"open","ping_status":"closed","template":"","meta":[],"pwb-brand":[172],"product_cat":[126,140,138,135],"product_tag":[306,308,301,310],"class_list":{"0":"post-8036","1":"product","2":"type-product","3":"status-publish","4":"has-post-thumbnail","6":"pwb-brand-disar","7":"product_cat-haircare","8":"product_cat-spray","9":"product_cat-vitamins","10":"product_cat-oil","11":"product_tag-antihairloss","12":"product_tag-haircare","13":"product_tag-hairfallsolution","14":"product_tag-hairregrowth","15":"pa_size-120ml","18":"instock","19":"shipping-taxable","20":"purchasable","21":"product-type-simple"},"brands":[{"id":172,"name":"Disar","slug":"disar"}],"_links":{"self":[{"href":"https:\/\/axtarstore.com\/ru\/wp-json\/wp\/v2\/product\/8036"}],"collection":[{"href":"https:\/\/axtarstore.com\/ru\/wp-json\/wp\/v2\/product"}],"about":[{"href":"https:\/\/axtarstore.com\/ru\/wp-json\/wp\/v2\/types\/product"}],"replies":[{"embeddable":true,"href":"https:\/\/axtarstore.com\/ru\/wp-json\/wp\/v2\/comments?post=8036"}],"version-history":[{"count":3,"href":"https:\/\/axtarstore.com\/ru\/wp-json\/wp\/v2\/product\/8036\/revisions"}],"predecessor-version":[{"id":11428,"href":"https:\/\/axtarstore.com\/ru\/wp-json\/wp\/v2\/product\/8036\/revisions\/11428"}],"wp:featuredmedia":[{"embeddable":true,"href":"https:\/\/axtarstore.com\/ru\/wp-json\/wp\/v2\/media\/8037"}],"wp:attachment":[{"href":"https:\/\/axtarstore.com\/ru\/wp-json\/wp\/v2\/media?parent=8036"}],"wp:term":[{"taxonomy":"pwb-brand","embeddable":true,"href":"https:\/\/axtarstore.com\/ru\/wp-json\/wp\/v2\/pwb-brand?post=8036"},{"taxonomy":"product_cat","embeddable":true,"href":"https:\/\/axtarstore.com\/ru\/wp-json\/wp\/v2\/product_cat?post=8036"},{"taxonomy":"product_tag","embeddable":true,"href":"https:\/\/axtarstore.com\/ru\/wp-json\/wp\/v2\/product_tag?post=8036"}],"curies":[{"name":"wp","href":"https:\/\/api.w.org\/{rel}","templated":true}]}}