{"id":8026,"date":"2024-12-18T23:52:30","date_gmt":"2024-12-18T19:52:30","guid":{"rendered":"https:\/\/axtarstore.com\/?post_type=product&#038;p=8026"},"modified":"2024-12-18T23:52:30","modified_gmt":"2024-12-18T19:52:30","slug":"disaar-beauty-dye-black-hair-shampoo-5-minutes-only-dying-white-grey-yellow-damaged-hair-lasts-up-to-4-weeks-hair-care","status":"publish","type":"product","link":"https:\/\/axtarstore.com\/ru\/product\/disaar-beauty-dye-black-hair-shampoo-5-minutes-only-dying-white-grey-yellow-damaged-hair-lasts-up-to-4-weeks-hair-care\/","title":{"rendered":"DISAAR BEAUTY Dye Black Hair Shampoo 5 Minutes Only Dying White Grey Yellow Damaged Hair Lasts Up To 4 Weeks Hair Care"},"content":{"rendered":"<p>X\u00fcsusiyy\u0259tl\u0259r:<\/p>\n<p>Tez v\u0259 istifad\u0259si asan, damc\u0131s\u0131z gel formulas\u0131 il\u0259. G\u0259nc sa\u00e7lar\u0131 b\u0259rpa edir v\u0259 parlaql\u0131q verir, bu a\u011fdan q\u0259hv\u0259yiy\u0259 q\u0259d\u0259r sa\u00e7lara \u015fampun, sevdiyiniz q\u0259hv\u0259yi r\u0259ng\u0259 v\u0259 g\u00fccl\u00fc sa\u00e7lara sahib olmaq \u00fc\u00e7\u00fcn haz\u0131rlanm\u0131\u015fd\u0131r.<br \/>\nQ\u0259hv\u0259yi sa\u00e7 \u015fampunu t\u0259miz t\u0259bii bitki t\u0259rkibli madd\u0259l\u0259rd\u0259n haz\u0131rlan\u0131b, t\u0259rkibind\u0259 he\u00e7 bir z\u0259r\u0259rli madd\u0259 yoxdur, d\u0259riy\u0259 he\u00e7 bir z\u0259r\u0259ri olmayacaq.<br \/>\nBu sa\u00e7 boyas\u0131 \u015fampunu yaln\u0131z sa\u00e7lar\u0131n r\u0259ngl\u0259nm\u0259si \u00fc\u00e7\u00fcn deyil, h\u0259m d\u0259 \u015fampun v\u0259 \u015f\u0259rtl\u0259r \u00fc\u00e7\u00fcn istifad\u0259 edil\u0259 bil\u0259r. \u018fn\u0259n\u0259vi sa\u00e7 boyalar\u0131ndan daha ucuz v\u0259 rahatd\u0131r.<br \/>\nSa\u00e7\u0131n\u0131z\u0131 qidaland\u0131rmaq v\u0259 qorumaq \u00fc\u00e7\u00fcn hamam \u015fampunu prosesind\u0259 istifad\u0259 oluna bil\u0259r, sizi qara v\u0259 parlaq sa\u00e7larla t\u0259min edir.<\/p>\n<p>&nbsp;<\/p>","protected":false},"excerpt":{"rendered":"<p>X\u00fcsusiyy\u0259tl\u0259r: Tez v\u0259 istifad\u0259si asan, damc\u0131s\u0131z gel formulas\u0131 il\u0259. G\u0259nc sa\u00e7lar\u0131 b\u0259rpa edir v\u0259 parlaql\u0131q verir, bu a\u011fdan q\u0259hv\u0259yiy\u0259 q\u0259d\u0259r sa\u00e7lara \u015fampun, sevdiyiniz q\u0259hv\u0259yi r\u0259ng\u0259 v\u0259 g\u00fccl\u00fc sa\u00e7lara sahib olmaq \u00fc\u00e7\u00fcn haz\u0131rlanm\u0131\u015fd\u0131r. Q\u0259hv\u0259yi sa\u00e7 \u015fampunu t\u0259miz t\u0259bii bitki t\u0259rkibli madd\u0259l\u0259rd\u0259n haz\u0131rlan\u0131b, t\u0259rkibind\u0259 he\u00e7 bir z\u0259r\u0259rli madd\u0259 yoxdur, d\u0259riy\u0259 he\u00e7 bir z\u0259r\u0259ri olmayacaq. Bu sa\u00e7 boyas\u0131 &hellip; <a href=\"https:\/\/axtarstore.com\/ru\/product\/disaar-beauty-dye-black-hair-shampoo-5-minutes-only-dying-white-grey-yellow-damaged-hair-lasts-up-to-4-weeks-hair-care\/\" class=\"more-link\">Continue reading <span class=\"screen-reader-text\">DISAAR BEAUTY Dye Black Hair Shampoo 5 Minutes Only Dying White Grey Yellow Damaged Hair Lasts Up To 4 Weeks Hair Care<\/span><\/a><\/p>","protected":false},"featured_media":8027,"comment_status":"open","ping_status":"closed","template":"","meta":[],"pwb-brand":[172],"product_cat":[126,141,133],"product_tag":[308,381],"class_list":{"0":"post-8026","1":"product","2":"type-product","3":"status-publish","4":"has-post-thumbnail","6":"pwb-brand-disar","7":"product_cat-haircare","8":"product_cat-reng","9":"product_cat-shampoo","10":"product_tag-haircare","11":"product_tag-shampoo","12":"pa_size-400ml","15":"instock","16":"shipping-taxable","17":"purchasable","18":"product-type-simple"},"brands":[{"id":172,"name":"Disar","slug":"disar"}],"_links":{"self":[{"href":"https:\/\/axtarstore.com\/ru\/wp-json\/wp\/v2\/product\/8026"}],"collection":[{"href":"https:\/\/axtarstore.com\/ru\/wp-json\/wp\/v2\/product"}],"about":[{"href":"https:\/\/axtarstore.com\/ru\/wp-json\/wp\/v2\/types\/product"}],"replies":[{"embeddable":true,"href":"https:\/\/axtarstore.com\/ru\/wp-json\/wp\/v2\/comments?post=8026"}],"version-history":[{"count":1,"href":"https:\/\/axtarstore.com\/ru\/wp-json\/wp\/v2\/product\/8026\/revisions"}],"predecessor-version":[{"id":8035,"href":"https:\/\/axtarstore.com\/ru\/wp-json\/wp\/v2\/product\/8026\/revisions\/8035"}],"wp:featuredmedia":[{"embeddable":true,"href":"https:\/\/axtarstore.com\/ru\/wp-json\/wp\/v2\/media\/8027"}],"wp:attachment":[{"href":"https:\/\/axtarstore.com\/ru\/wp-json\/wp\/v2\/media?parent=8026"}],"wp:term":[{"taxonomy":"pwb-brand","embeddable":true,"href":"https:\/\/axtarstore.com\/ru\/wp-json\/wp\/v2\/pwb-brand?post=8026"},{"taxonomy":"product_cat","embeddable":true,"href":"https:\/\/axtarstore.com\/ru\/wp-json\/wp\/v2\/product_cat?post=8026"},{"taxonomy":"product_tag","embeddable":true,"href":"https:\/\/axtarstore.com\/ru\/wp-json\/wp\/v2\/product_tag?post=8026"}],"curies":[{"name":"wp","href":"https:\/\/api.w.org\/{rel}","templated":true}]}}