{"id":8020,"date":"2024-12-18T23:47:14","date_gmt":"2024-12-18T19:47:14","guid":{"rendered":"https:\/\/axtarstore.com\/?post_type=product&#038;p=8020"},"modified":"2024-12-18T23:47:14","modified_gmt":"2024-12-18T19:47:14","slug":"disaar-beauty-hair-shampoo-anti-hair-loss-hair-growth-ginger-extract-regrowth-repair-clean-scalp-regeneration-plant-dye-herbal-treatment","status":"publish","type":"product","link":"https:\/\/axtarstore.com\/ru\/product\/disaar-beauty-hair-shampoo-anti-hair-loss-hair-growth-ginger-extract-regrowth-repair-clean-scalp-regeneration-plant-dye-herbal-treatment\/","title":{"rendered":"DISAAR BEAUTY Hair Shampoo Anti-Hair Loss Hair Growth Ginger Extract Regrowth Repair Clean Scalp Regeneration Plant Dye Herbal Treatment"},"content":{"rendered":"<p>X\u00fcsusiyy\u0259tl\u0259r:<\/p>\n<p>M\u00fcxt\u0259lif ekstraktlar\u0131n mahiyy\u0259ti v\u0259 qidaland\u0131r\u0131c\u0131 kompozisiyalarla z\u0259ngin oldu\u011fu \u00fc\u00e7\u00fcn ba\u015f d\u0259risini d\u0259rind\u0259n t\u0259mizl\u0259y\u0259 bilir.<br \/>\nEyni zamanda sa\u00e7 k\u00f6kl\u0259rin\u0259 n\u00fcfuz ed\u0259r\u0259k onu t\u0259mir ed\u0259c\u0259k, sa\u00e7\u0131n b\u0259rpas\u0131 funksiyas\u0131n\u0131 aktivl\u0259\u015fdir\u0259c\u0259k v\u0259 m\u00fcxt\u0259lif sa\u00e7 probleml\u0259rini yax\u015f\u0131la\u015fd\u0131racaq, bel\u0259likl\u0259 sa\u00e7lar\u0131n\u0131z\u0131 qara v\u0259 gur g\u00f6rs\u0259n\u0259c\u0259k.<br \/>\n\u0130stiqam\u0259t: \u015eampunu n\u0259m yuyulmu\u015f sa\u00e7lar\u0131n\u0131za yax\u015f\u0131ca \u00e7\u0259kin. T\u0259miz suyu yuyun, d\u0259smal il\u0259 qurudun.<\/p>","protected":false},"excerpt":{"rendered":"<p>X\u00fcsusiyy\u0259tl\u0259r: M\u00fcxt\u0259lif ekstraktlar\u0131n mahiyy\u0259ti v\u0259 qidaland\u0131r\u0131c\u0131 kompozisiyalarla z\u0259ngin oldu\u011fu \u00fc\u00e7\u00fcn ba\u015f d\u0259risini d\u0259rind\u0259n t\u0259mizl\u0259y\u0259 bilir. Eyni zamanda sa\u00e7 k\u00f6kl\u0259rin\u0259 n\u00fcfuz ed\u0259r\u0259k onu t\u0259mir ed\u0259c\u0259k, sa\u00e7\u0131n b\u0259rpas\u0131 funksiyas\u0131n\u0131 aktivl\u0259\u015fdir\u0259c\u0259k v\u0259 m\u00fcxt\u0259lif sa\u00e7 probleml\u0259rini yax\u015f\u0131la\u015fd\u0131racaq, bel\u0259likl\u0259 sa\u00e7lar\u0131n\u0131z\u0131 qara v\u0259 gur g\u00f6rs\u0259n\u0259c\u0259k. \u0130stiqam\u0259t: \u015eampunu n\u0259m yuyulmu\u015f sa\u00e7lar\u0131n\u0131za yax\u015f\u0131ca \u00e7\u0259kin. T\u0259miz suyu yuyun, d\u0259smal il\u0259 qurudun.<\/p>","protected":false},"featured_media":8021,"comment_status":"open","ping_status":"closed","template":"","meta":[],"pwb-brand":[172],"product_cat":[126,133],"product_tag":[306,308,301,310,381],"class_list":{"0":"post-8020","1":"product","2":"type-product","3":"status-publish","4":"has-post-thumbnail","6":"pwb-brand-disar","7":"product_cat-haircare","8":"product_cat-shampoo","9":"product_tag-antihairloss","10":"product_tag-haircare","11":"product_tag-hairfallsolution","12":"product_tag-hairregrowth","13":"product_tag-shampoo","14":"pa_size-200ml","17":"instock","18":"shipping-taxable","19":"purchasable","20":"product-type-simple"},"brands":[{"id":172,"name":"Disar","slug":"disar"}],"_links":{"self":[{"href":"https:\/\/axtarstore.com\/ru\/wp-json\/wp\/v2\/product\/8020"}],"collection":[{"href":"https:\/\/axtarstore.com\/ru\/wp-json\/wp\/v2\/product"}],"about":[{"href":"https:\/\/axtarstore.com\/ru\/wp-json\/wp\/v2\/types\/product"}],"replies":[{"embeddable":true,"href":"https:\/\/axtarstore.com\/ru\/wp-json\/wp\/v2\/comments?post=8020"}],"version-history":[{"count":1,"href":"https:\/\/axtarstore.com\/ru\/wp-json\/wp\/v2\/product\/8020\/revisions"}],"predecessor-version":[{"id":8025,"href":"https:\/\/axtarstore.com\/ru\/wp-json\/wp\/v2\/product\/8020\/revisions\/8025"}],"wp:featuredmedia":[{"embeddable":true,"href":"https:\/\/axtarstore.com\/ru\/wp-json\/wp\/v2\/media\/8021"}],"wp:attachment":[{"href":"https:\/\/axtarstore.com\/ru\/wp-json\/wp\/v2\/media?parent=8020"}],"wp:term":[{"taxonomy":"pwb-brand","embeddable":true,"href":"https:\/\/axtarstore.com\/ru\/wp-json\/wp\/v2\/pwb-brand?post=8020"},{"taxonomy":"product_cat","embeddable":true,"href":"https:\/\/axtarstore.com\/ru\/wp-json\/wp\/v2\/product_cat?post=8020"},{"taxonomy":"product_tag","embeddable":true,"href":"https:\/\/axtarstore.com\/ru\/wp-json\/wp\/v2\/product_tag?post=8020"}],"curies":[{"name":"wp","href":"https:\/\/api.w.org\/{rel}","templated":true}]}}