{"id":8012,"date":"2024-12-18T23:42:00","date_gmt":"2024-12-18T19:42:00","guid":{"rendered":"https:\/\/axtarstore.com\/?post_type=product&#038;p=8012"},"modified":"2026-04-30T00:11:50","modified_gmt":"2026-04-29T20:11:50","slug":"saqqal-sampunu","status":"publish","type":"product","link":"https:\/\/axtarstore.com\/ru\/product\/saqqal-sampunu\/","title":{"rendered":"AICHUN BEAUTY Beard Hair Growth Shampoo Regeneration Repair and Activation Pure Natural Nutrients Rich in Vitamins Essence"},"content":{"rendered":"<h3 data-section-id=\"bug1nx\" data-start=\"365\" data-end=\"378\">Problem<\/h3>\n<p data-start=\"379\" data-end=\"573\">Saqqal bax\u0131m\u0131 d\u00fczg\u00fcn apar\u0131lmad\u0131qda bir s\u0131ra probleml\u0259r ortaya \u00e7\u0131x\u0131r. G\u00fcnd\u0259lik toz, kir v\u0259 ya\u011f qal\u0131qlar\u0131 saqqalda toplanaraq h\u0259m g\u00f6r\u00fcn\u00fc\u015f\u00fc pisl\u0259\u015fdirir, h\u0259m d\u0259 d\u0259ri probleml\u0259rin\u0259 s\u0259b\u0259b ola bil\u0259r.<\/p>\n<p data-start=\"575\" data-end=\"805\">Adi sa\u00e7 \u015fampunlar\u0131n\u0131n saqqal \u00fc\u00e7\u00fcn istifad\u0259 olunmas\u0131 is\u0259 h\u0259r zaman do\u011fru se\u00e7im deyil. Bu m\u0259hsullar saqqal d\u0259risi \u00fc\u00e7\u00fcn uy\u011fun olmayan t\u0259rkib\u0259 malik ola bil\u0259r v\u0259 n\u0259tic\u0259d\u0259 quruluq, qa\u015f\u0131nma v\u0259 h\u0259tta k\u0259p\u0259k kimi probleml\u0259r yarana bil\u0259r.<\/p>\n<p data-start=\"807\" data-end=\"1071\">Bundan \u0259lav\u0259, z\u0259if qulluq edil\u0259n saqqal zamanla s\u0259rtl\u0259\u015fir, nizams\u0131z g\u00f6r\u00fcn\u00fcr v\u0259 uzanma prosesi z\u0259ifl\u0259yir. Saqqal\u0131n qeyri-b\u0259rab\u0259r \u00e7\u0131xmas\u0131 v\u0259 bo\u015fluqlar\u0131n yaranmas\u0131 da geni\u015f yay\u0131lm\u0131\u015f probleml\u0259rd\u0259ndir. Bu is\u0259 \u00fcmumi g\u00f6r\u00fcn\u00fc\u015f\u0259 m\u0259nfi t\u0259sir edir v\u0259 bax\u0131ms\u0131z t\u0259sir yarad\u0131r.<\/p>\n<h3 data-section-id=\"ds6axj\" data-start=\"1073\" data-end=\"1083\">H\u0259ll<\/h3>\n<p data-start=\"1084\" data-end=\"1292\">Saqqal \u015fampunu x\u00fcsusi olaraq saqqal v\u0259 onun alt\u0131ndak\u0131 d\u0259rinin ehtiyaclar\u0131n\u0131 n\u0259z\u0259r\u0259 alaraq haz\u0131rlanm\u0131\u015fd\u0131r. M\u0259hsul saqqal\u0131 d\u0259rind\u0259n t\u0259mizl\u0259yir, y\u0131\u011f\u0131lan kir v\u0259 ya\u011f qal\u0131qlar\u0131n\u0131 effektiv \u015f\u0259kild\u0259 aradan qald\u0131r\u0131r.<\/p>\n<p data-start=\"1294\" data-end=\"1529\">Formulas\u0131 saqqal k\u00f6kl\u0259rin\u0259 t\u0259sir ed\u0259r\u0259k onlar\u0131n daha sa\u011flam v\u0259 g\u00fccl\u00fc olmas\u0131na d\u0259st\u0259k verir. Bu is\u0259 saqqal\u0131n daha b\u0259rab\u0259r v\u0259 s\u0131x uzanmas\u0131na k\u00f6m\u0259k edir. M\u00fcnt\u0259z\u0259m istifad\u0259 zaman\u0131 saqqal\u0131n teksturas\u0131 yax\u015f\u0131la\u015f\u0131r v\u0259 daha yum\u015faq hala g\u0259lir.<\/p>\n<p data-start=\"1531\" data-end=\"1728\">Saqqal \u015fampunu h\u0259m\u00e7inin d\u0259rini n\u0259ml\u0259ndirm\u0259y\u0259 k\u00f6m\u0259k edir. Bu x\u00fcsusiyy\u0259t qurulu\u011fun qar\u015f\u0131s\u0131n\u0131 al\u0131r v\u0259 qa\u015f\u0131nma hissini minimuma endirir. N\u0259tic\u0259d\u0259 istifad\u0259 zaman\u0131 daha rahat v\u0259 komfortlu hiss yaran\u0131r.<\/p>\n<p data-start=\"1730\" data-end=\"1902\">M\u0259hsulun dig\u0259r \u00fcst\u00fcnl\u00fcy\u00fc onun g\u00fcnd\u0259lik istifad\u0259y\u0259 uy\u011fun olmas\u0131d\u0131r. Y\u00fcng\u00fcl v\u0259 balansla\u015fd\u0131r\u0131lm\u0131\u015f t\u0259rkibi say\u0259sind\u0259 saqqal\u0131 a\u011f\u0131rla\u015fd\u0131rm\u0131r v\u0259 t\u0259miz, t\u0259rav\u0259tli hiss b\u0259x\u015f edir.<\/p>\n<h3 data-section-id=\"yu5g6\" data-start=\"1904\" data-end=\"1916\">N\u0259tic\u0259<\/h3>\n<p data-start=\"1917\" data-end=\"2105\">M\u00fcnt\u0259z\u0259m istifad\u0259 n\u0259tic\u0259sind\u0259 saqqal daha t\u0259miz, daha yum\u015faq v\u0259 daha bax\u0131ml\u0131 g\u00f6r\u00fcn\u00fcr. Saqqal k\u00f6kl\u0259rinin g\u00fccl\u0259nm\u0259si n\u0259tic\u0259sind\u0259 uzanma prosesi d\u0259st\u0259kl\u0259nir v\u0259 daha s\u0131x g\u00f6r\u00fcn\u00fc\u015f \u0259ld\u0259 olunur.<\/p>\n<p data-start=\"2107\" data-end=\"2294\">Saqqal\u0131n nizama d\u00fc\u015fm\u0259si v\u0259 t\u0259rav\u0259tli g\u00f6r\u00fcnm\u0259si \u00fcmumi imici yax\u015f\u0131la\u015fd\u0131r\u0131r v\u0259 daha s\u0259liq\u0259li g\u00f6r\u00fcn\u00fc\u015f yarad\u0131r. Eyni zamanda d\u0259rinin sa\u011flam v\u0259ziyy\u0259td\u0259 qalmas\u0131 uzunm\u00fcdd\u0259tli bax\u0131m\u0131 t\u0259min edir.<\/p>\n<hr data-start=\"2296\" data-end=\"2299\" \/>\n<h2 data-section-id=\"13bxdr4\" data-start=\"2301\" data-end=\"2332\">Niy\u0259 bu m\u0259hsulu almal\u0131yam?<\/h2>\n<ul data-start=\"2333\" data-end=\"2566\">\n<li data-section-id=\"19fimvt\" data-start=\"2333\" data-end=\"2364\">Saqqal\u0131 d\u0259rind\u0259n t\u0259mizl\u0259yir<\/li>\n<li data-section-id=\"kzvyig\" data-start=\"2365\" data-end=\"2410\">Saqqal k\u00f6kl\u0259rini g\u00fccl\u0259ndirm\u0259y\u0259 k\u00f6m\u0259k edir<\/li>\n<li data-section-id=\"78a7gd\" data-start=\"2411\" data-end=\"2448\">Saqqal\u0131 yum\u015fald\u0131r v\u0259 bax\u0131ml\u0131 edir<\/li>\n<li data-section-id=\"rzck1m\" data-start=\"2449\" data-end=\"2488\">Qa\u015f\u0131nma v\u0259 qurulu\u011fun qar\u015f\u0131s\u0131n\u0131 al\u0131r<\/li>\n<li data-section-id=\"phchaq\" data-start=\"2489\" data-end=\"2521\">G\u00fcnd\u0259lik istifad\u0259 \u00fc\u00e7\u00fcn uy\u011fun<\/li>\n<li data-section-id=\"td46yu\" data-start=\"2522\" data-end=\"2566\">Daha s\u0259liq\u0259li v\u0259 estetik g\u00f6r\u00fcn\u00fc\u015f yarad\u0131r<\/li>\n<\/ul>\n<hr data-start=\"2568\" data-end=\"2571\" \/>\n<h2 data-section-id=\"1pqkssv\" data-start=\"2573\" data-end=\"2594\">\u0130stifad\u0259 qaydas\u0131<\/h2>\n<p data-start=\"2595\" data-end=\"2742\">Saqqal\u0131 il\u0131q su il\u0259 islad\u0131n. Az miqdarda \u015fampunu saqqala t\u0259tbiq edib y\u00fcng\u00fcl masajla k\u00f6p\u00fckl\u0259ndirin. 1-2 d\u0259qiq\u0259 saxlad\u0131qdan sonra bol su il\u0259 yuyun.<\/p>\n<h2 data-section-id=\"1a9lnrg\" data-start=\"2903\" data-end=\"2912\">Qeyd<\/h2>\n<p data-start=\"2913\" data-end=\"3038\" data-is-last-node=\"\" data-is-only-node=\"\">Yaln\u0131z xarici istifad\u0259 \u00fc\u00e7\u00fcnd\u00fcr. G\u00f6zl\u0259 t\u0259masdan \u00e7\u0259kinin. H\u0259ssasl\u0131q yarand\u0131qda istifad\u0259ni dayand\u0131r\u0131n. U\u015faqlardan uzaq saxlay\u0131n.<\/p>","protected":false},"excerpt":{"rendered":"<p>Saqqal \u015fampunu saqqal\u0131 t\u0259mizl\u0259yir, yum\u015fald\u0131r v\u0259 daha sa\u011flam, bax\u0131ml\u0131 saqqal g\u00f6r\u00fcn\u00fc\u015f\u00fc \u0259ld\u0259 etm\u0259y\u0259 k\u00f6m\u0259k edir.<\/p>","protected":false},"featured_media":8014,"comment_status":"open","ping_status":"closed","template":"","meta":[],"pwb-brand":[173],"product_cat":[132,217,229],"product_tag":[347],"class_list":{"0":"post-8012","1":"product","2":"type-product","3":"status-publish","4":"has-post-thumbnail","6":"pwb-brand-aichun-beauty","7":"product_cat-kisi-baxim","8":"product_cat-kisi-mhsullari","9":"product_cat-kisi-uz-yuma","10":"product_tag-beard-care","11":"pa_size-100ml","14":"instock","15":"sale","16":"shipping-taxable","17":"purchasable","18":"product-type-simple"},"brands":[{"id":173,"name":"Aichun Beauty","slug":"aichun-beauty"}],"_links":{"self":[{"href":"https:\/\/axtarstore.com\/ru\/wp-json\/wp\/v2\/product\/8012"}],"collection":[{"href":"https:\/\/axtarstore.com\/ru\/wp-json\/wp\/v2\/product"}],"about":[{"href":"https:\/\/axtarstore.com\/ru\/wp-json\/wp\/v2\/types\/product"}],"replies":[{"embeddable":true,"href":"https:\/\/axtarstore.com\/ru\/wp-json\/wp\/v2\/comments?post=8012"}],"version-history":[{"count":4,"href":"https:\/\/axtarstore.com\/ru\/wp-json\/wp\/v2\/product\/8012\/revisions"}],"predecessor-version":[{"id":11434,"href":"https:\/\/axtarstore.com\/ru\/wp-json\/wp\/v2\/product\/8012\/revisions\/11434"}],"wp:featuredmedia":[{"embeddable":true,"href":"https:\/\/axtarstore.com\/ru\/wp-json\/wp\/v2\/media\/8014"}],"wp:attachment":[{"href":"https:\/\/axtarstore.com\/ru\/wp-json\/wp\/v2\/media?parent=8012"}],"wp:term":[{"taxonomy":"pwb-brand","embeddable":true,"href":"https:\/\/axtarstore.com\/ru\/wp-json\/wp\/v2\/pwb-brand?post=8012"},{"taxonomy":"product_cat","embeddable":true,"href":"https:\/\/axtarstore.com\/ru\/wp-json\/wp\/v2\/product_cat?post=8012"},{"taxonomy":"product_tag","embeddable":true,"href":"https:\/\/axtarstore.com\/ru\/wp-json\/wp\/v2\/product_tag?post=8012"}],"curies":[{"name":"wp","href":"https:\/\/api.w.org\/{rel}","templated":true}]}}