{"id":8002,"date":"2024-12-18T23:10:56","date_gmt":"2024-12-18T19:10:56","guid":{"rendered":"https:\/\/axtarstore.com\/?post_type=product&#038;p=8002"},"modified":"2024-12-18T23:10:56","modified_gmt":"2024-12-18T19:10:56","slug":"disaar-beauty-spf-90-sunscreen-instant-protection-uva-uvb-foundation-pa-oil-free-sunblock-cover-protect-perfectly-moisturizing-coverage-surge","status":"publish","type":"product","link":"https:\/\/axtarstore.com\/ru\/product\/disaar-beauty-spf-90-sunscreen-instant-protection-uva-uvb-foundation-pa-oil-free-sunblock-cover-protect-perfectly-moisturizing-coverage-surge\/","title":{"rendered":"DISAAR BEAUTY SPF 90 Sunscreen Instant Protection UVA UVB Foundation PA+++ Oil Free Sunblock Cover Protect Perfectly Moisturizing Coverage Surge"},"content":{"rendered":"<p>X\u00fcsusiyy\u0259tl\u0259r:<\/p>\n<p>DISAAR SPF90+G\u00fcn\u0259\u015fd\u0259n Qoruyucu Bronz Tonal Krem PA+++ Ya\u011fs\u0131z G\u00fcn\u0259\u015fd\u0259n Qoruyucu Qoruyucu 40q<br \/>\nT\u0259rav\u0259tl\u0259ndirici formula y\u00fcng\u00fcl, nazik v\u0259 t\u0259bii teksturaya malikdir v\u0259 m\u0259sam\u0259l\u0259ri t\u0131xanmadan d\u0259ri t\u0259r\u0259find\u0259n s\u00fcr\u0259tl\u0259 \u0259milir.<br \/>\nBitki ekstraktlar\u0131 v\u0259 antioksidantla z\u0259nginl\u0259\u015fdirilmi\u015f bu subblok unikald\u0131r.<br \/>\nUV qoruyucu element, UVA\/UVB z\u0259d\u0259l\u0259nm\u0259sinin qar\u015f\u0131s\u0131n\u0131 almaq \u00fc\u00e7\u00fcn d\u0259ri s\u0259thind\u0259 s\u0131x qoruyucu \u015f\u0259b\u0259k\u0259 yarad\u0131r, s\u0259rb\u0259st radikallar\u0131n qar\u015f\u0131s\u0131n\u0131 al\u0131r, d\u0259rinin m\u00fcdafi\u0259 qabiliyy\u0259tini art\u0131r\u0131r, h\u00fcceyr\u0259l\u0259ri \u0259zizl\u0259yir, elastikliyini art\u0131r\u0131r v\u0259 q\u0131r\u0131\u015flar\u0131n v\u0259 inc\u0259 x\u0259ttl\u0259rin qar\u015f\u0131s\u0131n\u0131 al\u0131r.<br \/>\nUzun m\u00fcdd\u0259t s\u00fcr\u0259tli t\u0259sir.<\/p>\n<p>&nbsp;<\/p>","protected":false},"excerpt":{"rendered":"<p>X\u00fcsusiyy\u0259tl\u0259r: DISAAR SPF90+G\u00fcn\u0259\u015fd\u0259n Qoruyucu Bronz Tonal Krem PA+++ Ya\u011fs\u0131z G\u00fcn\u0259\u015fd\u0259n Qoruyucu Qoruyucu 40q T\u0259rav\u0259tl\u0259ndirici formula y\u00fcng\u00fcl, nazik v\u0259 t\u0259bii teksturaya malikdir v\u0259 m\u0259sam\u0259l\u0259ri t\u0131xanmadan d\u0259ri t\u0259r\u0259find\u0259n s\u00fcr\u0259tl\u0259 \u0259milir. Bitki ekstraktlar\u0131 v\u0259 antioksidantla z\u0259nginl\u0259\u015fdirilmi\u015f bu subblok unikald\u0131r. UV qoruyucu element, UVA\/UVB z\u0259d\u0259l\u0259nm\u0259sinin qar\u015f\u0131s\u0131n\u0131 almaq \u00fc\u00e7\u00fcn d\u0259ri s\u0259thind\u0259 s\u0131x qoruyucu \u015f\u0259b\u0259k\u0259 yarad\u0131r, s\u0259rb\u0259st radikallar\u0131n qar\u015f\u0131s\u0131n\u0131 al\u0131r, d\u0259rinin &hellip; <a href=\"https:\/\/axtarstore.com\/ru\/product\/disaar-beauty-spf-90-sunscreen-instant-protection-uva-uvb-foundation-pa-oil-free-sunblock-cover-protect-perfectly-moisturizing-coverage-surge\/\" class=\"more-link\">Continue reading <span class=\"screen-reader-text\">DISAAR BEAUTY SPF 90 Sunscreen Instant Protection UVA UVB Foundation PA+++ Oil Free Sunblock Cover Protect Perfectly Moisturizing Coverage Surge<\/span><\/a><\/p>","protected":false},"featured_media":8003,"comment_status":"open","ping_status":"closed","template":"","meta":[],"pwb-brand":[172],"product_cat":[129,151,127],"product_tag":[300,293,365,364],"class_list":{"0":"post-8002","1":"product","2":"type-product","3":"status-publish","4":"has-post-thumbnail","6":"pwb-brand-disar","7":"product_cat-beden-baximi","8":"product_cat-sun-block-cream","9":"product_cat-face-care","10":"product_tag-bodycare","11":"product_tag-facecare","12":"product_tag-spf","13":"product_tag-sun-block","14":"pa_size-40grm","17":"instock","18":"shipping-taxable","19":"purchasable","20":"product-type-simple"},"brands":[{"id":172,"name":"Disar","slug":"disar"}],"_links":{"self":[{"href":"https:\/\/axtarstore.com\/ru\/wp-json\/wp\/v2\/product\/8002"}],"collection":[{"href":"https:\/\/axtarstore.com\/ru\/wp-json\/wp\/v2\/product"}],"about":[{"href":"https:\/\/axtarstore.com\/ru\/wp-json\/wp\/v2\/types\/product"}],"replies":[{"embeddable":true,"href":"https:\/\/axtarstore.com\/ru\/wp-json\/wp\/v2\/comments?post=8002"}],"version-history":[{"count":1,"href":"https:\/\/axtarstore.com\/ru\/wp-json\/wp\/v2\/product\/8002\/revisions"}],"predecessor-version":[{"id":8011,"href":"https:\/\/axtarstore.com\/ru\/wp-json\/wp\/v2\/product\/8002\/revisions\/8011"}],"wp:featuredmedia":[{"embeddable":true,"href":"https:\/\/axtarstore.com\/ru\/wp-json\/wp\/v2\/media\/8003"}],"wp:attachment":[{"href":"https:\/\/axtarstore.com\/ru\/wp-json\/wp\/v2\/media?parent=8002"}],"wp:term":[{"taxonomy":"pwb-brand","embeddable":true,"href":"https:\/\/axtarstore.com\/ru\/wp-json\/wp\/v2\/pwb-brand?post=8002"},{"taxonomy":"product_cat","embeddable":true,"href":"https:\/\/axtarstore.com\/ru\/wp-json\/wp\/v2\/product_cat?post=8002"},{"taxonomy":"product_tag","embeddable":true,"href":"https:\/\/axtarstore.com\/ru\/wp-json\/wp\/v2\/product_tag?post=8002"}],"curies":[{"name":"wp","href":"https:\/\/api.w.org\/{rel}","templated":true}]}}