{"id":7991,"date":"2024-12-18T22:47:24","date_gmt":"2024-12-18T18:47:24","guid":{"rendered":"https:\/\/axtarstore.com\/?post_type=product&#038;p=7991"},"modified":"2026-04-30T00:19:17","modified_gmt":"2026-04-29T20:19:17","slug":"disaar-spf60-90-gunes-kremi","status":"publish","type":"product","link":"https:\/\/axtarstore.com\/ru\/product\/disaar-spf60-90-gunes-kremi\/","title":{"rendered":"DISAAR Refreshning Sunblock Very High Protection UVB + UVA 60-90 Sunscreen"},"content":{"rendered":"<h3 data-section-id=\"bug1nx\" data-start=\"395\" data-end=\"408\">Problem<\/h3>\n<p data-start=\"409\" data-end=\"701\">G\u00fcn\u0259\u015f \u015f\u00fcalar\u0131 d\u0259rinin \u0259n b\u00f6y\u00fck xarici risk faktorlar\u0131ndan biridir. UVA v\u0259 UVB \u015f\u00fcalar\u0131n\u0131n t\u0259siri n\u0259tic\u0259sind\u0259 d\u0259rid\u0259 yan\u0131q, quruluq, piqment l\u0259k\u0259l\u0259ri v\u0259 erk\u0259n qocalma \u0259lam\u0259tl\u0259ri meydana g\u0259l\u0259 bil\u0259r. X\u00fcsusil\u0259 yay aylar\u0131nda v\u0259 a\u00e7\u0131q havada \u00e7ox vaxt ke\u00e7ir\u0259n \u015f\u0259xsl\u0259r \u00fc\u00e7\u00fcn bu t\u0259sir daha da g\u00fccl\u0259nir.<\/p>\n<p data-start=\"703\" data-end=\"990\">Bir \u00e7ox istifad\u0259\u00e7i g\u00fcn\u0259\u015f kreml\u0259rind\u0259n istifad\u0259 ets\u0259 d\u0259, uy\u011fun SPF s\u0259viyy\u0259si se\u00e7ilm\u0259dikd\u0259 v\u0259 ya m\u0259hsul d\u0259rid\u0259 narahatl\u0131q yaratd\u0131qda ist\u0259nil\u0259n n\u0259tic\u0259 \u0259ld\u0259 olunmur. B\u0259zi g\u00fcn\u0259\u015f kreml\u0259ri a\u011f\u0131r teksturaya malik olur, d\u0259rid\u0259 yap\u0131\u015fqanl\u0131q hissi yarad\u0131r v\u0259 g\u00fcnd\u0259lik istifad\u0259 \u00fc\u00e7\u00fcn \u0259lveri\u015fli olmur.<\/p>\n<p data-start=\"992\" data-end=\"1221\">Dig\u0259r t\u0259r\u0259fd\u0259n, d\u0259rinin h\u0259m qorunmas\u0131, h\u0259m d\u0259 n\u0259ml\u0259ndirilm\u0259si eyni anda t\u0259min olunmad\u0131qda d\u0259ri balans\u0131 pozula bil\u0259r. Bu s\u0259b\u0259bd\u0259n istifad\u0259\u00e7il\u0259r h\u0259m effektiv qoruma, h\u0259m d\u0259 rahat istifad\u0259 t\u0259qdim ed\u0259n m\u0259hsullara \u00fcst\u00fcnl\u00fck verirl\u0259r.<\/p>\n<h3 data-section-id=\"ds6axj\" data-start=\"1223\" data-end=\"1233\">H\u0259ll<\/h3>\n<p data-start=\"1234\" data-end=\"1475\">Disaar SPF 60\/90 Refreshing Sunblock g\u00fcn\u0259\u015f kremi d\u0259rini g\u00fcn\u0259\u015fin z\u0259r\u0259rli UVA v\u0259 UVB \u015f\u00fcalar\u0131ndan qorumaq \u00fc\u00e7\u00fcn haz\u0131rlanm\u0131\u015f y\u00fcks\u0259k qoruyucu formulaya malikdir. SPF 60\/90 s\u0259viyy\u0259si g\u00fcn\u0259\u015f \u015f\u00fcalar\u0131n\u0131n d\u0259riy\u0259 t\u0259sirini minimuma endirm\u0259y\u0259 k\u00f6m\u0259k edir.<\/p>\n<p data-start=\"1477\" data-end=\"1666\">M\u0259hsulun y\u00fcng\u00fcl v\u0259 refreshing (t\u0259rav\u0259tl\u0259ndirici) teksturas\u0131 d\u0259rid\u0259 a\u011f\u0131rl\u0131q yaratmadan tez hopur. Bu x\u00fcsusiyy\u0259t onu g\u00fcnd\u0259lik istifad\u0259 \u00fc\u00e7\u00fcn uy\u011fun edir v\u0259 g\u00fcn boyu rahatl\u0131q hissi t\u0259min edir.<\/p>\n<p data-start=\"1668\" data-end=\"1888\">Disaar g\u00fcn\u0259\u015f kremi yaln\u0131z qoruma il\u0259 kifay\u0259tl\u0259nmir, eyni zamanda d\u0259rinin n\u0259ml\u0259nm\u0259sin\u0259 d\u0259st\u0259k verir. Bu is\u0259 g\u00fcn\u0259\u015f \u015f\u00fcalar\u0131n\u0131n yaratd\u0131\u011f\u0131 qurulu\u011fun qar\u015f\u0131s\u0131n\u0131 alma\u011fa k\u00f6m\u0259k edir v\u0259 d\u0259rinin daha sa\u011flam g\u00f6r\u00fcnm\u0259sini t\u0259min edir.<\/p>\n<p data-start=\"1890\" data-end=\"2076\">M\u0259hsul piqment l\u0259k\u0259l\u0259rinin yaranmas\u0131n\u0131n qar\u015f\u0131s\u0131n\u0131 alma\u011fa k\u00f6m\u0259k ed\u0259n qoruyucu t\u0259sir\u0259 malikdir. M\u00fcnt\u0259z\u0259m istifad\u0259 zaman\u0131 d\u0259ri tonu daha b\u0259rab\u0259r g\u00f6r\u00fcn\u00fcr v\u0259 g\u00fcn\u0259\u015fin m\u0259nfi t\u0259sirl\u0259ri azal\u0131r.<\/p>\n<p data-start=\"2078\" data-end=\"2258\">Onun praktik qabla\u015fd\u0131rmas\u0131 v\u0259 istifad\u0259si is\u0259 g\u00fcnd\u0259lik d\u0259ri bax\u0131m rutinind\u0259 rahatl\u0131q yarad\u0131r. H\u0259m \u015f\u0259h\u0259r \u015f\u0259raitind\u0259, h\u0259m d\u0259 a\u00e7\u0131q hava f\u0259aliyy\u0259tl\u0259rind\u0259 istifad\u0259 \u00fc\u00e7\u00fcn uy\u011fun se\u00e7imdir.<\/p>\n<h3 data-section-id=\"yu5g6\" data-start=\"2260\" data-end=\"2272\">N\u0259tic\u0259<\/h3>\n<p data-start=\"2273\" data-end=\"2454\">M\u00fcnt\u0259z\u0259m istifad\u0259 n\u0259tic\u0259sind\u0259 d\u0259ri g\u00fcn\u0259\u015f \u015f\u00fcalar\u0131n\u0131n z\u0259r\u0259rli t\u0259sirind\u0259n qorunur, yan\u0131q v\u0259 l\u0259k\u0259 riski azal\u0131r. D\u0259rinin n\u0259ml\u0259nm\u0259si say\u0259sind\u0259 daha yum\u015faq v\u0259 sa\u011flam g\u00f6r\u00fcn\u00fc\u015f \u0259ld\u0259 olunur.<\/p>\n<p data-start=\"2456\" data-end=\"2583\">Y\u00fcng\u00fcl tekstura v\u0259 tez hopma x\u00fcsusiyy\u0259ti istifad\u0259\u00e7iy\u0259 komfortlu t\u0259cr\u00fcb\u0259 t\u0259qdim edir. D\u0259ri g\u00fcn boyu qorunmu\u015f v\u0259 bax\u0131ml\u0131 qal\u0131r.<\/p>\n<hr data-start=\"2585\" data-end=\"2588\" \/>\n<h2 data-section-id=\"13bxdr4\" data-start=\"2590\" data-end=\"2621\">Niy\u0259 bu m\u0259hsulu almal\u0131yam?<\/h2>\n<ul data-start=\"2622\" data-end=\"2868\">\n<li data-section-id=\"1xf2fui\" data-start=\"2622\" data-end=\"2661\">SPF 60\/90 il\u0259 y\u00fcks\u0259k g\u00fcn\u0259\u015f qorumas\u0131<\/li>\n<li data-section-id=\"k0vyfd\" data-start=\"2662\" data-end=\"2709\">UVA v\u0259 UVB \u015f\u00fcalar\u0131na qar\u015f\u0131 effektiv m\u00fcdafi\u0259<\/li>\n<li data-section-id=\"6ctf9v\" data-start=\"2710\" data-end=\"2742\">Y\u00fcng\u00fcl v\u0259 tez hopan tekstura<\/li>\n<li data-section-id=\"jmpwor\" data-start=\"2743\" data-end=\"2778\">D\u0259rini n\u0259ml\u0259ndirm\u0259y\u0259 k\u00f6m\u0259k edir<\/li>\n<li data-section-id=\"146kovd\" data-start=\"2779\" data-end=\"2835\">L\u0259k\u0259l\u0259rin yaranmas\u0131n\u0131n qar\u015f\u0131s\u0131n\u0131 alma\u011fa d\u0259st\u0259k verir<\/li>\n<li data-section-id=\"phchaq\" data-start=\"2836\" data-end=\"2868\">G\u00fcnd\u0259lik istifad\u0259 \u00fc\u00e7\u00fcn uy\u011fun<\/li>\n<\/ul>\n<hr data-start=\"2870\" data-end=\"2873\" \/>\n<h2 data-section-id=\"1pqkssv\" data-start=\"2875\" data-end=\"2896\">\u0130stifad\u0259 qaydas\u0131<\/h2>\n<p data-start=\"2897\" data-end=\"3058\">G\u00fcn\u0259\u015f\u0259 \u00e7\u0131xmadan 15-20 d\u0259qiq\u0259 \u0259vv\u0259l t\u0259miz d\u0259riy\u0259 t\u0259tbiq edin. G\u00fcn \u0259rzind\u0259, x\u00fcsusil\u0259 t\u0259rl\u0259dikd\u0259n v\u0259 ya su il\u0259 t\u0259masdan sonra yenid\u0259n t\u0259tbiq etm\u0259k t\u00f6vsiy\u0259 olunur.<\/p>\n<h2 data-section-id=\"1a9lnrg\" data-start=\"3245\" data-end=\"3254\">Qeyd<\/h2>\n<p data-start=\"3255\" data-end=\"3380\" data-is-last-node=\"\" data-is-only-node=\"\">Yaln\u0131z xarici istifad\u0259 \u00fc\u00e7\u00fcnd\u00fcr. G\u00f6zl\u0259 t\u0259masdan \u00e7\u0259kinin. H\u0259ssasl\u0131q yarand\u0131qda istifad\u0259ni dayand\u0131r\u0131n. U\u015faqlardan uzaq saxlay\u0131n.<\/p>","protected":false},"excerpt":{"rendered":"<p data-start=\"3102\" data-end=\"3238\">Disaar SPF 60\/90 g\u00fcn\u0259\u015f kremi d\u0259rini g\u00fcn\u0259\u015f \u015f\u00fcalar\u0131ndan qoruyur, n\u0259ml\u0259ndirir v\u0259 g\u00fcnd\u0259lik istifad\u0259 \u00fc\u00e7\u00fcn y\u00fcng\u00fcl, rahat formul t\u0259qdim edir.<\/p>","protected":false},"featured_media":7994,"comment_status":"open","ping_status":"closed","template":"","meta":[],"pwb-brand":[172],"product_cat":[151,127],"product_tag":[300,294,293,365,364],"class_list":{"0":"post-7991","1":"product","2":"type-product","3":"status-publish","4":"has-post-thumbnail","6":"pwb-brand-disar","7":"product_cat-sun-block-cream","8":"product_cat-face-care","9":"product_tag-bodycare","10":"product_tag-face","11":"product_tag-facecare","12":"product_tag-spf","13":"product_tag-sun-block","14":"pa_size-80grm","17":"instock","18":"shipping-taxable","19":"purchasable","20":"product-type-simple"},"brands":[{"id":172,"name":"Disar","slug":"disar"}],"_links":{"self":[{"href":"https:\/\/axtarstore.com\/ru\/wp-json\/wp\/v2\/product\/7991"}],"collection":[{"href":"https:\/\/axtarstore.com\/ru\/wp-json\/wp\/v2\/product"}],"about":[{"href":"https:\/\/axtarstore.com\/ru\/wp-json\/wp\/v2\/types\/product"}],"replies":[{"embeddable":true,"href":"https:\/\/axtarstore.com\/ru\/wp-json\/wp\/v2\/comments?post=7991"}],"version-history":[{"count":4,"href":"https:\/\/axtarstore.com\/ru\/wp-json\/wp\/v2\/product\/7991\/revisions"}],"predecessor-version":[{"id":11438,"href":"https:\/\/axtarstore.com\/ru\/wp-json\/wp\/v2\/product\/7991\/revisions\/11438"}],"wp:featuredmedia":[{"embeddable":true,"href":"https:\/\/axtarstore.com\/ru\/wp-json\/wp\/v2\/media\/7994"}],"wp:attachment":[{"href":"https:\/\/axtarstore.com\/ru\/wp-json\/wp\/v2\/media?parent=7991"}],"wp:term":[{"taxonomy":"pwb-brand","embeddable":true,"href":"https:\/\/axtarstore.com\/ru\/wp-json\/wp\/v2\/pwb-brand?post=7991"},{"taxonomy":"product_cat","embeddable":true,"href":"https:\/\/axtarstore.com\/ru\/wp-json\/wp\/v2\/product_cat?post=7991"},{"taxonomy":"product_tag","embeddable":true,"href":"https:\/\/axtarstore.com\/ru\/wp-json\/wp\/v2\/product_tag?post=7991"}],"curies":[{"name":"wp","href":"https:\/\/api.w.org\/{rel}","templated":true}]}}