{"id":7950,"date":"2024-12-18T22:11:26","date_gmt":"2024-12-18T18:11:26","guid":{"rendered":"https:\/\/axtarstore.com\/?post_type=product&#038;p=7950"},"modified":"2024-12-18T22:11:26","modified_gmt":"2024-12-18T18:11:26","slug":"aichun-beauty-pure-dark-spot-private-parts-3-day-soap-body-milk-pussy-areas","status":"publish","type":"product","link":"https:\/\/axtarstore.com\/ru\/product\/aichun-beauty-pure-dark-spot-private-parts-3-day-soap-body-milk-pussy-areas\/","title":{"rendered":"AICHUN BEAUTY Pure Dark Spot Private Parts 3 DAY Soap Body Milk Pussy Areas"},"content":{"rendered":"<p>X\u00fcsusiyy\u0259tl\u0259r:<\/p>\n<p>D\u0259rin t\u0259mizl\u0259m\u0259. D\u0259rid\u0259ki xo\u015fag\u0259lm\u0259z l\u0259k\u0259l\u0259rd\u0259n qurtulun. D\u0259rinizin h\u0259r qar\u0131\u015f\u0131 g\u00f6z\u0259l olmal\u0131d\u0131r.<br \/>\nD\u0259rid\u0259ki xo\u015fag\u0259lm\u0259z l\u0259k\u0259l\u0259rd\u0259n qurtulun. Effekt \u0259n az\u0131 3 g\u00fcn davam edir.<br \/>\nD\u0259rinizin h\u0259r qar\u0131\u015f\u0131 g\u00f6z\u0259l olmal\u0131d\u0131r. D\u0259rin t\u0259mizl\u0259m\u0259. Yum\u015faq v\u0259 z\u0259rif d\u0259ri.<br \/>\nEffekt \u0259n az\u0131 3 g\u00fcn davam edir. D\u0259riniz yax\u015f\u0131l\u0131\u011fa do\u011fru d\u0259yi\u015f\u0259c\u0259k. sabun d\u0259rinizi inan\u0131lmaz d\u0259r\u0259c\u0259d\u0259 g\u00f6z\u0259l ed\u0259c\u0259k!<br \/>\nM\u0259hsulun t\u0259rkibind\u0259 d\u0259rini t\u0259mizl\u0259y\u0259n v\u0259 d\u0259rini t\u00fcnd l\u0259k\u0259l\u0259rd\u0259n tez qurtaran, d\u0259rini n\u0259ml\u0259ndir\u0259n v\u0259 t\u0259z\u0259 qoxu ver\u0259n ekstraktlar var.<\/p>\n<p>T\u0259f\u0259rr\u00fcatlar: M\u0259hsul haqq\u0131nda: D\u0259rid\u0259ki xo\u015fag\u0259lm\u0259z l\u0259k\u0259l\u0259rd\u0259n xilas olun. D\u0259rinizin h\u0259r qar\u0131\u015f\u0131 g\u00f6z\u0259l olmal\u0131d\u0131r. Effekt \u0259n az\u0131 3 g\u00fcn davam edir. D\u0259rin t\u0259mizl\u0259m\u0259. Yum\u015faq v\u0259 z\u0259rif d\u0259ri. D\u0259riniz yax\u015f\u0131l\u0131\u011fa do\u011fru d\u0259yi\u015f\u0259c\u0259k. sabun d\u0259rinizi inan\u0131lmaz d\u0259r\u0259c\u0259d\u0259 g\u00f6z\u0259l ed\u0259c\u0259k! Boyun. Ayaqlar. Ayaqlar. Geri. Silahlar. M\u0259hsul haqq\u0131nda m\u0259lumat: D\u0259rinizin g\u00f6z\u0259lliyin\u0259 inam. M\u0259hsulun effektivliyi: M\u0259hsulun t\u0259rkibind\u0259 d\u0259rini t\u0259mizl\u0259y\u0259n v\u0259 d\u0259rini t\u00fcnd l\u0259k\u0259l\u0259rd\u0259n tez qurtaran, d\u0259rini n\u0259ml\u0259ndir\u0259n v\u0259 t\u0259z\u0259 qoxu ver\u0259n ekstraktlar var. M\u0259hsul d\u0259rini yum\u015faq bir \u015f\u0259kild\u0259 t\u0259mizl\u0259yir. \u0130stifad\u0259 qaydas\u0131: M\u0259hsulu g\u00f6t\u00fcr\u00fcn, bir az su \u0259lav\u0259 edin v\u0259 k\u00f6p\u00fck haz\u0131rlay\u0131n, sonra b\u0259d\u0259n v\u0259 \u00fcz d\u0259risini k\u00f6p\u00fckl\u0259 yum\u015faq bir \u015f\u0259kild\u0259 masaj edin, su il\u0259 yuyun. D\u0259rini t\u00fcnd l\u0259k\u0259l\u0259rd\u0259n v\u0259 piqmentasiyadan t\u0259mizl\u0259m\u0259y\u0259 k\u00f6m\u0259k edir, h\u0259m\u00e7inin d\u0259rini \u00f6l\u00fc h\u00fcceyr\u0259l\u0259rd\u0259n v\u0259 kird\u0259n t\u0259mizl\u0259yir. M\u0259hsulun t\u0259rkibind\u0259 t\u0259bii ekstraktlar var, d\u0259rinin m\u0259sam\u0259l\u0259rini effektiv \u015f\u0259kild\u0259 azald\u0131r v\u0259 d\u0259rini yum\u015fald\u0131r, mat d\u0259ri r\u0259nginin yaranmas\u0131n\u0131n qar\u015f\u0131s\u0131n\u0131 al\u0131r. Effektiv \u015f\u0259kild\u0259 ona g\u00f6z\u0259l bir k\u00f6lg\u0259 verir, d\u0259rini yum\u015faq v\u0259 elastik edir. Gizli silah\u0131n\u0131z g\u00f6z\u0259l d\u0259riniz\u0259 inamd\u0131r. Qoltuqalt\u0131lar: Do\u011fu\u015fdan v\u0259 m\u00fcnt\u0259z\u0259m t\u0259ra\u015fdan sonra qoltuqalt\u0131 d\u0259ri r\u0259ngi qaral\u0131r. Dirs\u0259kl\u0259r: Dirs\u0259kl\u0259rin d\u0259risi zamanla kobud v\u0259 qaral\u0131r. Dizl\u0259r: Dizl\u0259rin tez-tez h\u0259r\u0259k\u0259t etm\u0259si s\u0259b\u0259bind\u0259n d\u0259ri quruyur v\u0259 kobud olur.<\/p>","protected":false},"excerpt":{"rendered":"<p>X\u00fcsusiyy\u0259tl\u0259r: D\u0259rin t\u0259mizl\u0259m\u0259. D\u0259rid\u0259ki xo\u015fag\u0259lm\u0259z l\u0259k\u0259l\u0259rd\u0259n qurtulun. D\u0259rinizin h\u0259r qar\u0131\u015f\u0131 g\u00f6z\u0259l olmal\u0131d\u0131r. D\u0259rid\u0259ki xo\u015fag\u0259lm\u0259z l\u0259k\u0259l\u0259rd\u0259n qurtulun. Effekt \u0259n az\u0131 3 g\u00fcn davam edir. D\u0259rinizin h\u0259r qar\u0131\u015f\u0131 g\u00f6z\u0259l olmal\u0131d\u0131r. D\u0259rin t\u0259mizl\u0259m\u0259. Yum\u015faq v\u0259 z\u0259rif d\u0259ri. Effekt \u0259n az\u0131 3 g\u00fcn davam edir. D\u0259riniz yax\u015f\u0131l\u0131\u011fa do\u011fru d\u0259yi\u015f\u0259c\u0259k. sabun d\u0259rinizi inan\u0131lmaz d\u0259r\u0259c\u0259d\u0259 g\u00f6z\u0259l ed\u0259c\u0259k! M\u0259hsulun t\u0259rkibind\u0259 d\u0259rini t\u0259mizl\u0259y\u0259n &hellip; <a href=\"https:\/\/axtarstore.com\/ru\/product\/aichun-beauty-pure-dark-spot-private-parts-3-day-soap-body-milk-pussy-areas\/\" class=\"more-link\">Continue reading <span class=\"screen-reader-text\">AICHUN BEAUTY Pure Dark Spot Private Parts 3 DAY Soap Body Milk Pussy Areas<\/span><\/a><\/p>","protected":false},"featured_media":7951,"comment_status":"open","ping_status":"closed","template":"","meta":[],"pwb-brand":[173],"product_cat":[291,129,156],"product_tag":[300],"class_list":{"0":"post-7950","1":"product","2":"type-product","3":"status-publish","4":"has-post-thumbnail","6":"pwb-brand-aichun-beauty","7":"product_cat-bdn-agardici","8":"product_cat-beden-baximi","9":"product_cat-beden-yuma","10":"product_tag-bodycare","11":"pa_size-100grm","14":"instock","15":"shipping-taxable","16":"purchasable","17":"product-type-simple"},"brands":[{"id":173,"name":"Aichun Beauty","slug":"aichun-beauty"}],"_links":{"self":[{"href":"https:\/\/axtarstore.com\/ru\/wp-json\/wp\/v2\/product\/7950"}],"collection":[{"href":"https:\/\/axtarstore.com\/ru\/wp-json\/wp\/v2\/product"}],"about":[{"href":"https:\/\/axtarstore.com\/ru\/wp-json\/wp\/v2\/types\/product"}],"replies":[{"embeddable":true,"href":"https:\/\/axtarstore.com\/ru\/wp-json\/wp\/v2\/comments?post=7950"}],"version-history":[{"count":2,"href":"https:\/\/axtarstore.com\/ru\/wp-json\/wp\/v2\/product\/7950\/revisions"}],"predecessor-version":[{"id":7955,"href":"https:\/\/axtarstore.com\/ru\/wp-json\/wp\/v2\/product\/7950\/revisions\/7955"}],"wp:featuredmedia":[{"embeddable":true,"href":"https:\/\/axtarstore.com\/ru\/wp-json\/wp\/v2\/media\/7951"}],"wp:attachment":[{"href":"https:\/\/axtarstore.com\/ru\/wp-json\/wp\/v2\/media?parent=7950"}],"wp:term":[{"taxonomy":"pwb-brand","embeddable":true,"href":"https:\/\/axtarstore.com\/ru\/wp-json\/wp\/v2\/pwb-brand?post=7950"},{"taxonomy":"product_cat","embeddable":true,"href":"https:\/\/axtarstore.com\/ru\/wp-json\/wp\/v2\/product_cat?post=7950"},{"taxonomy":"product_tag","embeddable":true,"href":"https:\/\/axtarstore.com\/ru\/wp-json\/wp\/v2\/product_tag?post=7950"}],"curies":[{"name":"wp","href":"https:\/\/api.w.org\/{rel}","templated":true}]}}