{"id":7923,"date":"2024-12-18T21:49:02","date_gmt":"2024-12-18T17:49:02","guid":{"rendered":"https:\/\/axtarstore.com\/?post_type=product&#038;p=7923"},"modified":"2024-12-18T21:49:02","modified_gmt":"2024-12-18T17:49:02","slug":"disaar-beauty-skincare-99-coconut-moisturizing-gel-collagen-and-vitamins-after-sun-repair-prevents-acne-scars","status":"publish","type":"product","link":"https:\/\/axtarstore.com\/ru\/product\/disaar-beauty-skincare-99-coconut-moisturizing-gel-collagen-and-vitamins-after-sun-repair-prevents-acne-scars\/","title":{"rendered":"DISAAR Beauty Skincare 99% Coconut Moisturizing Gel Collagen And Vitamins After Sun Repair Prevents Acne Scars"},"content":{"rendered":"<p>X\u00fcsusiyy\u0259tl\u0259r:<\/p>\n<p>Qabaqc\u0131l elmi \u00fcsullarla \u00e7\u0131xar\u0131lan bu bitki \u0259sasl\u0131 gel z\u0259nginl\u0259\u015fdirilmi\u015fdir<br \/>\nS\u0131zanaq yaralar\u0131n\u0131 effektiv \u015f\u0259kild\u0259 sa\u011faltmaq \u00fc\u00e7\u00fcn kollagen v\u0259 vitaminl\u0259r kimi qidaland\u0131r\u0131c\u0131 madd\u0259l\u0259r<br \/>\nS\u0131zanaq izl\u0259rinin yaranmas\u0131n\u0131n qar\u015f\u0131s\u0131n\u0131 al\u0131n, t\u00fcnd l\u0259k\u0259l\u0259ri i\u015f\u0131qland\u0131r\u0131n, g\u00fcn\u0259\u015f\u0259 m\u0259ruz qald\u0131qdan sonra d\u0259rini b\u0259rpa edin, p\u00fcr\u00fczl\u00fcl\u00fcy\u00fc yax\u015f\u0131la\u015fd\u0131r\u0131n<br \/>\nA\u011fcaqanad di\u015fl\u0259m\u0259l\u0259ri, yan\u0131qlar, qa\u015f\u0131nmalar v\u0259 s\u0131zanaqlar kimi bir \u00e7ox problemi m\u00fcalic\u0259 edin, d\u0259rini \u0259dal\u0259tli, yum\u015faq v\u0259 elastik edir.<\/p>\n<p>&nbsp;<\/p>\n<p>&nbsp;<\/p>","protected":false},"excerpt":{"rendered":"<p>X\u00fcsusiyy\u0259tl\u0259r: Qabaqc\u0131l elmi \u00fcsullarla \u00e7\u0131xar\u0131lan bu bitki \u0259sasl\u0131 gel z\u0259nginl\u0259\u015fdirilmi\u015fdir S\u0131zanaq yaralar\u0131n\u0131 effektiv \u015f\u0259kild\u0259 sa\u011faltmaq \u00fc\u00e7\u00fcn kollagen v\u0259 vitaminl\u0259r kimi qidaland\u0131r\u0131c\u0131 madd\u0259l\u0259r S\u0131zanaq izl\u0259rinin yaranmas\u0131n\u0131n qar\u015f\u0131s\u0131n\u0131 al\u0131n, t\u00fcnd l\u0259k\u0259l\u0259ri i\u015f\u0131qland\u0131r\u0131n, g\u00fcn\u0259\u015f\u0259 m\u0259ruz qald\u0131qdan sonra d\u0259rini b\u0259rpa edin, p\u00fcr\u00fczl\u00fcl\u00fcy\u00fc yax\u015f\u0131la\u015fd\u0131r\u0131n A\u011fcaqanad di\u015fl\u0259m\u0259l\u0259ri, yan\u0131qlar, qa\u015f\u0131nmalar v\u0259 s\u0131zanaqlar kimi bir \u00e7ox problemi m\u00fcalic\u0259 edin, d\u0259rini \u0259dal\u0259tli, yum\u015faq v\u0259 &hellip; <a href=\"https:\/\/axtarstore.com\/ru\/product\/disaar-beauty-skincare-99-coconut-moisturizing-gel-collagen-and-vitamins-after-sun-repair-prevents-acne-scars\/\" class=\"more-link\">Continue reading <span class=\"screen-reader-text\">DISAAR Beauty Skincare 99% Coconut Moisturizing Gel Collagen And Vitamins After Sun Repair Prevents Acne Scars<\/span><\/a><\/p>","protected":false},"featured_media":7924,"comment_status":"open","ping_status":"closed","template":"","meta":[],"pwb-brand":[172],"product_cat":[129,127,351],"product_tag":[300,293,330,332],"class_list":{"0":"post-7923","1":"product","2":"type-product","3":"status-publish","4":"has-post-thumbnail","6":"pwb-brand-disar","7":"product_cat-beden-baximi","8":"product_cat-face-care","9":"product_cat-uz-peeling-gell","10":"product_tag-bodycare","11":"product_tag-facecare","12":"product_tag-nmlndirici","13":"product_tag-uz-nmlndiricisi","14":"pa_size-300ml","17":"instock","18":"shipping-taxable","19":"purchasable","20":"product-type-simple"},"brands":[{"id":172,"name":"Disar","slug":"disar"}],"_links":{"self":[{"href":"https:\/\/axtarstore.com\/ru\/wp-json\/wp\/v2\/product\/7923"}],"collection":[{"href":"https:\/\/axtarstore.com\/ru\/wp-json\/wp\/v2\/product"}],"about":[{"href":"https:\/\/axtarstore.com\/ru\/wp-json\/wp\/v2\/types\/product"}],"replies":[{"embeddable":true,"href":"https:\/\/axtarstore.com\/ru\/wp-json\/wp\/v2\/comments?post=7923"}],"version-history":[{"count":1,"href":"https:\/\/axtarstore.com\/ru\/wp-json\/wp\/v2\/product\/7923\/revisions"}],"predecessor-version":[{"id":7930,"href":"https:\/\/axtarstore.com\/ru\/wp-json\/wp\/v2\/product\/7923\/revisions\/7930"}],"wp:featuredmedia":[{"embeddable":true,"href":"https:\/\/axtarstore.com\/ru\/wp-json\/wp\/v2\/media\/7924"}],"wp:attachment":[{"href":"https:\/\/axtarstore.com\/ru\/wp-json\/wp\/v2\/media?parent=7923"}],"wp:term":[{"taxonomy":"pwb-brand","embeddable":true,"href":"https:\/\/axtarstore.com\/ru\/wp-json\/wp\/v2\/pwb-brand?post=7923"},{"taxonomy":"product_cat","embeddable":true,"href":"https:\/\/axtarstore.com\/ru\/wp-json\/wp\/v2\/product_cat?post=7923"},{"taxonomy":"product_tag","embeddable":true,"href":"https:\/\/axtarstore.com\/ru\/wp-json\/wp\/v2\/product_tag?post=7923"}],"curies":[{"name":"wp","href":"https:\/\/api.w.org\/{rel}","templated":true}]}}