{"id":7913,"date":"2024-12-18T21:37:31","date_gmt":"2024-12-18T17:37:31","guid":{"rendered":"https:\/\/axtarstore.com\/?post_type=product&#038;p=7913"},"modified":"2024-12-18T21:37:32","modified_gmt":"2024-12-18T17:37:32","slug":"disaar-beauty-vitamin-c-collagen-moisturizing-gel-orance-extract-after-sun-repair-soothing-refines-pores-anti-oxidation","status":"publish","type":"product","link":"https:\/\/axtarstore.com\/ru\/product\/disaar-beauty-vitamin-c-collagen-moisturizing-gel-orance-extract-after-sun-repair-soothing-refines-pores-anti-oxidation\/","title":{"rendered":"DISAAR Beauty Vitamin C Collagen Moisturizing Gel Orance Extract After Sun Repair Soothing Refines Pores Anti-Oxidation"},"content":{"rendered":"<p>X\u00fcsusiyy\u0259tl\u0259r:<\/p>\n<p>N\u0259ml\u0259ndirir, Qidaland\u0131r\u0131r, G\u00fcn\u0259\u015fd\u0259n Sonra Sakitl\u0259\u015fdirir, S\u0131zanaqlara qar\u015f\u0131, Yara izl\u0259rini y\u00fcng\u00fcll\u0259\u015fdirir. D\u0259rinin hidrolipid baryerini g\u00fccl\u0259ndirm\u0259y\u0259 k\u00f6m\u0259k edir v\u0259 g\u00f6r\u00fcn\u00fc\u015f\u00fcn\u00fc yax\u015f\u0131la\u015fd\u0131r\u0131r.<br \/>\nC vitamininin sabit formulas\u0131 g\u00fccl\u00fc antioksidantd\u0131r. Kollagen sintezini g\u00fccl\u0259ndirir v\u0259 regenerasiya prosesl\u0259rini stimulla\u015fd\u0131r\u0131r.<br \/>\nVitamin B5 &#8211; d\u0259rid\u0259 n\u0259m saxlay\u0131r, yum\u015fald\u0131r v\u0259 q\u0131zart\u0131lar\u0131 aradan qald\u0131r\u0131r. Vitamin B6 &#8211; d\u0259rinin b\u0259rpas\u0131n\u0131 stimulla\u015fd\u0131r\u0131r, d\u0259rini hamar v\u0259 xo\u015f edir.<br \/>\nVitamin E d\u0259rinin qocalma prosesini l\u0259ngid\u0259n v\u0259 h\u00fcceyr\u0259l\u0259ri s\u0259rb\u0259st radikallar\u0131n z\u0259d\u0259l\u0259nm\u0259sind\u0259n qoruyan \u0259n g\u00fccl\u00fc antioksidantlardan biridir.<\/p>\n<p>&nbsp;<\/p>\n<p>T\u0259f\u0259rr\u00fcatlar: Vitamin C, Siatica ekstrakt\u0131, kollagen. M\u018fHSULUN ETK\u0130L\u0130L\u0130\u011e\u0130: N\u0259ml\u0259ndirir, Qidaland\u0131r\u0131r, G\u00fcn\u0259\u015fd\u0259n Sonra Sakitl\u0259\u015fdirir, S\u0131zanaqlara qar\u015f\u0131, Yara izl\u0259rini y\u00fcng\u00fcll\u0259\u015fdirir. D\u0259rinin hidrolipid baryerini g\u00fccl\u0259ndirm\u0259y\u0259 k\u00f6m\u0259k edir v\u0259 g\u00f6r\u00fcn\u00fc\u015f\u00fcn\u00fc yax\u015f\u0131la\u015fd\u0131r\u0131r. C vitamininin sabit formulas\u0131 g\u00fccl\u00fc antioksidantd\u0131r. Kollagen sintezini g\u00fccl\u0259ndirir v\u0259 regenerasiya prosesl\u0259rini stimulla\u015fd\u0131r\u0131r. Vitamin B5 &#8211; d\u0259rid\u0259 n\u0259m saxlay\u0131r, yum\u015fald\u0131r v\u0259 q\u0131zart\u0131lar\u0131 aradan qald\u0131r\u0131r. Vitamin B6 &#8211; d\u0259rinin b\u0259rpas\u0131n\u0131 stimulla\u015fd\u0131r\u0131r, d\u0259rini hamar v\u0259 xo\u015f edir. Vitamin E d\u0259rinin qocalma prosesini l\u0259ngid\u0259n v\u0259 h\u00fcceyr\u0259l\u0259ri s\u0259rb\u0259st radikallar\u0131n z\u0259d\u0259l\u0259nm\u0259sind\u0259n qoruyan \u0259n g\u00fccl\u00fc antioksidantlardan biridir. D\u0130QQ\u018fT: S\u0259rin, qaranl\u0131q v\u0259 quru yerd\u0259 saxlay\u0131n. Birba\u015fa g\u00fcn\u0259\u015f i\u015f\u0131\u011f\u0131ndan \u00e7\u0259kinin.<\/p>","protected":false},"excerpt":{"rendered":"<p>X\u00fcsusiyy\u0259tl\u0259r: N\u0259ml\u0259ndirir, Qidaland\u0131r\u0131r, G\u00fcn\u0259\u015fd\u0259n Sonra Sakitl\u0259\u015fdirir, S\u0131zanaqlara qar\u015f\u0131, Yara izl\u0259rini y\u00fcng\u00fcll\u0259\u015fdirir. D\u0259rinin hidrolipid baryerini g\u00fccl\u0259ndirm\u0259y\u0259 k\u00f6m\u0259k edir v\u0259 g\u00f6r\u00fcn\u00fc\u015f\u00fcn\u00fc yax\u015f\u0131la\u015fd\u0131r\u0131r. C vitamininin sabit formulas\u0131 g\u00fccl\u00fc antioksidantd\u0131r. Kollagen sintezini g\u00fccl\u0259ndirir v\u0259 regenerasiya prosesl\u0259rini stimulla\u015fd\u0131r\u0131r. Vitamin B5 &#8211; d\u0259rid\u0259 n\u0259m saxlay\u0131r, yum\u015fald\u0131r v\u0259 q\u0131zart\u0131lar\u0131 aradan qald\u0131r\u0131r. Vitamin B6 &#8211; d\u0259rinin b\u0259rpas\u0131n\u0131 stimulla\u015fd\u0131r\u0131r, d\u0259rini hamar v\u0259 xo\u015f edir. &hellip; <a href=\"https:\/\/axtarstore.com\/ru\/product\/disaar-beauty-vitamin-c-collagen-moisturizing-gel-orance-extract-after-sun-repair-soothing-refines-pores-anti-oxidation\/\" class=\"more-link\">Continue reading <span class=\"screen-reader-text\">DISAAR Beauty Vitamin C Collagen Moisturizing Gel Orance Extract After Sun Repair Soothing Refines Pores Anti-Oxidation<\/span><\/a><\/p>","protected":false},"featured_media":7914,"comment_status":"open","ping_status":"closed","template":"","meta":[],"pwb-brand":[172],"product_cat":[129,127,351],"product_tag":[300,333,293,330],"class_list":{"0":"post-7913","1":"product","2":"type-product","3":"status-publish","4":"has-post-thumbnail","6":"pwb-brand-disar","7":"product_cat-beden-baximi","8":"product_cat-face-care","9":"product_cat-uz-peeling-gell","10":"product_tag-bodycare","11":"product_tag-face-moisturiser","12":"product_tag-facecare","13":"product_tag-nmlndirici","14":"pa_size-300grm","17":"instock","18":"shipping-taxable","19":"purchasable","20":"product-type-simple"},"brands":[{"id":172,"name":"Disar","slug":"disar"}],"_links":{"self":[{"href":"https:\/\/axtarstore.com\/ru\/wp-json\/wp\/v2\/product\/7913"}],"collection":[{"href":"https:\/\/axtarstore.com\/ru\/wp-json\/wp\/v2\/product"}],"about":[{"href":"https:\/\/axtarstore.com\/ru\/wp-json\/wp\/v2\/types\/product"}],"replies":[{"embeddable":true,"href":"https:\/\/axtarstore.com\/ru\/wp-json\/wp\/v2\/comments?post=7913"}],"version-history":[{"count":1,"href":"https:\/\/axtarstore.com\/ru\/wp-json\/wp\/v2\/product\/7913\/revisions"}],"predecessor-version":[{"id":7922,"href":"https:\/\/axtarstore.com\/ru\/wp-json\/wp\/v2\/product\/7913\/revisions\/7922"}],"wp:featuredmedia":[{"embeddable":true,"href":"https:\/\/axtarstore.com\/ru\/wp-json\/wp\/v2\/media\/7914"}],"wp:attachment":[{"href":"https:\/\/axtarstore.com\/ru\/wp-json\/wp\/v2\/media?parent=7913"}],"wp:term":[{"taxonomy":"pwb-brand","embeddable":true,"href":"https:\/\/axtarstore.com\/ru\/wp-json\/wp\/v2\/pwb-brand?post=7913"},{"taxonomy":"product_cat","embeddable":true,"href":"https:\/\/axtarstore.com\/ru\/wp-json\/wp\/v2\/product_cat?post=7913"},{"taxonomy":"product_tag","embeddable":true,"href":"https:\/\/axtarstore.com\/ru\/wp-json\/wp\/v2\/product_tag?post=7913"}],"curies":[{"name":"wp","href":"https:\/\/api.w.org\/{rel}","templated":true}]}}